{"id":8390,"date":"2024-08-21T23:28:40","date_gmt":"2024-08-21T23:28:40","guid":{"rendered":"https:\/\/dogdeals.eu\/de\/product\/hundezahnpasta-zahnpflegeset-mit-hundezahnpasta-hundezahnburste-und-hundezahnkappen-beugt-mundgeruch-vor-erfrischt-den-atem-reduziert-plaque-entfernt-zahnstein-rindfleischgeschmack\/"},"modified":"2024-08-22T21:24:13","modified_gmt":"2024-08-22T21:24:13","slug":"hundezahnpasta-zahnpflegeset-mit-hundezahnpasta-hundezahnburste-und-hundezahnkappen-beugt-mundgeruch-vor-erfrischt-den-atem-reduziert-plaque-entfernt-zahnstein-rindfleischgeschmack","status":"publish","type":"product","link":"https:\/\/dogdeals.eu\/de\/product\/hundezahnpasta-zahnpflegeset-mit-hundezahnpasta-hundezahnburste-und-hundezahnkappen-beugt-mundgeruch-vor-erfrischt-den-atem-reduziert-plaque-entfernt-zahnstein-rindfleischgeschmack\/","title":{"rendered":"Hundezahnpasta-Zahnpflegeset, mit Hundezahnpasta, Hundezahnb\u00fcrste und Hundezahnkappen, beugt Mundgeruch vor, erfrischt den Atem, reduziert Plaque, entfernt Zahnstein (Rindfleischgeschmack)"},"content":{"rendered":"<p><!-- show up to 2 reviews by default --> <\/p>\n<h3> <span>Product description<\/span> <\/h3>\n<p> <span>Hundezahnpasta-Zahnpflegeset<\/span> <\/p>\n<h3> <span>Instructions<\/span> <\/h3>\n<p> <span>Entnehmen Sie das Zahnpflegeset aus der Verpackung. Verwenden Sie die Hundezahnpasta, indem Sie sie auf die Hundezahnb\u00fcrste auftragen und die Z\u00e4hne Ihres Haustieres vorsichtig damit b\u00fcrsten.<\/span> <\/p>\n<p>Wir wissen, dass Sie die Gesundheit Ihres Haustieres sehr ernst nehmen. Deshalb bieten wir Ihnen ein hochwertiges Zahnpflegeset f\u00fcr Hunde mit frischem Atem an, um sicherzustellen, dass Ihr Haustier gesunde und saubere Z\u00e4hne und ein sauberes Maul hat.<br \/>\nDieses Zahnpflegeset f\u00fcr Hunde mit frischem Atem enth\u00e4lt eine hochwertige Hundezahnpasta und eine speziell entwickelte Hundezahnb\u00fcrste. Unsere Hundezahnpasta besteht aus nat\u00fcrlichen Inhaltsstoffen und ist frei von sch\u00e4dlichen Chemikalien. Sie entfernt effektiv den Oberfl\u00e4chenschmutz von den Z\u00e4hnen und reduziert gleichzeitig die Plaquebildung. Und unsere Hundezahnb\u00fcrsten sind so konzipiert, dass sie die Z\u00e4hne Ihres Haustiers effektiv reinigen und gleichzeitig das Zahnfleisch vor Kratzern und Schmerzen sch\u00fctzen.<br \/>\nMit unserem Hundezahnpasta-Set, der Hundezahnpasta mit Hundezahnb\u00fcrste und der Hundezahnfingerb\u00fcrste k\u00f6nnen Sie die Mundgesundheit Ihres Haustieres effektiv erhalten, Zahnproblemen vorbeugen und Tierarztrechnungen reduzieren. Dar\u00fcber hinaus kann unser Hundezahnpasta-Set Ihrem Haustier frischen Atem verleihen, Mundgeruchsprobleme reduzieren, das Vergilben der Z\u00e4hne verhindern und Sie dazu bringen, ihm gerne nahe zu sein.<br \/>\nDieses Zahnreinigungsset f\u00fcr Hunde ist sicher und zuverl\u00e4ssig und wurde streng getestet und zertifiziert, so dass Sie es mit Vertrauen verwenden k\u00f6nnen. Und unser Hundezahnpasta-Set ist auch sehr einfach zu verwenden, lassen Sie Ihren Hund zuerst daran lecken, um sich an den Geschmack der Hundezahnpasta zu gew\u00f6hnen, und putzen Sie dann sanft mit einer Hundezahnb\u00fcrste von den Z\u00e4hnen zu den Rillen.<br \/>\nWir glauben, dass gesunde Z\u00e4hne und ein gesundes Maul sehr wichtig f\u00fcr die allgemeine Gesundheit Ihres Haustieres sind. Deshalb bieten wir Ihnen dieses hochwertige Hundezahnpasta-Set an, das Ihnen hoffentlich hilft, Ihrem Haustier die bestm\u00f6gliche Pflege zukommen zu lassen. Geben Sie Ihrem Haustier gesunde und saubere Z\u00e4hne und Maul f\u00fcr ein gl\u00fccklicheres und ges\u00fcnderes Leben!<br \/>\n<div class=\"main-cross-sell\" data-asin=\"B0CZRGR81C\">\n\n\t<div class=\"WooZone-cross-sell-loader\">\n\t\t<div>\n\t\t\t<div id=\"floatingBarsG\">\n\t\t\t\t<div class=\"blockG\" id=\"rotateG_01\"><\/div>\n\t\t\t\t<div class=\"blockG\" id=\"rotateG_02\"><\/div>\n\t\t\t\t<div class=\"blockG\" id=\"rotateG_03\"><\/div>\n\t\t\t\t<div class=\"blockG\" id=\"rotateG_04\"><\/div>\n\t\t\t\t<div class=\"blockG\" id=\"rotateG_05\"><\/div>\n\t\t\t\t<div class=\"blockG\" id=\"rotateG_06\"><\/div>\n\t\t\t\t<div class=\"blockG\" id=\"rotateG_07\"><\/div>\n\t\t\t\t<div class=\"blockG\" id=\"rotateG_08\"><\/div>\n\t\t\t<\/div>\n\t\t\t<div class=\"WooZone-cross-sell-loader-text\"><\/div>\n\t\t<\/div>\n\t<\/div>\n\n\t\t\n<\/div>\n<div style=\"clear:both;\"><\/div><\/p>\n","protected":false},"excerpt":{"rendered":"<p>Wir wissen, dass Sie die Gesundheit Ihres Haustieres sehr ernst nehmen. Deshalb bieten wir Ihnen ein hochwertiges Zahnpflegeset f\u00fcr Hunde mit frischem Atem an, um sicherzustellen, dass Ihr Haustier gesunde und saubere Z\u00e4hne und ein sauberes Maul hat.<br \/>\nDieses Zahnpflegeset f\u00fcr Hunde mit frischem Atem enth\u00e4lt eine hochwertige Hundezahnpasta und eine speziell entwickelte Hundezahnb\u00fcrste. Unsere Hundezahnpasta besteht aus nat\u00fcrlichen Inhaltsstoffen und ist frei von sch\u00e4dlichen Chemikalien. Sie entfernt effektiv den Oberfl\u00e4chenschmutz von den Z\u00e4hnen und reduziert gleichzeitig die Plaquebildung. Und unsere Hundezahnb\u00fcrsten sind so konzipiert, dass sie die Z\u00e4hne Ihres Haustiers effektiv reinigen und gleichzeitig das Zahnfleisch vor Kratzern und Schmerzen sch\u00fctzen.<br \/>\nMit unserem Hundezahnpasta-Set, der Hundezahnpasta mit Hundezahnb\u00fcrste und der Hundezahnfingerb\u00fcrste k\u00f6nnen Sie die Mundgesundheit Ihres Haustieres effektiv erhalten, Zahnproblemen vorbeugen und Tierarztrechnungen reduzieren. Dar\u00fcber hinaus kann unser Hundezahnpasta-Set Ihrem Haustier frischen Atem verleihen, Mundgeruchsprobleme reduzieren, das Vergilben der Z\u00e4hne verhindern und Sie dazu bringen, ihm gerne nahe zu sein.<\/p>\n","protected":false},"featured_media":8391,"comment_status":"open","ping_status":"closed","template":"","meta":[],"store":[],"product_cat":[3582,28],"product_tag":[],"yoast_head":"<!-- This site is optimized with the Yoast SEO plugin v22.8 - https:\/\/yoast.com\/wordpress\/plugins\/seo\/ -->\n<title>Hundezahnpasta-Zahnpflegeset, mit Hundezahnpasta, Hundezahnb\u00fcrste und Hundezahnkappen, beugt Mundgeruch vor, erfrischt den Atem, reduziert Plaque, entfernt Zahnstein (Rindfleischgeschmack) - DogDeals<\/title>\n<meta name=\"description\" content=\"Discover top-quality dog essentials at DogDeals. Shop for nutritious food, fun toys, comfortable beds, and stylish accessories. Unleash the best deals for your furry friend and ensure their happiness and well-being with our premium picks!\" \/>\n<meta name=\"robots\" content=\"index, follow, max-snippet:-1, max-image-preview:large, max-video-preview:-1\" \/>\n<link rel=\"canonical\" href=\"https:\/\/dogdeals.eu\/de\/product\/hundezahnpasta-zahnpflegeset-mit-hundezahnpasta-hundezahnburste-und-hundezahnkappen-beugt-mundgeruch-vor-erfrischt-den-atem-reduziert-plaque-entfernt-zahnstein-rindfleischgeschmack\/\" \/>\n<meta property=\"og:locale\" content=\"en_US\" \/>\n<meta property=\"og:type\" content=\"article\" \/>\n<meta property=\"og:title\" content=\"Hundezahnpasta-Zahnpflegeset, mit Hundezahnpasta, Hundezahnb\u00fcrste und Hundezahnkappen, beugt Mundgeruch vor, erfrischt den Atem, reduziert Plaque, entfernt Zahnstein (Rindfleischgeschmack) - DogDeals\" \/>\n<meta property=\"og:description\" content=\"Discover top-quality dog essentials at DogDeals. Shop for nutritious food, fun toys, comfortable beds, and stylish accessories. Unleash the best deals for your furry friend and ensure their happiness and well-being with our premium picks!\" \/>\n<meta property=\"og:url\" content=\"https:\/\/dogdeals.eu\/de\/product\/hundezahnpasta-zahnpflegeset-mit-hundezahnpasta-hundezahnburste-und-hundezahnkappen-beugt-mundgeruch-vor-erfrischt-den-atem-reduziert-plaque-entfernt-zahnstein-rindfleischgeschmack\/\" \/>\n<meta property=\"og:site_name\" content=\"DogDeals\" \/>\n<meta property=\"article:modified_time\" content=\"2024-08-22T21:24:13+00:00\" \/>\n<meta property=\"og:image\" content=\"https:\/\/m.media-amazon.com\/images\/I\/41XwpCsGWmL.jpg\" \/>\n\t<meta property=\"og:image:width\" content=\"500\" \/>\n\t<meta property=\"og:image:height\" content=\"500\" \/>\n\t<meta property=\"og:image:type\" content=\"image\/jpeg\" \/>\n<meta name=\"twitter:card\" content=\"summary_large_image\" \/>\n<meta name=\"twitter:label1\" content=\"Est. reading time\" \/>\n\t<meta name=\"twitter:data1\" content=\"2 minutes\" \/>\n<script type=\"application\/ld+json\" class=\"yoast-schema-graph\">{\"@context\":\"https:\/\/schema.org\",\"@graph\":[{\"@type\":\"WebPage\",\"@id\":\"https:\/\/dogdeals.eu\/de\/product\/hundezahnpasta-zahnpflegeset-mit-hundezahnpasta-hundezahnburste-und-hundezahnkappen-beugt-mundgeruch-vor-erfrischt-den-atem-reduziert-plaque-entfernt-zahnstein-rindfleischgeschmack\/\",\"url\":\"https:\/\/dogdeals.eu\/de\/product\/hundezahnpasta-zahnpflegeset-mit-hundezahnpasta-hundezahnburste-und-hundezahnkappen-beugt-mundgeruch-vor-erfrischt-den-atem-reduziert-plaque-entfernt-zahnstein-rindfleischgeschmack\/\",\"name\":\"Hundezahnpasta-Zahnpflegeset, mit Hundezahnpasta, Hundezahnb\u00fcrste und Hundezahnkappen, beugt Mundgeruch vor, erfrischt den Atem, reduziert Plaque, entfernt Zahnstein (Rindfleischgeschmack) - DogDeals\",\"isPartOf\":{\"@id\":\"https:\/\/dogdeals.eu\/de\/#website\"},\"primaryImageOfPage\":{\"@id\":\"https:\/\/dogdeals.eu\/de\/product\/hundezahnpasta-zahnpflegeset-mit-hundezahnpasta-hundezahnburste-und-hundezahnkappen-beugt-mundgeruch-vor-erfrischt-den-atem-reduziert-plaque-entfernt-zahnstein-rindfleischgeschmack\/#primaryimage\"},\"image\":{\"@id\":\"https:\/\/dogdeals.eu\/de\/product\/hundezahnpasta-zahnpflegeset-mit-hundezahnpasta-hundezahnburste-und-hundezahnkappen-beugt-mundgeruch-vor-erfrischt-den-atem-reduziert-plaque-entfernt-zahnstein-rindfleischgeschmack\/#primaryimage\"},\"thumbnailUrl\":\"https:\/\/m.media-amazon.com\/images\/I\/41XwpCsGWmL.jpg\",\"datePublished\":\"2024-08-21T23:28:40+00:00\",\"dateModified\":\"2024-08-22T21:24:13+00:00\",\"description\":\"Discover top-quality dog essentials at DogDeals. Shop for nutritious food, fun toys, comfortable beds, and stylish accessories. Unleash the best deals for your furry friend and ensure their happiness and well-being with our premium picks!\",\"breadcrumb\":{\"@id\":\"https:\/\/dogdeals.eu\/de\/product\/hundezahnpasta-zahnpflegeset-mit-hundezahnpasta-hundezahnburste-und-hundezahnkappen-beugt-mundgeruch-vor-erfrischt-den-atem-reduziert-plaque-entfernt-zahnstein-rindfleischgeschmack\/#breadcrumb\"},\"inLanguage\":\"en-US\",\"potentialAction\":[{\"@type\":\"ReadAction\",\"target\":[\"https:\/\/dogdeals.eu\/de\/product\/hundezahnpasta-zahnpflegeset-mit-hundezahnpasta-hundezahnburste-und-hundezahnkappen-beugt-mundgeruch-vor-erfrischt-den-atem-reduziert-plaque-entfernt-zahnstein-rindfleischgeschmack\/\"]}]},{\"@type\":\"ImageObject\",\"inLanguage\":\"en-US\",\"@id\":\"https:\/\/dogdeals.eu\/de\/product\/hundezahnpasta-zahnpflegeset-mit-hundezahnpasta-hundezahnburste-und-hundezahnkappen-beugt-mundgeruch-vor-erfrischt-den-atem-reduziert-plaque-entfernt-zahnstein-rindfleischgeschmack\/#primaryimage\",\"url\":\"https:\/\/m.media-amazon.com\/images\/I\/41XwpCsGWmL.jpg\",\"contentUrl\":\"https:\/\/m.media-amazon.com\/images\/I\/41XwpCsGWmL.jpg\",\"width\":500,\"height\":500},{\"@type\":\"BreadcrumbList\",\"@id\":\"https:\/\/dogdeals.eu\/de\/product\/hundezahnpasta-zahnpflegeset-mit-hundezahnpasta-hundezahnburste-und-hundezahnkappen-beugt-mundgeruch-vor-erfrischt-den-atem-reduziert-plaque-entfernt-zahnstein-rindfleischgeschmack\/#breadcrumb\",\"itemListElement\":[{\"@type\":\"ListItem\",\"position\":1,\"name\":\"Home\",\"item\":\"https:\/\/dogdeals.eu\/de\/\"},{\"@type\":\"ListItem\",\"position\":2,\"name\":\"Shop\",\"item\":\"https:\/\/dogdeals.eu\/de\/shop\/\"},{\"@type\":\"ListItem\",\"position\":3,\"name\":\"Hundezahnpasta-Zahnpflegeset, mit Hundezahnpasta, Hundezahnb\u00fcrste und Hundezahnkappen, beugt Mundgeruch vor, erfrischt den Atem, reduziert Plaque, entfernt Zahnstein (Rindfleischgeschmack)\"}]},{\"@type\":\"WebSite\",\"@id\":\"https:\/\/dogdeals.eu\/de\/#website\",\"url\":\"https:\/\/dogdeals.eu\/de\/\",\"name\":\"DogDeals\",\"description\":\"Premium Dog Products at Unbeatable Prices\",\"publisher\":{\"@id\":\"https:\/\/dogdeals.eu\/de\/#organization\"},\"potentialAction\":[{\"@type\":\"SearchAction\",\"target\":{\"@type\":\"EntryPoint\",\"urlTemplate\":\"https:\/\/dogdeals.eu\/de\/?s={search_term_string}\"},\"query-input\":\"required name=search_term_string\"}],\"inLanguage\":\"en-US\"},{\"@type\":\"Organization\",\"@id\":\"https:\/\/dogdeals.eu\/de\/#organization\",\"name\":\"DogDeals\",\"url\":\"https:\/\/dogdeals.eu\/de\/\",\"logo\":{\"@type\":\"ImageObject\",\"inLanguage\":\"en-US\",\"@id\":\"https:\/\/dogdeals.eu\/de\/#\/schema\/logo\/image\/\",\"url\":\"https:\/\/dogdeals.eu\/de\/wp-content\/uploads\/2024\/06\/Screenshot-2024-06-10-at-6.35.37-PM.png\",\"contentUrl\":\"https:\/\/dogdeals.eu\/de\/wp-content\/uploads\/2024\/06\/Screenshot-2024-06-10-at-6.35.37-PM.png\",\"width\":2758,\"height\":978,\"caption\":\"DogDeals\"},\"image\":{\"@id\":\"https:\/\/dogdeals.eu\/de\/#\/schema\/logo\/image\/\"}}]}<\/script>\n<!-- \/ Yoast SEO plugin. -->","yoast_head_json":{"title":"Hundezahnpasta-Zahnpflegeset, mit Hundezahnpasta, Hundezahnb\u00fcrste und Hundezahnkappen, beugt Mundgeruch vor, erfrischt den Atem, reduziert Plaque, entfernt Zahnstein (Rindfleischgeschmack) - DogDeals","description":"Discover top-quality dog essentials at DogDeals. Shop for nutritious food, fun toys, comfortable beds, and stylish accessories. Unleash the best deals for your furry friend and ensure their happiness and well-being with our premium picks!","robots":{"index":"index","follow":"follow","max-snippet":"max-snippet:-1","max-image-preview":"max-image-preview:large","max-video-preview":"max-video-preview:-1"},"canonical":"https:\/\/dogdeals.eu\/de\/product\/hundezahnpasta-zahnpflegeset-mit-hundezahnpasta-hundezahnburste-und-hundezahnkappen-beugt-mundgeruch-vor-erfrischt-den-atem-reduziert-plaque-entfernt-zahnstein-rindfleischgeschmack\/","og_locale":"en_US","og_type":"article","og_title":"Hundezahnpasta-Zahnpflegeset, mit Hundezahnpasta, Hundezahnb\u00fcrste und Hundezahnkappen, beugt Mundgeruch vor, erfrischt den Atem, reduziert Plaque, entfernt Zahnstein (Rindfleischgeschmack) - DogDeals","og_description":"Discover top-quality dog essentials at DogDeals. Shop for nutritious food, fun toys, comfortable beds, and stylish accessories. Unleash the best deals for your furry friend and ensure their happiness and well-being with our premium picks!","og_url":"https:\/\/dogdeals.eu\/de\/product\/hundezahnpasta-zahnpflegeset-mit-hundezahnpasta-hundezahnburste-und-hundezahnkappen-beugt-mundgeruch-vor-erfrischt-den-atem-reduziert-plaque-entfernt-zahnstein-rindfleischgeschmack\/","og_site_name":"DogDeals","article_modified_time":"2024-08-22T21:24:13+00:00","og_image":[{"width":500,"height":500,"url":"https:\/\/m.media-amazon.com\/images\/I\/41XwpCsGWmL.jpg","type":"image\/jpeg"}],"twitter_card":"summary_large_image","twitter_misc":{"Est. reading time":"2 minutes"},"schema":{"@context":"https:\/\/schema.org","@graph":[{"@type":"WebPage","@id":"https:\/\/dogdeals.eu\/de\/product\/hundezahnpasta-zahnpflegeset-mit-hundezahnpasta-hundezahnburste-und-hundezahnkappen-beugt-mundgeruch-vor-erfrischt-den-atem-reduziert-plaque-entfernt-zahnstein-rindfleischgeschmack\/","url":"https:\/\/dogdeals.eu\/de\/product\/hundezahnpasta-zahnpflegeset-mit-hundezahnpasta-hundezahnburste-und-hundezahnkappen-beugt-mundgeruch-vor-erfrischt-den-atem-reduziert-plaque-entfernt-zahnstein-rindfleischgeschmack\/","name":"Hundezahnpasta-Zahnpflegeset, mit Hundezahnpasta, Hundezahnb\u00fcrste und Hundezahnkappen, beugt Mundgeruch vor, erfrischt den Atem, reduziert Plaque, entfernt Zahnstein (Rindfleischgeschmack) - DogDeals","isPartOf":{"@id":"https:\/\/dogdeals.eu\/de\/#website"},"primaryImageOfPage":{"@id":"https:\/\/dogdeals.eu\/de\/product\/hundezahnpasta-zahnpflegeset-mit-hundezahnpasta-hundezahnburste-und-hundezahnkappen-beugt-mundgeruch-vor-erfrischt-den-atem-reduziert-plaque-entfernt-zahnstein-rindfleischgeschmack\/#primaryimage"},"image":{"@id":"https:\/\/dogdeals.eu\/de\/product\/hundezahnpasta-zahnpflegeset-mit-hundezahnpasta-hundezahnburste-und-hundezahnkappen-beugt-mundgeruch-vor-erfrischt-den-atem-reduziert-plaque-entfernt-zahnstein-rindfleischgeschmack\/#primaryimage"},"thumbnailUrl":"https:\/\/m.media-amazon.com\/images\/I\/41XwpCsGWmL.jpg","datePublished":"2024-08-21T23:28:40+00:00","dateModified":"2024-08-22T21:24:13+00:00","description":"Discover top-quality dog essentials at DogDeals. Shop for nutritious food, fun toys, comfortable beds, and stylish accessories. Unleash the best deals for your furry friend and ensure their happiness and well-being with our premium picks!","breadcrumb":{"@id":"https:\/\/dogdeals.eu\/de\/product\/hundezahnpasta-zahnpflegeset-mit-hundezahnpasta-hundezahnburste-und-hundezahnkappen-beugt-mundgeruch-vor-erfrischt-den-atem-reduziert-plaque-entfernt-zahnstein-rindfleischgeschmack\/#breadcrumb"},"inLanguage":"en-US","potentialAction":[{"@type":"ReadAction","target":["https:\/\/dogdeals.eu\/de\/product\/hundezahnpasta-zahnpflegeset-mit-hundezahnpasta-hundezahnburste-und-hundezahnkappen-beugt-mundgeruch-vor-erfrischt-den-atem-reduziert-plaque-entfernt-zahnstein-rindfleischgeschmack\/"]}]},{"@type":"ImageObject","inLanguage":"en-US","@id":"https:\/\/dogdeals.eu\/de\/product\/hundezahnpasta-zahnpflegeset-mit-hundezahnpasta-hundezahnburste-und-hundezahnkappen-beugt-mundgeruch-vor-erfrischt-den-atem-reduziert-plaque-entfernt-zahnstein-rindfleischgeschmack\/#primaryimage","url":"https:\/\/m.media-amazon.com\/images\/I\/41XwpCsGWmL.jpg","contentUrl":"https:\/\/m.media-amazon.com\/images\/I\/41XwpCsGWmL.jpg","width":500,"height":500},{"@type":"BreadcrumbList","@id":"https:\/\/dogdeals.eu\/de\/product\/hundezahnpasta-zahnpflegeset-mit-hundezahnpasta-hundezahnburste-und-hundezahnkappen-beugt-mundgeruch-vor-erfrischt-den-atem-reduziert-plaque-entfernt-zahnstein-rindfleischgeschmack\/#breadcrumb","itemListElement":[{"@type":"ListItem","position":1,"name":"Home","item":"https:\/\/dogdeals.eu\/de\/"},{"@type":"ListItem","position":2,"name":"Shop","item":"https:\/\/dogdeals.eu\/de\/shop\/"},{"@type":"ListItem","position":3,"name":"Hundezahnpasta-Zahnpflegeset, mit Hundezahnpasta, Hundezahnb\u00fcrste und Hundezahnkappen, beugt Mundgeruch vor, erfrischt den Atem, reduziert Plaque, entfernt Zahnstein (Rindfleischgeschmack)"}]},{"@type":"WebSite","@id":"https:\/\/dogdeals.eu\/de\/#website","url":"https:\/\/dogdeals.eu\/de\/","name":"DogDeals","description":"Premium Dog Products at Unbeatable Prices","publisher":{"@id":"https:\/\/dogdeals.eu\/de\/#organization"},"potentialAction":[{"@type":"SearchAction","target":{"@type":"EntryPoint","urlTemplate":"https:\/\/dogdeals.eu\/de\/?s={search_term_string}"},"query-input":"required name=search_term_string"}],"inLanguage":"en-US"},{"@type":"Organization","@id":"https:\/\/dogdeals.eu\/de\/#organization","name":"DogDeals","url":"https:\/\/dogdeals.eu\/de\/","logo":{"@type":"ImageObject","inLanguage":"en-US","@id":"https:\/\/dogdeals.eu\/de\/#\/schema\/logo\/image\/","url":"https:\/\/dogdeals.eu\/de\/wp-content\/uploads\/2024\/06\/Screenshot-2024-06-10-at-6.35.37-PM.png","contentUrl":"https:\/\/dogdeals.eu\/de\/wp-content\/uploads\/2024\/06\/Screenshot-2024-06-10-at-6.35.37-PM.png","width":2758,"height":978,"caption":"DogDeals"},"image":{"@id":"https:\/\/dogdeals.eu\/de\/#\/schema\/logo\/image\/"}}]}},"_links":{"self":[{"href":"https:\/\/dogdeals.eu\/de\/wp-json\/wp\/v2\/product\/8390"}],"collection":[{"href":"https:\/\/dogdeals.eu\/de\/wp-json\/wp\/v2\/product"}],"about":[{"href":"https:\/\/dogdeals.eu\/de\/wp-json\/wp\/v2\/types\/product"}],"replies":[{"embeddable":true,"href":"https:\/\/dogdeals.eu\/de\/wp-json\/wp\/v2\/comments?post=8390"}],"wp:featuredmedia":[{"embeddable":true,"href":"https:\/\/dogdeals.eu\/de\/wp-json\/wp\/v2\/media\/8391"}],"wp:attachment":[{"href":"https:\/\/dogdeals.eu\/de\/wp-json\/wp\/v2\/media?parent=8390"}],"wp:term":[{"taxonomy":"store","embeddable":true,"href":"https:\/\/dogdeals.eu\/de\/wp-json\/wp\/v2\/store?post=8390"},{"taxonomy":"product_cat","embeddable":true,"href":"https:\/\/dogdeals.eu\/de\/wp-json\/wp\/v2\/product_cat?post=8390"},{"taxonomy":"product_tag","embeddable":true,"href":"https:\/\/dogdeals.eu\/de\/wp-json\/wp\/v2\/product_tag?post=8390"}],"curies":[{"name":"wp","href":"https:\/\/api.w.org\/{rel}","templated":true}]}}