{"id":8114,"date":"2024-08-21T23:17:35","date_gmt":"2024-08-21T23:17:35","guid":{"rendered":"https:\/\/dogdeals.eu\/de\/product\/bipawti-regenjacke-fur-grose-hunde-verstellbarer-hunde-regenmantel-mit-klettverschluss-ultraleicht-wasserdicht-hunderegenmantel-mit-kapuze-und-reflektierenden-elementen-fur-spaziergange-l-rot\/"},"modified":"2024-08-22T21:24:19","modified_gmt":"2024-08-22T21:24:19","slug":"bipawti-regenjacke-fur-grose-hunde-verstellbarer-hunde-regenmantel-mit-klettverschluss-ultraleicht-wasserdicht-hunderegenmantel-mit-kapuze-und-reflektierenden-elementen-fur-spaziergange-l-rot","status":"publish","type":"product","link":"https:\/\/dogdeals.eu\/de\/product\/bipawti-regenjacke-fur-grose-hunde-verstellbarer-hunde-regenmantel-mit-klettverschluss-ultraleicht-wasserdicht-hunderegenmantel-mit-kapuze-und-reflektierenden-elementen-fur-spaziergange-l-rot\/","title":{"rendered":"BiPawTi Regenjacke f\u00fcr Gro\u00dfe Hunde, Verstellbarer Hunde-Regenmantel mit Klettverschluss &#8211; Ultraleicht &#038; Wasserdicht Hunderegenmantel mit Kapuze und Reflektierenden Elementen f\u00fcr Spazierg\u00e4nge (L | Rot)"},"content":{"rendered":"<p><!-- show up to 2 reviews by default --><br \/>\nUPGRADE DER WASSERDICHTEN HUNDEREGENMANTEL &#8211; Hergestellt aus professionellem Out of doors-Regenmaterial, verbessertes wasserabweisendes Materials bestand harte Wasserdichtheitstests. BEQUEM, WEICH AND KNITTERARM. Der Einsatz dieser hunde regenmantel tr\u00e4gt ma\u00dfgeblich zur Vorbeugung von nassem Fell bei Regen oder anderen abenteuerlichen Situationen bei, um die Hautgesundheit Ihres Tieres zu erhalten.<br \/>\nREFLEKTIERENDES DESIGN F\u00dcR BESSERE SICHTBARKEIT &#8211; Die reflektierenden Elemente am Regenjacken und der Kapuze werfen bei Beleuchtung durch Scheinwerfer helles Licht zur\u00fcck, wodurch der Hund intestine sichtbar ist. Hunde mit wirksamer Reflexion bieten Fahrern mindestens dreimal soviel Reaktionszeit wie solche ohne, was die Sicherheit Ihres Haustieres bei Nachtspazierg\u00e4ngen oder in tr\u00fcbem Wetter gew\u00e4hrleistet.<br \/>\nVERSTELLBARE KLETTVERSCHLUSS &#8211; Unser neuer Regenmantel verf\u00fcgt \u00fcber eine verbesserte Passform, komfortabel und breit einstellbar, passt perfekt zu verschiedenen Rassen und Gr\u00f6\u00dfen von Hunden. Dank benutzerfreundlichem Velcro-Verschluss l\u00e4sst sich der Regenmantel blitzschnell und unkompliziert an- und ausziehen.<br \/>\nUNEINGESCHR\u00c4NKTE BEWEGUNGSFREIHEIT &#8211; Der Regenmantel st\u00f6rt die Bewegungsfreiheit Ihres Hundes nicht und erlaubt ihm, uneingeschranktes pinkeln. Seine Leichtigkeit tr\u00e4gt dazu bei, dass Ihr Hund ihn sorglos und beschwerdefrei tragen kann. Er ist leicht zu reinigen und somit splendid als Alltags- und Abenteuerausr\u00fcstung geeignet! Machen Sie sich bereit f\u00fcr nasse Pfade mit unserem Hunderegenmantel.<br \/>\nPERFEKTE PASSFORM &#8211; Der verstellbare Kordelzug am Kapuze sorgt daf\u00fcr, dass die Kapuze optimum an den Kopf Ihres Hundes angepasst wird und nicht verrutscht, w\u00e4hrend er dessen Sichtfeld nicht beeintr\u00e4chtigt. Bei Bedarf kann die elastische Schnur am Ende des Regenmantels verwendet werden, was bedeutet, dass der Regenmantels auch bei Spielen und Laufen nicht verrutscht.<br \/>\n<div class=\"main-cross-sell\" data-asin=\"B0D5HL8Q3J\">\n\n\t<div class=\"WooZone-cross-sell-loader\">\n\t\t<div>\n\t\t\t<div id=\"floatingBarsG\">\n\t\t\t\t<div class=\"blockG\" id=\"rotateG_01\"><\/div>\n\t\t\t\t<div class=\"blockG\" id=\"rotateG_02\"><\/div>\n\t\t\t\t<div class=\"blockG\" id=\"rotateG_03\"><\/div>\n\t\t\t\t<div class=\"blockG\" id=\"rotateG_04\"><\/div>\n\t\t\t\t<div class=\"blockG\" id=\"rotateG_05\"><\/div>\n\t\t\t\t<div class=\"blockG\" id=\"rotateG_06\"><\/div>\n\t\t\t\t<div class=\"blockG\" id=\"rotateG_07\"><\/div>\n\t\t\t\t<div class=\"blockG\" id=\"rotateG_08\"><\/div>\n\t\t\t<\/div>\n\t\t\t<div class=\"WooZone-cross-sell-loader-text\"><\/div>\n\t\t<\/div>\n\t<\/div>\n\n\t\t\n<\/div>\n<div style=\"clear:both;\"><\/div><\/p>\n","protected":false},"excerpt":{"rendered":"<p>UPGRADE DER WASSERDICHTEN HUNDEREGENMANTEL &#8211; Hergestellt aus professionellem Outdoor-Regenmaterial, verbessertes wasserabweisendes Material bestand harte Wasserdichtheitstests. BEQUEM, WEICH AND KNITTERARM. Der Einsatz dieser hunde regenmantel tr\u00e4gt ma\u00dfgeblich zur Vorbeugung von nassem Fell bei Regen oder anderen abenteuerlichen Situationen bei, um die Hautgesundheit Ihres Tieres zu erhalten.<br \/>\nREFLEKTIERENDES DESIGN F\u00dcR BESSERE SICHTBARKEIT &#8211; Die reflektierenden Elemente am Regenjacken und der Kapuze werfen bei Beleuchtung durch Scheinwerfer helles Licht zur\u00fcck, wodurch der Hund gut sichtbar ist. Hunde mit wirksamer Reflexion bieten Fahrern mindestens dreimal soviel Reaktionszeit wie solche ohne, was die Sicherheit Ihres Haustieres bei Nachtspazierg\u00e4ngen oder in tr\u00fcbem Wetter gew\u00e4hrleistet.<br \/>\nVERSTELLBARE KLETTVERSCHLUSS &#8211; Unser neuer Regenmantel verf\u00fcgt \u00fcber eine verbesserte Passform, komfortabel und breit einstellbar, passt perfekt zu verschiedenen Rassen und Gr\u00f6\u00dfen von Hunden. Dank benutzerfreundlichem Velcro-Verschluss l\u00e4sst sich der Regenmantel blitzschnell und unkompliziert an- und ausziehen.<\/p>\n","protected":false},"featured_media":8121,"comment_status":"open","ping_status":"closed","template":"","meta":[],"store":[],"product_cat":[31,28],"product_tag":[],"yoast_head":"<!-- This site is optimized with the Yoast SEO plugin v22.8 - https:\/\/yoast.com\/wordpress\/plugins\/seo\/ -->\n<title>BiPawTi Regenjacke f\u00fcr Gro\u00dfe Hunde, Verstellbarer Hunde-Regenmantel mit Klettverschluss - Ultraleicht &amp; Wasserdicht Hunderegenmantel mit Kapuze und Reflektierenden Elementen f\u00fcr Spazierg\u00e4nge (L | Rot) - DogDeals<\/title>\n<meta name=\"description\" content=\"Discover top-quality dog essentials at DogDeals. Shop for nutritious food, fun toys, comfortable beds, and stylish accessories. Unleash the best deals for your furry friend and ensure their happiness and well-being with our premium picks!\" \/>\n<meta name=\"robots\" content=\"index, follow, max-snippet:-1, max-image-preview:large, max-video-preview:-1\" \/>\n<link rel=\"canonical\" href=\"https:\/\/dogdeals.eu\/de\/product\/bipawti-regenjacke-fur-grose-hunde-verstellbarer-hunde-regenmantel-mit-klettverschluss-ultraleicht-wasserdicht-hunderegenmantel-mit-kapuze-und-reflektierenden-elementen-fur-spaziergange-l-rot\/\" \/>\n<meta property=\"og:locale\" content=\"en_US\" \/>\n<meta property=\"og:type\" content=\"article\" \/>\n<meta property=\"og:title\" content=\"BiPawTi Regenjacke f\u00fcr Gro\u00dfe Hunde, Verstellbarer Hunde-Regenmantel mit Klettverschluss - Ultraleicht &amp; Wasserdicht Hunderegenmantel mit Kapuze und Reflektierenden Elementen f\u00fcr Spazierg\u00e4nge (L | Rot) - DogDeals\" \/>\n<meta property=\"og:description\" content=\"Discover top-quality dog essentials at DogDeals. Shop for nutritious food, fun toys, comfortable beds, and stylish accessories. Unleash the best deals for your furry friend and ensure their happiness and well-being with our premium picks!\" \/>\n<meta property=\"og:url\" content=\"https:\/\/dogdeals.eu\/de\/product\/bipawti-regenjacke-fur-grose-hunde-verstellbarer-hunde-regenmantel-mit-klettverschluss-ultraleicht-wasserdicht-hunderegenmantel-mit-kapuze-und-reflektierenden-elementen-fur-spaziergange-l-rot\/\" \/>\n<meta property=\"og:site_name\" content=\"DogDeals\" \/>\n<meta property=\"article:modified_time\" content=\"2024-08-22T21:24:19+00:00\" \/>\n<meta property=\"og:image\" content=\"https:\/\/m.media-amazon.com\/images\/I\/414HJ-alx7L.jpg\" \/>\n\t<meta property=\"og:image:width\" content=\"500\" \/>\n\t<meta property=\"og:image:height\" content=\"500\" \/>\n\t<meta property=\"og:image:type\" content=\"image\/jpeg\" \/>\n<meta name=\"twitter:card\" content=\"summary_large_image\" \/>\n<meta name=\"twitter:label1\" content=\"Est. reading time\" \/>\n\t<meta name=\"twitter:data1\" content=\"1 minute\" \/>\n<script type=\"application\/ld+json\" class=\"yoast-schema-graph\">{\"@context\":\"https:\/\/schema.org\",\"@graph\":[{\"@type\":\"WebPage\",\"@id\":\"https:\/\/dogdeals.eu\/de\/product\/bipawti-regenjacke-fur-grose-hunde-verstellbarer-hunde-regenmantel-mit-klettverschluss-ultraleicht-wasserdicht-hunderegenmantel-mit-kapuze-und-reflektierenden-elementen-fur-spaziergange-l-rot\/\",\"url\":\"https:\/\/dogdeals.eu\/de\/product\/bipawti-regenjacke-fur-grose-hunde-verstellbarer-hunde-regenmantel-mit-klettverschluss-ultraleicht-wasserdicht-hunderegenmantel-mit-kapuze-und-reflektierenden-elementen-fur-spaziergange-l-rot\/\",\"name\":\"BiPawTi Regenjacke f\u00fcr Gro\u00dfe Hunde, Verstellbarer Hunde-Regenmantel mit Klettverschluss - Ultraleicht & Wasserdicht Hunderegenmantel mit Kapuze und Reflektierenden Elementen f\u00fcr Spazierg\u00e4nge (L | Rot) - DogDeals\",\"isPartOf\":{\"@id\":\"https:\/\/dogdeals.eu\/de\/#website\"},\"primaryImageOfPage\":{\"@id\":\"https:\/\/dogdeals.eu\/de\/product\/bipawti-regenjacke-fur-grose-hunde-verstellbarer-hunde-regenmantel-mit-klettverschluss-ultraleicht-wasserdicht-hunderegenmantel-mit-kapuze-und-reflektierenden-elementen-fur-spaziergange-l-rot\/#primaryimage\"},\"image\":{\"@id\":\"https:\/\/dogdeals.eu\/de\/product\/bipawti-regenjacke-fur-grose-hunde-verstellbarer-hunde-regenmantel-mit-klettverschluss-ultraleicht-wasserdicht-hunderegenmantel-mit-kapuze-und-reflektierenden-elementen-fur-spaziergange-l-rot\/#primaryimage\"},\"thumbnailUrl\":\"https:\/\/m.media-amazon.com\/images\/I\/414HJ-alx7L.jpg\",\"datePublished\":\"2024-08-21T23:17:35+00:00\",\"dateModified\":\"2024-08-22T21:24:19+00:00\",\"description\":\"Discover top-quality dog essentials at DogDeals. Shop for nutritious food, fun toys, comfortable beds, and stylish accessories. Unleash the best deals for your furry friend and ensure their happiness and well-being with our premium picks!\",\"breadcrumb\":{\"@id\":\"https:\/\/dogdeals.eu\/de\/product\/bipawti-regenjacke-fur-grose-hunde-verstellbarer-hunde-regenmantel-mit-klettverschluss-ultraleicht-wasserdicht-hunderegenmantel-mit-kapuze-und-reflektierenden-elementen-fur-spaziergange-l-rot\/#breadcrumb\"},\"inLanguage\":\"en-US\",\"potentialAction\":[{\"@type\":\"ReadAction\",\"target\":[\"https:\/\/dogdeals.eu\/de\/product\/bipawti-regenjacke-fur-grose-hunde-verstellbarer-hunde-regenmantel-mit-klettverschluss-ultraleicht-wasserdicht-hunderegenmantel-mit-kapuze-und-reflektierenden-elementen-fur-spaziergange-l-rot\/\"]}]},{\"@type\":\"ImageObject\",\"inLanguage\":\"en-US\",\"@id\":\"https:\/\/dogdeals.eu\/de\/product\/bipawti-regenjacke-fur-grose-hunde-verstellbarer-hunde-regenmantel-mit-klettverschluss-ultraleicht-wasserdicht-hunderegenmantel-mit-kapuze-und-reflektierenden-elementen-fur-spaziergange-l-rot\/#primaryimage\",\"url\":\"https:\/\/m.media-amazon.com\/images\/I\/414HJ-alx7L.jpg\",\"contentUrl\":\"https:\/\/m.media-amazon.com\/images\/I\/414HJ-alx7L.jpg\",\"width\":500,\"height\":500},{\"@type\":\"BreadcrumbList\",\"@id\":\"https:\/\/dogdeals.eu\/de\/product\/bipawti-regenjacke-fur-grose-hunde-verstellbarer-hunde-regenmantel-mit-klettverschluss-ultraleicht-wasserdicht-hunderegenmantel-mit-kapuze-und-reflektierenden-elementen-fur-spaziergange-l-rot\/#breadcrumb\",\"itemListElement\":[{\"@type\":\"ListItem\",\"position\":1,\"name\":\"Home\",\"item\":\"https:\/\/dogdeals.eu\/de\/\"},{\"@type\":\"ListItem\",\"position\":2,\"name\":\"Shop\",\"item\":\"https:\/\/dogdeals.eu\/de\/shop\/\"},{\"@type\":\"ListItem\",\"position\":3,\"name\":\"BiPawTi Regenjacke f\u00fcr Gro\u00dfe Hunde, Verstellbarer Hunde-Regenmantel mit Klettverschluss &#8211; Ultraleicht &#038; Wasserdicht Hunderegenmantel mit Kapuze und Reflektierenden Elementen f\u00fcr Spazierg\u00e4nge (L | Rot)\"}]},{\"@type\":\"WebSite\",\"@id\":\"https:\/\/dogdeals.eu\/de\/#website\",\"url\":\"https:\/\/dogdeals.eu\/de\/\",\"name\":\"DogDeals\",\"description\":\"Premium Dog Products at Unbeatable Prices\",\"publisher\":{\"@id\":\"https:\/\/dogdeals.eu\/de\/#organization\"},\"potentialAction\":[{\"@type\":\"SearchAction\",\"target\":{\"@type\":\"EntryPoint\",\"urlTemplate\":\"https:\/\/dogdeals.eu\/de\/?s={search_term_string}\"},\"query-input\":\"required name=search_term_string\"}],\"inLanguage\":\"en-US\"},{\"@type\":\"Organization\",\"@id\":\"https:\/\/dogdeals.eu\/de\/#organization\",\"name\":\"DogDeals\",\"url\":\"https:\/\/dogdeals.eu\/de\/\",\"logo\":{\"@type\":\"ImageObject\",\"inLanguage\":\"en-US\",\"@id\":\"https:\/\/dogdeals.eu\/de\/#\/schema\/logo\/image\/\",\"url\":\"https:\/\/dogdeals.eu\/de\/wp-content\/uploads\/2024\/06\/Screenshot-2024-06-10-at-6.35.37-PM.png\",\"contentUrl\":\"https:\/\/dogdeals.eu\/de\/wp-content\/uploads\/2024\/06\/Screenshot-2024-06-10-at-6.35.37-PM.png\",\"width\":2758,\"height\":978,\"caption\":\"DogDeals\"},\"image\":{\"@id\":\"https:\/\/dogdeals.eu\/de\/#\/schema\/logo\/image\/\"}}]}<\/script>\n<!-- \/ Yoast SEO plugin. -->","yoast_head_json":{"title":"BiPawTi Regenjacke f\u00fcr Gro\u00dfe Hunde, Verstellbarer Hunde-Regenmantel mit Klettverschluss - Ultraleicht & Wasserdicht Hunderegenmantel mit Kapuze und Reflektierenden Elementen f\u00fcr Spazierg\u00e4nge (L | Rot) - DogDeals","description":"Discover top-quality dog essentials at DogDeals. Shop for nutritious food, fun toys, comfortable beds, and stylish accessories. Unleash the best deals for your furry friend and ensure their happiness and well-being with our premium picks!","robots":{"index":"index","follow":"follow","max-snippet":"max-snippet:-1","max-image-preview":"max-image-preview:large","max-video-preview":"max-video-preview:-1"},"canonical":"https:\/\/dogdeals.eu\/de\/product\/bipawti-regenjacke-fur-grose-hunde-verstellbarer-hunde-regenmantel-mit-klettverschluss-ultraleicht-wasserdicht-hunderegenmantel-mit-kapuze-und-reflektierenden-elementen-fur-spaziergange-l-rot\/","og_locale":"en_US","og_type":"article","og_title":"BiPawTi Regenjacke f\u00fcr Gro\u00dfe Hunde, Verstellbarer Hunde-Regenmantel mit Klettverschluss - Ultraleicht & Wasserdicht Hunderegenmantel mit Kapuze und Reflektierenden Elementen f\u00fcr Spazierg\u00e4nge (L | Rot) - DogDeals","og_description":"Discover top-quality dog essentials at DogDeals. Shop for nutritious food, fun toys, comfortable beds, and stylish accessories. Unleash the best deals for your furry friend and ensure their happiness and well-being with our premium picks!","og_url":"https:\/\/dogdeals.eu\/de\/product\/bipawti-regenjacke-fur-grose-hunde-verstellbarer-hunde-regenmantel-mit-klettverschluss-ultraleicht-wasserdicht-hunderegenmantel-mit-kapuze-und-reflektierenden-elementen-fur-spaziergange-l-rot\/","og_site_name":"DogDeals","article_modified_time":"2024-08-22T21:24:19+00:00","og_image":[{"width":500,"height":500,"url":"https:\/\/m.media-amazon.com\/images\/I\/414HJ-alx7L.jpg","type":"image\/jpeg"}],"twitter_card":"summary_large_image","twitter_misc":{"Est. reading time":"1 minute"},"schema":{"@context":"https:\/\/schema.org","@graph":[{"@type":"WebPage","@id":"https:\/\/dogdeals.eu\/de\/product\/bipawti-regenjacke-fur-grose-hunde-verstellbarer-hunde-regenmantel-mit-klettverschluss-ultraleicht-wasserdicht-hunderegenmantel-mit-kapuze-und-reflektierenden-elementen-fur-spaziergange-l-rot\/","url":"https:\/\/dogdeals.eu\/de\/product\/bipawti-regenjacke-fur-grose-hunde-verstellbarer-hunde-regenmantel-mit-klettverschluss-ultraleicht-wasserdicht-hunderegenmantel-mit-kapuze-und-reflektierenden-elementen-fur-spaziergange-l-rot\/","name":"BiPawTi Regenjacke f\u00fcr Gro\u00dfe Hunde, Verstellbarer Hunde-Regenmantel mit Klettverschluss - Ultraleicht & Wasserdicht Hunderegenmantel mit Kapuze und Reflektierenden Elementen f\u00fcr Spazierg\u00e4nge (L | Rot) - DogDeals","isPartOf":{"@id":"https:\/\/dogdeals.eu\/de\/#website"},"primaryImageOfPage":{"@id":"https:\/\/dogdeals.eu\/de\/product\/bipawti-regenjacke-fur-grose-hunde-verstellbarer-hunde-regenmantel-mit-klettverschluss-ultraleicht-wasserdicht-hunderegenmantel-mit-kapuze-und-reflektierenden-elementen-fur-spaziergange-l-rot\/#primaryimage"},"image":{"@id":"https:\/\/dogdeals.eu\/de\/product\/bipawti-regenjacke-fur-grose-hunde-verstellbarer-hunde-regenmantel-mit-klettverschluss-ultraleicht-wasserdicht-hunderegenmantel-mit-kapuze-und-reflektierenden-elementen-fur-spaziergange-l-rot\/#primaryimage"},"thumbnailUrl":"https:\/\/m.media-amazon.com\/images\/I\/414HJ-alx7L.jpg","datePublished":"2024-08-21T23:17:35+00:00","dateModified":"2024-08-22T21:24:19+00:00","description":"Discover top-quality dog essentials at DogDeals. Shop for nutritious food, fun toys, comfortable beds, and stylish accessories. Unleash the best deals for your furry friend and ensure their happiness and well-being with our premium picks!","breadcrumb":{"@id":"https:\/\/dogdeals.eu\/de\/product\/bipawti-regenjacke-fur-grose-hunde-verstellbarer-hunde-regenmantel-mit-klettverschluss-ultraleicht-wasserdicht-hunderegenmantel-mit-kapuze-und-reflektierenden-elementen-fur-spaziergange-l-rot\/#breadcrumb"},"inLanguage":"en-US","potentialAction":[{"@type":"ReadAction","target":["https:\/\/dogdeals.eu\/de\/product\/bipawti-regenjacke-fur-grose-hunde-verstellbarer-hunde-regenmantel-mit-klettverschluss-ultraleicht-wasserdicht-hunderegenmantel-mit-kapuze-und-reflektierenden-elementen-fur-spaziergange-l-rot\/"]}]},{"@type":"ImageObject","inLanguage":"en-US","@id":"https:\/\/dogdeals.eu\/de\/product\/bipawti-regenjacke-fur-grose-hunde-verstellbarer-hunde-regenmantel-mit-klettverschluss-ultraleicht-wasserdicht-hunderegenmantel-mit-kapuze-und-reflektierenden-elementen-fur-spaziergange-l-rot\/#primaryimage","url":"https:\/\/m.media-amazon.com\/images\/I\/414HJ-alx7L.jpg","contentUrl":"https:\/\/m.media-amazon.com\/images\/I\/414HJ-alx7L.jpg","width":500,"height":500},{"@type":"BreadcrumbList","@id":"https:\/\/dogdeals.eu\/de\/product\/bipawti-regenjacke-fur-grose-hunde-verstellbarer-hunde-regenmantel-mit-klettverschluss-ultraleicht-wasserdicht-hunderegenmantel-mit-kapuze-und-reflektierenden-elementen-fur-spaziergange-l-rot\/#breadcrumb","itemListElement":[{"@type":"ListItem","position":1,"name":"Home","item":"https:\/\/dogdeals.eu\/de\/"},{"@type":"ListItem","position":2,"name":"Shop","item":"https:\/\/dogdeals.eu\/de\/shop\/"},{"@type":"ListItem","position":3,"name":"BiPawTi Regenjacke f\u00fcr Gro\u00dfe Hunde, Verstellbarer Hunde-Regenmantel mit Klettverschluss &#8211; Ultraleicht &#038; Wasserdicht Hunderegenmantel mit Kapuze und Reflektierenden Elementen f\u00fcr Spazierg\u00e4nge (L | Rot)"}]},{"@type":"WebSite","@id":"https:\/\/dogdeals.eu\/de\/#website","url":"https:\/\/dogdeals.eu\/de\/","name":"DogDeals","description":"Premium Dog Products at Unbeatable Prices","publisher":{"@id":"https:\/\/dogdeals.eu\/de\/#organization"},"potentialAction":[{"@type":"SearchAction","target":{"@type":"EntryPoint","urlTemplate":"https:\/\/dogdeals.eu\/de\/?s={search_term_string}"},"query-input":"required name=search_term_string"}],"inLanguage":"en-US"},{"@type":"Organization","@id":"https:\/\/dogdeals.eu\/de\/#organization","name":"DogDeals","url":"https:\/\/dogdeals.eu\/de\/","logo":{"@type":"ImageObject","inLanguage":"en-US","@id":"https:\/\/dogdeals.eu\/de\/#\/schema\/logo\/image\/","url":"https:\/\/dogdeals.eu\/de\/wp-content\/uploads\/2024\/06\/Screenshot-2024-06-10-at-6.35.37-PM.png","contentUrl":"https:\/\/dogdeals.eu\/de\/wp-content\/uploads\/2024\/06\/Screenshot-2024-06-10-at-6.35.37-PM.png","width":2758,"height":978,"caption":"DogDeals"},"image":{"@id":"https:\/\/dogdeals.eu\/de\/#\/schema\/logo\/image\/"}}]}},"_links":{"self":[{"href":"https:\/\/dogdeals.eu\/de\/wp-json\/wp\/v2\/product\/8114"}],"collection":[{"href":"https:\/\/dogdeals.eu\/de\/wp-json\/wp\/v2\/product"}],"about":[{"href":"https:\/\/dogdeals.eu\/de\/wp-json\/wp\/v2\/types\/product"}],"replies":[{"embeddable":true,"href":"https:\/\/dogdeals.eu\/de\/wp-json\/wp\/v2\/comments?post=8114"}],"wp:featuredmedia":[{"embeddable":true,"href":"https:\/\/dogdeals.eu\/de\/wp-json\/wp\/v2\/media\/8121"}],"wp:attachment":[{"href":"https:\/\/dogdeals.eu\/de\/wp-json\/wp\/v2\/media?parent=8114"}],"wp:term":[{"taxonomy":"store","embeddable":true,"href":"https:\/\/dogdeals.eu\/de\/wp-json\/wp\/v2\/store?post=8114"},{"taxonomy":"product_cat","embeddable":true,"href":"https:\/\/dogdeals.eu\/de\/wp-json\/wp\/v2\/product_cat?post=8114"},{"taxonomy":"product_tag","embeddable":true,"href":"https:\/\/dogdeals.eu\/de\/wp-json\/wp\/v2\/product_tag?post=8114"}],"curies":[{"name":"wp","href":"https:\/\/api.w.org\/{rel}","templated":true}]}}