{"id":7934,"date":"2024-08-21T23:00:48","date_gmt":"2024-08-21T23:00:48","guid":{"rendered":"https:\/\/dogdeals.eu\/de\/product\/hundefreund-groser-futterbeutel-fur-hunde-zum-hundetraining-4-in-1-futtertasche-mit-bauchgurt-gurtelclip-gurtelschlaufen-und-schulterriemen-4-facher-leckerli-beutel-19x14x7-cm\/"},"modified":"2024-08-22T21:24:23","modified_gmt":"2024-08-22T21:24:23","slug":"hundefreund-groser-futterbeutel-fur-hunde-zum-hundetraining-4-in-1-futtertasche-mit-bauchgurt-gurtelclip-gurtelschlaufen-und-schulterriemen-4-facher-leckerli-beutel-19x14x7-cm","status":"publish","type":"product","link":"https:\/\/dogdeals.eu\/de\/product\/hundefreund-groser-futterbeutel-fur-hunde-zum-hundetraining-4-in-1-futtertasche-mit-bauchgurt-gurtelclip-gurtelschlaufen-und-schulterriemen-4-facher-leckerli-beutel-19x14x7-cm\/","title":{"rendered":"Hundefreund Gro\u00dfer Futterbeutel f\u00fcr Hunde zum Hundetraining | 4 in 1 Futtertasche mit Bauchgurt, G\u00fcrtelclip, G\u00fcrtelschlaufen und Schulterriemen | 4 F\u00e4cher Leckerli-Beutel (19x14x7 cm)"},"content":{"rendered":"<p><!-- show up to 2 reviews by default --> <\/p>\n<p><span>Hundefreund high quality product. <\/span><\/p>\n<p><span>The big meals bag (19 x 14 x 7 cm) can be appropriate for individuals with giant arms and is manufactured from high-quality water-repellent supplies. The bag is straightforward to scrub by hand wash. The deep space for storing is barely sewn on the aspect, so you may simply fold it out for cleansing. <\/p>\n<p><\/span><\/p>\n<p><span>4 compartments of space for storing. <\/span><\/p>\n<p><span>The primary space for storing with giant opening is appropriate for treats of all types and canine toys and may be closed with a drawstring. <\/p>\n<p>The compartment for the canine waste bag has a gap by means of which you&#8217;ll simply pull out the canine waste luggage, it may be closed with a zipper. <\/p>\n<p>The entrance compartment is appropriate for valuables, keys, smaller cellphones and different canine snacks. <\/p>\n<p>There&#8217;s area for different small objects within the mesh compartment. <\/p>\n<p><\/span><\/p>\n<p><span>4 methods to hold the meals bag <\/span><\/p>\n<p><span>Stomach belt: the waist belt (width: 3.5 cm) may be adjusted individually (size: 75 to 120 cm). <\/p>\n<p>BELT CLIP The belt clip attaches to thinner belts and on to your pants or pocket. <\/p>\n<p>Belt loops: thanks to 2 belt loops, you may connect the meals bag to the belt, and you&#8217;ll take away the stomach belt beforehand. <\/p>\n<p>Shoulder strap: By way of shoulder strap (width: 2.5 cm), you may also merely hold the meals bag round your shoulder or throughout the physique. In case you place the straps tight, you may carry the bag like a bag in your hand. <\/p>\n<p><\/span> <\/p>\n<p>4 compartments: giant compartment with drawstring, canine waste bag compartment with removing opening, entrance compartment and mesh pocket<br \/>\n4 methods to put on: waist belt, belt clip, belt loops and shoulder straps<br \/>\nHUNDEFREUND High quality: easy-care giant deal with bag (black-green) manufactured from sturdy nylon (19 x 14 x 7 cm)<br \/>\nTRAINING AND PLAY: storing rewards, meals and treats for canines and small canine toys for canine coaching<br \/>\nSATISFACTION PROMISE:three hundred and sixty five days a reimbursement in case the deal with bag doesn&#8217;t meet expectations 100%. Add to cart now risk-free<br \/>\n<div class=\"main-cross-sell\" data-asin=\"B01KHVNNRI\">\n\n\t<div class=\"WooZone-cross-sell-loader\">\n\t\t<div>\n\t\t\t<div id=\"floatingBarsG\">\n\t\t\t\t<div class=\"blockG\" id=\"rotateG_01\"><\/div>\n\t\t\t\t<div class=\"blockG\" id=\"rotateG_02\"><\/div>\n\t\t\t\t<div class=\"blockG\" id=\"rotateG_03\"><\/div>\n\t\t\t\t<div class=\"blockG\" id=\"rotateG_04\"><\/div>\n\t\t\t\t<div class=\"blockG\" id=\"rotateG_05\"><\/div>\n\t\t\t\t<div class=\"blockG\" id=\"rotateG_06\"><\/div>\n\t\t\t\t<div class=\"blockG\" id=\"rotateG_07\"><\/div>\n\t\t\t\t<div class=\"blockG\" id=\"rotateG_08\"><\/div>\n\t\t\t<\/div>\n\t\t\t<div class=\"WooZone-cross-sell-loader-text\"><\/div>\n\t\t<\/div>\n\t<\/div>\n\n\t\t\n<\/div>\n<div style=\"clear:both;\"><\/div><\/p>\n","protected":false},"excerpt":{"rendered":"<p>4 compartments: large compartment with drawstring, dog waste bag compartment with removal opening, front compartment and mesh pocket<br \/>\n4 ways to wear: waist belt, belt clip, belt loops and shoulder straps<br \/>\nHUNDEFREUND Quality: easy-care large treat bag (black-green) made of durable nylon (19 x 14 x 7 cm)<\/p>\n","protected":false},"featured_media":7935,"comment_status":"open","ping_status":"closed","template":"","meta":[],"store":[],"product_cat":[3581,28],"product_tag":[],"yoast_head":"<!-- This site is optimized with the Yoast SEO plugin v22.8 - https:\/\/yoast.com\/wordpress\/plugins\/seo\/ -->\n<title>Hundefreund Gro\u00dfer Futterbeutel f\u00fcr Hunde zum Hundetraining | 4 in 1 Futtertasche mit Bauchgurt, G\u00fcrtelclip, G\u00fcrtelschlaufen und Schulterriemen | 4 F\u00e4cher Leckerli-Beutel (19x14x7 cm) - DogDeals<\/title>\n<meta name=\"description\" content=\"Discover top-quality dog essentials at DogDeals. Shop for nutritious food, fun toys, comfortable beds, and stylish accessories. Unleash the best deals for your furry friend and ensure their happiness and well-being with our premium picks!\" \/>\n<meta name=\"robots\" content=\"index, follow, max-snippet:-1, max-image-preview:large, max-video-preview:-1\" \/>\n<link rel=\"canonical\" href=\"https:\/\/dogdeals.eu\/de\/product\/hundefreund-groser-futterbeutel-fur-hunde-zum-hundetraining-4-in-1-futtertasche-mit-bauchgurt-gurtelclip-gurtelschlaufen-und-schulterriemen-4-facher-leckerli-beutel-19x14x7-cm\/\" \/>\n<meta property=\"og:locale\" content=\"en_US\" \/>\n<meta property=\"og:type\" content=\"article\" \/>\n<meta property=\"og:title\" content=\"Hundefreund Gro\u00dfer Futterbeutel f\u00fcr Hunde zum Hundetraining | 4 in 1 Futtertasche mit Bauchgurt, G\u00fcrtelclip, G\u00fcrtelschlaufen und Schulterriemen | 4 F\u00e4cher Leckerli-Beutel (19x14x7 cm) - DogDeals\" \/>\n<meta property=\"og:description\" content=\"Discover top-quality dog essentials at DogDeals. Shop for nutritious food, fun toys, comfortable beds, and stylish accessories. Unleash the best deals for your furry friend and ensure their happiness and well-being with our premium picks!\" \/>\n<meta property=\"og:url\" content=\"https:\/\/dogdeals.eu\/de\/product\/hundefreund-groser-futterbeutel-fur-hunde-zum-hundetraining-4-in-1-futtertasche-mit-bauchgurt-gurtelclip-gurtelschlaufen-und-schulterriemen-4-facher-leckerli-beutel-19x14x7-cm\/\" \/>\n<meta property=\"og:site_name\" content=\"DogDeals\" \/>\n<meta property=\"article:modified_time\" content=\"2024-08-22T21:24:23+00:00\" \/>\n<meta property=\"og:image\" content=\"https:\/\/m.media-amazon.com\/images\/I\/515T7PdgUkL.jpg\" \/>\n\t<meta property=\"og:image:width\" content=\"500\" \/>\n\t<meta property=\"og:image:height\" content=\"500\" \/>\n\t<meta property=\"og:image:type\" content=\"image\/jpeg\" \/>\n<meta name=\"twitter:card\" content=\"summary_large_image\" \/>\n<meta name=\"twitter:label1\" content=\"Est. reading time\" \/>\n\t<meta name=\"twitter:data1\" content=\"2 minutes\" \/>\n<script type=\"application\/ld+json\" class=\"yoast-schema-graph\">{\"@context\":\"https:\/\/schema.org\",\"@graph\":[{\"@type\":\"WebPage\",\"@id\":\"https:\/\/dogdeals.eu\/de\/product\/hundefreund-groser-futterbeutel-fur-hunde-zum-hundetraining-4-in-1-futtertasche-mit-bauchgurt-gurtelclip-gurtelschlaufen-und-schulterriemen-4-facher-leckerli-beutel-19x14x7-cm\/\",\"url\":\"https:\/\/dogdeals.eu\/de\/product\/hundefreund-groser-futterbeutel-fur-hunde-zum-hundetraining-4-in-1-futtertasche-mit-bauchgurt-gurtelclip-gurtelschlaufen-und-schulterriemen-4-facher-leckerli-beutel-19x14x7-cm\/\",\"name\":\"Hundefreund Gro\u00dfer Futterbeutel f\u00fcr Hunde zum Hundetraining | 4 in 1 Futtertasche mit Bauchgurt, G\u00fcrtelclip, G\u00fcrtelschlaufen und Schulterriemen | 4 F\u00e4cher Leckerli-Beutel (19x14x7 cm) - DogDeals\",\"isPartOf\":{\"@id\":\"https:\/\/dogdeals.eu\/de\/#website\"},\"primaryImageOfPage\":{\"@id\":\"https:\/\/dogdeals.eu\/de\/product\/hundefreund-groser-futterbeutel-fur-hunde-zum-hundetraining-4-in-1-futtertasche-mit-bauchgurt-gurtelclip-gurtelschlaufen-und-schulterriemen-4-facher-leckerli-beutel-19x14x7-cm\/#primaryimage\"},\"image\":{\"@id\":\"https:\/\/dogdeals.eu\/de\/product\/hundefreund-groser-futterbeutel-fur-hunde-zum-hundetraining-4-in-1-futtertasche-mit-bauchgurt-gurtelclip-gurtelschlaufen-und-schulterriemen-4-facher-leckerli-beutel-19x14x7-cm\/#primaryimage\"},\"thumbnailUrl\":\"https:\/\/m.media-amazon.com\/images\/I\/515T7PdgUkL.jpg\",\"datePublished\":\"2024-08-21T23:00:48+00:00\",\"dateModified\":\"2024-08-22T21:24:23+00:00\",\"description\":\"Discover top-quality dog essentials at DogDeals. Shop for nutritious food, fun toys, comfortable beds, and stylish accessories. Unleash the best deals for your furry friend and ensure their happiness and well-being with our premium picks!\",\"breadcrumb\":{\"@id\":\"https:\/\/dogdeals.eu\/de\/product\/hundefreund-groser-futterbeutel-fur-hunde-zum-hundetraining-4-in-1-futtertasche-mit-bauchgurt-gurtelclip-gurtelschlaufen-und-schulterriemen-4-facher-leckerli-beutel-19x14x7-cm\/#breadcrumb\"},\"inLanguage\":\"en-US\",\"potentialAction\":[{\"@type\":\"ReadAction\",\"target\":[\"https:\/\/dogdeals.eu\/de\/product\/hundefreund-groser-futterbeutel-fur-hunde-zum-hundetraining-4-in-1-futtertasche-mit-bauchgurt-gurtelclip-gurtelschlaufen-und-schulterriemen-4-facher-leckerli-beutel-19x14x7-cm\/\"]}]},{\"@type\":\"ImageObject\",\"inLanguage\":\"en-US\",\"@id\":\"https:\/\/dogdeals.eu\/de\/product\/hundefreund-groser-futterbeutel-fur-hunde-zum-hundetraining-4-in-1-futtertasche-mit-bauchgurt-gurtelclip-gurtelschlaufen-und-schulterriemen-4-facher-leckerli-beutel-19x14x7-cm\/#primaryimage\",\"url\":\"https:\/\/m.media-amazon.com\/images\/I\/515T7PdgUkL.jpg\",\"contentUrl\":\"https:\/\/m.media-amazon.com\/images\/I\/515T7PdgUkL.jpg\",\"width\":500,\"height\":500},{\"@type\":\"BreadcrumbList\",\"@id\":\"https:\/\/dogdeals.eu\/de\/product\/hundefreund-groser-futterbeutel-fur-hunde-zum-hundetraining-4-in-1-futtertasche-mit-bauchgurt-gurtelclip-gurtelschlaufen-und-schulterriemen-4-facher-leckerli-beutel-19x14x7-cm\/#breadcrumb\",\"itemListElement\":[{\"@type\":\"ListItem\",\"position\":1,\"name\":\"Home\",\"item\":\"https:\/\/dogdeals.eu\/de\/\"},{\"@type\":\"ListItem\",\"position\":2,\"name\":\"Shop\",\"item\":\"https:\/\/dogdeals.eu\/de\/shop\/\"},{\"@type\":\"ListItem\",\"position\":3,\"name\":\"Hundefreund Gro\u00dfer Futterbeutel f\u00fcr Hunde zum Hundetraining | 4 in 1 Futtertasche mit Bauchgurt, G\u00fcrtelclip, G\u00fcrtelschlaufen und Schulterriemen | 4 F\u00e4cher Leckerli-Beutel (19x14x7 cm)\"}]},{\"@type\":\"WebSite\",\"@id\":\"https:\/\/dogdeals.eu\/de\/#website\",\"url\":\"https:\/\/dogdeals.eu\/de\/\",\"name\":\"DogDeals\",\"description\":\"Premium Dog Products at Unbeatable Prices\",\"publisher\":{\"@id\":\"https:\/\/dogdeals.eu\/de\/#organization\"},\"potentialAction\":[{\"@type\":\"SearchAction\",\"target\":{\"@type\":\"EntryPoint\",\"urlTemplate\":\"https:\/\/dogdeals.eu\/de\/?s={search_term_string}\"},\"query-input\":\"required name=search_term_string\"}],\"inLanguage\":\"en-US\"},{\"@type\":\"Organization\",\"@id\":\"https:\/\/dogdeals.eu\/de\/#organization\",\"name\":\"DogDeals\",\"url\":\"https:\/\/dogdeals.eu\/de\/\",\"logo\":{\"@type\":\"ImageObject\",\"inLanguage\":\"en-US\",\"@id\":\"https:\/\/dogdeals.eu\/de\/#\/schema\/logo\/image\/\",\"url\":\"https:\/\/dogdeals.eu\/de\/wp-content\/uploads\/2024\/06\/Screenshot-2024-06-10-at-6.35.37-PM.png\",\"contentUrl\":\"https:\/\/dogdeals.eu\/de\/wp-content\/uploads\/2024\/06\/Screenshot-2024-06-10-at-6.35.37-PM.png\",\"width\":2758,\"height\":978,\"caption\":\"DogDeals\"},\"image\":{\"@id\":\"https:\/\/dogdeals.eu\/de\/#\/schema\/logo\/image\/\"}}]}<\/script>\n<!-- \/ Yoast SEO plugin. -->","yoast_head_json":{"title":"Hundefreund Gro\u00dfer Futterbeutel f\u00fcr Hunde zum Hundetraining | 4 in 1 Futtertasche mit Bauchgurt, G\u00fcrtelclip, G\u00fcrtelschlaufen und Schulterriemen | 4 F\u00e4cher Leckerli-Beutel (19x14x7 cm) - DogDeals","description":"Discover top-quality dog essentials at DogDeals. Shop for nutritious food, fun toys, comfortable beds, and stylish accessories. Unleash the best deals for your furry friend and ensure their happiness and well-being with our premium picks!","robots":{"index":"index","follow":"follow","max-snippet":"max-snippet:-1","max-image-preview":"max-image-preview:large","max-video-preview":"max-video-preview:-1"},"canonical":"https:\/\/dogdeals.eu\/de\/product\/hundefreund-groser-futterbeutel-fur-hunde-zum-hundetraining-4-in-1-futtertasche-mit-bauchgurt-gurtelclip-gurtelschlaufen-und-schulterriemen-4-facher-leckerli-beutel-19x14x7-cm\/","og_locale":"en_US","og_type":"article","og_title":"Hundefreund Gro\u00dfer Futterbeutel f\u00fcr Hunde zum Hundetraining | 4 in 1 Futtertasche mit Bauchgurt, G\u00fcrtelclip, G\u00fcrtelschlaufen und Schulterriemen | 4 F\u00e4cher Leckerli-Beutel (19x14x7 cm) - DogDeals","og_description":"Discover top-quality dog essentials at DogDeals. Shop for nutritious food, fun toys, comfortable beds, and stylish accessories. Unleash the best deals for your furry friend and ensure their happiness and well-being with our premium picks!","og_url":"https:\/\/dogdeals.eu\/de\/product\/hundefreund-groser-futterbeutel-fur-hunde-zum-hundetraining-4-in-1-futtertasche-mit-bauchgurt-gurtelclip-gurtelschlaufen-und-schulterriemen-4-facher-leckerli-beutel-19x14x7-cm\/","og_site_name":"DogDeals","article_modified_time":"2024-08-22T21:24:23+00:00","og_image":[{"width":500,"height":500,"url":"https:\/\/m.media-amazon.com\/images\/I\/515T7PdgUkL.jpg","type":"image\/jpeg"}],"twitter_card":"summary_large_image","twitter_misc":{"Est. reading time":"2 minutes"},"schema":{"@context":"https:\/\/schema.org","@graph":[{"@type":"WebPage","@id":"https:\/\/dogdeals.eu\/de\/product\/hundefreund-groser-futterbeutel-fur-hunde-zum-hundetraining-4-in-1-futtertasche-mit-bauchgurt-gurtelclip-gurtelschlaufen-und-schulterriemen-4-facher-leckerli-beutel-19x14x7-cm\/","url":"https:\/\/dogdeals.eu\/de\/product\/hundefreund-groser-futterbeutel-fur-hunde-zum-hundetraining-4-in-1-futtertasche-mit-bauchgurt-gurtelclip-gurtelschlaufen-und-schulterriemen-4-facher-leckerli-beutel-19x14x7-cm\/","name":"Hundefreund Gro\u00dfer Futterbeutel f\u00fcr Hunde zum Hundetraining | 4 in 1 Futtertasche mit Bauchgurt, G\u00fcrtelclip, G\u00fcrtelschlaufen und Schulterriemen | 4 F\u00e4cher Leckerli-Beutel (19x14x7 cm) - DogDeals","isPartOf":{"@id":"https:\/\/dogdeals.eu\/de\/#website"},"primaryImageOfPage":{"@id":"https:\/\/dogdeals.eu\/de\/product\/hundefreund-groser-futterbeutel-fur-hunde-zum-hundetraining-4-in-1-futtertasche-mit-bauchgurt-gurtelclip-gurtelschlaufen-und-schulterriemen-4-facher-leckerli-beutel-19x14x7-cm\/#primaryimage"},"image":{"@id":"https:\/\/dogdeals.eu\/de\/product\/hundefreund-groser-futterbeutel-fur-hunde-zum-hundetraining-4-in-1-futtertasche-mit-bauchgurt-gurtelclip-gurtelschlaufen-und-schulterriemen-4-facher-leckerli-beutel-19x14x7-cm\/#primaryimage"},"thumbnailUrl":"https:\/\/m.media-amazon.com\/images\/I\/515T7PdgUkL.jpg","datePublished":"2024-08-21T23:00:48+00:00","dateModified":"2024-08-22T21:24:23+00:00","description":"Discover top-quality dog essentials at DogDeals. Shop for nutritious food, fun toys, comfortable beds, and stylish accessories. Unleash the best deals for your furry friend and ensure their happiness and well-being with our premium picks!","breadcrumb":{"@id":"https:\/\/dogdeals.eu\/de\/product\/hundefreund-groser-futterbeutel-fur-hunde-zum-hundetraining-4-in-1-futtertasche-mit-bauchgurt-gurtelclip-gurtelschlaufen-und-schulterriemen-4-facher-leckerli-beutel-19x14x7-cm\/#breadcrumb"},"inLanguage":"en-US","potentialAction":[{"@type":"ReadAction","target":["https:\/\/dogdeals.eu\/de\/product\/hundefreund-groser-futterbeutel-fur-hunde-zum-hundetraining-4-in-1-futtertasche-mit-bauchgurt-gurtelclip-gurtelschlaufen-und-schulterriemen-4-facher-leckerli-beutel-19x14x7-cm\/"]}]},{"@type":"ImageObject","inLanguage":"en-US","@id":"https:\/\/dogdeals.eu\/de\/product\/hundefreund-groser-futterbeutel-fur-hunde-zum-hundetraining-4-in-1-futtertasche-mit-bauchgurt-gurtelclip-gurtelschlaufen-und-schulterriemen-4-facher-leckerli-beutel-19x14x7-cm\/#primaryimage","url":"https:\/\/m.media-amazon.com\/images\/I\/515T7PdgUkL.jpg","contentUrl":"https:\/\/m.media-amazon.com\/images\/I\/515T7PdgUkL.jpg","width":500,"height":500},{"@type":"BreadcrumbList","@id":"https:\/\/dogdeals.eu\/de\/product\/hundefreund-groser-futterbeutel-fur-hunde-zum-hundetraining-4-in-1-futtertasche-mit-bauchgurt-gurtelclip-gurtelschlaufen-und-schulterriemen-4-facher-leckerli-beutel-19x14x7-cm\/#breadcrumb","itemListElement":[{"@type":"ListItem","position":1,"name":"Home","item":"https:\/\/dogdeals.eu\/de\/"},{"@type":"ListItem","position":2,"name":"Shop","item":"https:\/\/dogdeals.eu\/de\/shop\/"},{"@type":"ListItem","position":3,"name":"Hundefreund Gro\u00dfer Futterbeutel f\u00fcr Hunde zum Hundetraining | 4 in 1 Futtertasche mit Bauchgurt, G\u00fcrtelclip, G\u00fcrtelschlaufen und Schulterriemen | 4 F\u00e4cher Leckerli-Beutel (19x14x7 cm)"}]},{"@type":"WebSite","@id":"https:\/\/dogdeals.eu\/de\/#website","url":"https:\/\/dogdeals.eu\/de\/","name":"DogDeals","description":"Premium Dog Products at Unbeatable Prices","publisher":{"@id":"https:\/\/dogdeals.eu\/de\/#organization"},"potentialAction":[{"@type":"SearchAction","target":{"@type":"EntryPoint","urlTemplate":"https:\/\/dogdeals.eu\/de\/?s={search_term_string}"},"query-input":"required name=search_term_string"}],"inLanguage":"en-US"},{"@type":"Organization","@id":"https:\/\/dogdeals.eu\/de\/#organization","name":"DogDeals","url":"https:\/\/dogdeals.eu\/de\/","logo":{"@type":"ImageObject","inLanguage":"en-US","@id":"https:\/\/dogdeals.eu\/de\/#\/schema\/logo\/image\/","url":"https:\/\/dogdeals.eu\/de\/wp-content\/uploads\/2024\/06\/Screenshot-2024-06-10-at-6.35.37-PM.png","contentUrl":"https:\/\/dogdeals.eu\/de\/wp-content\/uploads\/2024\/06\/Screenshot-2024-06-10-at-6.35.37-PM.png","width":2758,"height":978,"caption":"DogDeals"},"image":{"@id":"https:\/\/dogdeals.eu\/de\/#\/schema\/logo\/image\/"}}]}},"_links":{"self":[{"href":"https:\/\/dogdeals.eu\/de\/wp-json\/wp\/v2\/product\/7934"}],"collection":[{"href":"https:\/\/dogdeals.eu\/de\/wp-json\/wp\/v2\/product"}],"about":[{"href":"https:\/\/dogdeals.eu\/de\/wp-json\/wp\/v2\/types\/product"}],"replies":[{"embeddable":true,"href":"https:\/\/dogdeals.eu\/de\/wp-json\/wp\/v2\/comments?post=7934"}],"wp:featuredmedia":[{"embeddable":true,"href":"https:\/\/dogdeals.eu\/de\/wp-json\/wp\/v2\/media\/7935"}],"wp:attachment":[{"href":"https:\/\/dogdeals.eu\/de\/wp-json\/wp\/v2\/media?parent=7934"}],"wp:term":[{"taxonomy":"store","embeddable":true,"href":"https:\/\/dogdeals.eu\/de\/wp-json\/wp\/v2\/store?post=7934"},{"taxonomy":"product_cat","embeddable":true,"href":"https:\/\/dogdeals.eu\/de\/wp-json\/wp\/v2\/product_cat?post=7934"},{"taxonomy":"product_tag","embeddable":true,"href":"https:\/\/dogdeals.eu\/de\/wp-json\/wp\/v2\/product_tag?post=7934"}],"curies":[{"name":"wp","href":"https:\/\/api.w.org\/{rel}","templated":true}]}}