{"id":7630,"date":"2024-08-21T22:57:51","date_gmt":"2024-08-21T22:57:51","guid":{"rendered":"https:\/\/dogdeals.eu\/de\/product\/dog-vitamin-supplement-multivitamin-for-hips-and-joints-skin-health-immune-system-and-improving-mobility-with-vitamin-c-probiotics-for-dogs-pack-of-150\/"},"modified":"2024-08-22T21:24:30","modified_gmt":"2024-08-22T21:24:30","slug":"dog-vitamin-supplement-multivitamin-for-hips-and-joints-skin-health-immune-system-and-improving-mobility-with-vitamin-c-probiotics-for-dogs-pack-of-150","status":"publish","type":"product","link":"https:\/\/dogdeals.eu\/de\/product\/dog-vitamin-supplement-multivitamin-for-hips-and-joints-skin-health-immune-system-and-improving-mobility-with-vitamin-c-probiotics-for-dogs-pack-of-150\/","title":{"rendered":"Dog Vitamin Supplement Multivitamin for Hips and Joints, Skin Health, Immune System and Improving Mobility with Vitamin C, Probiotics for Dogs (Pack of 150)"},"content":{"rendered":"<p><!-- show up to 2 reviews by default --> <\/p>\n<p> <span>Vitamine und Nahrungserg\u00e4nzungsmittel f\u00fcr Hunde, 15-in-1-Multivitamin-Hundekauartikel mit Glucosamin und Probiotika, nat\u00fcrliche t\u00e4gliche Vitamine f\u00fcr Hunde, Unterst\u00fctzung der Haustiergesundheit \u2013 Hautimmunit\u00e4t \u2013 Darmverdauung \u2013 Gelenkherz, 150 St\u00fcck<\/span> <\/p>\n<p>Multivitamin F\u00fcr Hunde \u2013 Die 15-In-1-Vitamine F\u00fcr Hunde Wurden F\u00fcr Die Gesundheit Von Hunden Entwickelt Und Bieten Eine Einzigartige Und Wirksame Mischung Aus Nahrungserg\u00e4nzungsmitteln Und Vitaminen F\u00fcr Hunde, Die Ihre Hunde T\u00e4glich Mit Nat\u00fcrlicher Energie Versorgen Und Das Allgemeine Wohlbefinden Ihres Haustiers F\u00f6rdern. Perfekt F\u00fcr Welpen Bis Hin Zu Senioren.<br \/>\nUnterst\u00fctzung F\u00fcr H\u00fcfte Und Gelenke \u2013 Das Multivitaminpr\u00e4parat F\u00fcr Hunde Bietet Unterst\u00fctzung F\u00fcr H\u00fcfte Und Gelenke Und Hilft, Entz\u00fcndungen Zu Reduzieren Und Die Flexibilit\u00e4t Zu Verbessern, Sodass Ihr Hund Eine Bessere Mobilit\u00e4t Und Einen Aktiveren Lebensstil Genie\u00dfen Kann.<br \/>\nGesunde Unterst\u00fctzung \u2013 Dieses Vitaminpr\u00e4parat F\u00fcr Hunde Eignet Sich Hervorragend F\u00fcr H\u00fcfte Und Gelenke, Immunit\u00e4t, Haut Und Fell, Sehverm\u00f6gen, Nieren Und Blase, Gehirn, Herz, Verdauungsunterst\u00fctzung Und Darmgesundheit.<br \/>\nDarmgesundheit Und Probiotika \u2013 Dieser Multivitaminkomplex F\u00fcr Hunde Enth\u00e4lt Die Vitamine A, C Und D3 Zur Unterst\u00fctzung Des Immunsystems. Und Probiotika Und K\u00fcrbis Tragen Zu Einer Normalen Verdauungsfunktion Bei.<br \/>\nT\u00e4gliche F\u00fctterungsempfehlung \u2013 Die Vitaminpr\u00e4parate F\u00fcr Hunde K\u00f6nnen Als Leckerli In Der Mahlzeit Oder Als Leckerli Zum Coaching Verwendet Werden. Unter 25 Pfund: 1 Weiches Kaugummi; 25\u201350 Pfund: 2 Weiche Kausnacks; 51-70 Pfund: 3 Weiche Kausnacks; 71\u201390 Pfund: 4 Weiche Kausnacks; \u00dcber 90 Pfund: 5\u20136 Weiche Kaubonbons.<br \/>\n<div class=\"main-cross-sell\" data-asin=\"B0C3B2XC1Q\">\n\n\t<div class=\"WooZone-cross-sell-loader\">\n\t\t<div>\n\t\t\t<div id=\"floatingBarsG\">\n\t\t\t\t<div class=\"blockG\" id=\"rotateG_01\"><\/div>\n\t\t\t\t<div class=\"blockG\" id=\"rotateG_02\"><\/div>\n\t\t\t\t<div class=\"blockG\" id=\"rotateG_03\"><\/div>\n\t\t\t\t<div class=\"blockG\" id=\"rotateG_04\"><\/div>\n\t\t\t\t<div class=\"blockG\" id=\"rotateG_05\"><\/div>\n\t\t\t\t<div class=\"blockG\" id=\"rotateG_06\"><\/div>\n\t\t\t\t<div class=\"blockG\" id=\"rotateG_07\"><\/div>\n\t\t\t\t<div class=\"blockG\" id=\"rotateG_08\"><\/div>\n\t\t\t<\/div>\n\t\t\t<div class=\"WooZone-cross-sell-loader-text\"><\/div>\n\t\t<\/div>\n\t<\/div>\n\n\t\t\n<\/div>\n<div style=\"clear:both;\"><\/div><\/p>\n","protected":false},"excerpt":{"rendered":"<p>Multivitamin F\u00fcr Hunde \u2013 Die 15-In-1-Vitamine F\u00fcr Hunde Wurden F\u00fcr Die Gesundheit Von Hunden Entwickelt Und Bieten Eine Einzigartige Und Wirksame Mischung Aus Nahrungserg\u00e4nzungsmitteln Und Vitaminen F\u00fcr Hunde, Die Ihre Hunde T\u00e4glich Mit Nat\u00fcrlicher Energie Versorgen Und Das Allgemeine Wohlbefinden Ihres Haustiers F\u00f6rdern. Perfekt F\u00fcr Welpen Bis Hin Zu Senioren.<br \/>\nUnterst\u00fctzung F\u00fcr H\u00fcfte Und Gelenke \u2013 Das Multivitaminpr\u00e4parat F\u00fcr Hunde Bietet Unterst\u00fctzung F\u00fcr H\u00fcfte Und Gelenke Und Hilft, Entz\u00fcndungen Zu Reduzieren Und Die Flexibilit\u00e4t Zu Verbessern, Sodass Ihr Hund Eine Bessere Mobilit\u00e4t Und Einen Aktiveren Lebensstil Genie\u00dfen Kann.<br \/>\nGesunde Unterst\u00fctzung \u2013 Dieses Vitaminpr\u00e4parat F\u00fcr Hunde Eignet Sich Hervorragend F\u00fcr H\u00fcfte Und Gelenke, Immunit\u00e4t, Haut Und Fell, Sehverm\u00f6gen, Nieren Und Blase, Gehirn, Herz, Verdauungsunterst\u00fctzung Und Darmgesundheit.<\/p>\n","protected":false},"featured_media":7631,"comment_status":"open","ping_status":"closed","template":"","meta":[],"store":[],"product_cat":[3583,28],"product_tag":[],"yoast_head":"<!-- This site is optimized with the Yoast SEO plugin v22.8 - https:\/\/yoast.com\/wordpress\/plugins\/seo\/ -->\n<title>Dog Vitamin Supplement Multivitamin for Hips and Joints, Skin Health, Immune System and Improving Mobility with Vitamin C, Probiotics for Dogs (Pack of 150) - DogDeals<\/title>\n<meta name=\"description\" content=\"Discover top-quality dog essentials at DogDeals. Shop for nutritious food, fun toys, comfortable beds, and stylish accessories. Unleash the best deals for your furry friend and ensure their happiness and well-being with our premium picks!\" \/>\n<meta name=\"robots\" content=\"index, follow, max-snippet:-1, max-image-preview:large, max-video-preview:-1\" \/>\n<link rel=\"canonical\" href=\"https:\/\/dogdeals.eu\/de\/product\/dog-vitamin-supplement-multivitamin-for-hips-and-joints-skin-health-immune-system-and-improving-mobility-with-vitamin-c-probiotics-for-dogs-pack-of-150\/\" \/>\n<meta property=\"og:locale\" content=\"en_US\" \/>\n<meta property=\"og:type\" content=\"article\" \/>\n<meta property=\"og:title\" content=\"Dog Vitamin Supplement Multivitamin for Hips and Joints, Skin Health, Immune System and Improving Mobility with Vitamin C, Probiotics for Dogs (Pack of 150) - DogDeals\" \/>\n<meta property=\"og:description\" content=\"Discover top-quality dog essentials at DogDeals. Shop for nutritious food, fun toys, comfortable beds, and stylish accessories. Unleash the best deals for your furry friend and ensure their happiness and well-being with our premium picks!\" \/>\n<meta property=\"og:url\" content=\"https:\/\/dogdeals.eu\/de\/product\/dog-vitamin-supplement-multivitamin-for-hips-and-joints-skin-health-immune-system-and-improving-mobility-with-vitamin-c-probiotics-for-dogs-pack-of-150\/\" \/>\n<meta property=\"og:site_name\" content=\"DogDeals\" \/>\n<meta property=\"article:modified_time\" content=\"2024-08-22T21:24:30+00:00\" \/>\n<meta property=\"og:image\" content=\"https:\/\/m.media-amazon.com\/images\/I\/51Um-rWv4cL.jpg\" \/>\n\t<meta property=\"og:image:width\" content=\"500\" \/>\n\t<meta property=\"og:image:height\" content=\"500\" \/>\n\t<meta property=\"og:image:type\" content=\"image\/jpeg\" \/>\n<meta name=\"twitter:card\" content=\"summary_large_image\" \/>\n<meta name=\"twitter:label1\" content=\"Est. reading time\" \/>\n\t<meta name=\"twitter:data1\" content=\"1 minute\" \/>\n<script type=\"application\/ld+json\" class=\"yoast-schema-graph\">{\"@context\":\"https:\/\/schema.org\",\"@graph\":[{\"@type\":\"WebPage\",\"@id\":\"https:\/\/dogdeals.eu\/de\/product\/dog-vitamin-supplement-multivitamin-for-hips-and-joints-skin-health-immune-system-and-improving-mobility-with-vitamin-c-probiotics-for-dogs-pack-of-150\/\",\"url\":\"https:\/\/dogdeals.eu\/de\/product\/dog-vitamin-supplement-multivitamin-for-hips-and-joints-skin-health-immune-system-and-improving-mobility-with-vitamin-c-probiotics-for-dogs-pack-of-150\/\",\"name\":\"Dog Vitamin Supplement Multivitamin for Hips and Joints, Skin Health, Immune System and Improving Mobility with Vitamin C, Probiotics for Dogs (Pack of 150) - DogDeals\",\"isPartOf\":{\"@id\":\"https:\/\/dogdeals.eu\/de\/#website\"},\"primaryImageOfPage\":{\"@id\":\"https:\/\/dogdeals.eu\/de\/product\/dog-vitamin-supplement-multivitamin-for-hips-and-joints-skin-health-immune-system-and-improving-mobility-with-vitamin-c-probiotics-for-dogs-pack-of-150\/#primaryimage\"},\"image\":{\"@id\":\"https:\/\/dogdeals.eu\/de\/product\/dog-vitamin-supplement-multivitamin-for-hips-and-joints-skin-health-immune-system-and-improving-mobility-with-vitamin-c-probiotics-for-dogs-pack-of-150\/#primaryimage\"},\"thumbnailUrl\":\"https:\/\/m.media-amazon.com\/images\/I\/51Um-rWv4cL.jpg\",\"datePublished\":\"2024-08-21T22:57:51+00:00\",\"dateModified\":\"2024-08-22T21:24:30+00:00\",\"description\":\"Discover top-quality dog essentials at DogDeals. Shop for nutritious food, fun toys, comfortable beds, and stylish accessories. Unleash the best deals for your furry friend and ensure their happiness and well-being with our premium picks!\",\"breadcrumb\":{\"@id\":\"https:\/\/dogdeals.eu\/de\/product\/dog-vitamin-supplement-multivitamin-for-hips-and-joints-skin-health-immune-system-and-improving-mobility-with-vitamin-c-probiotics-for-dogs-pack-of-150\/#breadcrumb\"},\"inLanguage\":\"en-US\",\"potentialAction\":[{\"@type\":\"ReadAction\",\"target\":[\"https:\/\/dogdeals.eu\/de\/product\/dog-vitamin-supplement-multivitamin-for-hips-and-joints-skin-health-immune-system-and-improving-mobility-with-vitamin-c-probiotics-for-dogs-pack-of-150\/\"]}]},{\"@type\":\"ImageObject\",\"inLanguage\":\"en-US\",\"@id\":\"https:\/\/dogdeals.eu\/de\/product\/dog-vitamin-supplement-multivitamin-for-hips-and-joints-skin-health-immune-system-and-improving-mobility-with-vitamin-c-probiotics-for-dogs-pack-of-150\/#primaryimage\",\"url\":\"https:\/\/m.media-amazon.com\/images\/I\/51Um-rWv4cL.jpg\",\"contentUrl\":\"https:\/\/m.media-amazon.com\/images\/I\/51Um-rWv4cL.jpg\",\"width\":500,\"height\":500},{\"@type\":\"BreadcrumbList\",\"@id\":\"https:\/\/dogdeals.eu\/de\/product\/dog-vitamin-supplement-multivitamin-for-hips-and-joints-skin-health-immune-system-and-improving-mobility-with-vitamin-c-probiotics-for-dogs-pack-of-150\/#breadcrumb\",\"itemListElement\":[{\"@type\":\"ListItem\",\"position\":1,\"name\":\"Home\",\"item\":\"https:\/\/dogdeals.eu\/de\/\"},{\"@type\":\"ListItem\",\"position\":2,\"name\":\"Shop\",\"item\":\"https:\/\/dogdeals.eu\/de\/shop\/\"},{\"@type\":\"ListItem\",\"position\":3,\"name\":\"Dog Vitamin Supplement Multivitamin for Hips and Joints, Skin Health, Immune System and Improving Mobility with Vitamin C, Probiotics for Dogs (Pack of 150)\"}]},{\"@type\":\"WebSite\",\"@id\":\"https:\/\/dogdeals.eu\/de\/#website\",\"url\":\"https:\/\/dogdeals.eu\/de\/\",\"name\":\"DogDeals\",\"description\":\"Premium Dog Products at Unbeatable Prices\",\"publisher\":{\"@id\":\"https:\/\/dogdeals.eu\/de\/#organization\"},\"potentialAction\":[{\"@type\":\"SearchAction\",\"target\":{\"@type\":\"EntryPoint\",\"urlTemplate\":\"https:\/\/dogdeals.eu\/de\/?s={search_term_string}\"},\"query-input\":\"required name=search_term_string\"}],\"inLanguage\":\"en-US\"},{\"@type\":\"Organization\",\"@id\":\"https:\/\/dogdeals.eu\/de\/#organization\",\"name\":\"DogDeals\",\"url\":\"https:\/\/dogdeals.eu\/de\/\",\"logo\":{\"@type\":\"ImageObject\",\"inLanguage\":\"en-US\",\"@id\":\"https:\/\/dogdeals.eu\/de\/#\/schema\/logo\/image\/\",\"url\":\"https:\/\/dogdeals.eu\/de\/wp-content\/uploads\/2024\/06\/Screenshot-2024-06-10-at-6.35.37-PM.png\",\"contentUrl\":\"https:\/\/dogdeals.eu\/de\/wp-content\/uploads\/2024\/06\/Screenshot-2024-06-10-at-6.35.37-PM.png\",\"width\":2758,\"height\":978,\"caption\":\"DogDeals\"},\"image\":{\"@id\":\"https:\/\/dogdeals.eu\/de\/#\/schema\/logo\/image\/\"}}]}<\/script>\n<!-- \/ Yoast SEO plugin. -->","yoast_head_json":{"title":"Dog Vitamin Supplement Multivitamin for Hips and Joints, Skin Health, Immune System and Improving Mobility with Vitamin C, Probiotics for Dogs (Pack of 150) - DogDeals","description":"Discover top-quality dog essentials at DogDeals. Shop for nutritious food, fun toys, comfortable beds, and stylish accessories. Unleash the best deals for your furry friend and ensure their happiness and well-being with our premium picks!","robots":{"index":"index","follow":"follow","max-snippet":"max-snippet:-1","max-image-preview":"max-image-preview:large","max-video-preview":"max-video-preview:-1"},"canonical":"https:\/\/dogdeals.eu\/de\/product\/dog-vitamin-supplement-multivitamin-for-hips-and-joints-skin-health-immune-system-and-improving-mobility-with-vitamin-c-probiotics-for-dogs-pack-of-150\/","og_locale":"en_US","og_type":"article","og_title":"Dog Vitamin Supplement Multivitamin for Hips and Joints, Skin Health, Immune System and Improving Mobility with Vitamin C, Probiotics for Dogs (Pack of 150) - DogDeals","og_description":"Discover top-quality dog essentials at DogDeals. Shop for nutritious food, fun toys, comfortable beds, and stylish accessories. Unleash the best deals for your furry friend and ensure their happiness and well-being with our premium picks!","og_url":"https:\/\/dogdeals.eu\/de\/product\/dog-vitamin-supplement-multivitamin-for-hips-and-joints-skin-health-immune-system-and-improving-mobility-with-vitamin-c-probiotics-for-dogs-pack-of-150\/","og_site_name":"DogDeals","article_modified_time":"2024-08-22T21:24:30+00:00","og_image":[{"width":500,"height":500,"url":"https:\/\/m.media-amazon.com\/images\/I\/51Um-rWv4cL.jpg","type":"image\/jpeg"}],"twitter_card":"summary_large_image","twitter_misc":{"Est. reading time":"1 minute"},"schema":{"@context":"https:\/\/schema.org","@graph":[{"@type":"WebPage","@id":"https:\/\/dogdeals.eu\/de\/product\/dog-vitamin-supplement-multivitamin-for-hips-and-joints-skin-health-immune-system-and-improving-mobility-with-vitamin-c-probiotics-for-dogs-pack-of-150\/","url":"https:\/\/dogdeals.eu\/de\/product\/dog-vitamin-supplement-multivitamin-for-hips-and-joints-skin-health-immune-system-and-improving-mobility-with-vitamin-c-probiotics-for-dogs-pack-of-150\/","name":"Dog Vitamin Supplement Multivitamin for Hips and Joints, Skin Health, Immune System and Improving Mobility with Vitamin C, Probiotics for Dogs (Pack of 150) - DogDeals","isPartOf":{"@id":"https:\/\/dogdeals.eu\/de\/#website"},"primaryImageOfPage":{"@id":"https:\/\/dogdeals.eu\/de\/product\/dog-vitamin-supplement-multivitamin-for-hips-and-joints-skin-health-immune-system-and-improving-mobility-with-vitamin-c-probiotics-for-dogs-pack-of-150\/#primaryimage"},"image":{"@id":"https:\/\/dogdeals.eu\/de\/product\/dog-vitamin-supplement-multivitamin-for-hips-and-joints-skin-health-immune-system-and-improving-mobility-with-vitamin-c-probiotics-for-dogs-pack-of-150\/#primaryimage"},"thumbnailUrl":"https:\/\/m.media-amazon.com\/images\/I\/51Um-rWv4cL.jpg","datePublished":"2024-08-21T22:57:51+00:00","dateModified":"2024-08-22T21:24:30+00:00","description":"Discover top-quality dog essentials at DogDeals. Shop for nutritious food, fun toys, comfortable beds, and stylish accessories. Unleash the best deals for your furry friend and ensure their happiness and well-being with our premium picks!","breadcrumb":{"@id":"https:\/\/dogdeals.eu\/de\/product\/dog-vitamin-supplement-multivitamin-for-hips-and-joints-skin-health-immune-system-and-improving-mobility-with-vitamin-c-probiotics-for-dogs-pack-of-150\/#breadcrumb"},"inLanguage":"en-US","potentialAction":[{"@type":"ReadAction","target":["https:\/\/dogdeals.eu\/de\/product\/dog-vitamin-supplement-multivitamin-for-hips-and-joints-skin-health-immune-system-and-improving-mobility-with-vitamin-c-probiotics-for-dogs-pack-of-150\/"]}]},{"@type":"ImageObject","inLanguage":"en-US","@id":"https:\/\/dogdeals.eu\/de\/product\/dog-vitamin-supplement-multivitamin-for-hips-and-joints-skin-health-immune-system-and-improving-mobility-with-vitamin-c-probiotics-for-dogs-pack-of-150\/#primaryimage","url":"https:\/\/m.media-amazon.com\/images\/I\/51Um-rWv4cL.jpg","contentUrl":"https:\/\/m.media-amazon.com\/images\/I\/51Um-rWv4cL.jpg","width":500,"height":500},{"@type":"BreadcrumbList","@id":"https:\/\/dogdeals.eu\/de\/product\/dog-vitamin-supplement-multivitamin-for-hips-and-joints-skin-health-immune-system-and-improving-mobility-with-vitamin-c-probiotics-for-dogs-pack-of-150\/#breadcrumb","itemListElement":[{"@type":"ListItem","position":1,"name":"Home","item":"https:\/\/dogdeals.eu\/de\/"},{"@type":"ListItem","position":2,"name":"Shop","item":"https:\/\/dogdeals.eu\/de\/shop\/"},{"@type":"ListItem","position":3,"name":"Dog Vitamin Supplement Multivitamin for Hips and Joints, Skin Health, Immune System and Improving Mobility with Vitamin C, Probiotics for Dogs (Pack of 150)"}]},{"@type":"WebSite","@id":"https:\/\/dogdeals.eu\/de\/#website","url":"https:\/\/dogdeals.eu\/de\/","name":"DogDeals","description":"Premium Dog Products at Unbeatable Prices","publisher":{"@id":"https:\/\/dogdeals.eu\/de\/#organization"},"potentialAction":[{"@type":"SearchAction","target":{"@type":"EntryPoint","urlTemplate":"https:\/\/dogdeals.eu\/de\/?s={search_term_string}"},"query-input":"required name=search_term_string"}],"inLanguage":"en-US"},{"@type":"Organization","@id":"https:\/\/dogdeals.eu\/de\/#organization","name":"DogDeals","url":"https:\/\/dogdeals.eu\/de\/","logo":{"@type":"ImageObject","inLanguage":"en-US","@id":"https:\/\/dogdeals.eu\/de\/#\/schema\/logo\/image\/","url":"https:\/\/dogdeals.eu\/de\/wp-content\/uploads\/2024\/06\/Screenshot-2024-06-10-at-6.35.37-PM.png","contentUrl":"https:\/\/dogdeals.eu\/de\/wp-content\/uploads\/2024\/06\/Screenshot-2024-06-10-at-6.35.37-PM.png","width":2758,"height":978,"caption":"DogDeals"},"image":{"@id":"https:\/\/dogdeals.eu\/de\/#\/schema\/logo\/image\/"}}]}},"_links":{"self":[{"href":"https:\/\/dogdeals.eu\/de\/wp-json\/wp\/v2\/product\/7630"}],"collection":[{"href":"https:\/\/dogdeals.eu\/de\/wp-json\/wp\/v2\/product"}],"about":[{"href":"https:\/\/dogdeals.eu\/de\/wp-json\/wp\/v2\/types\/product"}],"replies":[{"embeddable":true,"href":"https:\/\/dogdeals.eu\/de\/wp-json\/wp\/v2\/comments?post=7630"}],"wp:featuredmedia":[{"embeddable":true,"href":"https:\/\/dogdeals.eu\/de\/wp-json\/wp\/v2\/media\/7631"}],"wp:attachment":[{"href":"https:\/\/dogdeals.eu\/de\/wp-json\/wp\/v2\/media?parent=7630"}],"wp:term":[{"taxonomy":"store","embeddable":true,"href":"https:\/\/dogdeals.eu\/de\/wp-json\/wp\/v2\/store?post=7630"},{"taxonomy":"product_cat","embeddable":true,"href":"https:\/\/dogdeals.eu\/de\/wp-json\/wp\/v2\/product_cat?post=7630"},{"taxonomy":"product_tag","embeddable":true,"href":"https:\/\/dogdeals.eu\/de\/wp-json\/wp\/v2\/product_tag?post=7630"}],"curies":[{"name":"wp","href":"https:\/\/api.w.org\/{rel}","templated":true}]}}