{"id":7507,"date":"2024-08-21T22:57:09","date_gmt":"2024-08-21T22:57:09","guid":{"rendered":"https:\/\/dogdeals.eu\/de\/product\/fecfucy-nahrungserganzungsmittel-fur-altere-hundeerganzungsmittel-fur-altere-hunde-nahrungserganzungsmittel-fur-haustiere-unterstutzen-sie-gesunde-gelenke-haut-und-darm-spurenelementtabletten-80\/"},"modified":"2024-08-22T21:24:32","modified_gmt":"2024-08-22T21:24:32","slug":"fecfucy-nahrungserganzungsmittel-fur-altere-hundeerganzungsmittel-fur-altere-hunde-nahrungserganzungsmittel-fur-haustiere-unterstutzen-sie-gesunde-gelenke-haut-und-darm-spurenelementtabletten-80","status":"publish","type":"product","link":"https:\/\/dogdeals.eu\/de\/product\/fecfucy-nahrungserganzungsmittel-fur-altere-hundeerganzungsmittel-fur-altere-hunde-nahrungserganzungsmittel-fur-haustiere-unterstutzen-sie-gesunde-gelenke-haut-und-darm-spurenelementtabletten-80\/","title":{"rendered":"Fecfucy Nahrungserg\u00e4nzungsmittel f\u00fcr \u00e4ltere Hunde,Erg\u00e4nzungsmittel f\u00fcr \u00e4ltere Hunde, Nahrungserg\u00e4nzungsmittel f\u00fcr Haustiere, Unterst\u00fctzen Sie gesunde Gelenke, Haut und Darm, Spurenelementtabletten, 80"},"content":{"rendered":"<p>Well being Liveliness Enhancer: Dieses Nahrungserg\u00e4nzungsmittel f\u00fcr \u00e4ltere Hunde mit zus\u00e4tzlichen wichtigen Spurenelementen, die \u00e4ltere Hunde ben\u00f6tigen, wie Zink, Eisen, Kupfer, Mangan und Kalzium, tr\u00e4gt zur Aufrechterhaltung ihres physiologischen Gleichgewichts und ihrer Knochenst\u00e4rke bei.<br \/>\nGelenkentlastung bei Hunden: Es lindert Gelenkbeschwerden, erh\u00f6ht die Gelenkschmierung, verbessert die Beweglichkeit und erm\u00f6glicht \u00e4lteren Hunden, sich bequem zu bewegen und ihre sp\u00e4teren Jahre zu genie\u00dfen; es enth\u00e4lt auch Inhaltsstoffe wie Glucosamin und Chondroitin.<br \/>\nSteigern Sie die Energie: Dieses Nahrungserg\u00e4nzungsmittel f\u00fcr \u00e4ltere Hunde hilft, Unwohlsein zu bek\u00e4mpfen, den Alterungsprozess zu verlangsamen und die k\u00f6rperliche Energie zu erhalten, wodurch das allgemeine Gesundheitssystem \u00e4lterer Hunde verbessert wird.<br \/>\nVerbesserte N\u00e4hrstoffaufnahme: Dieses Nahrungserg\u00e4nzungsmittel reduziert die Belastung des Magens und stellt sicher, dass die N\u00e4hrstoffe effektiv aufgenommen werden. Es unterst\u00fctzt die allgemeine Gesundheit und Lebendigkeit \u00e4lterer Hunde.<br \/>\nVerbessern Sie die Haarqualit\u00e4t von Haustieren: Die F\u00fctterung \u00e4lterer Hunde mit Fetts\u00e4uren als Nahrungserg\u00e4nzungsmittel verbessert die Haarqualit\u00e4t, macht sie gl\u00e4nzender und jugendlicher und stellt den nat\u00fcrlichen Glanz ihres Fells wieder her. Es f\u00f6rdert au\u00dferdem die Gesundheit der Haut und lindert Trockenheit und Juckreiz.<br \/>\n<div class=\"main-cross-sell\" data-asin=\"B0DD9LK2RD\">\n\n\t<div class=\"WooZone-cross-sell-loader\">\n\t\t<div>\n\t\t\t<div id=\"floatingBarsG\">\n\t\t\t\t<div class=\"blockG\" id=\"rotateG_01\"><\/div>\n\t\t\t\t<div class=\"blockG\" id=\"rotateG_02\"><\/div>\n\t\t\t\t<div class=\"blockG\" id=\"rotateG_03\"><\/div>\n\t\t\t\t<div class=\"blockG\" id=\"rotateG_04\"><\/div>\n\t\t\t\t<div class=\"blockG\" id=\"rotateG_05\"><\/div>\n\t\t\t\t<div class=\"blockG\" id=\"rotateG_06\"><\/div>\n\t\t\t\t<div class=\"blockG\" id=\"rotateG_07\"><\/div>\n\t\t\t\t<div class=\"blockG\" id=\"rotateG_08\"><\/div>\n\t\t\t<\/div>\n\t\t\t<div class=\"WooZone-cross-sell-loader-text\"><\/div>\n\t\t<\/div>\n\t<\/div>\n\n\t\t\n<\/div>\n<div style=\"clear:both;\"><\/div><\/p>\n","protected":false},"excerpt":{"rendered":"<p>Health Liveliness Enhancer: Dieses Nahrungserg\u00e4nzungsmittel f\u00fcr \u00e4ltere Hunde mit zus\u00e4tzlichen wichtigen Spurenelementen, die \u00e4ltere Hunde ben\u00f6tigen, wie Zink, Eisen, Kupfer, Mangan und Kalzium, tr\u00e4gt zur Aufrechterhaltung ihres physiologischen Gleichgewichts und ihrer Knochenst\u00e4rke bei.<br \/>\nGelenkentlastung bei Hunden: Es lindert Gelenkbeschwerden, erh\u00f6ht die Gelenkschmierung, verbessert die Beweglichkeit und erm\u00f6glicht \u00e4lteren Hunden, sich bequem zu bewegen und ihre sp\u00e4teren Jahre zu genie\u00dfen; es enth\u00e4lt auch Inhaltsstoffe wie Glucosamin und Chondroitin.<br \/>\nSteigern Sie die Energie: Dieses Nahrungserg\u00e4nzungsmittel f\u00fcr \u00e4ltere Hunde hilft, Unwohlsein zu bek\u00e4mpfen, den Alterungsprozess zu verlangsamen und die k\u00f6rperliche Energie zu erhalten, wodurch das allgemeine Gesundheitssystem \u00e4lterer Hunde verbessert wird.<\/p>\n","protected":false},"featured_media":7515,"comment_status":"open","ping_status":"closed","template":"","meta":[],"store":[],"product_cat":[3583,28],"product_tag":[],"yoast_head":"<!-- This site is optimized with the Yoast SEO plugin v22.8 - https:\/\/yoast.com\/wordpress\/plugins\/seo\/ -->\n<title>Fecfucy Nahrungserg\u00e4nzungsmittel f\u00fcr \u00e4ltere Hunde,Erg\u00e4nzungsmittel f\u00fcr \u00e4ltere Hunde, Nahrungserg\u00e4nzungsmittel f\u00fcr Haustiere, Unterst\u00fctzen Sie gesunde Gelenke, Haut und Darm, Spurenelementtabletten, 80 - DogDeals<\/title>\n<meta name=\"description\" content=\"Discover top-quality dog essentials at DogDeals. Shop for nutritious food, fun toys, comfortable beds, and stylish accessories. Unleash the best deals for your furry friend and ensure their happiness and well-being with our premium picks!\" \/>\n<meta name=\"robots\" content=\"index, follow, max-snippet:-1, max-image-preview:large, max-video-preview:-1\" \/>\n<link rel=\"canonical\" href=\"https:\/\/dogdeals.eu\/de\/product\/fecfucy-nahrungserganzungsmittel-fur-altere-hundeerganzungsmittel-fur-altere-hunde-nahrungserganzungsmittel-fur-haustiere-unterstutzen-sie-gesunde-gelenke-haut-und-darm-spurenelementtabletten-80\/\" \/>\n<meta property=\"og:locale\" content=\"en_US\" \/>\n<meta property=\"og:type\" content=\"article\" \/>\n<meta property=\"og:title\" content=\"Fecfucy Nahrungserg\u00e4nzungsmittel f\u00fcr \u00e4ltere Hunde,Erg\u00e4nzungsmittel f\u00fcr \u00e4ltere Hunde, Nahrungserg\u00e4nzungsmittel f\u00fcr Haustiere, Unterst\u00fctzen Sie gesunde Gelenke, Haut und Darm, Spurenelementtabletten, 80 - DogDeals\" \/>\n<meta property=\"og:description\" content=\"Discover top-quality dog essentials at DogDeals. Shop for nutritious food, fun toys, comfortable beds, and stylish accessories. Unleash the best deals for your furry friend and ensure their happiness and well-being with our premium picks!\" \/>\n<meta property=\"og:url\" content=\"https:\/\/dogdeals.eu\/de\/product\/fecfucy-nahrungserganzungsmittel-fur-altere-hundeerganzungsmittel-fur-altere-hunde-nahrungserganzungsmittel-fur-haustiere-unterstutzen-sie-gesunde-gelenke-haut-und-darm-spurenelementtabletten-80\/\" \/>\n<meta property=\"og:site_name\" content=\"DogDeals\" \/>\n<meta property=\"article:modified_time\" content=\"2024-08-22T21:24:32+00:00\" \/>\n<meta property=\"og:image\" content=\"https:\/\/m.media-amazon.com\/images\/I\/41TUPOuYt8L.jpg\" \/>\n\t<meta property=\"og:image:width\" content=\"500\" \/>\n\t<meta property=\"og:image:height\" content=\"500\" \/>\n\t<meta property=\"og:image:type\" content=\"image\/jpeg\" \/>\n<meta name=\"twitter:card\" content=\"summary_large_image\" \/>\n<meta name=\"twitter:label1\" content=\"Est. reading time\" \/>\n\t<meta name=\"twitter:data1\" content=\"1 minute\" \/>\n<script type=\"application\/ld+json\" class=\"yoast-schema-graph\">{\"@context\":\"https:\/\/schema.org\",\"@graph\":[{\"@type\":\"WebPage\",\"@id\":\"https:\/\/dogdeals.eu\/de\/product\/fecfucy-nahrungserganzungsmittel-fur-altere-hundeerganzungsmittel-fur-altere-hunde-nahrungserganzungsmittel-fur-haustiere-unterstutzen-sie-gesunde-gelenke-haut-und-darm-spurenelementtabletten-80\/\",\"url\":\"https:\/\/dogdeals.eu\/de\/product\/fecfucy-nahrungserganzungsmittel-fur-altere-hundeerganzungsmittel-fur-altere-hunde-nahrungserganzungsmittel-fur-haustiere-unterstutzen-sie-gesunde-gelenke-haut-und-darm-spurenelementtabletten-80\/\",\"name\":\"Fecfucy Nahrungserg\u00e4nzungsmittel f\u00fcr \u00e4ltere Hunde,Erg\u00e4nzungsmittel f\u00fcr \u00e4ltere Hunde, Nahrungserg\u00e4nzungsmittel f\u00fcr Haustiere, Unterst\u00fctzen Sie gesunde Gelenke, Haut und Darm, Spurenelementtabletten, 80 - DogDeals\",\"isPartOf\":{\"@id\":\"https:\/\/dogdeals.eu\/de\/#website\"},\"primaryImageOfPage\":{\"@id\":\"https:\/\/dogdeals.eu\/de\/product\/fecfucy-nahrungserganzungsmittel-fur-altere-hundeerganzungsmittel-fur-altere-hunde-nahrungserganzungsmittel-fur-haustiere-unterstutzen-sie-gesunde-gelenke-haut-und-darm-spurenelementtabletten-80\/#primaryimage\"},\"image\":{\"@id\":\"https:\/\/dogdeals.eu\/de\/product\/fecfucy-nahrungserganzungsmittel-fur-altere-hundeerganzungsmittel-fur-altere-hunde-nahrungserganzungsmittel-fur-haustiere-unterstutzen-sie-gesunde-gelenke-haut-und-darm-spurenelementtabletten-80\/#primaryimage\"},\"thumbnailUrl\":\"https:\/\/m.media-amazon.com\/images\/I\/41TUPOuYt8L.jpg\",\"datePublished\":\"2024-08-21T22:57:09+00:00\",\"dateModified\":\"2024-08-22T21:24:32+00:00\",\"description\":\"Discover top-quality dog essentials at DogDeals. Shop for nutritious food, fun toys, comfortable beds, and stylish accessories. Unleash the best deals for your furry friend and ensure their happiness and well-being with our premium picks!\",\"breadcrumb\":{\"@id\":\"https:\/\/dogdeals.eu\/de\/product\/fecfucy-nahrungserganzungsmittel-fur-altere-hundeerganzungsmittel-fur-altere-hunde-nahrungserganzungsmittel-fur-haustiere-unterstutzen-sie-gesunde-gelenke-haut-und-darm-spurenelementtabletten-80\/#breadcrumb\"},\"inLanguage\":\"en-US\",\"potentialAction\":[{\"@type\":\"ReadAction\",\"target\":[\"https:\/\/dogdeals.eu\/de\/product\/fecfucy-nahrungserganzungsmittel-fur-altere-hundeerganzungsmittel-fur-altere-hunde-nahrungserganzungsmittel-fur-haustiere-unterstutzen-sie-gesunde-gelenke-haut-und-darm-spurenelementtabletten-80\/\"]}]},{\"@type\":\"ImageObject\",\"inLanguage\":\"en-US\",\"@id\":\"https:\/\/dogdeals.eu\/de\/product\/fecfucy-nahrungserganzungsmittel-fur-altere-hundeerganzungsmittel-fur-altere-hunde-nahrungserganzungsmittel-fur-haustiere-unterstutzen-sie-gesunde-gelenke-haut-und-darm-spurenelementtabletten-80\/#primaryimage\",\"url\":\"https:\/\/m.media-amazon.com\/images\/I\/41TUPOuYt8L.jpg\",\"contentUrl\":\"https:\/\/m.media-amazon.com\/images\/I\/41TUPOuYt8L.jpg\",\"width\":500,\"height\":500},{\"@type\":\"BreadcrumbList\",\"@id\":\"https:\/\/dogdeals.eu\/de\/product\/fecfucy-nahrungserganzungsmittel-fur-altere-hundeerganzungsmittel-fur-altere-hunde-nahrungserganzungsmittel-fur-haustiere-unterstutzen-sie-gesunde-gelenke-haut-und-darm-spurenelementtabletten-80\/#breadcrumb\",\"itemListElement\":[{\"@type\":\"ListItem\",\"position\":1,\"name\":\"Home\",\"item\":\"https:\/\/dogdeals.eu\/de\/\"},{\"@type\":\"ListItem\",\"position\":2,\"name\":\"Shop\",\"item\":\"https:\/\/dogdeals.eu\/de\/shop\/\"},{\"@type\":\"ListItem\",\"position\":3,\"name\":\"Fecfucy Nahrungserg\u00e4nzungsmittel f\u00fcr \u00e4ltere Hunde,Erg\u00e4nzungsmittel f\u00fcr \u00e4ltere Hunde, Nahrungserg\u00e4nzungsmittel f\u00fcr Haustiere, Unterst\u00fctzen Sie gesunde Gelenke, Haut und Darm, Spurenelementtabletten, 80\"}]},{\"@type\":\"WebSite\",\"@id\":\"https:\/\/dogdeals.eu\/de\/#website\",\"url\":\"https:\/\/dogdeals.eu\/de\/\",\"name\":\"DogDeals\",\"description\":\"Premium Dog Products at Unbeatable Prices\",\"publisher\":{\"@id\":\"https:\/\/dogdeals.eu\/de\/#organization\"},\"potentialAction\":[{\"@type\":\"SearchAction\",\"target\":{\"@type\":\"EntryPoint\",\"urlTemplate\":\"https:\/\/dogdeals.eu\/de\/?s={search_term_string}\"},\"query-input\":\"required name=search_term_string\"}],\"inLanguage\":\"en-US\"},{\"@type\":\"Organization\",\"@id\":\"https:\/\/dogdeals.eu\/de\/#organization\",\"name\":\"DogDeals\",\"url\":\"https:\/\/dogdeals.eu\/de\/\",\"logo\":{\"@type\":\"ImageObject\",\"inLanguage\":\"en-US\",\"@id\":\"https:\/\/dogdeals.eu\/de\/#\/schema\/logo\/image\/\",\"url\":\"https:\/\/dogdeals.eu\/de\/wp-content\/uploads\/2024\/06\/Screenshot-2024-06-10-at-6.35.37-PM.png\",\"contentUrl\":\"https:\/\/dogdeals.eu\/de\/wp-content\/uploads\/2024\/06\/Screenshot-2024-06-10-at-6.35.37-PM.png\",\"width\":2758,\"height\":978,\"caption\":\"DogDeals\"},\"image\":{\"@id\":\"https:\/\/dogdeals.eu\/de\/#\/schema\/logo\/image\/\"}}]}<\/script>\n<!-- \/ Yoast SEO plugin. -->","yoast_head_json":{"title":"Fecfucy Nahrungserg\u00e4nzungsmittel f\u00fcr \u00e4ltere Hunde,Erg\u00e4nzungsmittel f\u00fcr \u00e4ltere Hunde, Nahrungserg\u00e4nzungsmittel f\u00fcr Haustiere, Unterst\u00fctzen Sie gesunde Gelenke, Haut und Darm, Spurenelementtabletten, 80 - DogDeals","description":"Discover top-quality dog essentials at DogDeals. Shop for nutritious food, fun toys, comfortable beds, and stylish accessories. Unleash the best deals for your furry friend and ensure their happiness and well-being with our premium picks!","robots":{"index":"index","follow":"follow","max-snippet":"max-snippet:-1","max-image-preview":"max-image-preview:large","max-video-preview":"max-video-preview:-1"},"canonical":"https:\/\/dogdeals.eu\/de\/product\/fecfucy-nahrungserganzungsmittel-fur-altere-hundeerganzungsmittel-fur-altere-hunde-nahrungserganzungsmittel-fur-haustiere-unterstutzen-sie-gesunde-gelenke-haut-und-darm-spurenelementtabletten-80\/","og_locale":"en_US","og_type":"article","og_title":"Fecfucy Nahrungserg\u00e4nzungsmittel f\u00fcr \u00e4ltere Hunde,Erg\u00e4nzungsmittel f\u00fcr \u00e4ltere Hunde, Nahrungserg\u00e4nzungsmittel f\u00fcr Haustiere, Unterst\u00fctzen Sie gesunde Gelenke, Haut und Darm, Spurenelementtabletten, 80 - DogDeals","og_description":"Discover top-quality dog essentials at DogDeals. Shop for nutritious food, fun toys, comfortable beds, and stylish accessories. Unleash the best deals for your furry friend and ensure their happiness and well-being with our premium picks!","og_url":"https:\/\/dogdeals.eu\/de\/product\/fecfucy-nahrungserganzungsmittel-fur-altere-hundeerganzungsmittel-fur-altere-hunde-nahrungserganzungsmittel-fur-haustiere-unterstutzen-sie-gesunde-gelenke-haut-und-darm-spurenelementtabletten-80\/","og_site_name":"DogDeals","article_modified_time":"2024-08-22T21:24:32+00:00","og_image":[{"width":500,"height":500,"url":"https:\/\/m.media-amazon.com\/images\/I\/41TUPOuYt8L.jpg","type":"image\/jpeg"}],"twitter_card":"summary_large_image","twitter_misc":{"Est. reading time":"1 minute"},"schema":{"@context":"https:\/\/schema.org","@graph":[{"@type":"WebPage","@id":"https:\/\/dogdeals.eu\/de\/product\/fecfucy-nahrungserganzungsmittel-fur-altere-hundeerganzungsmittel-fur-altere-hunde-nahrungserganzungsmittel-fur-haustiere-unterstutzen-sie-gesunde-gelenke-haut-und-darm-spurenelementtabletten-80\/","url":"https:\/\/dogdeals.eu\/de\/product\/fecfucy-nahrungserganzungsmittel-fur-altere-hundeerganzungsmittel-fur-altere-hunde-nahrungserganzungsmittel-fur-haustiere-unterstutzen-sie-gesunde-gelenke-haut-und-darm-spurenelementtabletten-80\/","name":"Fecfucy Nahrungserg\u00e4nzungsmittel f\u00fcr \u00e4ltere Hunde,Erg\u00e4nzungsmittel f\u00fcr \u00e4ltere Hunde, Nahrungserg\u00e4nzungsmittel f\u00fcr Haustiere, Unterst\u00fctzen Sie gesunde Gelenke, Haut und Darm, Spurenelementtabletten, 80 - DogDeals","isPartOf":{"@id":"https:\/\/dogdeals.eu\/de\/#website"},"primaryImageOfPage":{"@id":"https:\/\/dogdeals.eu\/de\/product\/fecfucy-nahrungserganzungsmittel-fur-altere-hundeerganzungsmittel-fur-altere-hunde-nahrungserganzungsmittel-fur-haustiere-unterstutzen-sie-gesunde-gelenke-haut-und-darm-spurenelementtabletten-80\/#primaryimage"},"image":{"@id":"https:\/\/dogdeals.eu\/de\/product\/fecfucy-nahrungserganzungsmittel-fur-altere-hundeerganzungsmittel-fur-altere-hunde-nahrungserganzungsmittel-fur-haustiere-unterstutzen-sie-gesunde-gelenke-haut-und-darm-spurenelementtabletten-80\/#primaryimage"},"thumbnailUrl":"https:\/\/m.media-amazon.com\/images\/I\/41TUPOuYt8L.jpg","datePublished":"2024-08-21T22:57:09+00:00","dateModified":"2024-08-22T21:24:32+00:00","description":"Discover top-quality dog essentials at DogDeals. Shop for nutritious food, fun toys, comfortable beds, and stylish accessories. Unleash the best deals for your furry friend and ensure their happiness and well-being with our premium picks!","breadcrumb":{"@id":"https:\/\/dogdeals.eu\/de\/product\/fecfucy-nahrungserganzungsmittel-fur-altere-hundeerganzungsmittel-fur-altere-hunde-nahrungserganzungsmittel-fur-haustiere-unterstutzen-sie-gesunde-gelenke-haut-und-darm-spurenelementtabletten-80\/#breadcrumb"},"inLanguage":"en-US","potentialAction":[{"@type":"ReadAction","target":["https:\/\/dogdeals.eu\/de\/product\/fecfucy-nahrungserganzungsmittel-fur-altere-hundeerganzungsmittel-fur-altere-hunde-nahrungserganzungsmittel-fur-haustiere-unterstutzen-sie-gesunde-gelenke-haut-und-darm-spurenelementtabletten-80\/"]}]},{"@type":"ImageObject","inLanguage":"en-US","@id":"https:\/\/dogdeals.eu\/de\/product\/fecfucy-nahrungserganzungsmittel-fur-altere-hundeerganzungsmittel-fur-altere-hunde-nahrungserganzungsmittel-fur-haustiere-unterstutzen-sie-gesunde-gelenke-haut-und-darm-spurenelementtabletten-80\/#primaryimage","url":"https:\/\/m.media-amazon.com\/images\/I\/41TUPOuYt8L.jpg","contentUrl":"https:\/\/m.media-amazon.com\/images\/I\/41TUPOuYt8L.jpg","width":500,"height":500},{"@type":"BreadcrumbList","@id":"https:\/\/dogdeals.eu\/de\/product\/fecfucy-nahrungserganzungsmittel-fur-altere-hundeerganzungsmittel-fur-altere-hunde-nahrungserganzungsmittel-fur-haustiere-unterstutzen-sie-gesunde-gelenke-haut-und-darm-spurenelementtabletten-80\/#breadcrumb","itemListElement":[{"@type":"ListItem","position":1,"name":"Home","item":"https:\/\/dogdeals.eu\/de\/"},{"@type":"ListItem","position":2,"name":"Shop","item":"https:\/\/dogdeals.eu\/de\/shop\/"},{"@type":"ListItem","position":3,"name":"Fecfucy Nahrungserg\u00e4nzungsmittel f\u00fcr \u00e4ltere Hunde,Erg\u00e4nzungsmittel f\u00fcr \u00e4ltere Hunde, Nahrungserg\u00e4nzungsmittel f\u00fcr Haustiere, Unterst\u00fctzen Sie gesunde Gelenke, Haut und Darm, Spurenelementtabletten, 80"}]},{"@type":"WebSite","@id":"https:\/\/dogdeals.eu\/de\/#website","url":"https:\/\/dogdeals.eu\/de\/","name":"DogDeals","description":"Premium Dog Products at Unbeatable Prices","publisher":{"@id":"https:\/\/dogdeals.eu\/de\/#organization"},"potentialAction":[{"@type":"SearchAction","target":{"@type":"EntryPoint","urlTemplate":"https:\/\/dogdeals.eu\/de\/?s={search_term_string}"},"query-input":"required name=search_term_string"}],"inLanguage":"en-US"},{"@type":"Organization","@id":"https:\/\/dogdeals.eu\/de\/#organization","name":"DogDeals","url":"https:\/\/dogdeals.eu\/de\/","logo":{"@type":"ImageObject","inLanguage":"en-US","@id":"https:\/\/dogdeals.eu\/de\/#\/schema\/logo\/image\/","url":"https:\/\/dogdeals.eu\/de\/wp-content\/uploads\/2024\/06\/Screenshot-2024-06-10-at-6.35.37-PM.png","contentUrl":"https:\/\/dogdeals.eu\/de\/wp-content\/uploads\/2024\/06\/Screenshot-2024-06-10-at-6.35.37-PM.png","width":2758,"height":978,"caption":"DogDeals"},"image":{"@id":"https:\/\/dogdeals.eu\/de\/#\/schema\/logo\/image\/"}}]}},"_links":{"self":[{"href":"https:\/\/dogdeals.eu\/de\/wp-json\/wp\/v2\/product\/7507"}],"collection":[{"href":"https:\/\/dogdeals.eu\/de\/wp-json\/wp\/v2\/product"}],"about":[{"href":"https:\/\/dogdeals.eu\/de\/wp-json\/wp\/v2\/types\/product"}],"replies":[{"embeddable":true,"href":"https:\/\/dogdeals.eu\/de\/wp-json\/wp\/v2\/comments?post=7507"}],"wp:featuredmedia":[{"embeddable":true,"href":"https:\/\/dogdeals.eu\/de\/wp-json\/wp\/v2\/media\/7515"}],"wp:attachment":[{"href":"https:\/\/dogdeals.eu\/de\/wp-json\/wp\/v2\/media?parent=7507"}],"wp:term":[{"taxonomy":"store","embeddable":true,"href":"https:\/\/dogdeals.eu\/de\/wp-json\/wp\/v2\/store?post=7507"},{"taxonomy":"product_cat","embeddable":true,"href":"https:\/\/dogdeals.eu\/de\/wp-json\/wp\/v2\/product_cat?post=7507"},{"taxonomy":"product_tag","embeddable":true,"href":"https:\/\/dogdeals.eu\/de\/wp-json\/wp\/v2\/product_tag?post=7507"}],"curies":[{"name":"wp","href":"https:\/\/api.w.org\/{rel}","templated":true}]}}