{"id":7506,"date":"2024-08-21T22:57:09","date_gmt":"2024-08-21T22:57:09","guid":{"rendered":"https:\/\/dogdeals.eu\/de\/product\/gelenkerganzung-fur-erwachsene-hundeerganzungsmittel-fur-die-huftpflege-von-hundennahrungserganzungsmittel-fur-die-gelenkpflege-weiche-kausnacks-fur-altere-hunde-hip-care-fur-kleine-hunde\/"},"modified":"2024-08-22T21:24:32","modified_gmt":"2024-08-22T21:24:32","slug":"gelenkerganzung-fur-erwachsene-hundeerganzungsmittel-fur-die-huftpflege-von-hundennahrungserganzungsmittel-fur-die-gelenkpflege-weiche-kausnacks-fur-altere-hunde-hip-care-fur-kleine-hunde","status":"publish","type":"product","link":"https:\/\/dogdeals.eu\/de\/product\/gelenkerganzung-fur-erwachsene-hundeerganzungsmittel-fur-die-huftpflege-von-hundennahrungserganzungsmittel-fur-die-gelenkpflege-weiche-kausnacks-fur-altere-hunde-hip-care-fur-kleine-hunde\/","title":{"rendered":"Gelenkerg\u00e4nzung f\u00fcr Erwachsene Hunde,Erg\u00e4nzungsmittel f\u00fcr die H\u00fcftpflege von Hunden,Nahrungserg\u00e4nzungsmittel f\u00fcr die Gelenkpflege | Weiche Kausnacks f\u00fcr \u00e4ltere Hunde, Hip Care, f\u00fcr kleine Hunde,"},"content":{"rendered":"<p>H\u00fcftschutz: Sch\u00fctzen Sie die Gelenke Ihres Welpen mit den Pet Joint Care Tablets vor Abnutzung. Diese Tabletten sind reich an wichtigen N\u00e4hrstoffen und dienen der gezielten Pflege. Sie helfen bei der Reparatur des Gelenkknorpels. Preferrred f\u00fcr aktive, \u00e4ltere oder gelenkgesch\u00e4digte Hunde.<br \/>\nVerbesserte Gelenkbeweglichkeit: Die Pet Joint Care Tablets erh\u00f6hen die Gelenkschmierung, reduzieren Steifheit, Beschwerden und Gelenkprobleme. Bei regelm\u00e4\u00dfiger Anwendung kann sich Ihr vierbeiniger Freund frei bewegen, gewinnt jugendliche Energie zur\u00fcck und genie\u00dft eine verbesserte Bewegungsf\u00e4higkeit und Lebensqualit\u00e4t.<br \/>\nGesunde Gelenkpflege: Die regelm\u00e4\u00dfige Anwendung der Welpen-Gelenkpflegetabletten liefert wichtige N\u00e4hrstoffe zur Erg\u00e4nzung der Gelenke, f\u00f6rdert die Knorpelregeneration und beugt degenerativen Gelenkbeschwerden wie H\u00fcftdysplasie sowie Knochen- und Gelenksymptomen vor.<br \/>\nBequeme Aufnahme: Lassen Sie Ihren pelzigen Freund seine Mahlzeiten genie\u00dfen und erhalten Sie mit den Pet Joint Care Tablets die notwendige Gelenkpflege. Diese Tabletten haben einen perfekten Geschmack und sind f\u00fcr eine einfache Aufnahme konzipiert.<br \/>\nSicherheit f\u00fcr Hunde: Haustierbesitzer k\u00f6nnen die Gelenke ihres Hundes jetzt mit den Pet Joint Care Tablets sicher pflegen. Es belastet ihre Gesundheit nicht und ist bei kontinuierlicher Nahrungserg\u00e4nzung sicher harmlos und nicht reizend.<br \/>\n<div class=\"main-cross-sell\" data-asin=\"B0DCTRVWMS\">\n\n\t<div class=\"WooZone-cross-sell-loader\">\n\t\t<div>\n\t\t\t<div id=\"floatingBarsG\">\n\t\t\t\t<div class=\"blockG\" id=\"rotateG_01\"><\/div>\n\t\t\t\t<div class=\"blockG\" id=\"rotateG_02\"><\/div>\n\t\t\t\t<div class=\"blockG\" id=\"rotateG_03\"><\/div>\n\t\t\t\t<div class=\"blockG\" id=\"rotateG_04\"><\/div>\n\t\t\t\t<div class=\"blockG\" id=\"rotateG_05\"><\/div>\n\t\t\t\t<div class=\"blockG\" id=\"rotateG_06\"><\/div>\n\t\t\t\t<div class=\"blockG\" id=\"rotateG_07\"><\/div>\n\t\t\t\t<div class=\"blockG\" id=\"rotateG_08\"><\/div>\n\t\t\t<\/div>\n\t\t\t<div class=\"WooZone-cross-sell-loader-text\"><\/div>\n\t\t<\/div>\n\t<\/div>\n\n\t\t\n<\/div>\n<div style=\"clear:both;\"><\/div><\/p>\n","protected":false},"excerpt":{"rendered":"<p>H\u00fcftschutz: Sch\u00fctzen Sie die Gelenke Ihres Welpen mit den Puppy Joint Care Tablets vor Abnutzung. Diese Tabletten sind reich an wichtigen N\u00e4hrstoffen und dienen der gezielten Pflege. Sie helfen bei der Reparatur des Gelenkknorpels. Ideal f\u00fcr aktive, \u00e4ltere oder gelenkgesch\u00e4digte Hunde.<br \/>\nVerbesserte Gelenkbeweglichkeit: Die Puppy Joint Care Tablets erh\u00f6hen die Gelenkschmierung, reduzieren Steifheit, Beschwerden und Gelenkprobleme. Bei regelm\u00e4\u00dfiger Anwendung kann sich Ihr vierbeiniger Freund frei bewegen, gewinnt jugendliche Energie zur\u00fcck und genie\u00dft eine verbesserte Bewegungsf\u00e4higkeit und Lebensqualit\u00e4t.<br \/>\nGesunde Gelenkpflege: Die regelm\u00e4\u00dfige Anwendung der Welpen-Gelenkpflegetabletten liefert wichtige N\u00e4hrstoffe zur Erg\u00e4nzung der Gelenke, f\u00f6rdert die Knorpelregeneration und beugt degenerativen Gelenkbeschwerden wie H\u00fcftdysplasie sowie Knochen- und Gelenksymptomen vor.<\/p>\n","protected":false},"featured_media":7508,"comment_status":"open","ping_status":"closed","template":"","meta":[],"store":[],"product_cat":[3583,28],"product_tag":[],"yoast_head":"<!-- This site is optimized with the Yoast SEO plugin v22.8 - https:\/\/yoast.com\/wordpress\/plugins\/seo\/ -->\n<title>Gelenkerg\u00e4nzung f\u00fcr Erwachsene Hunde,Erg\u00e4nzungsmittel f\u00fcr die H\u00fcftpflege von Hunden,Nahrungserg\u00e4nzungsmittel f\u00fcr die Gelenkpflege | Weiche Kausnacks f\u00fcr \u00e4ltere Hunde, Hip Care, f\u00fcr kleine Hunde, - DogDeals<\/title>\n<meta name=\"description\" content=\"Discover top-quality dog essentials at DogDeals. Shop for nutritious food, fun toys, comfortable beds, and stylish accessories. Unleash the best deals for your furry friend and ensure their happiness and well-being with our premium picks!\" \/>\n<meta name=\"robots\" content=\"index, follow, max-snippet:-1, max-image-preview:large, max-video-preview:-1\" \/>\n<link rel=\"canonical\" href=\"https:\/\/dogdeals.eu\/de\/product\/gelenkerganzung-fur-erwachsene-hundeerganzungsmittel-fur-die-huftpflege-von-hundennahrungserganzungsmittel-fur-die-gelenkpflege-weiche-kausnacks-fur-altere-hunde-hip-care-fur-kleine-hunde\/\" \/>\n<meta property=\"og:locale\" content=\"en_US\" \/>\n<meta property=\"og:type\" content=\"article\" \/>\n<meta property=\"og:title\" content=\"Gelenkerg\u00e4nzung f\u00fcr Erwachsene Hunde,Erg\u00e4nzungsmittel f\u00fcr die H\u00fcftpflege von Hunden,Nahrungserg\u00e4nzungsmittel f\u00fcr die Gelenkpflege | Weiche Kausnacks f\u00fcr \u00e4ltere Hunde, Hip Care, f\u00fcr kleine Hunde, - DogDeals\" \/>\n<meta property=\"og:description\" content=\"Discover top-quality dog essentials at DogDeals. Shop for nutritious food, fun toys, comfortable beds, and stylish accessories. Unleash the best deals for your furry friend and ensure their happiness and well-being with our premium picks!\" \/>\n<meta property=\"og:url\" content=\"https:\/\/dogdeals.eu\/de\/product\/gelenkerganzung-fur-erwachsene-hundeerganzungsmittel-fur-die-huftpflege-von-hundennahrungserganzungsmittel-fur-die-gelenkpflege-weiche-kausnacks-fur-altere-hunde-hip-care-fur-kleine-hunde\/\" \/>\n<meta property=\"og:site_name\" content=\"DogDeals\" \/>\n<meta property=\"article:modified_time\" content=\"2024-08-22T21:24:32+00:00\" \/>\n<meta property=\"og:image\" content=\"https:\/\/m.media-amazon.com\/images\/I\/41cgwFG0QlL.jpg\" \/>\n\t<meta property=\"og:image:width\" content=\"500\" \/>\n\t<meta property=\"og:image:height\" content=\"500\" \/>\n\t<meta property=\"og:image:type\" content=\"image\/jpeg\" \/>\n<meta name=\"twitter:card\" content=\"summary_large_image\" \/>\n<meta name=\"twitter:label1\" content=\"Est. reading time\" \/>\n\t<meta name=\"twitter:data1\" content=\"1 minute\" \/>\n<script type=\"application\/ld+json\" class=\"yoast-schema-graph\">{\"@context\":\"https:\/\/schema.org\",\"@graph\":[{\"@type\":\"WebPage\",\"@id\":\"https:\/\/dogdeals.eu\/de\/product\/gelenkerganzung-fur-erwachsene-hundeerganzungsmittel-fur-die-huftpflege-von-hundennahrungserganzungsmittel-fur-die-gelenkpflege-weiche-kausnacks-fur-altere-hunde-hip-care-fur-kleine-hunde\/\",\"url\":\"https:\/\/dogdeals.eu\/de\/product\/gelenkerganzung-fur-erwachsene-hundeerganzungsmittel-fur-die-huftpflege-von-hundennahrungserganzungsmittel-fur-die-gelenkpflege-weiche-kausnacks-fur-altere-hunde-hip-care-fur-kleine-hunde\/\",\"name\":\"Gelenkerg\u00e4nzung f\u00fcr Erwachsene Hunde,Erg\u00e4nzungsmittel f\u00fcr die H\u00fcftpflege von Hunden,Nahrungserg\u00e4nzungsmittel f\u00fcr die Gelenkpflege | Weiche Kausnacks f\u00fcr \u00e4ltere Hunde, Hip Care, f\u00fcr kleine Hunde, - DogDeals\",\"isPartOf\":{\"@id\":\"https:\/\/dogdeals.eu\/de\/#website\"},\"primaryImageOfPage\":{\"@id\":\"https:\/\/dogdeals.eu\/de\/product\/gelenkerganzung-fur-erwachsene-hundeerganzungsmittel-fur-die-huftpflege-von-hundennahrungserganzungsmittel-fur-die-gelenkpflege-weiche-kausnacks-fur-altere-hunde-hip-care-fur-kleine-hunde\/#primaryimage\"},\"image\":{\"@id\":\"https:\/\/dogdeals.eu\/de\/product\/gelenkerganzung-fur-erwachsene-hundeerganzungsmittel-fur-die-huftpflege-von-hundennahrungserganzungsmittel-fur-die-gelenkpflege-weiche-kausnacks-fur-altere-hunde-hip-care-fur-kleine-hunde\/#primaryimage\"},\"thumbnailUrl\":\"https:\/\/m.media-amazon.com\/images\/I\/41cgwFG0QlL.jpg\",\"datePublished\":\"2024-08-21T22:57:09+00:00\",\"dateModified\":\"2024-08-22T21:24:32+00:00\",\"description\":\"Discover top-quality dog essentials at DogDeals. Shop for nutritious food, fun toys, comfortable beds, and stylish accessories. Unleash the best deals for your furry friend and ensure their happiness and well-being with our premium picks!\",\"breadcrumb\":{\"@id\":\"https:\/\/dogdeals.eu\/de\/product\/gelenkerganzung-fur-erwachsene-hundeerganzungsmittel-fur-die-huftpflege-von-hundennahrungserganzungsmittel-fur-die-gelenkpflege-weiche-kausnacks-fur-altere-hunde-hip-care-fur-kleine-hunde\/#breadcrumb\"},\"inLanguage\":\"en-US\",\"potentialAction\":[{\"@type\":\"ReadAction\",\"target\":[\"https:\/\/dogdeals.eu\/de\/product\/gelenkerganzung-fur-erwachsene-hundeerganzungsmittel-fur-die-huftpflege-von-hundennahrungserganzungsmittel-fur-die-gelenkpflege-weiche-kausnacks-fur-altere-hunde-hip-care-fur-kleine-hunde\/\"]}]},{\"@type\":\"ImageObject\",\"inLanguage\":\"en-US\",\"@id\":\"https:\/\/dogdeals.eu\/de\/product\/gelenkerganzung-fur-erwachsene-hundeerganzungsmittel-fur-die-huftpflege-von-hundennahrungserganzungsmittel-fur-die-gelenkpflege-weiche-kausnacks-fur-altere-hunde-hip-care-fur-kleine-hunde\/#primaryimage\",\"url\":\"https:\/\/m.media-amazon.com\/images\/I\/41cgwFG0QlL.jpg\",\"contentUrl\":\"https:\/\/m.media-amazon.com\/images\/I\/41cgwFG0QlL.jpg\",\"width\":500,\"height\":500},{\"@type\":\"BreadcrumbList\",\"@id\":\"https:\/\/dogdeals.eu\/de\/product\/gelenkerganzung-fur-erwachsene-hundeerganzungsmittel-fur-die-huftpflege-von-hundennahrungserganzungsmittel-fur-die-gelenkpflege-weiche-kausnacks-fur-altere-hunde-hip-care-fur-kleine-hunde\/#breadcrumb\",\"itemListElement\":[{\"@type\":\"ListItem\",\"position\":1,\"name\":\"Home\",\"item\":\"https:\/\/dogdeals.eu\/de\/\"},{\"@type\":\"ListItem\",\"position\":2,\"name\":\"Shop\",\"item\":\"https:\/\/dogdeals.eu\/de\/shop\/\"},{\"@type\":\"ListItem\",\"position\":3,\"name\":\"Gelenkerg\u00e4nzung f\u00fcr Erwachsene Hunde,Erg\u00e4nzungsmittel f\u00fcr die H\u00fcftpflege von Hunden,Nahrungserg\u00e4nzungsmittel f\u00fcr die Gelenkpflege | Weiche Kausnacks f\u00fcr \u00e4ltere Hunde, Hip Care, f\u00fcr kleine Hunde,\"}]},{\"@type\":\"WebSite\",\"@id\":\"https:\/\/dogdeals.eu\/de\/#website\",\"url\":\"https:\/\/dogdeals.eu\/de\/\",\"name\":\"DogDeals\",\"description\":\"Premium Dog Products at Unbeatable Prices\",\"publisher\":{\"@id\":\"https:\/\/dogdeals.eu\/de\/#organization\"},\"potentialAction\":[{\"@type\":\"SearchAction\",\"target\":{\"@type\":\"EntryPoint\",\"urlTemplate\":\"https:\/\/dogdeals.eu\/de\/?s={search_term_string}\"},\"query-input\":\"required name=search_term_string\"}],\"inLanguage\":\"en-US\"},{\"@type\":\"Organization\",\"@id\":\"https:\/\/dogdeals.eu\/de\/#organization\",\"name\":\"DogDeals\",\"url\":\"https:\/\/dogdeals.eu\/de\/\",\"logo\":{\"@type\":\"ImageObject\",\"inLanguage\":\"en-US\",\"@id\":\"https:\/\/dogdeals.eu\/de\/#\/schema\/logo\/image\/\",\"url\":\"https:\/\/dogdeals.eu\/de\/wp-content\/uploads\/2024\/06\/Screenshot-2024-06-10-at-6.35.37-PM.png\",\"contentUrl\":\"https:\/\/dogdeals.eu\/de\/wp-content\/uploads\/2024\/06\/Screenshot-2024-06-10-at-6.35.37-PM.png\",\"width\":2758,\"height\":978,\"caption\":\"DogDeals\"},\"image\":{\"@id\":\"https:\/\/dogdeals.eu\/de\/#\/schema\/logo\/image\/\"}}]}<\/script>\n<!-- \/ Yoast SEO plugin. -->","yoast_head_json":{"title":"Gelenkerg\u00e4nzung f\u00fcr Erwachsene Hunde,Erg\u00e4nzungsmittel f\u00fcr die H\u00fcftpflege von Hunden,Nahrungserg\u00e4nzungsmittel f\u00fcr die Gelenkpflege | Weiche Kausnacks f\u00fcr \u00e4ltere Hunde, Hip Care, f\u00fcr kleine Hunde, - DogDeals","description":"Discover top-quality dog essentials at DogDeals. Shop for nutritious food, fun toys, comfortable beds, and stylish accessories. Unleash the best deals for your furry friend and ensure their happiness and well-being with our premium picks!","robots":{"index":"index","follow":"follow","max-snippet":"max-snippet:-1","max-image-preview":"max-image-preview:large","max-video-preview":"max-video-preview:-1"},"canonical":"https:\/\/dogdeals.eu\/de\/product\/gelenkerganzung-fur-erwachsene-hundeerganzungsmittel-fur-die-huftpflege-von-hundennahrungserganzungsmittel-fur-die-gelenkpflege-weiche-kausnacks-fur-altere-hunde-hip-care-fur-kleine-hunde\/","og_locale":"en_US","og_type":"article","og_title":"Gelenkerg\u00e4nzung f\u00fcr Erwachsene Hunde,Erg\u00e4nzungsmittel f\u00fcr die H\u00fcftpflege von Hunden,Nahrungserg\u00e4nzungsmittel f\u00fcr die Gelenkpflege | Weiche Kausnacks f\u00fcr \u00e4ltere Hunde, Hip Care, f\u00fcr kleine Hunde, - DogDeals","og_description":"Discover top-quality dog essentials at DogDeals. Shop for nutritious food, fun toys, comfortable beds, and stylish accessories. Unleash the best deals for your furry friend and ensure their happiness and well-being with our premium picks!","og_url":"https:\/\/dogdeals.eu\/de\/product\/gelenkerganzung-fur-erwachsene-hundeerganzungsmittel-fur-die-huftpflege-von-hundennahrungserganzungsmittel-fur-die-gelenkpflege-weiche-kausnacks-fur-altere-hunde-hip-care-fur-kleine-hunde\/","og_site_name":"DogDeals","article_modified_time":"2024-08-22T21:24:32+00:00","og_image":[{"width":500,"height":500,"url":"https:\/\/m.media-amazon.com\/images\/I\/41cgwFG0QlL.jpg","type":"image\/jpeg"}],"twitter_card":"summary_large_image","twitter_misc":{"Est. reading time":"1 minute"},"schema":{"@context":"https:\/\/schema.org","@graph":[{"@type":"WebPage","@id":"https:\/\/dogdeals.eu\/de\/product\/gelenkerganzung-fur-erwachsene-hundeerganzungsmittel-fur-die-huftpflege-von-hundennahrungserganzungsmittel-fur-die-gelenkpflege-weiche-kausnacks-fur-altere-hunde-hip-care-fur-kleine-hunde\/","url":"https:\/\/dogdeals.eu\/de\/product\/gelenkerganzung-fur-erwachsene-hundeerganzungsmittel-fur-die-huftpflege-von-hundennahrungserganzungsmittel-fur-die-gelenkpflege-weiche-kausnacks-fur-altere-hunde-hip-care-fur-kleine-hunde\/","name":"Gelenkerg\u00e4nzung f\u00fcr Erwachsene Hunde,Erg\u00e4nzungsmittel f\u00fcr die H\u00fcftpflege von Hunden,Nahrungserg\u00e4nzungsmittel f\u00fcr die Gelenkpflege | Weiche Kausnacks f\u00fcr \u00e4ltere Hunde, Hip Care, f\u00fcr kleine Hunde, - DogDeals","isPartOf":{"@id":"https:\/\/dogdeals.eu\/de\/#website"},"primaryImageOfPage":{"@id":"https:\/\/dogdeals.eu\/de\/product\/gelenkerganzung-fur-erwachsene-hundeerganzungsmittel-fur-die-huftpflege-von-hundennahrungserganzungsmittel-fur-die-gelenkpflege-weiche-kausnacks-fur-altere-hunde-hip-care-fur-kleine-hunde\/#primaryimage"},"image":{"@id":"https:\/\/dogdeals.eu\/de\/product\/gelenkerganzung-fur-erwachsene-hundeerganzungsmittel-fur-die-huftpflege-von-hundennahrungserganzungsmittel-fur-die-gelenkpflege-weiche-kausnacks-fur-altere-hunde-hip-care-fur-kleine-hunde\/#primaryimage"},"thumbnailUrl":"https:\/\/m.media-amazon.com\/images\/I\/41cgwFG0QlL.jpg","datePublished":"2024-08-21T22:57:09+00:00","dateModified":"2024-08-22T21:24:32+00:00","description":"Discover top-quality dog essentials at DogDeals. Shop for nutritious food, fun toys, comfortable beds, and stylish accessories. Unleash the best deals for your furry friend and ensure their happiness and well-being with our premium picks!","breadcrumb":{"@id":"https:\/\/dogdeals.eu\/de\/product\/gelenkerganzung-fur-erwachsene-hundeerganzungsmittel-fur-die-huftpflege-von-hundennahrungserganzungsmittel-fur-die-gelenkpflege-weiche-kausnacks-fur-altere-hunde-hip-care-fur-kleine-hunde\/#breadcrumb"},"inLanguage":"en-US","potentialAction":[{"@type":"ReadAction","target":["https:\/\/dogdeals.eu\/de\/product\/gelenkerganzung-fur-erwachsene-hundeerganzungsmittel-fur-die-huftpflege-von-hundennahrungserganzungsmittel-fur-die-gelenkpflege-weiche-kausnacks-fur-altere-hunde-hip-care-fur-kleine-hunde\/"]}]},{"@type":"ImageObject","inLanguage":"en-US","@id":"https:\/\/dogdeals.eu\/de\/product\/gelenkerganzung-fur-erwachsene-hundeerganzungsmittel-fur-die-huftpflege-von-hundennahrungserganzungsmittel-fur-die-gelenkpflege-weiche-kausnacks-fur-altere-hunde-hip-care-fur-kleine-hunde\/#primaryimage","url":"https:\/\/m.media-amazon.com\/images\/I\/41cgwFG0QlL.jpg","contentUrl":"https:\/\/m.media-amazon.com\/images\/I\/41cgwFG0QlL.jpg","width":500,"height":500},{"@type":"BreadcrumbList","@id":"https:\/\/dogdeals.eu\/de\/product\/gelenkerganzung-fur-erwachsene-hundeerganzungsmittel-fur-die-huftpflege-von-hundennahrungserganzungsmittel-fur-die-gelenkpflege-weiche-kausnacks-fur-altere-hunde-hip-care-fur-kleine-hunde\/#breadcrumb","itemListElement":[{"@type":"ListItem","position":1,"name":"Home","item":"https:\/\/dogdeals.eu\/de\/"},{"@type":"ListItem","position":2,"name":"Shop","item":"https:\/\/dogdeals.eu\/de\/shop\/"},{"@type":"ListItem","position":3,"name":"Gelenkerg\u00e4nzung f\u00fcr Erwachsene Hunde,Erg\u00e4nzungsmittel f\u00fcr die H\u00fcftpflege von Hunden,Nahrungserg\u00e4nzungsmittel f\u00fcr die Gelenkpflege | Weiche Kausnacks f\u00fcr \u00e4ltere Hunde, Hip Care, f\u00fcr kleine Hunde,"}]},{"@type":"WebSite","@id":"https:\/\/dogdeals.eu\/de\/#website","url":"https:\/\/dogdeals.eu\/de\/","name":"DogDeals","description":"Premium Dog Products at Unbeatable Prices","publisher":{"@id":"https:\/\/dogdeals.eu\/de\/#organization"},"potentialAction":[{"@type":"SearchAction","target":{"@type":"EntryPoint","urlTemplate":"https:\/\/dogdeals.eu\/de\/?s={search_term_string}"},"query-input":"required name=search_term_string"}],"inLanguage":"en-US"},{"@type":"Organization","@id":"https:\/\/dogdeals.eu\/de\/#organization","name":"DogDeals","url":"https:\/\/dogdeals.eu\/de\/","logo":{"@type":"ImageObject","inLanguage":"en-US","@id":"https:\/\/dogdeals.eu\/de\/#\/schema\/logo\/image\/","url":"https:\/\/dogdeals.eu\/de\/wp-content\/uploads\/2024\/06\/Screenshot-2024-06-10-at-6.35.37-PM.png","contentUrl":"https:\/\/dogdeals.eu\/de\/wp-content\/uploads\/2024\/06\/Screenshot-2024-06-10-at-6.35.37-PM.png","width":2758,"height":978,"caption":"DogDeals"},"image":{"@id":"https:\/\/dogdeals.eu\/de\/#\/schema\/logo\/image\/"}}]}},"_links":{"self":[{"href":"https:\/\/dogdeals.eu\/de\/wp-json\/wp\/v2\/product\/7506"}],"collection":[{"href":"https:\/\/dogdeals.eu\/de\/wp-json\/wp\/v2\/product"}],"about":[{"href":"https:\/\/dogdeals.eu\/de\/wp-json\/wp\/v2\/types\/product"}],"replies":[{"embeddable":true,"href":"https:\/\/dogdeals.eu\/de\/wp-json\/wp\/v2\/comments?post=7506"}],"wp:featuredmedia":[{"embeddable":true,"href":"https:\/\/dogdeals.eu\/de\/wp-json\/wp\/v2\/media\/7508"}],"wp:attachment":[{"href":"https:\/\/dogdeals.eu\/de\/wp-json\/wp\/v2\/media?parent=7506"}],"wp:term":[{"taxonomy":"store","embeddable":true,"href":"https:\/\/dogdeals.eu\/de\/wp-json\/wp\/v2\/store?post=7506"},{"taxonomy":"product_cat","embeddable":true,"href":"https:\/\/dogdeals.eu\/de\/wp-json\/wp\/v2\/product_cat?post=7506"},{"taxonomy":"product_tag","embeddable":true,"href":"https:\/\/dogdeals.eu\/de\/wp-json\/wp\/v2\/product_tag?post=7506"}],"curies":[{"name":"wp","href":"https:\/\/api.w.org\/{rel}","templated":true}]}}