{"id":7254,"date":"2024-08-21T22:46:27","date_gmt":"2024-08-21T22:46:27","guid":{"rendered":"https:\/\/dogdeals.eu\/de\/product\/boykeep-uberwachungskamera-innen-2k-babyphone-mit-kamera-360-grad-wlan-indoor-hundekamera-mit-app-zwei-wege-audio-bewegungserkennung-nachtsicht\/"},"modified":"2024-08-22T21:24:37","modified_gmt":"2024-08-22T21:24:37","slug":"boykeep-uberwachungskamera-innen-2k-babyphone-mit-kamera-360-grad-wlan-indoor-hundekamera-mit-app-zwei-wege-audio-bewegungserkennung-nachtsicht","status":"publish","type":"product","link":"https:\/\/dogdeals.eu\/de\/product\/boykeep-uberwachungskamera-innen-2k-babyphone-mit-kamera-360-grad-wlan-indoor-hundekamera-mit-app-zwei-wege-audio-bewegungserkennung-nachtsicht\/","title":{"rendered":"BoyKeep \u00dcberwachungskamera Innen &#8211; 2K Babyphone mit Kamera, 360 Grad WLAN Indoor Hundekamera mit APP, Zwei-Wege-Audio, Bewegungserkennung, Nachtsicht"},"content":{"rendered":"<p><!-- show up to 2 reviews by default --> <\/p>\n<p> <span>Die BoyKeep 5G\/2.4GHz WLAN Kamera ist eine vielseitige Innenraum\u00fcberwachungskamera, die auch als Babyphone dient und Ihnen Sicherheit und Gewissheit \u00fcber das Wohlergehen Ihrer Liebsten bietet. Mit ihren fortschrittlichen Funktionen und benutzerfreundlichen Design ist diese Kamera die perfekte Erg\u00e4nzung f\u00fcr jedes Zuhause oder B\u00fcro. Mit einer hochaufl\u00f6senden 2K-Kamera erfasst die BoyKeep klare und scharfe Bilder, sodass Sie Ihre Umgebung mit h\u00f6chster Klarheit \u00fcberwachen k\u00f6nnen. Ihr Weitwinkelobjektiv bietet einen 360-Grad-Blick, damit kein Bereich unentdeckt bleibt. Ausgestattet mit sowohl 5G- als auch 2,4GHz-WLAN-Verbindungsoptionen bietet diese Kamera nahtlose und zuverl\u00e4ssige drahtlose Leistung. Sie k\u00f6nnen sie problemlos mit Ihrem Heimnetzwerk verbinden und von \u00fcberall aus \u00fcber Ihr Smartphone oder Pill auf den Stay-Feed zugreifen. Die BoyKeep-Kamera geht \u00fcber reine Video\u00fcberwachung hinaus. Sie verf\u00fcgt auch \u00fcber Nachtsichtf\u00e4higkeiten, die eine \u00dcberwachung rund um die Uhr auch bei schlechten Lichtverh\u00e4ltnissen gew\u00e4hrleisten. Mit Bewegungs- und Ger\u00e4uscherkennungstechnologie alarmiert Sie die BoyKeep-Kamera sofort, wenn innerhalb ihres Erfassungsbereichs eine Bewegung oder ein Ger\u00e4usch festgestellt wird. Diese Funktion ist besonders n\u00fctzlich, wenn Sie Ihr Child im Auge behalten m\u00f6chten oder \u00fcber verd\u00e4chtige Aktivit\u00e4ten in Ihrem Zuhause informiert werden m\u00f6chten. Dar\u00fcber hinaus erm\u00f6glicht Ihnen das Zwei-Wege-Audiosystem, mit Personen in der N\u00e4he der Kamera zu kommunizieren und bietet Ihnen eine zus\u00e4tzliche Schicht Komfort und Sicherheit. Zusammenfassend ist die BoyKeep 5G\/2.4GHz WLAN Kamera f\u00fcr den Innenbereich die ideale L\u00f6sung f\u00fcr diejenigen, die ein effizientes und zuverl\u00e4ssiges \u00dcberwachungssystem suchen. Mit ihren fortschrittlichen Funktionen wie 2K-Aufl\u00f6sung, Nachtsicht, Bewegungs-\/Ger\u00e4uscherkennung, Zwei-Wege-Audio und vielseitigen Speicheroptionen garantiert diese Kamera optimale Leistung und Sicherheit.<\/span> <\/p>\n<p>\u3010Unterst\u00fctzt 5G &#038; 2,4G-Verbindungen\u3011-Die Boykeep Innenstadt-Sicherheitskamera ist f\u00fcr hohe Geschwindigkeit und niedrige Latenz optimiert, um Bed\u00fcrfnisse bei der \u00dcberwachung von Tieren mit 5-GHz- und 2,4-GHz-WLAN f\u00fcr eine schnelle Echtzeitabbildung zu erf\u00fcllen. Es ist perfekt als Haustierkamera geeignet, um auf Ihre Katzen und Hunde zu schauen und zu sehen, was Ihr Hund tut, w\u00e4hrend Sie weg sind.<br \/>\n\u3010Bewegungsalarm &#038; Bewegungsverfolgung\u3011 Die kamera \u00dcberwachung innen verwendet die Good Understand-Technologie, um Bewegungen zu erkennen. Sobald eine Bewegung erkannt wird, erh\u00e4lt Ihr Telefon rechtzeitig eine Warnbenachrichtigung. \u00d6ffnen Sie einfach Ihre app, um schnell zu \u00fcberpr\u00fcfen, was los ist. Wenn Sie in der Zwischenzeit die Funktion der automatischen Bewegungsverfolgung aktivieren, bewegt sich die hunde kamera Antitoxisch mit der Bewegung des Objekts.<br \/>\n\u30102K &#038; 360\u00b0 Pan\/Tilt WLAN Kamera\u3011 \u00dcberwachungskamera mit 2K Aufl\u00f6sung und Excessive-Tech-Optik-Objektiv pr\u00e4sentieren sch\u00e4rfere Particulars und produzieren kristallklare Bildqualit\u00e4t. Diese Hunde Kamera bietet einen breiteren Betrachtungswinkel mit horizontaler 360\u00b0- und vertikaler 110\u00b0-Funktion f\u00fcr eine vollst\u00e4ndige Abdeckung Ihres Hauses ohne toten Winkel.<br \/>\n\u3010Mehrere Benutzer und Betrachter\u3011Babyphone mit kamera unterst\u00fctzt viele Benutzer, um gleichzeitig auf dem iPhone\/Android Telefon anzuzeigen. Sie k\u00f6nnen Ihre WLAN Kamera f\u00fcr sch\u00f6ne Momente mit der Familie teilen. Die App kann mehrere verwalten \u00dcberwachungskamera und Anzeige von 4 Stay-Movies auf einem Bildschirm helfen Ihnen, mit allem in Ihrem Haus Schritt zu halten.<br \/>\n\u3010Flexibler Speicher\u3011Legen Sie eine Micro-SD-Karte (bis zu 128 GB, nicht im Lieferumfang enthalten) in die Kamera ein und aktivieren Sie die kontinuierliche Aufzeichnung rund um die Uhr, um wertvolle Momente festzuhalten. Oder nutzen Sie Cloud-Speicher f\u00fcr die Aufzeichnung.<br \/>\n<div class=\"main-cross-sell\" data-asin=\"B0D1FSNNW7\">\n\n\t<div class=\"WooZone-cross-sell-loader\">\n\t\t<div>\n\t\t\t<div id=\"floatingBarsG\">\n\t\t\t\t<div class=\"blockG\" id=\"rotateG_01\"><\/div>\n\t\t\t\t<div class=\"blockG\" id=\"rotateG_02\"><\/div>\n\t\t\t\t<div class=\"blockG\" id=\"rotateG_03\"><\/div>\n\t\t\t\t<div class=\"blockG\" id=\"rotateG_04\"><\/div>\n\t\t\t\t<div class=\"blockG\" id=\"rotateG_05\"><\/div>\n\t\t\t\t<div class=\"blockG\" id=\"rotateG_06\"><\/div>\n\t\t\t\t<div class=\"blockG\" id=\"rotateG_07\"><\/div>\n\t\t\t\t<div class=\"blockG\" id=\"rotateG_08\"><\/div>\n\t\t\t<\/div>\n\t\t\t<div class=\"WooZone-cross-sell-loader-text\"><\/div>\n\t\t<\/div>\n\t<\/div>\n\n\t\t\n<\/div>\n<div style=\"clear:both;\"><\/div><\/p>\n","protected":false},"excerpt":{"rendered":"<p>\u3010Unterst\u00fctzt 5G &#038; 2,4G-Verbindungen\u3011-Die Boykeep Innenstadt-Sicherheitskamera ist f\u00fcr hohe Geschwindigkeit und niedrige Latenz optimiert, um Bed\u00fcrfnisse bei der \u00dcberwachung von Tieren mit 5-GHz- und 2,4-GHz-WLAN f\u00fcr eine schnelle Echtzeitabbildung zu erf\u00fcllen. Es ist perfekt als Haustierkamera geeignet, um auf Ihre Katzen und Hunde zu schauen und zu sehen, was Ihr Hund tut, w\u00e4hrend Sie weg sind.<br \/>\n\u3010Bewegungsalarm &#038; Bewegungsverfolgung\u3011 Die kamera \u00dcberwachung innen verwendet die Smart Perceive-Technologie, um Bewegungen zu erkennen. Sobald eine Bewegung erkannt wird, erh\u00e4lt Ihr Telefon rechtzeitig eine Warnbenachrichtigung. \u00d6ffnen Sie einfach Ihre app, um schnell zu \u00fcberpr\u00fcfen, was los ist. Wenn Sie in der Zwischenzeit die Funktion der automatischen Bewegungsverfolgung aktivieren, bewegt sich die hunde kamera Antitoxisch mit der Bewegung des Objekts.<br \/>\n\u30102K &#038; 360\u00b0 Pan\/Tilt WLAN Kamera\u3011 \u00dcberwachungskamera mit 2K Aufl\u00f6sung und High-Tech-Optik-Objektiv pr\u00e4sentieren sch\u00e4rfere Details und produzieren kristallklare Bildqualit\u00e4t. Diese Hunde Kamera bietet einen breiteren Betrachtungswinkel mit horizontaler 360\u00b0- und vertikaler 110\u00b0-Funktion f\u00fcr eine vollst\u00e4ndige Abdeckung Ihres Hauses ohne toten Winkel.<\/p>\n","protected":false},"featured_media":7255,"comment_status":"open","ping_status":"closed","template":"","meta":[],"store":[],"product_cat":[39,28],"product_tag":[],"yoast_head":"<!-- This site is optimized with the Yoast SEO plugin v22.8 - https:\/\/yoast.com\/wordpress\/plugins\/seo\/ -->\n<title>BoyKeep \u00dcberwachungskamera Innen - 2K Babyphone mit Kamera, 360 Grad WLAN Indoor Hundekamera mit APP, Zwei-Wege-Audio, Bewegungserkennung, Nachtsicht - DogDeals<\/title>\n<meta name=\"description\" content=\"Discover top-quality dog essentials at DogDeals. Shop for nutritious food, fun toys, comfortable beds, and stylish accessories. Unleash the best deals for your furry friend and ensure their happiness and well-being with our premium picks!\" \/>\n<meta name=\"robots\" content=\"index, follow, max-snippet:-1, max-image-preview:large, max-video-preview:-1\" \/>\n<link rel=\"canonical\" href=\"https:\/\/dogdeals.eu\/de\/product\/boykeep-uberwachungskamera-innen-2k-babyphone-mit-kamera-360-grad-wlan-indoor-hundekamera-mit-app-zwei-wege-audio-bewegungserkennung-nachtsicht\/\" \/>\n<meta property=\"og:locale\" content=\"en_US\" \/>\n<meta property=\"og:type\" content=\"article\" \/>\n<meta property=\"og:title\" content=\"BoyKeep \u00dcberwachungskamera Innen - 2K Babyphone mit Kamera, 360 Grad WLAN Indoor Hundekamera mit APP, Zwei-Wege-Audio, Bewegungserkennung, Nachtsicht - DogDeals\" \/>\n<meta property=\"og:description\" content=\"Discover top-quality dog essentials at DogDeals. Shop for nutritious food, fun toys, comfortable beds, and stylish accessories. Unleash the best deals for your furry friend and ensure their happiness and well-being with our premium picks!\" \/>\n<meta property=\"og:url\" content=\"https:\/\/dogdeals.eu\/de\/product\/boykeep-uberwachungskamera-innen-2k-babyphone-mit-kamera-360-grad-wlan-indoor-hundekamera-mit-app-zwei-wege-audio-bewegungserkennung-nachtsicht\/\" \/>\n<meta property=\"og:site_name\" content=\"DogDeals\" \/>\n<meta property=\"article:modified_time\" content=\"2024-08-22T21:24:37+00:00\" \/>\n<meta property=\"og:image\" content=\"https:\/\/m.media-amazon.com\/images\/I\/41Az7tHxxGL.jpg\" \/>\n\t<meta property=\"og:image:width\" content=\"500\" \/>\n\t<meta property=\"og:image:height\" content=\"500\" \/>\n\t<meta property=\"og:image:type\" content=\"image\/jpeg\" \/>\n<meta name=\"twitter:card\" content=\"summary_large_image\" \/>\n<meta name=\"twitter:label1\" content=\"Est. reading time\" \/>\n\t<meta name=\"twitter:data1\" content=\"3 minutes\" \/>\n<script type=\"application\/ld+json\" class=\"yoast-schema-graph\">{\"@context\":\"https:\/\/schema.org\",\"@graph\":[{\"@type\":\"WebPage\",\"@id\":\"https:\/\/dogdeals.eu\/de\/product\/boykeep-uberwachungskamera-innen-2k-babyphone-mit-kamera-360-grad-wlan-indoor-hundekamera-mit-app-zwei-wege-audio-bewegungserkennung-nachtsicht\/\",\"url\":\"https:\/\/dogdeals.eu\/de\/product\/boykeep-uberwachungskamera-innen-2k-babyphone-mit-kamera-360-grad-wlan-indoor-hundekamera-mit-app-zwei-wege-audio-bewegungserkennung-nachtsicht\/\",\"name\":\"BoyKeep \u00dcberwachungskamera Innen - 2K Babyphone mit Kamera, 360 Grad WLAN Indoor Hundekamera mit APP, Zwei-Wege-Audio, Bewegungserkennung, Nachtsicht - DogDeals\",\"isPartOf\":{\"@id\":\"https:\/\/dogdeals.eu\/de\/#website\"},\"primaryImageOfPage\":{\"@id\":\"https:\/\/dogdeals.eu\/de\/product\/boykeep-uberwachungskamera-innen-2k-babyphone-mit-kamera-360-grad-wlan-indoor-hundekamera-mit-app-zwei-wege-audio-bewegungserkennung-nachtsicht\/#primaryimage\"},\"image\":{\"@id\":\"https:\/\/dogdeals.eu\/de\/product\/boykeep-uberwachungskamera-innen-2k-babyphone-mit-kamera-360-grad-wlan-indoor-hundekamera-mit-app-zwei-wege-audio-bewegungserkennung-nachtsicht\/#primaryimage\"},\"thumbnailUrl\":\"https:\/\/m.media-amazon.com\/images\/I\/41Az7tHxxGL.jpg\",\"datePublished\":\"2024-08-21T22:46:27+00:00\",\"dateModified\":\"2024-08-22T21:24:37+00:00\",\"description\":\"Discover top-quality dog essentials at DogDeals. Shop for nutritious food, fun toys, comfortable beds, and stylish accessories. Unleash the best deals for your furry friend and ensure their happiness and well-being with our premium picks!\",\"breadcrumb\":{\"@id\":\"https:\/\/dogdeals.eu\/de\/product\/boykeep-uberwachungskamera-innen-2k-babyphone-mit-kamera-360-grad-wlan-indoor-hundekamera-mit-app-zwei-wege-audio-bewegungserkennung-nachtsicht\/#breadcrumb\"},\"inLanguage\":\"en-US\",\"potentialAction\":[{\"@type\":\"ReadAction\",\"target\":[\"https:\/\/dogdeals.eu\/de\/product\/boykeep-uberwachungskamera-innen-2k-babyphone-mit-kamera-360-grad-wlan-indoor-hundekamera-mit-app-zwei-wege-audio-bewegungserkennung-nachtsicht\/\"]}]},{\"@type\":\"ImageObject\",\"inLanguage\":\"en-US\",\"@id\":\"https:\/\/dogdeals.eu\/de\/product\/boykeep-uberwachungskamera-innen-2k-babyphone-mit-kamera-360-grad-wlan-indoor-hundekamera-mit-app-zwei-wege-audio-bewegungserkennung-nachtsicht\/#primaryimage\",\"url\":\"https:\/\/m.media-amazon.com\/images\/I\/41Az7tHxxGL.jpg\",\"contentUrl\":\"https:\/\/m.media-amazon.com\/images\/I\/41Az7tHxxGL.jpg\",\"width\":500,\"height\":500},{\"@type\":\"BreadcrumbList\",\"@id\":\"https:\/\/dogdeals.eu\/de\/product\/boykeep-uberwachungskamera-innen-2k-babyphone-mit-kamera-360-grad-wlan-indoor-hundekamera-mit-app-zwei-wege-audio-bewegungserkennung-nachtsicht\/#breadcrumb\",\"itemListElement\":[{\"@type\":\"ListItem\",\"position\":1,\"name\":\"Home\",\"item\":\"https:\/\/dogdeals.eu\/de\/\"},{\"@type\":\"ListItem\",\"position\":2,\"name\":\"Shop\",\"item\":\"https:\/\/dogdeals.eu\/de\/shop\/\"},{\"@type\":\"ListItem\",\"position\":3,\"name\":\"BoyKeep \u00dcberwachungskamera Innen &#8211; 2K Babyphone mit Kamera, 360 Grad WLAN Indoor Hundekamera mit APP, Zwei-Wege-Audio, Bewegungserkennung, Nachtsicht\"}]},{\"@type\":\"WebSite\",\"@id\":\"https:\/\/dogdeals.eu\/de\/#website\",\"url\":\"https:\/\/dogdeals.eu\/de\/\",\"name\":\"DogDeals\",\"description\":\"Premium Dog Products at Unbeatable Prices\",\"publisher\":{\"@id\":\"https:\/\/dogdeals.eu\/de\/#organization\"},\"potentialAction\":[{\"@type\":\"SearchAction\",\"target\":{\"@type\":\"EntryPoint\",\"urlTemplate\":\"https:\/\/dogdeals.eu\/de\/?s={search_term_string}\"},\"query-input\":\"required name=search_term_string\"}],\"inLanguage\":\"en-US\"},{\"@type\":\"Organization\",\"@id\":\"https:\/\/dogdeals.eu\/de\/#organization\",\"name\":\"DogDeals\",\"url\":\"https:\/\/dogdeals.eu\/de\/\",\"logo\":{\"@type\":\"ImageObject\",\"inLanguage\":\"en-US\",\"@id\":\"https:\/\/dogdeals.eu\/de\/#\/schema\/logo\/image\/\",\"url\":\"https:\/\/dogdeals.eu\/de\/wp-content\/uploads\/2024\/06\/Screenshot-2024-06-10-at-6.35.37-PM.png\",\"contentUrl\":\"https:\/\/dogdeals.eu\/de\/wp-content\/uploads\/2024\/06\/Screenshot-2024-06-10-at-6.35.37-PM.png\",\"width\":2758,\"height\":978,\"caption\":\"DogDeals\"},\"image\":{\"@id\":\"https:\/\/dogdeals.eu\/de\/#\/schema\/logo\/image\/\"}}]}<\/script>\n<!-- \/ Yoast SEO plugin. -->","yoast_head_json":{"title":"BoyKeep \u00dcberwachungskamera Innen - 2K Babyphone mit Kamera, 360 Grad WLAN Indoor Hundekamera mit APP, Zwei-Wege-Audio, Bewegungserkennung, Nachtsicht - DogDeals","description":"Discover top-quality dog essentials at DogDeals. Shop for nutritious food, fun toys, comfortable beds, and stylish accessories. Unleash the best deals for your furry friend and ensure their happiness and well-being with our premium picks!","robots":{"index":"index","follow":"follow","max-snippet":"max-snippet:-1","max-image-preview":"max-image-preview:large","max-video-preview":"max-video-preview:-1"},"canonical":"https:\/\/dogdeals.eu\/de\/product\/boykeep-uberwachungskamera-innen-2k-babyphone-mit-kamera-360-grad-wlan-indoor-hundekamera-mit-app-zwei-wege-audio-bewegungserkennung-nachtsicht\/","og_locale":"en_US","og_type":"article","og_title":"BoyKeep \u00dcberwachungskamera Innen - 2K Babyphone mit Kamera, 360 Grad WLAN Indoor Hundekamera mit APP, Zwei-Wege-Audio, Bewegungserkennung, Nachtsicht - DogDeals","og_description":"Discover top-quality dog essentials at DogDeals. Shop for nutritious food, fun toys, comfortable beds, and stylish accessories. Unleash the best deals for your furry friend and ensure their happiness and well-being with our premium picks!","og_url":"https:\/\/dogdeals.eu\/de\/product\/boykeep-uberwachungskamera-innen-2k-babyphone-mit-kamera-360-grad-wlan-indoor-hundekamera-mit-app-zwei-wege-audio-bewegungserkennung-nachtsicht\/","og_site_name":"DogDeals","article_modified_time":"2024-08-22T21:24:37+00:00","og_image":[{"width":500,"height":500,"url":"https:\/\/m.media-amazon.com\/images\/I\/41Az7tHxxGL.jpg","type":"image\/jpeg"}],"twitter_card":"summary_large_image","twitter_misc":{"Est. reading time":"3 minutes"},"schema":{"@context":"https:\/\/schema.org","@graph":[{"@type":"WebPage","@id":"https:\/\/dogdeals.eu\/de\/product\/boykeep-uberwachungskamera-innen-2k-babyphone-mit-kamera-360-grad-wlan-indoor-hundekamera-mit-app-zwei-wege-audio-bewegungserkennung-nachtsicht\/","url":"https:\/\/dogdeals.eu\/de\/product\/boykeep-uberwachungskamera-innen-2k-babyphone-mit-kamera-360-grad-wlan-indoor-hundekamera-mit-app-zwei-wege-audio-bewegungserkennung-nachtsicht\/","name":"BoyKeep \u00dcberwachungskamera Innen - 2K Babyphone mit Kamera, 360 Grad WLAN Indoor Hundekamera mit APP, Zwei-Wege-Audio, Bewegungserkennung, Nachtsicht - DogDeals","isPartOf":{"@id":"https:\/\/dogdeals.eu\/de\/#website"},"primaryImageOfPage":{"@id":"https:\/\/dogdeals.eu\/de\/product\/boykeep-uberwachungskamera-innen-2k-babyphone-mit-kamera-360-grad-wlan-indoor-hundekamera-mit-app-zwei-wege-audio-bewegungserkennung-nachtsicht\/#primaryimage"},"image":{"@id":"https:\/\/dogdeals.eu\/de\/product\/boykeep-uberwachungskamera-innen-2k-babyphone-mit-kamera-360-grad-wlan-indoor-hundekamera-mit-app-zwei-wege-audio-bewegungserkennung-nachtsicht\/#primaryimage"},"thumbnailUrl":"https:\/\/m.media-amazon.com\/images\/I\/41Az7tHxxGL.jpg","datePublished":"2024-08-21T22:46:27+00:00","dateModified":"2024-08-22T21:24:37+00:00","description":"Discover top-quality dog essentials at DogDeals. Shop for nutritious food, fun toys, comfortable beds, and stylish accessories. Unleash the best deals for your furry friend and ensure their happiness and well-being with our premium picks!","breadcrumb":{"@id":"https:\/\/dogdeals.eu\/de\/product\/boykeep-uberwachungskamera-innen-2k-babyphone-mit-kamera-360-grad-wlan-indoor-hundekamera-mit-app-zwei-wege-audio-bewegungserkennung-nachtsicht\/#breadcrumb"},"inLanguage":"en-US","potentialAction":[{"@type":"ReadAction","target":["https:\/\/dogdeals.eu\/de\/product\/boykeep-uberwachungskamera-innen-2k-babyphone-mit-kamera-360-grad-wlan-indoor-hundekamera-mit-app-zwei-wege-audio-bewegungserkennung-nachtsicht\/"]}]},{"@type":"ImageObject","inLanguage":"en-US","@id":"https:\/\/dogdeals.eu\/de\/product\/boykeep-uberwachungskamera-innen-2k-babyphone-mit-kamera-360-grad-wlan-indoor-hundekamera-mit-app-zwei-wege-audio-bewegungserkennung-nachtsicht\/#primaryimage","url":"https:\/\/m.media-amazon.com\/images\/I\/41Az7tHxxGL.jpg","contentUrl":"https:\/\/m.media-amazon.com\/images\/I\/41Az7tHxxGL.jpg","width":500,"height":500},{"@type":"BreadcrumbList","@id":"https:\/\/dogdeals.eu\/de\/product\/boykeep-uberwachungskamera-innen-2k-babyphone-mit-kamera-360-grad-wlan-indoor-hundekamera-mit-app-zwei-wege-audio-bewegungserkennung-nachtsicht\/#breadcrumb","itemListElement":[{"@type":"ListItem","position":1,"name":"Home","item":"https:\/\/dogdeals.eu\/de\/"},{"@type":"ListItem","position":2,"name":"Shop","item":"https:\/\/dogdeals.eu\/de\/shop\/"},{"@type":"ListItem","position":3,"name":"BoyKeep \u00dcberwachungskamera Innen &#8211; 2K Babyphone mit Kamera, 360 Grad WLAN Indoor Hundekamera mit APP, Zwei-Wege-Audio, Bewegungserkennung, Nachtsicht"}]},{"@type":"WebSite","@id":"https:\/\/dogdeals.eu\/de\/#website","url":"https:\/\/dogdeals.eu\/de\/","name":"DogDeals","description":"Premium Dog Products at Unbeatable Prices","publisher":{"@id":"https:\/\/dogdeals.eu\/de\/#organization"},"potentialAction":[{"@type":"SearchAction","target":{"@type":"EntryPoint","urlTemplate":"https:\/\/dogdeals.eu\/de\/?s={search_term_string}"},"query-input":"required name=search_term_string"}],"inLanguage":"en-US"},{"@type":"Organization","@id":"https:\/\/dogdeals.eu\/de\/#organization","name":"DogDeals","url":"https:\/\/dogdeals.eu\/de\/","logo":{"@type":"ImageObject","inLanguage":"en-US","@id":"https:\/\/dogdeals.eu\/de\/#\/schema\/logo\/image\/","url":"https:\/\/dogdeals.eu\/de\/wp-content\/uploads\/2024\/06\/Screenshot-2024-06-10-at-6.35.37-PM.png","contentUrl":"https:\/\/dogdeals.eu\/de\/wp-content\/uploads\/2024\/06\/Screenshot-2024-06-10-at-6.35.37-PM.png","width":2758,"height":978,"caption":"DogDeals"},"image":{"@id":"https:\/\/dogdeals.eu\/de\/#\/schema\/logo\/image\/"}}]}},"_links":{"self":[{"href":"https:\/\/dogdeals.eu\/de\/wp-json\/wp\/v2\/product\/7254"}],"collection":[{"href":"https:\/\/dogdeals.eu\/de\/wp-json\/wp\/v2\/product"}],"about":[{"href":"https:\/\/dogdeals.eu\/de\/wp-json\/wp\/v2\/types\/product"}],"replies":[{"embeddable":true,"href":"https:\/\/dogdeals.eu\/de\/wp-json\/wp\/v2\/comments?post=7254"}],"wp:featuredmedia":[{"embeddable":true,"href":"https:\/\/dogdeals.eu\/de\/wp-json\/wp\/v2\/media\/7255"}],"wp:attachment":[{"href":"https:\/\/dogdeals.eu\/de\/wp-json\/wp\/v2\/media?parent=7254"}],"wp:term":[{"taxonomy":"store","embeddable":true,"href":"https:\/\/dogdeals.eu\/de\/wp-json\/wp\/v2\/store?post=7254"},{"taxonomy":"product_cat","embeddable":true,"href":"https:\/\/dogdeals.eu\/de\/wp-json\/wp\/v2\/product_cat?post=7254"},{"taxonomy":"product_tag","embeddable":true,"href":"https:\/\/dogdeals.eu\/de\/wp-json\/wp\/v2\/product_tag?post=7254"}],"curies":[{"name":"wp","href":"https:\/\/api.w.org\/{rel}","templated":true}]}}