{"id":7161,"date":"2024-08-21T22:39:53","date_gmt":"2024-08-21T22:39:53","guid":{"rendered":"https:\/\/dogdeals.eu\/de\/product\/doublefill-4-8-m-dog-agility-equipment-dog-agility-tunnel-with-sandbags-and-carry-bag-dog-tunnel-for-outdoor-indoor-backyard-agility-training-play-playground\/"},"modified":"2024-08-22T21:24:38","modified_gmt":"2024-08-22T21:24:38","slug":"doublefill-4-8-m-dog-agility-equipment-dog-agility-tunnel-with-sandbags-and-carry-bag-dog-tunnel-for-outdoor-indoor-backyard-agility-training-play-playground","status":"publish","type":"product","link":"https:\/\/dogdeals.eu\/de\/product\/doublefill-4-8-m-dog-agility-equipment-dog-agility-tunnel-with-sandbags-and-carry-bag-dog-tunnel-for-outdoor-indoor-backyard-agility-training-play-playground\/","title":{"rendered":"DoubleFill 4.8 m Dog Agility Equipment Dog Agility Tunnel with Sandbags and Carry Bag Dog Tunnel for Outdoor Indoor Backyard Agility Training Play Playground"},"content":{"rendered":"<p><!-- show up to 2 reviews by default --> <\/p>\n<h3> <span>Product description<\/span> <\/h3>\n<p> <span><br \/>Besonderheiten: <br \/>Verwandeln Sie das Coaching in eine ideale Spielaktivit\u00e4t mit unseren Hunde-Agility-Trainingsger\u00e4ten in leuchtendem Blau. Diese Farbe verbessert nicht nur die Sichtbarkeit Ihrer Hunde, sondern verleiht Ihrem Trainingsset auch einen Hauch von Lebendigkeit. Es ist die sch\u00f6ne Artwork, Ihr Beweglichkeitstraining aufzupeppen und es f\u00fcr Ihr Haustier \u00fcberzeugend zu machen. <br \/>Von Ihrem Wohnzimmer bis zum Park geht unser Hundetunnel Agility \u00fcberall hin, wo Sie es brauchen. Es ist das tragbare Werkzeug, das vielseitigen Service bietet, geeignet f\u00fcr den Innen- und Au\u00dfenbereich. Au\u00dferdem ist es ein Kinderspiel aufzustellen und aufzubewahren. Mit diesem Agility-Tunnel ist das Agility-Coaching f\u00fcr Haustiere noch viel bequemer. Trainieren Sie, wann Sie wollen, wo immer Sie wollen! <\/p>\n<p>Produktmerkmale: <br \/>Materials: 210D Oxford-Gewebe. <br \/>Farbe: Blau. <br \/>Gr\u00f6\u00dfe: <br \/>L\u00e4nge: ca. 4,8 m. <br \/>Durchmesser: ca. 61 cm. <\/p>\n<p>Paket enthalten: <br \/>1 x Agility-Tunnel f\u00fcr Hunde. <\/p>\n<p>Anmerkungen: <br \/>Manuelle Messung, bitte erlauben Sie leichte Fehler bei der Gr\u00f6\u00dfe. <br \/>Die Farbe kann aufgrund unterschiedlicher Bildschirmeinstellungen leicht abweichen.<\/span> <\/p>\n<h3> <span>Instructions<\/span> <\/h3>\n<p> <span>Erwachsene<\/span> <\/p>\n<p>Mehrwertiges Zubeh\u00f6r: Um eine m\u00fchelose Erfahrung zu erleichtern, enth\u00e4lt dieses Paket 1 Hunde-Agility-Tunnel, begleitet mit 2 stabilisierenden Sands\u00e4cken, 1 Tragetasche. Die Sands\u00e4cke sorgen daf\u00fcr, dass der Tunnel fest steht, w\u00e4hrend Ihr verspielter Associate durchl\u00e4uft, w\u00e4hrend die Tragetasche eine praktische Aufbewahrung und Tragbarkeit f\u00fcr Ihre Reisebed\u00fcrfnisse bietet<br \/>\nGenie\u00dfen Sie die Widerstandsf\u00e4higkeit: Mit einer Zusammensetzung aus 210D-Oxford-Tuch, fixiert mit Metall-Stahlring, stellt dieser Tunnel f\u00fcr Hunde eine Steadiness zwischen St\u00e4rke und Leichtigkeit dar. Very best f\u00fcr leichte Nutzung, das Materials sorgt f\u00fcr Langlebigkeit und h\u00e4lt dem verspielten Verhalten Ihres Haustieres stand. Unser Tunnel tr\u00e4gt einen herrlichen Blauton und h\u00e4lt Ihren Hund nicht nur besch\u00e4ftigt, sondern passt auch zu der \u00c4sthetik Ihres Hinterhofs<br \/>\nSorgf\u00e4ltige Gr\u00f6\u00dfe: Mit einer L\u00e4nge von 4,8 m und einem Durchmesser von 61 cm ist dieser Hundetunnel der sch\u00f6ne Spiel- und Trainingsplatz f\u00fcr Ihre Hunde. Diese Ma\u00dfe entsprechen den Requirements des Agility-Trainings, sind aber auch f\u00fcr das l\u00e4ssige Spielen geeignet, sodass Ihr Hund frei laufen, ducken und sich verstecken kann<br \/>\nEinfacher Aufbau und Aufbewahrung: Dieses Hundetrainingsger\u00e4t kann auf einfache Weise aufgebaut werden. Die Aufnahme einer Tragetasche erm\u00f6glicht eine einfache Lagerung und verbessert seine Tragbarkeit; Sands\u00e4cke halten Ihren Tunnel stabil und an Ort und Stelle; Sands\u00e4cke haben breite \u00d6ffnungen, um das Bef\u00fcllen mit Sand zu erleichtern (nicht im Lieferumfang enthalten), und kommen mit einem Griff f\u00fcr einfaches Tragen; egal ob Sie es drinnen oder drau\u00dfen verwenden, aufstellen oder wegpacken. be a breeze<br \/>\nVielseitiges Trainingsger\u00e4t: Very best f\u00fcr Beweglichkeitstraining, unser Agility-Tunnel dient als interaktives Werkzeug, das die Flexibilit\u00e4t und Beweglichkeit Ihres Haustieres erh\u00f6ht. Speziell f\u00fcr den Innen- und Au\u00dfenbereich entwickelt, bringt dieser vielseitige Tunnel die abenteuerliche Seite Ihres Hundes zur Geltung und bietet gleichzeitig eine Plattform, auf der Sie mit Ihrem Haustier in Verbindung bleiben k\u00f6nnen<br \/>\n<div class=\"main-cross-sell\" data-asin=\"B0D6G4FR9Y\">\n\n\t<div class=\"WooZone-cross-sell-loader\">\n\t\t<div>\n\t\t\t<div id=\"floatingBarsG\">\n\t\t\t\t<div class=\"blockG\" id=\"rotateG_01\"><\/div>\n\t\t\t\t<div class=\"blockG\" id=\"rotateG_02\"><\/div>\n\t\t\t\t<div class=\"blockG\" id=\"rotateG_03\"><\/div>\n\t\t\t\t<div class=\"blockG\" id=\"rotateG_04\"><\/div>\n\t\t\t\t<div class=\"blockG\" id=\"rotateG_05\"><\/div>\n\t\t\t\t<div class=\"blockG\" id=\"rotateG_06\"><\/div>\n\t\t\t\t<div class=\"blockG\" id=\"rotateG_07\"><\/div>\n\t\t\t\t<div class=\"blockG\" id=\"rotateG_08\"><\/div>\n\t\t\t<\/div>\n\t\t\t<div class=\"WooZone-cross-sell-loader-text\"><\/div>\n\t\t<\/div>\n\t<\/div>\n\n\t\t\n<\/div>\n<div style=\"clear:both;\"><\/div><\/p>\n","protected":false},"excerpt":{"rendered":"<p>Mehrwertiges Zubeh\u00f6r: Um eine m\u00fchelose Erfahrung zu erleichtern, enth\u00e4lt dieses Paket 1 Hunde-Agility-Tunnel, begleitet mit 2 stabilisierenden Sands\u00e4cken, 1 Tragetasche. Die Sands\u00e4cke sorgen daf\u00fcr, dass der Tunnel fest steht, w\u00e4hrend Ihr verspielter Partner durchl\u00e4uft, w\u00e4hrend die Tragetasche eine praktische Aufbewahrung und Tragbarkeit f\u00fcr Ihre Reisebed\u00fcrfnisse bietet<br \/>\nGenie\u00dfen Sie die Widerstandsf\u00e4higkeit: Mit einer Zusammensetzung aus 210D-Oxford-Tuch, fixiert mit Metall-Stahlring, stellt dieser Tunnel f\u00fcr Hunde eine Balance zwischen St\u00e4rke und Leichtigkeit dar. Ideal f\u00fcr leichte Nutzung, das Material sorgt f\u00fcr Langlebigkeit und h\u00e4lt dem verspielten Verhalten Ihres Haustieres stand. Unser Tunnel tr\u00e4gt einen herrlichen Blauton und h\u00e4lt Ihren Hund nicht nur besch\u00e4ftigt, sondern passt auch zu der \u00c4sthetik Ihres Hinterhofs<br \/>\nSorgf\u00e4ltige Gr\u00f6\u00dfe: Mit einer L\u00e4nge von 4,8 m und einem Durchmesser von 61 cm ist dieser Hundetunnel der sch\u00f6ne Spiel- und Trainingsplatz f\u00fcr Ihre Hunde. Diese Ma\u00dfe entsprechen den Standards des Agility-Trainings, sind aber auch f\u00fcr das l\u00e4ssige Spielen geeignet, sodass Ihr Hund frei laufen, ducken und sich verstecken kann<\/p>\n","protected":false},"featured_media":7162,"comment_status":"open","ping_status":"closed","template":"","meta":[],"store":[],"product_cat":[3581,28],"product_tag":[],"yoast_head":"<!-- This site is optimized with the Yoast SEO plugin v22.8 - https:\/\/yoast.com\/wordpress\/plugins\/seo\/ -->\n<title>DoubleFill 4.8 m Dog Agility Equipment Dog Agility Tunnel with Sandbags and Carry Bag Dog Tunnel for Outdoor Indoor Backyard Agility Training Play Playground - DogDeals<\/title>\n<meta name=\"description\" content=\"Discover top-quality dog essentials at DogDeals. Shop for nutritious food, fun toys, comfortable beds, and stylish accessories. Unleash the best deals for your furry friend and ensure their happiness and well-being with our premium picks!\" \/>\n<meta name=\"robots\" content=\"index, follow, max-snippet:-1, max-image-preview:large, max-video-preview:-1\" \/>\n<link rel=\"canonical\" href=\"https:\/\/dogdeals.eu\/de\/product\/doublefill-4-8-m-dog-agility-equipment-dog-agility-tunnel-with-sandbags-and-carry-bag-dog-tunnel-for-outdoor-indoor-backyard-agility-training-play-playground\/\" \/>\n<meta property=\"og:locale\" content=\"en_US\" \/>\n<meta property=\"og:type\" content=\"article\" \/>\n<meta property=\"og:title\" content=\"DoubleFill 4.8 m Dog Agility Equipment Dog Agility Tunnel with Sandbags and Carry Bag Dog Tunnel for Outdoor Indoor Backyard Agility Training Play Playground - DogDeals\" \/>\n<meta property=\"og:description\" content=\"Discover top-quality dog essentials at DogDeals. Shop for nutritious food, fun toys, comfortable beds, and stylish accessories. Unleash the best deals for your furry friend and ensure their happiness and well-being with our premium picks!\" \/>\n<meta property=\"og:url\" content=\"https:\/\/dogdeals.eu\/de\/product\/doublefill-4-8-m-dog-agility-equipment-dog-agility-tunnel-with-sandbags-and-carry-bag-dog-tunnel-for-outdoor-indoor-backyard-agility-training-play-playground\/\" \/>\n<meta property=\"og:site_name\" content=\"DogDeals\" \/>\n<meta property=\"article:modified_time\" content=\"2024-08-22T21:24:38+00:00\" \/>\n<meta property=\"og:image\" content=\"https:\/\/m.media-amazon.com\/images\/I\/31v-QwehokL.jpg\" \/>\n\t<meta property=\"og:image:width\" content=\"500\" \/>\n\t<meta property=\"og:image:height\" content=\"500\" \/>\n\t<meta property=\"og:image:type\" content=\"image\/jpeg\" \/>\n<meta name=\"twitter:card\" content=\"summary_large_image\" \/>\n<meta name=\"twitter:label1\" content=\"Est. reading time\" \/>\n\t<meta name=\"twitter:data1\" content=\"2 minutes\" \/>\n<script type=\"application\/ld+json\" class=\"yoast-schema-graph\">{\"@context\":\"https:\/\/schema.org\",\"@graph\":[{\"@type\":\"WebPage\",\"@id\":\"https:\/\/dogdeals.eu\/de\/product\/doublefill-4-8-m-dog-agility-equipment-dog-agility-tunnel-with-sandbags-and-carry-bag-dog-tunnel-for-outdoor-indoor-backyard-agility-training-play-playground\/\",\"url\":\"https:\/\/dogdeals.eu\/de\/product\/doublefill-4-8-m-dog-agility-equipment-dog-agility-tunnel-with-sandbags-and-carry-bag-dog-tunnel-for-outdoor-indoor-backyard-agility-training-play-playground\/\",\"name\":\"DoubleFill 4.8 m Dog Agility Equipment Dog Agility Tunnel with Sandbags and Carry Bag Dog Tunnel for Outdoor Indoor Backyard Agility Training Play Playground - DogDeals\",\"isPartOf\":{\"@id\":\"https:\/\/dogdeals.eu\/de\/#website\"},\"primaryImageOfPage\":{\"@id\":\"https:\/\/dogdeals.eu\/de\/product\/doublefill-4-8-m-dog-agility-equipment-dog-agility-tunnel-with-sandbags-and-carry-bag-dog-tunnel-for-outdoor-indoor-backyard-agility-training-play-playground\/#primaryimage\"},\"image\":{\"@id\":\"https:\/\/dogdeals.eu\/de\/product\/doublefill-4-8-m-dog-agility-equipment-dog-agility-tunnel-with-sandbags-and-carry-bag-dog-tunnel-for-outdoor-indoor-backyard-agility-training-play-playground\/#primaryimage\"},\"thumbnailUrl\":\"https:\/\/m.media-amazon.com\/images\/I\/31v-QwehokL.jpg\",\"datePublished\":\"2024-08-21T22:39:53+00:00\",\"dateModified\":\"2024-08-22T21:24:38+00:00\",\"description\":\"Discover top-quality dog essentials at DogDeals. Shop for nutritious food, fun toys, comfortable beds, and stylish accessories. Unleash the best deals for your furry friend and ensure their happiness and well-being with our premium picks!\",\"breadcrumb\":{\"@id\":\"https:\/\/dogdeals.eu\/de\/product\/doublefill-4-8-m-dog-agility-equipment-dog-agility-tunnel-with-sandbags-and-carry-bag-dog-tunnel-for-outdoor-indoor-backyard-agility-training-play-playground\/#breadcrumb\"},\"inLanguage\":\"en-US\",\"potentialAction\":[{\"@type\":\"ReadAction\",\"target\":[\"https:\/\/dogdeals.eu\/de\/product\/doublefill-4-8-m-dog-agility-equipment-dog-agility-tunnel-with-sandbags-and-carry-bag-dog-tunnel-for-outdoor-indoor-backyard-agility-training-play-playground\/\"]}]},{\"@type\":\"ImageObject\",\"inLanguage\":\"en-US\",\"@id\":\"https:\/\/dogdeals.eu\/de\/product\/doublefill-4-8-m-dog-agility-equipment-dog-agility-tunnel-with-sandbags-and-carry-bag-dog-tunnel-for-outdoor-indoor-backyard-agility-training-play-playground\/#primaryimage\",\"url\":\"https:\/\/m.media-amazon.com\/images\/I\/31v-QwehokL.jpg\",\"contentUrl\":\"https:\/\/m.media-amazon.com\/images\/I\/31v-QwehokL.jpg\",\"width\":500,\"height\":500},{\"@type\":\"BreadcrumbList\",\"@id\":\"https:\/\/dogdeals.eu\/de\/product\/doublefill-4-8-m-dog-agility-equipment-dog-agility-tunnel-with-sandbags-and-carry-bag-dog-tunnel-for-outdoor-indoor-backyard-agility-training-play-playground\/#breadcrumb\",\"itemListElement\":[{\"@type\":\"ListItem\",\"position\":1,\"name\":\"Home\",\"item\":\"https:\/\/dogdeals.eu\/de\/\"},{\"@type\":\"ListItem\",\"position\":2,\"name\":\"Shop\",\"item\":\"https:\/\/dogdeals.eu\/de\/shop\/\"},{\"@type\":\"ListItem\",\"position\":3,\"name\":\"DoubleFill 4.8 m Dog Agility Equipment Dog Agility Tunnel with Sandbags and Carry Bag Dog Tunnel for Outdoor Indoor Backyard Agility Training Play Playground\"}]},{\"@type\":\"WebSite\",\"@id\":\"https:\/\/dogdeals.eu\/de\/#website\",\"url\":\"https:\/\/dogdeals.eu\/de\/\",\"name\":\"DogDeals\",\"description\":\"Premium Dog Products at Unbeatable Prices\",\"publisher\":{\"@id\":\"https:\/\/dogdeals.eu\/de\/#organization\"},\"potentialAction\":[{\"@type\":\"SearchAction\",\"target\":{\"@type\":\"EntryPoint\",\"urlTemplate\":\"https:\/\/dogdeals.eu\/de\/?s={search_term_string}\"},\"query-input\":\"required name=search_term_string\"}],\"inLanguage\":\"en-US\"},{\"@type\":\"Organization\",\"@id\":\"https:\/\/dogdeals.eu\/de\/#organization\",\"name\":\"DogDeals\",\"url\":\"https:\/\/dogdeals.eu\/de\/\",\"logo\":{\"@type\":\"ImageObject\",\"inLanguage\":\"en-US\",\"@id\":\"https:\/\/dogdeals.eu\/de\/#\/schema\/logo\/image\/\",\"url\":\"https:\/\/dogdeals.eu\/de\/wp-content\/uploads\/2024\/06\/Screenshot-2024-06-10-at-6.35.37-PM.png\",\"contentUrl\":\"https:\/\/dogdeals.eu\/de\/wp-content\/uploads\/2024\/06\/Screenshot-2024-06-10-at-6.35.37-PM.png\",\"width\":2758,\"height\":978,\"caption\":\"DogDeals\"},\"image\":{\"@id\":\"https:\/\/dogdeals.eu\/de\/#\/schema\/logo\/image\/\"}}]}<\/script>\n<!-- \/ Yoast SEO plugin. -->","yoast_head_json":{"title":"DoubleFill 4.8 m Dog Agility Equipment Dog Agility Tunnel with Sandbags and Carry Bag Dog Tunnel for Outdoor Indoor Backyard Agility Training Play Playground - DogDeals","description":"Discover top-quality dog essentials at DogDeals. Shop for nutritious food, fun toys, comfortable beds, and stylish accessories. Unleash the best deals for your furry friend and ensure their happiness and well-being with our premium picks!","robots":{"index":"index","follow":"follow","max-snippet":"max-snippet:-1","max-image-preview":"max-image-preview:large","max-video-preview":"max-video-preview:-1"},"canonical":"https:\/\/dogdeals.eu\/de\/product\/doublefill-4-8-m-dog-agility-equipment-dog-agility-tunnel-with-sandbags-and-carry-bag-dog-tunnel-for-outdoor-indoor-backyard-agility-training-play-playground\/","og_locale":"en_US","og_type":"article","og_title":"DoubleFill 4.8 m Dog Agility Equipment Dog Agility Tunnel with Sandbags and Carry Bag Dog Tunnel for Outdoor Indoor Backyard Agility Training Play Playground - DogDeals","og_description":"Discover top-quality dog essentials at DogDeals. Shop for nutritious food, fun toys, comfortable beds, and stylish accessories. Unleash the best deals for your furry friend and ensure their happiness and well-being with our premium picks!","og_url":"https:\/\/dogdeals.eu\/de\/product\/doublefill-4-8-m-dog-agility-equipment-dog-agility-tunnel-with-sandbags-and-carry-bag-dog-tunnel-for-outdoor-indoor-backyard-agility-training-play-playground\/","og_site_name":"DogDeals","article_modified_time":"2024-08-22T21:24:38+00:00","og_image":[{"width":500,"height":500,"url":"https:\/\/m.media-amazon.com\/images\/I\/31v-QwehokL.jpg","type":"image\/jpeg"}],"twitter_card":"summary_large_image","twitter_misc":{"Est. reading time":"2 minutes"},"schema":{"@context":"https:\/\/schema.org","@graph":[{"@type":"WebPage","@id":"https:\/\/dogdeals.eu\/de\/product\/doublefill-4-8-m-dog-agility-equipment-dog-agility-tunnel-with-sandbags-and-carry-bag-dog-tunnel-for-outdoor-indoor-backyard-agility-training-play-playground\/","url":"https:\/\/dogdeals.eu\/de\/product\/doublefill-4-8-m-dog-agility-equipment-dog-agility-tunnel-with-sandbags-and-carry-bag-dog-tunnel-for-outdoor-indoor-backyard-agility-training-play-playground\/","name":"DoubleFill 4.8 m Dog Agility Equipment Dog Agility Tunnel with Sandbags and Carry Bag Dog Tunnel for Outdoor Indoor Backyard Agility Training Play Playground - DogDeals","isPartOf":{"@id":"https:\/\/dogdeals.eu\/de\/#website"},"primaryImageOfPage":{"@id":"https:\/\/dogdeals.eu\/de\/product\/doublefill-4-8-m-dog-agility-equipment-dog-agility-tunnel-with-sandbags-and-carry-bag-dog-tunnel-for-outdoor-indoor-backyard-agility-training-play-playground\/#primaryimage"},"image":{"@id":"https:\/\/dogdeals.eu\/de\/product\/doublefill-4-8-m-dog-agility-equipment-dog-agility-tunnel-with-sandbags-and-carry-bag-dog-tunnel-for-outdoor-indoor-backyard-agility-training-play-playground\/#primaryimage"},"thumbnailUrl":"https:\/\/m.media-amazon.com\/images\/I\/31v-QwehokL.jpg","datePublished":"2024-08-21T22:39:53+00:00","dateModified":"2024-08-22T21:24:38+00:00","description":"Discover top-quality dog essentials at DogDeals. Shop for nutritious food, fun toys, comfortable beds, and stylish accessories. Unleash the best deals for your furry friend and ensure their happiness and well-being with our premium picks!","breadcrumb":{"@id":"https:\/\/dogdeals.eu\/de\/product\/doublefill-4-8-m-dog-agility-equipment-dog-agility-tunnel-with-sandbags-and-carry-bag-dog-tunnel-for-outdoor-indoor-backyard-agility-training-play-playground\/#breadcrumb"},"inLanguage":"en-US","potentialAction":[{"@type":"ReadAction","target":["https:\/\/dogdeals.eu\/de\/product\/doublefill-4-8-m-dog-agility-equipment-dog-agility-tunnel-with-sandbags-and-carry-bag-dog-tunnel-for-outdoor-indoor-backyard-agility-training-play-playground\/"]}]},{"@type":"ImageObject","inLanguage":"en-US","@id":"https:\/\/dogdeals.eu\/de\/product\/doublefill-4-8-m-dog-agility-equipment-dog-agility-tunnel-with-sandbags-and-carry-bag-dog-tunnel-for-outdoor-indoor-backyard-agility-training-play-playground\/#primaryimage","url":"https:\/\/m.media-amazon.com\/images\/I\/31v-QwehokL.jpg","contentUrl":"https:\/\/m.media-amazon.com\/images\/I\/31v-QwehokL.jpg","width":500,"height":500},{"@type":"BreadcrumbList","@id":"https:\/\/dogdeals.eu\/de\/product\/doublefill-4-8-m-dog-agility-equipment-dog-agility-tunnel-with-sandbags-and-carry-bag-dog-tunnel-for-outdoor-indoor-backyard-agility-training-play-playground\/#breadcrumb","itemListElement":[{"@type":"ListItem","position":1,"name":"Home","item":"https:\/\/dogdeals.eu\/de\/"},{"@type":"ListItem","position":2,"name":"Shop","item":"https:\/\/dogdeals.eu\/de\/shop\/"},{"@type":"ListItem","position":3,"name":"DoubleFill 4.8 m Dog Agility Equipment Dog Agility Tunnel with Sandbags and Carry Bag Dog Tunnel for Outdoor Indoor Backyard Agility Training Play Playground"}]},{"@type":"WebSite","@id":"https:\/\/dogdeals.eu\/de\/#website","url":"https:\/\/dogdeals.eu\/de\/","name":"DogDeals","description":"Premium Dog Products at Unbeatable Prices","publisher":{"@id":"https:\/\/dogdeals.eu\/de\/#organization"},"potentialAction":[{"@type":"SearchAction","target":{"@type":"EntryPoint","urlTemplate":"https:\/\/dogdeals.eu\/de\/?s={search_term_string}"},"query-input":"required name=search_term_string"}],"inLanguage":"en-US"},{"@type":"Organization","@id":"https:\/\/dogdeals.eu\/de\/#organization","name":"DogDeals","url":"https:\/\/dogdeals.eu\/de\/","logo":{"@type":"ImageObject","inLanguage":"en-US","@id":"https:\/\/dogdeals.eu\/de\/#\/schema\/logo\/image\/","url":"https:\/\/dogdeals.eu\/de\/wp-content\/uploads\/2024\/06\/Screenshot-2024-06-10-at-6.35.37-PM.png","contentUrl":"https:\/\/dogdeals.eu\/de\/wp-content\/uploads\/2024\/06\/Screenshot-2024-06-10-at-6.35.37-PM.png","width":2758,"height":978,"caption":"DogDeals"},"image":{"@id":"https:\/\/dogdeals.eu\/de\/#\/schema\/logo\/image\/"}}]}},"_links":{"self":[{"href":"https:\/\/dogdeals.eu\/de\/wp-json\/wp\/v2\/product\/7161"}],"collection":[{"href":"https:\/\/dogdeals.eu\/de\/wp-json\/wp\/v2\/product"}],"about":[{"href":"https:\/\/dogdeals.eu\/de\/wp-json\/wp\/v2\/types\/product"}],"replies":[{"embeddable":true,"href":"https:\/\/dogdeals.eu\/de\/wp-json\/wp\/v2\/comments?post=7161"}],"wp:featuredmedia":[{"embeddable":true,"href":"https:\/\/dogdeals.eu\/de\/wp-json\/wp\/v2\/media\/7162"}],"wp:attachment":[{"href":"https:\/\/dogdeals.eu\/de\/wp-json\/wp\/v2\/media?parent=7161"}],"wp:term":[{"taxonomy":"store","embeddable":true,"href":"https:\/\/dogdeals.eu\/de\/wp-json\/wp\/v2\/store?post=7161"},{"taxonomy":"product_cat","embeddable":true,"href":"https:\/\/dogdeals.eu\/de\/wp-json\/wp\/v2\/product_cat?post=7161"},{"taxonomy":"product_tag","embeddable":true,"href":"https:\/\/dogdeals.eu\/de\/wp-json\/wp\/v2\/product_tag?post=7161"}],"curies":[{"name":"wp","href":"https:\/\/api.w.org\/{rel}","templated":true}]}}