{"id":7145,"date":"2024-08-21T22:39:50","date_gmt":"2024-08-21T22:39:50","guid":{"rendered":"https:\/\/dogdeals.eu\/de\/product\/agility-trainingsgerate-set-fur-hunde-premium-ubungsset-mit-sprung-hurden-rollo-standard-tunnel-und-gewebten-stangen-inklusive-tragetasche\/"},"modified":"2024-08-22T21:24:39","modified_gmt":"2024-08-22T21:24:39","slug":"agility-trainingsgerate-set-fur-hunde-premium-ubungsset-mit-sprung-hurden-rollo-standard-tunnel-und-gewebten-stangen-inklusive-tragetasche","status":"publish","type":"product","link":"https:\/\/dogdeals.eu\/de\/product\/agility-trainingsgerate-set-fur-hunde-premium-ubungsset-mit-sprung-hurden-rollo-standard-tunnel-und-gewebten-stangen-inklusive-tragetasche\/","title":{"rendered":"Agility-Trainingsger\u00e4te-Set f\u00fcr Hunde, Premium-\u00dcbungsset mit Sprung-, H\u00fcrden-, Rollo-, Standard-Tunnel und gewebten Stangen, inklusive Tragetasche"},"content":{"rendered":"<p><!-- show up to 2 reviews by default --> <\/p>\n<p> <span>68,6 x 68,6 x 16,5 cm; 9,1 kg. Verbessern Sie die t\u00e4gliche Trainingsroutine Ihres Hundes mit unserem vielseitigen und langlebigen Agility-Trainingsset f\u00fcr Hunde.<\/span> <\/p>\n<p>Optimieren Sie das Agility-Coaching Ihres Hundes im Innen- und Au\u00dfenbereich mit unserem 7-teiligen Set! Halten Sie Ihren Welpen das ganze Jahr \u00fcber aktiv und in Kind, egal ob zu Hause oder im Park.<br \/>\nVerf\u00fcgt \u00fcber zwei Hunde-Tunnel: Dieses Set enth\u00e4lt einen Customary-Tunnel und einen Blindtunnel f\u00fcr zus\u00e4tzliche geistige und k\u00f6rperliche Stimulation f\u00fcr Ihren pelzigen Freund.<br \/>\nHergestellt aus hochwertigen Materialien: Unsere Hunde-Agility-Ausr\u00fcstung ist aus langlebigen Materialien hergestellt, um lang anhaltenden Spa\u00df und Unterhaltung zu gew\u00e4hrleisten.<br \/>\nSchneller Aufbau und einfache Lagerung: Das Einrichten eines Hindernisparcours ist ein Kinderspiel mit unserer praktischen Tragetasche f\u00fcr Transport und Aufbewahrung. Die Tasche enth\u00e4lt Griffe f\u00fcr den einfachen Transport zu verschiedenen Orten.<br \/>\nVielseitige Trainingsm\u00f6glichkeiten \u2013 mit geflochtenen Stangen, Pausenbox, Tunnel, Blindlauf, Spr\u00fcngen und Hundegehege gibt es viele \u00dcbungsm\u00f6glichkeiten f\u00fcr eine Vielzahl von Hunden f\u00fcr die t\u00e4gliche Health-Routine.<br \/>\n<div class=\"main-cross-sell\" data-asin=\"B0DD6RCF8R\">\n\n\t<div class=\"WooZone-cross-sell-loader\">\n\t\t<div>\n\t\t\t<div id=\"floatingBarsG\">\n\t\t\t\t<div class=\"blockG\" id=\"rotateG_01\"><\/div>\n\t\t\t\t<div class=\"blockG\" id=\"rotateG_02\"><\/div>\n\t\t\t\t<div class=\"blockG\" id=\"rotateG_03\"><\/div>\n\t\t\t\t<div class=\"blockG\" id=\"rotateG_04\"><\/div>\n\t\t\t\t<div class=\"blockG\" id=\"rotateG_05\"><\/div>\n\t\t\t\t<div class=\"blockG\" id=\"rotateG_06\"><\/div>\n\t\t\t\t<div class=\"blockG\" id=\"rotateG_07\"><\/div>\n\t\t\t\t<div class=\"blockG\" id=\"rotateG_08\"><\/div>\n\t\t\t<\/div>\n\t\t\t<div class=\"WooZone-cross-sell-loader-text\"><\/div>\n\t\t<\/div>\n\t<\/div>\n\n\t\t\n<\/div>\n<div style=\"clear:both;\"><\/div><\/p>\n","protected":false},"excerpt":{"rendered":"<p>Optimieren Sie das Agility-Training Ihres Hundes im Innen- und Au\u00dfenbereich mit unserem 7-teiligen Set! Halten Sie Ihren Welpen das ganze Jahr \u00fcber aktiv und in Form, egal ob zu Hause oder im Park.<br \/>\nVerf\u00fcgt \u00fcber zwei Hunde-Tunnel: Dieses Set enth\u00e4lt einen Standard-Tunnel und einen Blindtunnel f\u00fcr zus\u00e4tzliche geistige und k\u00f6rperliche Stimulation f\u00fcr Ihren pelzigen Freund.<br \/>\nHergestellt aus hochwertigen Materialien: Unsere Hunde-Agility-Ausr\u00fcstung ist aus langlebigen Materialien hergestellt, um lang anhaltenden Spa\u00df und Unterhaltung zu gew\u00e4hrleisten.<\/p>\n","protected":false},"featured_media":7146,"comment_status":"open","ping_status":"closed","template":"","meta":[],"store":[],"product_cat":[3581,28],"product_tag":[],"yoast_head":"<!-- This site is optimized with the Yoast SEO plugin v22.8 - https:\/\/yoast.com\/wordpress\/plugins\/seo\/ -->\n<title>Agility-Trainingsger\u00e4te-Set f\u00fcr Hunde, Premium-\u00dcbungsset mit Sprung-, H\u00fcrden-, Rollo-, Standard-Tunnel und gewebten Stangen, inklusive Tragetasche - DogDeals<\/title>\n<meta name=\"description\" content=\"Discover top-quality dog essentials at DogDeals. Shop for nutritious food, fun toys, comfortable beds, and stylish accessories. Unleash the best deals for your furry friend and ensure their happiness and well-being with our premium picks!\" \/>\n<meta name=\"robots\" content=\"index, follow, max-snippet:-1, max-image-preview:large, max-video-preview:-1\" \/>\n<link rel=\"canonical\" href=\"https:\/\/dogdeals.eu\/de\/product\/agility-trainingsgerate-set-fur-hunde-premium-ubungsset-mit-sprung-hurden-rollo-standard-tunnel-und-gewebten-stangen-inklusive-tragetasche\/\" \/>\n<meta property=\"og:locale\" content=\"en_US\" \/>\n<meta property=\"og:type\" content=\"article\" \/>\n<meta property=\"og:title\" content=\"Agility-Trainingsger\u00e4te-Set f\u00fcr Hunde, Premium-\u00dcbungsset mit Sprung-, H\u00fcrden-, Rollo-, Standard-Tunnel und gewebten Stangen, inklusive Tragetasche - DogDeals\" \/>\n<meta property=\"og:description\" content=\"Discover top-quality dog essentials at DogDeals. Shop for nutritious food, fun toys, comfortable beds, and stylish accessories. Unleash the best deals for your furry friend and ensure their happiness and well-being with our premium picks!\" \/>\n<meta property=\"og:url\" content=\"https:\/\/dogdeals.eu\/de\/product\/agility-trainingsgerate-set-fur-hunde-premium-ubungsset-mit-sprung-hurden-rollo-standard-tunnel-und-gewebten-stangen-inklusive-tragetasche\/\" \/>\n<meta property=\"og:site_name\" content=\"DogDeals\" \/>\n<meta property=\"article:modified_time\" content=\"2024-08-22T21:24:39+00:00\" \/>\n<meta property=\"og:image\" content=\"https:\/\/m.media-amazon.com\/images\/I\/51KvSXZ1u6L.jpg\" \/>\n\t<meta property=\"og:image:width\" content=\"500\" \/>\n\t<meta property=\"og:image:height\" content=\"500\" \/>\n\t<meta property=\"og:image:type\" content=\"image\/jpeg\" \/>\n<meta name=\"twitter:card\" content=\"summary_large_image\" \/>\n<meta name=\"twitter:label1\" content=\"Est. reading time\" \/>\n\t<meta name=\"twitter:data1\" content=\"1 minute\" \/>\n<script type=\"application\/ld+json\" class=\"yoast-schema-graph\">{\"@context\":\"https:\/\/schema.org\",\"@graph\":[{\"@type\":\"WebPage\",\"@id\":\"https:\/\/dogdeals.eu\/de\/product\/agility-trainingsgerate-set-fur-hunde-premium-ubungsset-mit-sprung-hurden-rollo-standard-tunnel-und-gewebten-stangen-inklusive-tragetasche\/\",\"url\":\"https:\/\/dogdeals.eu\/de\/product\/agility-trainingsgerate-set-fur-hunde-premium-ubungsset-mit-sprung-hurden-rollo-standard-tunnel-und-gewebten-stangen-inklusive-tragetasche\/\",\"name\":\"Agility-Trainingsger\u00e4te-Set f\u00fcr Hunde, Premium-\u00dcbungsset mit Sprung-, H\u00fcrden-, Rollo-, Standard-Tunnel und gewebten Stangen, inklusive Tragetasche - DogDeals\",\"isPartOf\":{\"@id\":\"https:\/\/dogdeals.eu\/de\/#website\"},\"primaryImageOfPage\":{\"@id\":\"https:\/\/dogdeals.eu\/de\/product\/agility-trainingsgerate-set-fur-hunde-premium-ubungsset-mit-sprung-hurden-rollo-standard-tunnel-und-gewebten-stangen-inklusive-tragetasche\/#primaryimage\"},\"image\":{\"@id\":\"https:\/\/dogdeals.eu\/de\/product\/agility-trainingsgerate-set-fur-hunde-premium-ubungsset-mit-sprung-hurden-rollo-standard-tunnel-und-gewebten-stangen-inklusive-tragetasche\/#primaryimage\"},\"thumbnailUrl\":\"https:\/\/m.media-amazon.com\/images\/I\/51KvSXZ1u6L.jpg\",\"datePublished\":\"2024-08-21T22:39:50+00:00\",\"dateModified\":\"2024-08-22T21:24:39+00:00\",\"description\":\"Discover top-quality dog essentials at DogDeals. Shop for nutritious food, fun toys, comfortable beds, and stylish accessories. Unleash the best deals for your furry friend and ensure their happiness and well-being with our premium picks!\",\"breadcrumb\":{\"@id\":\"https:\/\/dogdeals.eu\/de\/product\/agility-trainingsgerate-set-fur-hunde-premium-ubungsset-mit-sprung-hurden-rollo-standard-tunnel-und-gewebten-stangen-inklusive-tragetasche\/#breadcrumb\"},\"inLanguage\":\"en-US\",\"potentialAction\":[{\"@type\":\"ReadAction\",\"target\":[\"https:\/\/dogdeals.eu\/de\/product\/agility-trainingsgerate-set-fur-hunde-premium-ubungsset-mit-sprung-hurden-rollo-standard-tunnel-und-gewebten-stangen-inklusive-tragetasche\/\"]}]},{\"@type\":\"ImageObject\",\"inLanguage\":\"en-US\",\"@id\":\"https:\/\/dogdeals.eu\/de\/product\/agility-trainingsgerate-set-fur-hunde-premium-ubungsset-mit-sprung-hurden-rollo-standard-tunnel-und-gewebten-stangen-inklusive-tragetasche\/#primaryimage\",\"url\":\"https:\/\/m.media-amazon.com\/images\/I\/51KvSXZ1u6L.jpg\",\"contentUrl\":\"https:\/\/m.media-amazon.com\/images\/I\/51KvSXZ1u6L.jpg\",\"width\":500,\"height\":500},{\"@type\":\"BreadcrumbList\",\"@id\":\"https:\/\/dogdeals.eu\/de\/product\/agility-trainingsgerate-set-fur-hunde-premium-ubungsset-mit-sprung-hurden-rollo-standard-tunnel-und-gewebten-stangen-inklusive-tragetasche\/#breadcrumb\",\"itemListElement\":[{\"@type\":\"ListItem\",\"position\":1,\"name\":\"Home\",\"item\":\"https:\/\/dogdeals.eu\/de\/\"},{\"@type\":\"ListItem\",\"position\":2,\"name\":\"Shop\",\"item\":\"https:\/\/dogdeals.eu\/de\/shop\/\"},{\"@type\":\"ListItem\",\"position\":3,\"name\":\"Agility-Trainingsger\u00e4te-Set f\u00fcr Hunde, Premium-\u00dcbungsset mit Sprung-, H\u00fcrden-, Rollo-, Standard-Tunnel und gewebten Stangen, inklusive Tragetasche\"}]},{\"@type\":\"WebSite\",\"@id\":\"https:\/\/dogdeals.eu\/de\/#website\",\"url\":\"https:\/\/dogdeals.eu\/de\/\",\"name\":\"DogDeals\",\"description\":\"Premium Dog Products at Unbeatable Prices\",\"publisher\":{\"@id\":\"https:\/\/dogdeals.eu\/de\/#organization\"},\"potentialAction\":[{\"@type\":\"SearchAction\",\"target\":{\"@type\":\"EntryPoint\",\"urlTemplate\":\"https:\/\/dogdeals.eu\/de\/?s={search_term_string}\"},\"query-input\":\"required name=search_term_string\"}],\"inLanguage\":\"en-US\"},{\"@type\":\"Organization\",\"@id\":\"https:\/\/dogdeals.eu\/de\/#organization\",\"name\":\"DogDeals\",\"url\":\"https:\/\/dogdeals.eu\/de\/\",\"logo\":{\"@type\":\"ImageObject\",\"inLanguage\":\"en-US\",\"@id\":\"https:\/\/dogdeals.eu\/de\/#\/schema\/logo\/image\/\",\"url\":\"https:\/\/dogdeals.eu\/de\/wp-content\/uploads\/2024\/06\/Screenshot-2024-06-10-at-6.35.37-PM.png\",\"contentUrl\":\"https:\/\/dogdeals.eu\/de\/wp-content\/uploads\/2024\/06\/Screenshot-2024-06-10-at-6.35.37-PM.png\",\"width\":2758,\"height\":978,\"caption\":\"DogDeals\"},\"image\":{\"@id\":\"https:\/\/dogdeals.eu\/de\/#\/schema\/logo\/image\/\"}}]}<\/script>\n<!-- \/ Yoast SEO plugin. -->","yoast_head_json":{"title":"Agility-Trainingsger\u00e4te-Set f\u00fcr Hunde, Premium-\u00dcbungsset mit Sprung-, H\u00fcrden-, Rollo-, Standard-Tunnel und gewebten Stangen, inklusive Tragetasche - DogDeals","description":"Discover top-quality dog essentials at DogDeals. Shop for nutritious food, fun toys, comfortable beds, and stylish accessories. Unleash the best deals for your furry friend and ensure their happiness and well-being with our premium picks!","robots":{"index":"index","follow":"follow","max-snippet":"max-snippet:-1","max-image-preview":"max-image-preview:large","max-video-preview":"max-video-preview:-1"},"canonical":"https:\/\/dogdeals.eu\/de\/product\/agility-trainingsgerate-set-fur-hunde-premium-ubungsset-mit-sprung-hurden-rollo-standard-tunnel-und-gewebten-stangen-inklusive-tragetasche\/","og_locale":"en_US","og_type":"article","og_title":"Agility-Trainingsger\u00e4te-Set f\u00fcr Hunde, Premium-\u00dcbungsset mit Sprung-, H\u00fcrden-, Rollo-, Standard-Tunnel und gewebten Stangen, inklusive Tragetasche - DogDeals","og_description":"Discover top-quality dog essentials at DogDeals. Shop for nutritious food, fun toys, comfortable beds, and stylish accessories. Unleash the best deals for your furry friend and ensure their happiness and well-being with our premium picks!","og_url":"https:\/\/dogdeals.eu\/de\/product\/agility-trainingsgerate-set-fur-hunde-premium-ubungsset-mit-sprung-hurden-rollo-standard-tunnel-und-gewebten-stangen-inklusive-tragetasche\/","og_site_name":"DogDeals","article_modified_time":"2024-08-22T21:24:39+00:00","og_image":[{"width":500,"height":500,"url":"https:\/\/m.media-amazon.com\/images\/I\/51KvSXZ1u6L.jpg","type":"image\/jpeg"}],"twitter_card":"summary_large_image","twitter_misc":{"Est. reading time":"1 minute"},"schema":{"@context":"https:\/\/schema.org","@graph":[{"@type":"WebPage","@id":"https:\/\/dogdeals.eu\/de\/product\/agility-trainingsgerate-set-fur-hunde-premium-ubungsset-mit-sprung-hurden-rollo-standard-tunnel-und-gewebten-stangen-inklusive-tragetasche\/","url":"https:\/\/dogdeals.eu\/de\/product\/agility-trainingsgerate-set-fur-hunde-premium-ubungsset-mit-sprung-hurden-rollo-standard-tunnel-und-gewebten-stangen-inklusive-tragetasche\/","name":"Agility-Trainingsger\u00e4te-Set f\u00fcr Hunde, Premium-\u00dcbungsset mit Sprung-, H\u00fcrden-, Rollo-, Standard-Tunnel und gewebten Stangen, inklusive Tragetasche - DogDeals","isPartOf":{"@id":"https:\/\/dogdeals.eu\/de\/#website"},"primaryImageOfPage":{"@id":"https:\/\/dogdeals.eu\/de\/product\/agility-trainingsgerate-set-fur-hunde-premium-ubungsset-mit-sprung-hurden-rollo-standard-tunnel-und-gewebten-stangen-inklusive-tragetasche\/#primaryimage"},"image":{"@id":"https:\/\/dogdeals.eu\/de\/product\/agility-trainingsgerate-set-fur-hunde-premium-ubungsset-mit-sprung-hurden-rollo-standard-tunnel-und-gewebten-stangen-inklusive-tragetasche\/#primaryimage"},"thumbnailUrl":"https:\/\/m.media-amazon.com\/images\/I\/51KvSXZ1u6L.jpg","datePublished":"2024-08-21T22:39:50+00:00","dateModified":"2024-08-22T21:24:39+00:00","description":"Discover top-quality dog essentials at DogDeals. Shop for nutritious food, fun toys, comfortable beds, and stylish accessories. Unleash the best deals for your furry friend and ensure their happiness and well-being with our premium picks!","breadcrumb":{"@id":"https:\/\/dogdeals.eu\/de\/product\/agility-trainingsgerate-set-fur-hunde-premium-ubungsset-mit-sprung-hurden-rollo-standard-tunnel-und-gewebten-stangen-inklusive-tragetasche\/#breadcrumb"},"inLanguage":"en-US","potentialAction":[{"@type":"ReadAction","target":["https:\/\/dogdeals.eu\/de\/product\/agility-trainingsgerate-set-fur-hunde-premium-ubungsset-mit-sprung-hurden-rollo-standard-tunnel-und-gewebten-stangen-inklusive-tragetasche\/"]}]},{"@type":"ImageObject","inLanguage":"en-US","@id":"https:\/\/dogdeals.eu\/de\/product\/agility-trainingsgerate-set-fur-hunde-premium-ubungsset-mit-sprung-hurden-rollo-standard-tunnel-und-gewebten-stangen-inklusive-tragetasche\/#primaryimage","url":"https:\/\/m.media-amazon.com\/images\/I\/51KvSXZ1u6L.jpg","contentUrl":"https:\/\/m.media-amazon.com\/images\/I\/51KvSXZ1u6L.jpg","width":500,"height":500},{"@type":"BreadcrumbList","@id":"https:\/\/dogdeals.eu\/de\/product\/agility-trainingsgerate-set-fur-hunde-premium-ubungsset-mit-sprung-hurden-rollo-standard-tunnel-und-gewebten-stangen-inklusive-tragetasche\/#breadcrumb","itemListElement":[{"@type":"ListItem","position":1,"name":"Home","item":"https:\/\/dogdeals.eu\/de\/"},{"@type":"ListItem","position":2,"name":"Shop","item":"https:\/\/dogdeals.eu\/de\/shop\/"},{"@type":"ListItem","position":3,"name":"Agility-Trainingsger\u00e4te-Set f\u00fcr Hunde, Premium-\u00dcbungsset mit Sprung-, H\u00fcrden-, Rollo-, Standard-Tunnel und gewebten Stangen, inklusive Tragetasche"}]},{"@type":"WebSite","@id":"https:\/\/dogdeals.eu\/de\/#website","url":"https:\/\/dogdeals.eu\/de\/","name":"DogDeals","description":"Premium Dog Products at Unbeatable Prices","publisher":{"@id":"https:\/\/dogdeals.eu\/de\/#organization"},"potentialAction":[{"@type":"SearchAction","target":{"@type":"EntryPoint","urlTemplate":"https:\/\/dogdeals.eu\/de\/?s={search_term_string}"},"query-input":"required name=search_term_string"}],"inLanguage":"en-US"},{"@type":"Organization","@id":"https:\/\/dogdeals.eu\/de\/#organization","name":"DogDeals","url":"https:\/\/dogdeals.eu\/de\/","logo":{"@type":"ImageObject","inLanguage":"en-US","@id":"https:\/\/dogdeals.eu\/de\/#\/schema\/logo\/image\/","url":"https:\/\/dogdeals.eu\/de\/wp-content\/uploads\/2024\/06\/Screenshot-2024-06-10-at-6.35.37-PM.png","contentUrl":"https:\/\/dogdeals.eu\/de\/wp-content\/uploads\/2024\/06\/Screenshot-2024-06-10-at-6.35.37-PM.png","width":2758,"height":978,"caption":"DogDeals"},"image":{"@id":"https:\/\/dogdeals.eu\/de\/#\/schema\/logo\/image\/"}}]}},"_links":{"self":[{"href":"https:\/\/dogdeals.eu\/de\/wp-json\/wp\/v2\/product\/7145"}],"collection":[{"href":"https:\/\/dogdeals.eu\/de\/wp-json\/wp\/v2\/product"}],"about":[{"href":"https:\/\/dogdeals.eu\/de\/wp-json\/wp\/v2\/types\/product"}],"replies":[{"embeddable":true,"href":"https:\/\/dogdeals.eu\/de\/wp-json\/wp\/v2\/comments?post=7145"}],"wp:featuredmedia":[{"embeddable":true,"href":"https:\/\/dogdeals.eu\/de\/wp-json\/wp\/v2\/media\/7146"}],"wp:attachment":[{"href":"https:\/\/dogdeals.eu\/de\/wp-json\/wp\/v2\/media?parent=7145"}],"wp:term":[{"taxonomy":"store","embeddable":true,"href":"https:\/\/dogdeals.eu\/de\/wp-json\/wp\/v2\/store?post=7145"},{"taxonomy":"product_cat","embeddable":true,"href":"https:\/\/dogdeals.eu\/de\/wp-json\/wp\/v2\/product_cat?post=7145"},{"taxonomy":"product_tag","embeddable":true,"href":"https:\/\/dogdeals.eu\/de\/wp-json\/wp\/v2\/product_tag?post=7145"}],"curies":[{"name":"wp","href":"https:\/\/api.w.org\/{rel}","templated":true}]}}