{"id":6855,"date":"2024-07-09T18:19:33","date_gmt":"2024-07-09T18:19:33","guid":{"rendered":"https:\/\/dogdeals.eu\/de\/product\/wooneky-futternapf-gegen-ersticken-langsamer-futterautomat-verlangsamung-des-hundenapfs-fressnapfe-fur-hunde-slow-feeder-napf-fur-katzen-langsamer-futternapf-fur-haustiere-katzennapfe-abs\/"},"modified":"2024-07-09T18:19:33","modified_gmt":"2024-07-09T18:19:33","slug":"wooneky-futternapf-gegen-ersticken-langsamer-futterautomat-verlangsamung-des-hundenapfs-fressnapfe-fur-hunde-slow-feeder-napf-fur-katzen-langsamer-futternapf-fur-haustiere-katzennapfe-abs","status":"publish","type":"product","link":"https:\/\/dogdeals.eu\/de\/product\/wooneky-futternapf-gegen-ersticken-langsamer-futterautomat-verlangsamung-des-hundenapfs-fressnapfe-fur-hunde-slow-feeder-napf-fur-katzen-langsamer-futternapf-fur-haustiere-katzennapfe-abs\/","title":{"rendered":"WOONEKY Futternapf Gegen Ersticken Langsamer Futterautomat Verlangsamung des Hundenapfs Fressn\u00e4pfe F\u00fcr Hunde Slow Feeder Napf F\u00fcr Katzen Langsamer Futternapf F\u00fcr Haustiere Katzenn\u00e4pfe Abs"},"content":{"rendered":"<p><!-- show up to 2 reviews by default --> <\/p>\n<p> <span class=\"a-text-bold\">Paketliste<\/span><span><br \/> 1 x Gradual Feeder f\u00fcr Hunde<\/p>\n<p><\/span><span class=\"a-text-bold\">Eigenschaften<\/span><span><br \/> -Farbe: hellgr\u00fcner Heimtierbedarf<br \/>-Materials: ABS Gradual Feeder f\u00fcr Katzen<br \/>-Gr\u00f6\u00dfe: 27,50 x 27,50 x 4,50 cm\/10,81 x 10,81 x 1 Bodenhund Sch\u00fcssel.<br \/>\u2013 verhindert versehentliches Versch\u00fctten und reduziert Lebensmittelverschwendung durch einen rutschfesten Boden und einen sicheren Futternapf f\u00fcr Haustiere.<br \/>\u2013 f\u00f6rdert gesunde Essgewohnheiten und sorgt f\u00fcr ein angenehmes Esserlebnis f\u00fcr den Napf Ihrer pelzigen Hauskatze.<br \/>\u2013 benutzerfreundliches Design, dieser Napf hat eine sehr einfache Struktur, ist aber sehr praktisch f\u00fcr die Reinigung, sehr praktischer Gradual-Esser-Napf f\u00fcr Hunde.<br \/>\u2013 regt den Appetit Ihres Hundes an und erregt seine Aufmerksamkeit mit interaktiven Welpenn\u00e4pfen in leuchtenden Farben.<br \/>\u2013 sorgt f\u00fcr die Sicherheit Ihres Hundes mit einem innovativen Design, das Erstickungsgefahr verhindert.<\/p>\n<p><\/span><span class=\"a-text-bold\">Warenbeschreibung<\/span><span><br \/> Gradual Feeder f\u00fcr Katzen Durch die glatte Oberfl\u00e4che ist dieser Napf leicht zu reinigen und zu verwenden. Fressn\u00e4pfe f\u00fcr Hunde Sind Sie auf der Suche nach einem Gradual Feeder Napf f\u00fcr Haustiere? Futternapf f\u00fcr Haustiere in robustem Design, der aus ABS-Materials f\u00fcr eine dauerhafte und praktische Verwendung besteht. Der Napf f\u00fcr Katzen f\u00fcr den Haushalt mit sorgf\u00e4ltig ausgew\u00e4hlter glatter Oberfl\u00e4che bietet zus\u00e4tzlichen Komfort beim Waschen f\u00fcr eine bessere Verwendung beim n\u00e4chsten Mal<\/span> <\/p>\n<p>Futternapf: \ud83d\udc15\ud83d\udc36der futternapf hat ein gro\u00dfes fassungsverm\u00f6gen, kann ihre unterschiedlichen futterbed\u00fcrfnisse erf\u00fcllen und das f\u00fcttern ihres haustieres ist einfach.<br \/>\nLangsamer futternapf f\u00fcr kleine hunde: das langsame futterdesign f\u00f6rdert gesunde essgewohnheiten. gro\u00dfes fassungsverm\u00f6gen, geeignet f\u00fcr haustiere aller gr\u00f6\u00dfen.<br \/>\nHundenapf: stilvolles und funktionales design wertet jeden futterplatz f\u00fcr haustiere auf. dieser langsame futternapf f\u00fcr haustiere bietet ihnen komfort.<br \/>\nFutternapf f\u00fcr haustiere: glatte oberfl\u00e4che, der futternapf f\u00fcr haustiere mit bauchmuskeln ist leicht zu reinigen, sie k\u00f6nnen ihn einfach mit seifenwasser reinigen.<br \/>\nLangsamer fressnapf f\u00fcr haustiere: f\u00f6rdert gesunde essgewohnheiten und sorgt f\u00fcr ein angenehmes esserlebnis f\u00fcr ihren pelzigen begleiter.<br \/>\n<div class=\"main-cross-sell\" data-asin=\"B0D8NVFLL3\">\n\n\t<div class=\"WooZone-cross-sell-loader\">\n\t\t<div>\n\t\t\t<div id=\"floatingBarsG\">\n\t\t\t\t<div class=\"blockG\" id=\"rotateG_01\"><\/div>\n\t\t\t\t<div class=\"blockG\" id=\"rotateG_02\"><\/div>\n\t\t\t\t<div class=\"blockG\" id=\"rotateG_03\"><\/div>\n\t\t\t\t<div class=\"blockG\" id=\"rotateG_04\"><\/div>\n\t\t\t\t<div class=\"blockG\" id=\"rotateG_05\"><\/div>\n\t\t\t\t<div class=\"blockG\" id=\"rotateG_06\"><\/div>\n\t\t\t\t<div class=\"blockG\" id=\"rotateG_07\"><\/div>\n\t\t\t\t<div class=\"blockG\" id=\"rotateG_08\"><\/div>\n\t\t\t<\/div>\n\t\t\t<div class=\"WooZone-cross-sell-loader-text\"><\/div>\n\t\t<\/div>\n\t<\/div>\n\n\t\t\n<\/div>\n<div style=\"clear:both;\"><\/div><\/p>\n","protected":false},"excerpt":{"rendered":"<p>Futternapf: \ud83d\udc15\ud83d\udc36der futternapf hat ein gro\u00dfes fassungsverm\u00f6gen, kann ihre unterschiedlichen futterbed\u00fcrfnisse erf\u00fcllen und das f\u00fcttern ihres haustieres ist einfach.<br \/>\nLangsamer futternapf f\u00fcr kleine hunde: das langsame futterdesign f\u00f6rdert gesunde essgewohnheiten. gro\u00dfes fassungsverm\u00f6gen, geeignet f\u00fcr haustiere aller gr\u00f6\u00dfen.<br \/>\nHundenapf: stilvolles und funktionales design wertet jeden futterplatz f\u00fcr haustiere auf. dieser langsame futternapf f\u00fcr haustiere bietet ihnen komfort.<\/p>\n","protected":false},"featured_media":6856,"comment_status":"open","ping_status":"closed","template":"","meta":[],"store":[],"product_cat":[34,28],"product_tag":[],"yoast_head":"<!-- This site is optimized with the Yoast SEO plugin v22.8 - https:\/\/yoast.com\/wordpress\/plugins\/seo\/ -->\n<title>WOONEKY Futternapf Gegen Ersticken Langsamer Futterautomat Verlangsamung des Hundenapfs Fressn\u00e4pfe F\u00fcr Hunde Slow Feeder Napf F\u00fcr Katzen Langsamer Futternapf F\u00fcr Haustiere Katzenn\u00e4pfe Abs - DogDeals<\/title>\n<meta name=\"description\" content=\"Discover top-quality dog essentials at DogDeals. Shop for nutritious food, fun toys, comfortable beds, and stylish accessories. Unleash the best deals for your furry friend and ensure their happiness and well-being with our premium picks!\" \/>\n<meta name=\"robots\" content=\"index, follow, max-snippet:-1, max-image-preview:large, max-video-preview:-1\" \/>\n<link rel=\"canonical\" href=\"https:\/\/dogdeals.eu\/de\/product\/wooneky-futternapf-gegen-ersticken-langsamer-futterautomat-verlangsamung-des-hundenapfs-fressnapfe-fur-hunde-slow-feeder-napf-fur-katzen-langsamer-futternapf-fur-haustiere-katzennapfe-abs\/\" \/>\n<meta property=\"og:locale\" content=\"en_US\" \/>\n<meta property=\"og:type\" content=\"article\" \/>\n<meta property=\"og:title\" content=\"WOONEKY Futternapf Gegen Ersticken Langsamer Futterautomat Verlangsamung des Hundenapfs Fressn\u00e4pfe F\u00fcr Hunde Slow Feeder Napf F\u00fcr Katzen Langsamer Futternapf F\u00fcr Haustiere Katzenn\u00e4pfe Abs - DogDeals\" \/>\n<meta property=\"og:description\" content=\"Discover top-quality dog essentials at DogDeals. Shop for nutritious food, fun toys, comfortable beds, and stylish accessories. Unleash the best deals for your furry friend and ensure their happiness and well-being with our premium picks!\" \/>\n<meta property=\"og:url\" content=\"https:\/\/dogdeals.eu\/de\/product\/wooneky-futternapf-gegen-ersticken-langsamer-futterautomat-verlangsamung-des-hundenapfs-fressnapfe-fur-hunde-slow-feeder-napf-fur-katzen-langsamer-futternapf-fur-haustiere-katzennapfe-abs\/\" \/>\n<meta property=\"og:site_name\" content=\"DogDeals\" \/>\n<meta name=\"twitter:card\" content=\"summary_large_image\" \/>\n<meta name=\"twitter:label1\" content=\"Est. reading time\" \/>\n\t<meta name=\"twitter:data1\" content=\"2 minutes\" \/>\n<script type=\"application\/ld+json\" class=\"yoast-schema-graph\">{\"@context\":\"https:\/\/schema.org\",\"@graph\":[{\"@type\":\"WebPage\",\"@id\":\"https:\/\/dogdeals.eu\/de\/product\/wooneky-futternapf-gegen-ersticken-langsamer-futterautomat-verlangsamung-des-hundenapfs-fressnapfe-fur-hunde-slow-feeder-napf-fur-katzen-langsamer-futternapf-fur-haustiere-katzennapfe-abs\/\",\"url\":\"https:\/\/dogdeals.eu\/de\/product\/wooneky-futternapf-gegen-ersticken-langsamer-futterautomat-verlangsamung-des-hundenapfs-fressnapfe-fur-hunde-slow-feeder-napf-fur-katzen-langsamer-futternapf-fur-haustiere-katzennapfe-abs\/\",\"name\":\"WOONEKY Futternapf Gegen Ersticken Langsamer Futterautomat Verlangsamung des Hundenapfs Fressn\u00e4pfe F\u00fcr Hunde Slow Feeder Napf F\u00fcr Katzen Langsamer Futternapf F\u00fcr Haustiere Katzenn\u00e4pfe Abs - DogDeals\",\"isPartOf\":{\"@id\":\"https:\/\/dogdeals.eu\/de\/#website\"},\"primaryImageOfPage\":{\"@id\":\"https:\/\/dogdeals.eu\/de\/product\/wooneky-futternapf-gegen-ersticken-langsamer-futterautomat-verlangsamung-des-hundenapfs-fressnapfe-fur-hunde-slow-feeder-napf-fur-katzen-langsamer-futternapf-fur-haustiere-katzennapfe-abs\/#primaryimage\"},\"image\":{\"@id\":\"https:\/\/dogdeals.eu\/de\/product\/wooneky-futternapf-gegen-ersticken-langsamer-futterautomat-verlangsamung-des-hundenapfs-fressnapfe-fur-hunde-slow-feeder-napf-fur-katzen-langsamer-futternapf-fur-haustiere-katzennapfe-abs\/#primaryimage\"},\"thumbnailUrl\":\"https:\/\/m.media-amazon.com\/images\/I\/41AXEUq73rL.jpg\",\"datePublished\":\"2024-07-09T18:19:33+00:00\",\"dateModified\":\"2024-07-09T18:19:33+00:00\",\"description\":\"Discover top-quality dog essentials at DogDeals. Shop for nutritious food, fun toys, comfortable beds, and stylish accessories. Unleash the best deals for your furry friend and ensure their happiness and well-being with our premium picks!\",\"breadcrumb\":{\"@id\":\"https:\/\/dogdeals.eu\/de\/product\/wooneky-futternapf-gegen-ersticken-langsamer-futterautomat-verlangsamung-des-hundenapfs-fressnapfe-fur-hunde-slow-feeder-napf-fur-katzen-langsamer-futternapf-fur-haustiere-katzennapfe-abs\/#breadcrumb\"},\"inLanguage\":\"en-US\",\"potentialAction\":[{\"@type\":\"ReadAction\",\"target\":[\"https:\/\/dogdeals.eu\/de\/product\/wooneky-futternapf-gegen-ersticken-langsamer-futterautomat-verlangsamung-des-hundenapfs-fressnapfe-fur-hunde-slow-feeder-napf-fur-katzen-langsamer-futternapf-fur-haustiere-katzennapfe-abs\/\"]}]},{\"@type\":\"ImageObject\",\"inLanguage\":\"en-US\",\"@id\":\"https:\/\/dogdeals.eu\/de\/product\/wooneky-futternapf-gegen-ersticken-langsamer-futterautomat-verlangsamung-des-hundenapfs-fressnapfe-fur-hunde-slow-feeder-napf-fur-katzen-langsamer-futternapf-fur-haustiere-katzennapfe-abs\/#primaryimage\",\"url\":\"https:\/\/m.media-amazon.com\/images\/I\/41AXEUq73rL.jpg\",\"contentUrl\":\"https:\/\/m.media-amazon.com\/images\/I\/41AXEUq73rL.jpg\",\"width\":500,\"height\":500},{\"@type\":\"BreadcrumbList\",\"@id\":\"https:\/\/dogdeals.eu\/de\/product\/wooneky-futternapf-gegen-ersticken-langsamer-futterautomat-verlangsamung-des-hundenapfs-fressnapfe-fur-hunde-slow-feeder-napf-fur-katzen-langsamer-futternapf-fur-haustiere-katzennapfe-abs\/#breadcrumb\",\"itemListElement\":[{\"@type\":\"ListItem\",\"position\":1,\"name\":\"Home\",\"item\":\"https:\/\/dogdeals.eu\/de\/\"},{\"@type\":\"ListItem\",\"position\":2,\"name\":\"Shop\",\"item\":\"https:\/\/dogdeals.eu\/de\/shop\/\"},{\"@type\":\"ListItem\",\"position\":3,\"name\":\"WOONEKY Futternapf Gegen Ersticken Langsamer Futterautomat Verlangsamung des Hundenapfs Fressn\u00e4pfe F\u00fcr Hunde Slow Feeder Napf F\u00fcr Katzen Langsamer Futternapf F\u00fcr Haustiere Katzenn\u00e4pfe Abs\"}]},{\"@type\":\"WebSite\",\"@id\":\"https:\/\/dogdeals.eu\/de\/#website\",\"url\":\"https:\/\/dogdeals.eu\/de\/\",\"name\":\"DogDeals\",\"description\":\"Premium Dog Products at Unbeatable Prices\",\"publisher\":{\"@id\":\"https:\/\/dogdeals.eu\/de\/#organization\"},\"potentialAction\":[{\"@type\":\"SearchAction\",\"target\":{\"@type\":\"EntryPoint\",\"urlTemplate\":\"https:\/\/dogdeals.eu\/de\/?s={search_term_string}\"},\"query-input\":\"required name=search_term_string\"}],\"inLanguage\":\"en-US\"},{\"@type\":\"Organization\",\"@id\":\"https:\/\/dogdeals.eu\/de\/#organization\",\"name\":\"DogDeals\",\"url\":\"https:\/\/dogdeals.eu\/de\/\",\"logo\":{\"@type\":\"ImageObject\",\"inLanguage\":\"en-US\",\"@id\":\"https:\/\/dogdeals.eu\/de\/#\/schema\/logo\/image\/\",\"url\":\"https:\/\/dogdeals.eu\/de\/wp-content\/uploads\/2024\/06\/Screenshot-2024-06-10-at-6.35.37-PM.png\",\"contentUrl\":\"https:\/\/dogdeals.eu\/de\/wp-content\/uploads\/2024\/06\/Screenshot-2024-06-10-at-6.35.37-PM.png\",\"width\":2758,\"height\":978,\"caption\":\"DogDeals\"},\"image\":{\"@id\":\"https:\/\/dogdeals.eu\/de\/#\/schema\/logo\/image\/\"}}]}<\/script>\n<!-- \/ Yoast SEO plugin. -->","yoast_head_json":{"title":"WOONEKY Futternapf Gegen Ersticken Langsamer Futterautomat Verlangsamung des Hundenapfs Fressn\u00e4pfe F\u00fcr Hunde Slow Feeder Napf F\u00fcr Katzen Langsamer Futternapf F\u00fcr Haustiere Katzenn\u00e4pfe Abs - DogDeals","description":"Discover top-quality dog essentials at DogDeals. Shop for nutritious food, fun toys, comfortable beds, and stylish accessories. Unleash the best deals for your furry friend and ensure their happiness and well-being with our premium picks!","robots":{"index":"index","follow":"follow","max-snippet":"max-snippet:-1","max-image-preview":"max-image-preview:large","max-video-preview":"max-video-preview:-1"},"canonical":"https:\/\/dogdeals.eu\/de\/product\/wooneky-futternapf-gegen-ersticken-langsamer-futterautomat-verlangsamung-des-hundenapfs-fressnapfe-fur-hunde-slow-feeder-napf-fur-katzen-langsamer-futternapf-fur-haustiere-katzennapfe-abs\/","og_locale":"en_US","og_type":"article","og_title":"WOONEKY Futternapf Gegen Ersticken Langsamer Futterautomat Verlangsamung des Hundenapfs Fressn\u00e4pfe F\u00fcr Hunde Slow Feeder Napf F\u00fcr Katzen Langsamer Futternapf F\u00fcr Haustiere Katzenn\u00e4pfe Abs - DogDeals","og_description":"Discover top-quality dog essentials at DogDeals. Shop for nutritious food, fun toys, comfortable beds, and stylish accessories. Unleash the best deals for your furry friend and ensure their happiness and well-being with our premium picks!","og_url":"https:\/\/dogdeals.eu\/de\/product\/wooneky-futternapf-gegen-ersticken-langsamer-futterautomat-verlangsamung-des-hundenapfs-fressnapfe-fur-hunde-slow-feeder-napf-fur-katzen-langsamer-futternapf-fur-haustiere-katzennapfe-abs\/","og_site_name":"DogDeals","twitter_card":"summary_large_image","twitter_misc":{"Est. reading time":"2 minutes"},"schema":{"@context":"https:\/\/schema.org","@graph":[{"@type":"WebPage","@id":"https:\/\/dogdeals.eu\/de\/product\/wooneky-futternapf-gegen-ersticken-langsamer-futterautomat-verlangsamung-des-hundenapfs-fressnapfe-fur-hunde-slow-feeder-napf-fur-katzen-langsamer-futternapf-fur-haustiere-katzennapfe-abs\/","url":"https:\/\/dogdeals.eu\/de\/product\/wooneky-futternapf-gegen-ersticken-langsamer-futterautomat-verlangsamung-des-hundenapfs-fressnapfe-fur-hunde-slow-feeder-napf-fur-katzen-langsamer-futternapf-fur-haustiere-katzennapfe-abs\/","name":"WOONEKY Futternapf Gegen Ersticken Langsamer Futterautomat Verlangsamung des Hundenapfs Fressn\u00e4pfe F\u00fcr Hunde Slow Feeder Napf F\u00fcr Katzen Langsamer Futternapf F\u00fcr Haustiere Katzenn\u00e4pfe Abs - DogDeals","isPartOf":{"@id":"https:\/\/dogdeals.eu\/de\/#website"},"primaryImageOfPage":{"@id":"https:\/\/dogdeals.eu\/de\/product\/wooneky-futternapf-gegen-ersticken-langsamer-futterautomat-verlangsamung-des-hundenapfs-fressnapfe-fur-hunde-slow-feeder-napf-fur-katzen-langsamer-futternapf-fur-haustiere-katzennapfe-abs\/#primaryimage"},"image":{"@id":"https:\/\/dogdeals.eu\/de\/product\/wooneky-futternapf-gegen-ersticken-langsamer-futterautomat-verlangsamung-des-hundenapfs-fressnapfe-fur-hunde-slow-feeder-napf-fur-katzen-langsamer-futternapf-fur-haustiere-katzennapfe-abs\/#primaryimage"},"thumbnailUrl":"https:\/\/m.media-amazon.com\/images\/I\/41AXEUq73rL.jpg","datePublished":"2024-07-09T18:19:33+00:00","dateModified":"2024-07-09T18:19:33+00:00","description":"Discover top-quality dog essentials at DogDeals. Shop for nutritious food, fun toys, comfortable beds, and stylish accessories. Unleash the best deals for your furry friend and ensure their happiness and well-being with our premium picks!","breadcrumb":{"@id":"https:\/\/dogdeals.eu\/de\/product\/wooneky-futternapf-gegen-ersticken-langsamer-futterautomat-verlangsamung-des-hundenapfs-fressnapfe-fur-hunde-slow-feeder-napf-fur-katzen-langsamer-futternapf-fur-haustiere-katzennapfe-abs\/#breadcrumb"},"inLanguage":"en-US","potentialAction":[{"@type":"ReadAction","target":["https:\/\/dogdeals.eu\/de\/product\/wooneky-futternapf-gegen-ersticken-langsamer-futterautomat-verlangsamung-des-hundenapfs-fressnapfe-fur-hunde-slow-feeder-napf-fur-katzen-langsamer-futternapf-fur-haustiere-katzennapfe-abs\/"]}]},{"@type":"ImageObject","inLanguage":"en-US","@id":"https:\/\/dogdeals.eu\/de\/product\/wooneky-futternapf-gegen-ersticken-langsamer-futterautomat-verlangsamung-des-hundenapfs-fressnapfe-fur-hunde-slow-feeder-napf-fur-katzen-langsamer-futternapf-fur-haustiere-katzennapfe-abs\/#primaryimage","url":"https:\/\/m.media-amazon.com\/images\/I\/41AXEUq73rL.jpg","contentUrl":"https:\/\/m.media-amazon.com\/images\/I\/41AXEUq73rL.jpg","width":500,"height":500},{"@type":"BreadcrumbList","@id":"https:\/\/dogdeals.eu\/de\/product\/wooneky-futternapf-gegen-ersticken-langsamer-futterautomat-verlangsamung-des-hundenapfs-fressnapfe-fur-hunde-slow-feeder-napf-fur-katzen-langsamer-futternapf-fur-haustiere-katzennapfe-abs\/#breadcrumb","itemListElement":[{"@type":"ListItem","position":1,"name":"Home","item":"https:\/\/dogdeals.eu\/de\/"},{"@type":"ListItem","position":2,"name":"Shop","item":"https:\/\/dogdeals.eu\/de\/shop\/"},{"@type":"ListItem","position":3,"name":"WOONEKY Futternapf Gegen Ersticken Langsamer Futterautomat Verlangsamung des Hundenapfs Fressn\u00e4pfe F\u00fcr Hunde Slow Feeder Napf F\u00fcr Katzen Langsamer Futternapf F\u00fcr Haustiere Katzenn\u00e4pfe Abs"}]},{"@type":"WebSite","@id":"https:\/\/dogdeals.eu\/de\/#website","url":"https:\/\/dogdeals.eu\/de\/","name":"DogDeals","description":"Premium Dog Products at Unbeatable Prices","publisher":{"@id":"https:\/\/dogdeals.eu\/de\/#organization"},"potentialAction":[{"@type":"SearchAction","target":{"@type":"EntryPoint","urlTemplate":"https:\/\/dogdeals.eu\/de\/?s={search_term_string}"},"query-input":"required name=search_term_string"}],"inLanguage":"en-US"},{"@type":"Organization","@id":"https:\/\/dogdeals.eu\/de\/#organization","name":"DogDeals","url":"https:\/\/dogdeals.eu\/de\/","logo":{"@type":"ImageObject","inLanguage":"en-US","@id":"https:\/\/dogdeals.eu\/de\/#\/schema\/logo\/image\/","url":"https:\/\/dogdeals.eu\/de\/wp-content\/uploads\/2024\/06\/Screenshot-2024-06-10-at-6.35.37-PM.png","contentUrl":"https:\/\/dogdeals.eu\/de\/wp-content\/uploads\/2024\/06\/Screenshot-2024-06-10-at-6.35.37-PM.png","width":2758,"height":978,"caption":"DogDeals"},"image":{"@id":"https:\/\/dogdeals.eu\/de\/#\/schema\/logo\/image\/"}}]}},"_links":{"self":[{"href":"https:\/\/dogdeals.eu\/de\/wp-json\/wp\/v2\/product\/6855"}],"collection":[{"href":"https:\/\/dogdeals.eu\/de\/wp-json\/wp\/v2\/product"}],"about":[{"href":"https:\/\/dogdeals.eu\/de\/wp-json\/wp\/v2\/types\/product"}],"replies":[{"embeddable":true,"href":"https:\/\/dogdeals.eu\/de\/wp-json\/wp\/v2\/comments?post=6855"}],"wp:featuredmedia":[{"embeddable":true,"href":"https:\/\/dogdeals.eu\/de\/wp-json\/wp\/v2\/media\/6856"}],"wp:attachment":[{"href":"https:\/\/dogdeals.eu\/de\/wp-json\/wp\/v2\/media?parent=6855"}],"wp:term":[{"taxonomy":"store","embeddable":true,"href":"https:\/\/dogdeals.eu\/de\/wp-json\/wp\/v2\/store?post=6855"},{"taxonomy":"product_cat","embeddable":true,"href":"https:\/\/dogdeals.eu\/de\/wp-json\/wp\/v2\/product_cat?post=6855"},{"taxonomy":"product_tag","embeddable":true,"href":"https:\/\/dogdeals.eu\/de\/wp-json\/wp\/v2\/product_tag?post=6855"}],"curies":[{"name":"wp","href":"https:\/\/api.w.org\/{rel}","templated":true}]}}