{"id":6154,"date":"2024-06-10T15:27:23","date_gmt":"2024-06-10T15:27:23","guid":{"rendered":"https:\/\/dogdeals.eu\/de\/product\/puhohun-hundespielzeug-quietschendes-hundespielzeug-fur-grose-hunde-gefulltes-hundespielzeug-interaktives-plusch-hundespielzeug-kauspielzeug-fur-welpen-kleine-mittlere-und-grose-hunde\/"},"modified":"2024-06-10T15:57:02","modified_gmt":"2024-06-10T15:57:02","slug":"puhohun-hundespielzeug-quietschendes-hundespielzeug-fur-grose-hunde-gefulltes-hundespielzeug-interaktives-plusch-hundespielzeug-kauspielzeug-fur-welpen-kleine-mittlere-und-grose-hunde","status":"publish","type":"product","link":"https:\/\/dogdeals.eu\/de\/product\/puhohun-hundespielzeug-quietschendes-hundespielzeug-fur-grose-hunde-gefulltes-hundespielzeug-interaktives-plusch-hundespielzeug-kauspielzeug-fur-welpen-kleine-mittlere-und-grose-hunde\/","title":{"rendered":"PUHOHUN Hundespielzeug, Quietschendes Hundespielzeug f\u00fcr Gro\u00dfe Hunde, Gef\u00fclltes Hundespielzeug, Interaktives Pl\u00fcsch Hundespielzeug, Kauspielzeug f\u00fcr Welpen, Kleine, Mittlere und Gro\u00dfe Hunde"},"content":{"rendered":"<p>\u3010Gro\u00dfe Gr\u00f6\u00dfe und lange Seile\u3011 Das hundespielzeug f\u00fcr gro\u00dfe hunde ist 13,3 * 9 inches \uff0c gr\u00f6\u00dfer als die meisten hunde spielsachen. Es hat zwei lange zuckende Seile mit der L\u00e4nge 13.7 inches, die sich im Spielzeug bewegen k\u00f6nnen. Dieser kuscheltier f\u00fcr hunde eignen sich perfekt f\u00fcr Tauziehen und andere interaktive Spiele. Es hat einen eingebauten Quietscher, der dazu beitr\u00e4gt, dass Ihre Hunde f\u00fcr zus\u00e4tzliche Aufregung spielen und sich weniger langweilen.<br \/>\n\u3010Doppellagiges Canvas-Materials\u3011 Das hundespielzeug besteht aus doppellagigen Stoffen, die mit hoher Temperatur und hohem Druck verbunden sind. Die Au\u00dfenschicht besteht aus verbessertem, weichem Canvas. Die Innenschicht besteht aus hochfestem und dickerem Oxford-Gewebe. Es ist mit Bio-Baumwolle gef\u00fcllt. Somit ist das quietschspielzeug f\u00fcr hunde sicher f\u00fcr kleine mittelgro\u00dfe und gro\u00dfe Hundewelpen.<br \/>\n\u3010Unterhaltung &#038; Linderung von Angst\u3011 Diese Tauziehen-hundespielzeug sind superweich, kuschelig und eine beliebte Wahl f\u00fcr Spiele im Haus oder einfach nur, um Ihrem Welpen Gesellschaft zu leisten. Diese hundespielzeug quietschend f\u00fcr gro\u00dfe Hunde k\u00f6nnen die Despair, Langeweile und Angst Ihres Hundes lindern.<br \/>\n\u3010Einzigartiges Design\u3011 Die hundespielzeug kleine hunde haben die Kind eines Esels und sind perfekt f\u00fcr Welpen, kleine, mittlere und gro\u00dfe Hunde. Die Augen, die Nase und der Mund des ausgestopften Hundespielzeugs sind handgestickt. Im Vergleich zu anderen Handwerken macht die Stickerei das Spielzeug lebendiger und extrem langlebig. Au\u00dferdem sind -hundespielzeug maschinenwaschbar, verblassen nicht oder sind nicht in Kind.<br \/>\n\u3010Zahnreinigung &#038; Gewichtskontrolle\u3011 Dieses hunde kuscheltier hilft, die Zahn- und Mundgesundheit Ihres Hundes zu erhalten, indem es es kaut. Es k\u00f6nnte auch die \u00dcbung des Hundes erh\u00f6hen, um das Gewicht zu kontrollieren, indem er Tauziehen oder Wild holt.<br \/>\n<div class=\"main-cross-sell\" data-asin=\"B0CW5DVNNK\">\n\n\t<div class=\"WooZone-cross-sell-loader\">\n\t\t<div>\n\t\t\t<div id=\"floatingBarsG\">\n\t\t\t\t<div class=\"blockG\" id=\"rotateG_01\"><\/div>\n\t\t\t\t<div class=\"blockG\" id=\"rotateG_02\"><\/div>\n\t\t\t\t<div class=\"blockG\" id=\"rotateG_03\"><\/div>\n\t\t\t\t<div class=\"blockG\" id=\"rotateG_04\"><\/div>\n\t\t\t\t<div class=\"blockG\" id=\"rotateG_05\"><\/div>\n\t\t\t\t<div class=\"blockG\" id=\"rotateG_06\"><\/div>\n\t\t\t\t<div class=\"blockG\" id=\"rotateG_07\"><\/div>\n\t\t\t\t<div class=\"blockG\" id=\"rotateG_08\"><\/div>\n\t\t\t<\/div>\n\t\t\t<div class=\"WooZone-cross-sell-loader-text\"><\/div>\n\t\t<\/div>\n\t<\/div>\n\n\t\t\n<\/div>\n<div style=\"clear:both;\"><\/div><\/p>\n","protected":false},"excerpt":{"rendered":"<p>\u3010Gro\u00dfe Gr\u00f6\u00dfe und lange Seile\u3011 Das hundespielzeug f\u00fcr gro\u00dfe hunde ist 13,3 * 9 inches \uff0c gr\u00f6\u00dfer als die meisten hunde spielsachen. Es hat zwei lange zuckende Seile mit der L\u00e4nge 13.7 inches, die sich im Spielzeug bewegen k\u00f6nnen. Dieser kuscheltier f\u00fcr hunde eignen sich perfekt f\u00fcr Tauziehen und andere interaktive Spiele. Es hat einen eingebauten Quietscher, der dazu beitr\u00e4gt, dass Ihre Hunde f\u00fcr zus\u00e4tzliche Aufregung spielen und sich weniger langweilen.<br \/>\n\u3010Doppellagiges Canvas-Material\u3011 Das hundespielzeug besteht aus doppellagigen Stoffen, die mit hoher Temperatur und hohem Druck verbunden sind. Die Au\u00dfenschicht besteht aus verbessertem, weichem Canvas. Die Innenschicht besteht aus hochfestem und dickerem Oxford-Gewebe. Es ist mit Bio-Baumwolle gef\u00fcllt. Somit ist das quietschspielzeug f\u00fcr hunde sicher f\u00fcr kleine mittelgro\u00dfe und gro\u00dfe Hundewelpen.<br \/>\n\u3010Unterhaltung &#038; Linderung von Angst\u3011 Diese Tauziehen-hundespielzeug sind superweich, kuschelig und eine beliebte Wahl f\u00fcr Spiele im Haus oder einfach nur, um Ihrem Welpen Gesellschaft zu leisten. Diese hundespielzeug quietschend f\u00fcr gro\u00dfe Hunde k\u00f6nnen die Depression, Langeweile und Angst Ihres Hundes lindern.<\/p>\n","protected":false},"featured_media":6155,"comment_status":"open","ping_status":"closed","template":"","meta":[],"store":[],"product_cat":[37,28],"product_tag":[],"yoast_head":"<!-- This site is optimized with the Yoast SEO plugin v22.8 - https:\/\/yoast.com\/wordpress\/plugins\/seo\/ -->\n<title>PUHOHUN Hundespielzeug, Quietschendes Hundespielzeug f\u00fcr Gro\u00dfe Hunde, Gef\u00fclltes Hundespielzeug, Interaktives Pl\u00fcsch Hundespielzeug, Kauspielzeug f\u00fcr Welpen, Kleine, Mittlere und Gro\u00dfe Hunde - DogDeals<\/title>\n<meta name=\"description\" content=\"Discover top-quality dog essentials at DogDeals. Shop for nutritious food, fun toys, comfortable beds, and stylish accessories. Unleash the best deals for your furry friend and ensure their happiness and well-being with our premium picks!\" \/>\n<meta name=\"robots\" content=\"index, follow, max-snippet:-1, max-image-preview:large, max-video-preview:-1\" \/>\n<link rel=\"canonical\" href=\"https:\/\/dogdeals.eu\/de\/product\/puhohun-hundespielzeug-quietschendes-hundespielzeug-fur-grose-hunde-gefulltes-hundespielzeug-interaktives-plusch-hundespielzeug-kauspielzeug-fur-welpen-kleine-mittlere-und-grose-hunde\/\" \/>\n<meta property=\"og:locale\" content=\"en_US\" \/>\n<meta property=\"og:type\" content=\"article\" \/>\n<meta property=\"og:title\" content=\"PUHOHUN Hundespielzeug, Quietschendes Hundespielzeug f\u00fcr Gro\u00dfe Hunde, Gef\u00fclltes Hundespielzeug, Interaktives Pl\u00fcsch Hundespielzeug, Kauspielzeug f\u00fcr Welpen, Kleine, Mittlere und Gro\u00dfe Hunde - DogDeals\" \/>\n<meta property=\"og:description\" content=\"Discover top-quality dog essentials at DogDeals. Shop for nutritious food, fun toys, comfortable beds, and stylish accessories. Unleash the best deals for your furry friend and ensure their happiness and well-being with our premium picks!\" \/>\n<meta property=\"og:url\" content=\"https:\/\/dogdeals.eu\/de\/product\/puhohun-hundespielzeug-quietschendes-hundespielzeug-fur-grose-hunde-gefulltes-hundespielzeug-interaktives-plusch-hundespielzeug-kauspielzeug-fur-welpen-kleine-mittlere-und-grose-hunde\/\" \/>\n<meta property=\"og:site_name\" content=\"DogDeals\" \/>\n<meta property=\"article:modified_time\" content=\"2024-06-10T15:57:02+00:00\" \/>\n<meta property=\"og:image\" content=\"https:\/\/m.media-amazon.com\/images\/I\/51jo6gFV9TL.jpg\" \/>\n\t<meta property=\"og:image:width\" content=\"500\" \/>\n\t<meta property=\"og:image:height\" content=\"500\" \/>\n\t<meta property=\"og:image:type\" content=\"image\/jpeg\" \/>\n<meta name=\"twitter:card\" content=\"summary_large_image\" \/>\n<meta name=\"twitter:label1\" content=\"Est. reading time\" \/>\n\t<meta name=\"twitter:data1\" content=\"1 minute\" \/>\n<script type=\"application\/ld+json\" class=\"yoast-schema-graph\">{\"@context\":\"https:\/\/schema.org\",\"@graph\":[{\"@type\":\"WebPage\",\"@id\":\"https:\/\/dogdeals.eu\/de\/product\/puhohun-hundespielzeug-quietschendes-hundespielzeug-fur-grose-hunde-gefulltes-hundespielzeug-interaktives-plusch-hundespielzeug-kauspielzeug-fur-welpen-kleine-mittlere-und-grose-hunde\/\",\"url\":\"https:\/\/dogdeals.eu\/de\/product\/puhohun-hundespielzeug-quietschendes-hundespielzeug-fur-grose-hunde-gefulltes-hundespielzeug-interaktives-plusch-hundespielzeug-kauspielzeug-fur-welpen-kleine-mittlere-und-grose-hunde\/\",\"name\":\"PUHOHUN Hundespielzeug, Quietschendes Hundespielzeug f\u00fcr Gro\u00dfe Hunde, Gef\u00fclltes Hundespielzeug, Interaktives Pl\u00fcsch Hundespielzeug, Kauspielzeug f\u00fcr Welpen, Kleine, Mittlere und Gro\u00dfe Hunde - DogDeals\",\"isPartOf\":{\"@id\":\"https:\/\/dogdeals.eu\/de\/#website\"},\"primaryImageOfPage\":{\"@id\":\"https:\/\/dogdeals.eu\/de\/product\/puhohun-hundespielzeug-quietschendes-hundespielzeug-fur-grose-hunde-gefulltes-hundespielzeug-interaktives-plusch-hundespielzeug-kauspielzeug-fur-welpen-kleine-mittlere-und-grose-hunde\/#primaryimage\"},\"image\":{\"@id\":\"https:\/\/dogdeals.eu\/de\/product\/puhohun-hundespielzeug-quietschendes-hundespielzeug-fur-grose-hunde-gefulltes-hundespielzeug-interaktives-plusch-hundespielzeug-kauspielzeug-fur-welpen-kleine-mittlere-und-grose-hunde\/#primaryimage\"},\"thumbnailUrl\":\"https:\/\/m.media-amazon.com\/images\/I\/51jo6gFV9TL.jpg\",\"datePublished\":\"2024-06-10T15:27:23+00:00\",\"dateModified\":\"2024-06-10T15:57:02+00:00\",\"description\":\"Discover top-quality dog essentials at DogDeals. Shop for nutritious food, fun toys, comfortable beds, and stylish accessories. Unleash the best deals for your furry friend and ensure their happiness and well-being with our premium picks!\",\"breadcrumb\":{\"@id\":\"https:\/\/dogdeals.eu\/de\/product\/puhohun-hundespielzeug-quietschendes-hundespielzeug-fur-grose-hunde-gefulltes-hundespielzeug-interaktives-plusch-hundespielzeug-kauspielzeug-fur-welpen-kleine-mittlere-und-grose-hunde\/#breadcrumb\"},\"inLanguage\":\"en-US\",\"potentialAction\":[{\"@type\":\"ReadAction\",\"target\":[\"https:\/\/dogdeals.eu\/de\/product\/puhohun-hundespielzeug-quietschendes-hundespielzeug-fur-grose-hunde-gefulltes-hundespielzeug-interaktives-plusch-hundespielzeug-kauspielzeug-fur-welpen-kleine-mittlere-und-grose-hunde\/\"]}]},{\"@type\":\"ImageObject\",\"inLanguage\":\"en-US\",\"@id\":\"https:\/\/dogdeals.eu\/de\/product\/puhohun-hundespielzeug-quietschendes-hundespielzeug-fur-grose-hunde-gefulltes-hundespielzeug-interaktives-plusch-hundespielzeug-kauspielzeug-fur-welpen-kleine-mittlere-und-grose-hunde\/#primaryimage\",\"url\":\"https:\/\/m.media-amazon.com\/images\/I\/51jo6gFV9TL.jpg\",\"contentUrl\":\"https:\/\/m.media-amazon.com\/images\/I\/51jo6gFV9TL.jpg\",\"width\":500,\"height\":500},{\"@type\":\"BreadcrumbList\",\"@id\":\"https:\/\/dogdeals.eu\/de\/product\/puhohun-hundespielzeug-quietschendes-hundespielzeug-fur-grose-hunde-gefulltes-hundespielzeug-interaktives-plusch-hundespielzeug-kauspielzeug-fur-welpen-kleine-mittlere-und-grose-hunde\/#breadcrumb\",\"itemListElement\":[{\"@type\":\"ListItem\",\"position\":1,\"name\":\"Home\",\"item\":\"https:\/\/dogdeals.eu\/de\/\"},{\"@type\":\"ListItem\",\"position\":2,\"name\":\"Shop\",\"item\":\"https:\/\/dogdeals.eu\/de\/shop\/\"},{\"@type\":\"ListItem\",\"position\":3,\"name\":\"PUHOHUN Hundespielzeug, Quietschendes Hundespielzeug f\u00fcr Gro\u00dfe Hunde, Gef\u00fclltes Hundespielzeug, Interaktives Pl\u00fcsch Hundespielzeug, Kauspielzeug f\u00fcr Welpen, Kleine, Mittlere und Gro\u00dfe Hunde\"}]},{\"@type\":\"WebSite\",\"@id\":\"https:\/\/dogdeals.eu\/de\/#website\",\"url\":\"https:\/\/dogdeals.eu\/de\/\",\"name\":\"DogDeals\",\"description\":\"Premium Dog Products at Unbeatable Prices\",\"publisher\":{\"@id\":\"https:\/\/dogdeals.eu\/de\/#organization\"},\"potentialAction\":[{\"@type\":\"SearchAction\",\"target\":{\"@type\":\"EntryPoint\",\"urlTemplate\":\"https:\/\/dogdeals.eu\/de\/?s={search_term_string}\"},\"query-input\":\"required name=search_term_string\"}],\"inLanguage\":\"en-US\"},{\"@type\":\"Organization\",\"@id\":\"https:\/\/dogdeals.eu\/de\/#organization\",\"name\":\"DogDeals\",\"url\":\"https:\/\/dogdeals.eu\/de\/\",\"logo\":{\"@type\":\"ImageObject\",\"inLanguage\":\"en-US\",\"@id\":\"https:\/\/dogdeals.eu\/de\/#\/schema\/logo\/image\/\",\"url\":\"https:\/\/dogdeals.eu\/de\/wp-content\/uploads\/2024\/06\/Screenshot-2024-06-10-at-6.35.37-PM.png\",\"contentUrl\":\"https:\/\/dogdeals.eu\/de\/wp-content\/uploads\/2024\/06\/Screenshot-2024-06-10-at-6.35.37-PM.png\",\"width\":2758,\"height\":978,\"caption\":\"DogDeals\"},\"image\":{\"@id\":\"https:\/\/dogdeals.eu\/de\/#\/schema\/logo\/image\/\"}}]}<\/script>\n<!-- \/ Yoast SEO plugin. -->","yoast_head_json":{"title":"PUHOHUN Hundespielzeug, Quietschendes Hundespielzeug f\u00fcr Gro\u00dfe Hunde, Gef\u00fclltes Hundespielzeug, Interaktives Pl\u00fcsch Hundespielzeug, Kauspielzeug f\u00fcr Welpen, Kleine, Mittlere und Gro\u00dfe Hunde - DogDeals","description":"Discover top-quality dog essentials at DogDeals. Shop for nutritious food, fun toys, comfortable beds, and stylish accessories. Unleash the best deals for your furry friend and ensure their happiness and well-being with our premium picks!","robots":{"index":"index","follow":"follow","max-snippet":"max-snippet:-1","max-image-preview":"max-image-preview:large","max-video-preview":"max-video-preview:-1"},"canonical":"https:\/\/dogdeals.eu\/de\/product\/puhohun-hundespielzeug-quietschendes-hundespielzeug-fur-grose-hunde-gefulltes-hundespielzeug-interaktives-plusch-hundespielzeug-kauspielzeug-fur-welpen-kleine-mittlere-und-grose-hunde\/","og_locale":"en_US","og_type":"article","og_title":"PUHOHUN Hundespielzeug, Quietschendes Hundespielzeug f\u00fcr Gro\u00dfe Hunde, Gef\u00fclltes Hundespielzeug, Interaktives Pl\u00fcsch Hundespielzeug, Kauspielzeug f\u00fcr Welpen, Kleine, Mittlere und Gro\u00dfe Hunde - DogDeals","og_description":"Discover top-quality dog essentials at DogDeals. Shop for nutritious food, fun toys, comfortable beds, and stylish accessories. Unleash the best deals for your furry friend and ensure their happiness and well-being with our premium picks!","og_url":"https:\/\/dogdeals.eu\/de\/product\/puhohun-hundespielzeug-quietschendes-hundespielzeug-fur-grose-hunde-gefulltes-hundespielzeug-interaktives-plusch-hundespielzeug-kauspielzeug-fur-welpen-kleine-mittlere-und-grose-hunde\/","og_site_name":"DogDeals","article_modified_time":"2024-06-10T15:57:02+00:00","og_image":[{"width":500,"height":500,"url":"https:\/\/m.media-amazon.com\/images\/I\/51jo6gFV9TL.jpg","type":"image\/jpeg"}],"twitter_card":"summary_large_image","twitter_misc":{"Est. reading time":"1 minute"},"schema":{"@context":"https:\/\/schema.org","@graph":[{"@type":"WebPage","@id":"https:\/\/dogdeals.eu\/de\/product\/puhohun-hundespielzeug-quietschendes-hundespielzeug-fur-grose-hunde-gefulltes-hundespielzeug-interaktives-plusch-hundespielzeug-kauspielzeug-fur-welpen-kleine-mittlere-und-grose-hunde\/","url":"https:\/\/dogdeals.eu\/de\/product\/puhohun-hundespielzeug-quietschendes-hundespielzeug-fur-grose-hunde-gefulltes-hundespielzeug-interaktives-plusch-hundespielzeug-kauspielzeug-fur-welpen-kleine-mittlere-und-grose-hunde\/","name":"PUHOHUN Hundespielzeug, Quietschendes Hundespielzeug f\u00fcr Gro\u00dfe Hunde, Gef\u00fclltes Hundespielzeug, Interaktives Pl\u00fcsch Hundespielzeug, Kauspielzeug f\u00fcr Welpen, Kleine, Mittlere und Gro\u00dfe Hunde - DogDeals","isPartOf":{"@id":"https:\/\/dogdeals.eu\/de\/#website"},"primaryImageOfPage":{"@id":"https:\/\/dogdeals.eu\/de\/product\/puhohun-hundespielzeug-quietschendes-hundespielzeug-fur-grose-hunde-gefulltes-hundespielzeug-interaktives-plusch-hundespielzeug-kauspielzeug-fur-welpen-kleine-mittlere-und-grose-hunde\/#primaryimage"},"image":{"@id":"https:\/\/dogdeals.eu\/de\/product\/puhohun-hundespielzeug-quietschendes-hundespielzeug-fur-grose-hunde-gefulltes-hundespielzeug-interaktives-plusch-hundespielzeug-kauspielzeug-fur-welpen-kleine-mittlere-und-grose-hunde\/#primaryimage"},"thumbnailUrl":"https:\/\/m.media-amazon.com\/images\/I\/51jo6gFV9TL.jpg","datePublished":"2024-06-10T15:27:23+00:00","dateModified":"2024-06-10T15:57:02+00:00","description":"Discover top-quality dog essentials at DogDeals. Shop for nutritious food, fun toys, comfortable beds, and stylish accessories. Unleash the best deals for your furry friend and ensure their happiness and well-being with our premium picks!","breadcrumb":{"@id":"https:\/\/dogdeals.eu\/de\/product\/puhohun-hundespielzeug-quietschendes-hundespielzeug-fur-grose-hunde-gefulltes-hundespielzeug-interaktives-plusch-hundespielzeug-kauspielzeug-fur-welpen-kleine-mittlere-und-grose-hunde\/#breadcrumb"},"inLanguage":"en-US","potentialAction":[{"@type":"ReadAction","target":["https:\/\/dogdeals.eu\/de\/product\/puhohun-hundespielzeug-quietschendes-hundespielzeug-fur-grose-hunde-gefulltes-hundespielzeug-interaktives-plusch-hundespielzeug-kauspielzeug-fur-welpen-kleine-mittlere-und-grose-hunde\/"]}]},{"@type":"ImageObject","inLanguage":"en-US","@id":"https:\/\/dogdeals.eu\/de\/product\/puhohun-hundespielzeug-quietschendes-hundespielzeug-fur-grose-hunde-gefulltes-hundespielzeug-interaktives-plusch-hundespielzeug-kauspielzeug-fur-welpen-kleine-mittlere-und-grose-hunde\/#primaryimage","url":"https:\/\/m.media-amazon.com\/images\/I\/51jo6gFV9TL.jpg","contentUrl":"https:\/\/m.media-amazon.com\/images\/I\/51jo6gFV9TL.jpg","width":500,"height":500},{"@type":"BreadcrumbList","@id":"https:\/\/dogdeals.eu\/de\/product\/puhohun-hundespielzeug-quietschendes-hundespielzeug-fur-grose-hunde-gefulltes-hundespielzeug-interaktives-plusch-hundespielzeug-kauspielzeug-fur-welpen-kleine-mittlere-und-grose-hunde\/#breadcrumb","itemListElement":[{"@type":"ListItem","position":1,"name":"Home","item":"https:\/\/dogdeals.eu\/de\/"},{"@type":"ListItem","position":2,"name":"Shop","item":"https:\/\/dogdeals.eu\/de\/shop\/"},{"@type":"ListItem","position":3,"name":"PUHOHUN Hundespielzeug, Quietschendes Hundespielzeug f\u00fcr Gro\u00dfe Hunde, Gef\u00fclltes Hundespielzeug, Interaktives Pl\u00fcsch Hundespielzeug, Kauspielzeug f\u00fcr Welpen, Kleine, Mittlere und Gro\u00dfe Hunde"}]},{"@type":"WebSite","@id":"https:\/\/dogdeals.eu\/de\/#website","url":"https:\/\/dogdeals.eu\/de\/","name":"DogDeals","description":"Premium Dog Products at Unbeatable Prices","publisher":{"@id":"https:\/\/dogdeals.eu\/de\/#organization"},"potentialAction":[{"@type":"SearchAction","target":{"@type":"EntryPoint","urlTemplate":"https:\/\/dogdeals.eu\/de\/?s={search_term_string}"},"query-input":"required name=search_term_string"}],"inLanguage":"en-US"},{"@type":"Organization","@id":"https:\/\/dogdeals.eu\/de\/#organization","name":"DogDeals","url":"https:\/\/dogdeals.eu\/de\/","logo":{"@type":"ImageObject","inLanguage":"en-US","@id":"https:\/\/dogdeals.eu\/de\/#\/schema\/logo\/image\/","url":"https:\/\/dogdeals.eu\/de\/wp-content\/uploads\/2024\/06\/Screenshot-2024-06-10-at-6.35.37-PM.png","contentUrl":"https:\/\/dogdeals.eu\/de\/wp-content\/uploads\/2024\/06\/Screenshot-2024-06-10-at-6.35.37-PM.png","width":2758,"height":978,"caption":"DogDeals"},"image":{"@id":"https:\/\/dogdeals.eu\/de\/#\/schema\/logo\/image\/"}}]}},"_links":{"self":[{"href":"https:\/\/dogdeals.eu\/de\/wp-json\/wp\/v2\/product\/6154"}],"collection":[{"href":"https:\/\/dogdeals.eu\/de\/wp-json\/wp\/v2\/product"}],"about":[{"href":"https:\/\/dogdeals.eu\/de\/wp-json\/wp\/v2\/types\/product"}],"replies":[{"embeddable":true,"href":"https:\/\/dogdeals.eu\/de\/wp-json\/wp\/v2\/comments?post=6154"}],"wp:featuredmedia":[{"embeddable":true,"href":"https:\/\/dogdeals.eu\/de\/wp-json\/wp\/v2\/media\/6155"}],"wp:attachment":[{"href":"https:\/\/dogdeals.eu\/de\/wp-json\/wp\/v2\/media?parent=6154"}],"wp:term":[{"taxonomy":"store","embeddable":true,"href":"https:\/\/dogdeals.eu\/de\/wp-json\/wp\/v2\/store?post=6154"},{"taxonomy":"product_cat","embeddable":true,"href":"https:\/\/dogdeals.eu\/de\/wp-json\/wp\/v2\/product_cat?post=6154"},{"taxonomy":"product_tag","embeddable":true,"href":"https:\/\/dogdeals.eu\/de\/wp-json\/wp\/v2\/product_tag?post=6154"}],"curies":[{"name":"wp","href":"https:\/\/api.w.org\/{rel}","templated":true}]}}