{"id":6138,"date":"2024-06-10T15:26:53","date_gmt":"2024-06-10T15:26:53","guid":{"rendered":"https:\/\/dogdeals.eu\/de\/product\/hundespielzeug-indestructible-tug-of-war-plush-squeaky-with-crinkle-paper-and-dog-rope-robust-dog-chew-toy-for-puppies-small-medium-large-dogs\/"},"modified":"2024-06-10T15:57:03","modified_gmt":"2024-06-10T15:57:03","slug":"hundespielzeug-indestructible-tug-of-war-plush-squeaky-with-crinkle-paper-and-dog-rope-robust-dog-chew-toy-for-puppies-small-medium-large-dogs","status":"publish","type":"product","link":"https:\/\/dogdeals.eu\/de\/product\/hundespielzeug-indestructible-tug-of-war-plush-squeaky-with-crinkle-paper-and-dog-rope-robust-dog-chew-toy-for-puppies-small-medium-large-dogs\/","title":{"rendered":"Hundespielzeug Indestructible, Tug of War Plush Squeaky with Crinkle Paper and Dog Rope, Robust Dog Chew Toy for Puppies, Small, Medium, Large Dogs"},"content":{"rendered":"<p>Splendid toy for teething puppies: The physique and limbs of this canine toy are crammed with a robust rope. Weicher Pl\u00fcsch umh\u00fcllt das starke Seil, was das Hundespielzeug nicht nur langlebiger macht, sondern auch das Pl\u00fcschtier sch\u00fctzt. Briefly, it is protected against harm over time. It additionally helps puppies brushing, chewing, brushing tooth and taking part in, protects gums and relieves stress or discomfort.<br \/>\nHundespielzeug with out loud squeaking: Our improved Hundespielzeug has no loud squeaky, which prevents your canine from getting nervousness when taking part in. Hundespielzeug is made from crumpled paper that creates a slight rustle when the canine performs with it. The toy successfully attracts the eye of the animal when taking part in and trains the canine&#8217;s responsiveness to small sounds.<br \/>\nGreatest pet equipment: strong Hundespielzeug with many makes use of. The lengthy physique of the canine toy is ideal for pulling, biting, pulling, cuddling, pillow sleeping, and so on. It&#8217;s the excellent companion animal. The proprietor throws it and the canine chases it and retrieves it. It&#8217;s the finest toy to advertise intimacy and entertain your self.<br \/>\nProtected and sturdy: the outside of the canine plush toy is made from protected and sturdy supplies, additionally has a water-resistant interior layer to maintain canine spoil out. so you do not have to fret about your canine consuming the rope even when the rope is bitten inside. The physique is provided with Velcro to simply substitute damaged rope.<br \/>\nEnamel cleansing: This Hundespielzeug is ideal for canine to chew, not solely cleans the canine&#8217;s tooth strongly, stimulates the gums, but in addition relieves the stress when teething and biting the pet. And reduces plaque and tartar. Promotes dental well being and retains it helpful to eat and drink to extend your canine&#8217;s taking part in enjoyable.<br \/>\n<div class=\"main-cross-sell\" data-asin=\"B09Z7ZHW1N\">\n\n\t<div class=\"WooZone-cross-sell-loader\">\n\t\t<div>\n\t\t\t<div id=\"floatingBarsG\">\n\t\t\t\t<div class=\"blockG\" id=\"rotateG_01\"><\/div>\n\t\t\t\t<div class=\"blockG\" id=\"rotateG_02\"><\/div>\n\t\t\t\t<div class=\"blockG\" id=\"rotateG_03\"><\/div>\n\t\t\t\t<div class=\"blockG\" id=\"rotateG_04\"><\/div>\n\t\t\t\t<div class=\"blockG\" id=\"rotateG_05\"><\/div>\n\t\t\t\t<div class=\"blockG\" id=\"rotateG_06\"><\/div>\n\t\t\t\t<div class=\"blockG\" id=\"rotateG_07\"><\/div>\n\t\t\t\t<div class=\"blockG\" id=\"rotateG_08\"><\/div>\n\t\t\t<\/div>\n\t\t\t<div class=\"WooZone-cross-sell-loader-text\"><\/div>\n\t\t<\/div>\n\t<\/div>\n\n\t\t\n<\/div>\n<div style=\"clear:both;\"><\/div><\/p>\n","protected":false},"excerpt":{"rendered":"<p>Ideal toy for teething puppies: The body and limbs of this dog toy are filled with a strong rope. Weicher Pl\u00fcsch umh\u00fcllt das starke Seil, was das Hundespielzeug nicht nur langlebiger macht, sondern auch das Pl\u00fcschtier sch\u00fctzt. In short, it is protected from damage over time. It also helps puppies brushing, chewing, brushing teeth and playing, protects gums and relieves stress or discomfort.<br \/>\nHundespielzeug without loud squeaking: Our improved Hundespielzeug has no loud squeaky, which prevents your dog from getting anxiety when playing. Hundespielzeug is made of crumpled paper that creates a slight rustle when the dog plays with it. The toy effectively attracts the attention of the animal when playing and trains the dog&#8217;s responsiveness to small sounds.<br \/>\nBest pet accessories: robust Hundespielzeug with many uses. The long body of the dog toy is perfect for pulling, biting, pulling, cuddling, pillow sleeping, etc. It is the perfect companion animal. The owner throws it and the dog chases it and retrieves it. It is the best toy to promote intimacy and entertain yourself.<\/p>\n","protected":false},"featured_media":6139,"comment_status":"open","ping_status":"closed","template":"","meta":[],"store":[],"product_cat":[37,28],"product_tag":[],"yoast_head":"<!-- This site is optimized with the Yoast SEO plugin v22.8 - https:\/\/yoast.com\/wordpress\/plugins\/seo\/ -->\n<title>Hundespielzeug Indestructible, Tug of War Plush Squeaky with Crinkle Paper and Dog Rope, Robust Dog Chew Toy for Puppies, Small, Medium, Large Dogs - DogDeals<\/title>\n<meta name=\"description\" content=\"Discover top-quality dog essentials at DogDeals. Shop for nutritious food, fun toys, comfortable beds, and stylish accessories. Unleash the best deals for your furry friend and ensure their happiness and well-being with our premium picks!\" \/>\n<meta name=\"robots\" content=\"index, follow, max-snippet:-1, max-image-preview:large, max-video-preview:-1\" \/>\n<link rel=\"canonical\" href=\"https:\/\/dogdeals.eu\/de\/product\/hundespielzeug-indestructible-tug-of-war-plush-squeaky-with-crinkle-paper-and-dog-rope-robust-dog-chew-toy-for-puppies-small-medium-large-dogs\/\" \/>\n<meta property=\"og:locale\" content=\"en_US\" \/>\n<meta property=\"og:type\" content=\"article\" \/>\n<meta property=\"og:title\" content=\"Hundespielzeug Indestructible, Tug of War Plush Squeaky with Crinkle Paper and Dog Rope, Robust Dog Chew Toy for Puppies, Small, Medium, Large Dogs - DogDeals\" \/>\n<meta property=\"og:description\" content=\"Discover top-quality dog essentials at DogDeals. Shop for nutritious food, fun toys, comfortable beds, and stylish accessories. Unleash the best deals for your furry friend and ensure their happiness and well-being with our premium picks!\" \/>\n<meta property=\"og:url\" content=\"https:\/\/dogdeals.eu\/de\/product\/hundespielzeug-indestructible-tug-of-war-plush-squeaky-with-crinkle-paper-and-dog-rope-robust-dog-chew-toy-for-puppies-small-medium-large-dogs\/\" \/>\n<meta property=\"og:site_name\" content=\"DogDeals\" \/>\n<meta property=\"article:modified_time\" content=\"2024-06-10T15:57:03+00:00\" \/>\n<meta property=\"og:image\" content=\"https:\/\/m.media-amazon.com\/images\/I\/51AIdYhlcZL.jpg\" \/>\n\t<meta property=\"og:image:width\" content=\"500\" \/>\n\t<meta property=\"og:image:height\" content=\"500\" \/>\n\t<meta property=\"og:image:type\" content=\"image\/jpeg\" \/>\n<meta name=\"twitter:card\" content=\"summary_large_image\" \/>\n<meta name=\"twitter:label1\" content=\"Est. reading time\" \/>\n\t<meta name=\"twitter:data1\" content=\"2 minutes\" \/>\n<script type=\"application\/ld+json\" class=\"yoast-schema-graph\">{\"@context\":\"https:\/\/schema.org\",\"@graph\":[{\"@type\":\"WebPage\",\"@id\":\"https:\/\/dogdeals.eu\/de\/product\/hundespielzeug-indestructible-tug-of-war-plush-squeaky-with-crinkle-paper-and-dog-rope-robust-dog-chew-toy-for-puppies-small-medium-large-dogs\/\",\"url\":\"https:\/\/dogdeals.eu\/de\/product\/hundespielzeug-indestructible-tug-of-war-plush-squeaky-with-crinkle-paper-and-dog-rope-robust-dog-chew-toy-for-puppies-small-medium-large-dogs\/\",\"name\":\"Hundespielzeug Indestructible, Tug of War Plush Squeaky with Crinkle Paper and Dog Rope, Robust Dog Chew Toy for Puppies, Small, Medium, Large Dogs - DogDeals\",\"isPartOf\":{\"@id\":\"https:\/\/dogdeals.eu\/de\/#website\"},\"primaryImageOfPage\":{\"@id\":\"https:\/\/dogdeals.eu\/de\/product\/hundespielzeug-indestructible-tug-of-war-plush-squeaky-with-crinkle-paper-and-dog-rope-robust-dog-chew-toy-for-puppies-small-medium-large-dogs\/#primaryimage\"},\"image\":{\"@id\":\"https:\/\/dogdeals.eu\/de\/product\/hundespielzeug-indestructible-tug-of-war-plush-squeaky-with-crinkle-paper-and-dog-rope-robust-dog-chew-toy-for-puppies-small-medium-large-dogs\/#primaryimage\"},\"thumbnailUrl\":\"https:\/\/m.media-amazon.com\/images\/I\/51AIdYhlcZL.jpg\",\"datePublished\":\"2024-06-10T15:26:53+00:00\",\"dateModified\":\"2024-06-10T15:57:03+00:00\",\"description\":\"Discover top-quality dog essentials at DogDeals. Shop for nutritious food, fun toys, comfortable beds, and stylish accessories. Unleash the best deals for your furry friend and ensure their happiness and well-being with our premium picks!\",\"breadcrumb\":{\"@id\":\"https:\/\/dogdeals.eu\/de\/product\/hundespielzeug-indestructible-tug-of-war-plush-squeaky-with-crinkle-paper-and-dog-rope-robust-dog-chew-toy-for-puppies-small-medium-large-dogs\/#breadcrumb\"},\"inLanguage\":\"en-US\",\"potentialAction\":[{\"@type\":\"ReadAction\",\"target\":[\"https:\/\/dogdeals.eu\/de\/product\/hundespielzeug-indestructible-tug-of-war-plush-squeaky-with-crinkle-paper-and-dog-rope-robust-dog-chew-toy-for-puppies-small-medium-large-dogs\/\"]}]},{\"@type\":\"ImageObject\",\"inLanguage\":\"en-US\",\"@id\":\"https:\/\/dogdeals.eu\/de\/product\/hundespielzeug-indestructible-tug-of-war-plush-squeaky-with-crinkle-paper-and-dog-rope-robust-dog-chew-toy-for-puppies-small-medium-large-dogs\/#primaryimage\",\"url\":\"https:\/\/m.media-amazon.com\/images\/I\/51AIdYhlcZL.jpg\",\"contentUrl\":\"https:\/\/m.media-amazon.com\/images\/I\/51AIdYhlcZL.jpg\",\"width\":500,\"height\":500},{\"@type\":\"BreadcrumbList\",\"@id\":\"https:\/\/dogdeals.eu\/de\/product\/hundespielzeug-indestructible-tug-of-war-plush-squeaky-with-crinkle-paper-and-dog-rope-robust-dog-chew-toy-for-puppies-small-medium-large-dogs\/#breadcrumb\",\"itemListElement\":[{\"@type\":\"ListItem\",\"position\":1,\"name\":\"Home\",\"item\":\"https:\/\/dogdeals.eu\/de\/\"},{\"@type\":\"ListItem\",\"position\":2,\"name\":\"Shop\",\"item\":\"https:\/\/dogdeals.eu\/de\/shop\/\"},{\"@type\":\"ListItem\",\"position\":3,\"name\":\"Hundespielzeug Indestructible, Tug of War Plush Squeaky with Crinkle Paper and Dog Rope, Robust Dog Chew Toy for Puppies, Small, Medium, Large Dogs\"}]},{\"@type\":\"WebSite\",\"@id\":\"https:\/\/dogdeals.eu\/de\/#website\",\"url\":\"https:\/\/dogdeals.eu\/de\/\",\"name\":\"DogDeals\",\"description\":\"Premium Dog Products at Unbeatable Prices\",\"publisher\":{\"@id\":\"https:\/\/dogdeals.eu\/de\/#organization\"},\"potentialAction\":[{\"@type\":\"SearchAction\",\"target\":{\"@type\":\"EntryPoint\",\"urlTemplate\":\"https:\/\/dogdeals.eu\/de\/?s={search_term_string}\"},\"query-input\":\"required name=search_term_string\"}],\"inLanguage\":\"en-US\"},{\"@type\":\"Organization\",\"@id\":\"https:\/\/dogdeals.eu\/de\/#organization\",\"name\":\"DogDeals\",\"url\":\"https:\/\/dogdeals.eu\/de\/\",\"logo\":{\"@type\":\"ImageObject\",\"inLanguage\":\"en-US\",\"@id\":\"https:\/\/dogdeals.eu\/de\/#\/schema\/logo\/image\/\",\"url\":\"https:\/\/dogdeals.eu\/de\/wp-content\/uploads\/2024\/06\/Screenshot-2024-06-10-at-6.35.37-PM.png\",\"contentUrl\":\"https:\/\/dogdeals.eu\/de\/wp-content\/uploads\/2024\/06\/Screenshot-2024-06-10-at-6.35.37-PM.png\",\"width\":2758,\"height\":978,\"caption\":\"DogDeals\"},\"image\":{\"@id\":\"https:\/\/dogdeals.eu\/de\/#\/schema\/logo\/image\/\"}}]}<\/script>\n<!-- \/ Yoast SEO plugin. -->","yoast_head_json":{"title":"Hundespielzeug Indestructible, Tug of War Plush Squeaky with Crinkle Paper and Dog Rope, Robust Dog Chew Toy for Puppies, Small, Medium, Large Dogs - DogDeals","description":"Discover top-quality dog essentials at DogDeals. Shop for nutritious food, fun toys, comfortable beds, and stylish accessories. Unleash the best deals for your furry friend and ensure their happiness and well-being with our premium picks!","robots":{"index":"index","follow":"follow","max-snippet":"max-snippet:-1","max-image-preview":"max-image-preview:large","max-video-preview":"max-video-preview:-1"},"canonical":"https:\/\/dogdeals.eu\/de\/product\/hundespielzeug-indestructible-tug-of-war-plush-squeaky-with-crinkle-paper-and-dog-rope-robust-dog-chew-toy-for-puppies-small-medium-large-dogs\/","og_locale":"en_US","og_type":"article","og_title":"Hundespielzeug Indestructible, Tug of War Plush Squeaky with Crinkle Paper and Dog Rope, Robust Dog Chew Toy for Puppies, Small, Medium, Large Dogs - DogDeals","og_description":"Discover top-quality dog essentials at DogDeals. Shop for nutritious food, fun toys, comfortable beds, and stylish accessories. Unleash the best deals for your furry friend and ensure their happiness and well-being with our premium picks!","og_url":"https:\/\/dogdeals.eu\/de\/product\/hundespielzeug-indestructible-tug-of-war-plush-squeaky-with-crinkle-paper-and-dog-rope-robust-dog-chew-toy-for-puppies-small-medium-large-dogs\/","og_site_name":"DogDeals","article_modified_time":"2024-06-10T15:57:03+00:00","og_image":[{"width":500,"height":500,"url":"https:\/\/m.media-amazon.com\/images\/I\/51AIdYhlcZL.jpg","type":"image\/jpeg"}],"twitter_card":"summary_large_image","twitter_misc":{"Est. reading time":"2 minutes"},"schema":{"@context":"https:\/\/schema.org","@graph":[{"@type":"WebPage","@id":"https:\/\/dogdeals.eu\/de\/product\/hundespielzeug-indestructible-tug-of-war-plush-squeaky-with-crinkle-paper-and-dog-rope-robust-dog-chew-toy-for-puppies-small-medium-large-dogs\/","url":"https:\/\/dogdeals.eu\/de\/product\/hundespielzeug-indestructible-tug-of-war-plush-squeaky-with-crinkle-paper-and-dog-rope-robust-dog-chew-toy-for-puppies-small-medium-large-dogs\/","name":"Hundespielzeug Indestructible, Tug of War Plush Squeaky with Crinkle Paper and Dog Rope, Robust Dog Chew Toy for Puppies, Small, Medium, Large Dogs - DogDeals","isPartOf":{"@id":"https:\/\/dogdeals.eu\/de\/#website"},"primaryImageOfPage":{"@id":"https:\/\/dogdeals.eu\/de\/product\/hundespielzeug-indestructible-tug-of-war-plush-squeaky-with-crinkle-paper-and-dog-rope-robust-dog-chew-toy-for-puppies-small-medium-large-dogs\/#primaryimage"},"image":{"@id":"https:\/\/dogdeals.eu\/de\/product\/hundespielzeug-indestructible-tug-of-war-plush-squeaky-with-crinkle-paper-and-dog-rope-robust-dog-chew-toy-for-puppies-small-medium-large-dogs\/#primaryimage"},"thumbnailUrl":"https:\/\/m.media-amazon.com\/images\/I\/51AIdYhlcZL.jpg","datePublished":"2024-06-10T15:26:53+00:00","dateModified":"2024-06-10T15:57:03+00:00","description":"Discover top-quality dog essentials at DogDeals. Shop for nutritious food, fun toys, comfortable beds, and stylish accessories. Unleash the best deals for your furry friend and ensure their happiness and well-being with our premium picks!","breadcrumb":{"@id":"https:\/\/dogdeals.eu\/de\/product\/hundespielzeug-indestructible-tug-of-war-plush-squeaky-with-crinkle-paper-and-dog-rope-robust-dog-chew-toy-for-puppies-small-medium-large-dogs\/#breadcrumb"},"inLanguage":"en-US","potentialAction":[{"@type":"ReadAction","target":["https:\/\/dogdeals.eu\/de\/product\/hundespielzeug-indestructible-tug-of-war-plush-squeaky-with-crinkle-paper-and-dog-rope-robust-dog-chew-toy-for-puppies-small-medium-large-dogs\/"]}]},{"@type":"ImageObject","inLanguage":"en-US","@id":"https:\/\/dogdeals.eu\/de\/product\/hundespielzeug-indestructible-tug-of-war-plush-squeaky-with-crinkle-paper-and-dog-rope-robust-dog-chew-toy-for-puppies-small-medium-large-dogs\/#primaryimage","url":"https:\/\/m.media-amazon.com\/images\/I\/51AIdYhlcZL.jpg","contentUrl":"https:\/\/m.media-amazon.com\/images\/I\/51AIdYhlcZL.jpg","width":500,"height":500},{"@type":"BreadcrumbList","@id":"https:\/\/dogdeals.eu\/de\/product\/hundespielzeug-indestructible-tug-of-war-plush-squeaky-with-crinkle-paper-and-dog-rope-robust-dog-chew-toy-for-puppies-small-medium-large-dogs\/#breadcrumb","itemListElement":[{"@type":"ListItem","position":1,"name":"Home","item":"https:\/\/dogdeals.eu\/de\/"},{"@type":"ListItem","position":2,"name":"Shop","item":"https:\/\/dogdeals.eu\/de\/shop\/"},{"@type":"ListItem","position":3,"name":"Hundespielzeug Indestructible, Tug of War Plush Squeaky with Crinkle Paper and Dog Rope, Robust Dog Chew Toy for Puppies, Small, Medium, Large Dogs"}]},{"@type":"WebSite","@id":"https:\/\/dogdeals.eu\/de\/#website","url":"https:\/\/dogdeals.eu\/de\/","name":"DogDeals","description":"Premium Dog Products at Unbeatable Prices","publisher":{"@id":"https:\/\/dogdeals.eu\/de\/#organization"},"potentialAction":[{"@type":"SearchAction","target":{"@type":"EntryPoint","urlTemplate":"https:\/\/dogdeals.eu\/de\/?s={search_term_string}"},"query-input":"required name=search_term_string"}],"inLanguage":"en-US"},{"@type":"Organization","@id":"https:\/\/dogdeals.eu\/de\/#organization","name":"DogDeals","url":"https:\/\/dogdeals.eu\/de\/","logo":{"@type":"ImageObject","inLanguage":"en-US","@id":"https:\/\/dogdeals.eu\/de\/#\/schema\/logo\/image\/","url":"https:\/\/dogdeals.eu\/de\/wp-content\/uploads\/2024\/06\/Screenshot-2024-06-10-at-6.35.37-PM.png","contentUrl":"https:\/\/dogdeals.eu\/de\/wp-content\/uploads\/2024\/06\/Screenshot-2024-06-10-at-6.35.37-PM.png","width":2758,"height":978,"caption":"DogDeals"},"image":{"@id":"https:\/\/dogdeals.eu\/de\/#\/schema\/logo\/image\/"}}]}},"_links":{"self":[{"href":"https:\/\/dogdeals.eu\/de\/wp-json\/wp\/v2\/product\/6138"}],"collection":[{"href":"https:\/\/dogdeals.eu\/de\/wp-json\/wp\/v2\/product"}],"about":[{"href":"https:\/\/dogdeals.eu\/de\/wp-json\/wp\/v2\/types\/product"}],"replies":[{"embeddable":true,"href":"https:\/\/dogdeals.eu\/de\/wp-json\/wp\/v2\/comments?post=6138"}],"wp:featuredmedia":[{"embeddable":true,"href":"https:\/\/dogdeals.eu\/de\/wp-json\/wp\/v2\/media\/6139"}],"wp:attachment":[{"href":"https:\/\/dogdeals.eu\/de\/wp-json\/wp\/v2\/media?parent=6138"}],"wp:term":[{"taxonomy":"store","embeddable":true,"href":"https:\/\/dogdeals.eu\/de\/wp-json\/wp\/v2\/store?post=6138"},{"taxonomy":"product_cat","embeddable":true,"href":"https:\/\/dogdeals.eu\/de\/wp-json\/wp\/v2\/product_cat?post=6138"},{"taxonomy":"product_tag","embeddable":true,"href":"https:\/\/dogdeals.eu\/de\/wp-json\/wp\/v2\/product_tag?post=6138"}],"curies":[{"name":"wp","href":"https:\/\/api.w.org\/{rel}","templated":true}]}}