{"id":6013,"date":"2024-06-10T15:23:47","date_gmt":"2024-06-10T15:23:47","guid":{"rendered":"https:\/\/dogdeals.eu\/de\/product\/iokheira-hundespielzeug-grose-hunde-plusch-quietschend-apportierspiel-ziehspiel-squeak-toys-for-dogs-brown-donkey\/"},"modified":"2024-06-10T15:55:16","modified_gmt":"2024-06-10T15:55:16","slug":"iokheira-hundespielzeug-grose-hunde-plusch-quietschend-apportierspiel-ziehspiel-squeak-toys-for-dogs-brown-donkey","status":"publish","type":"product","link":"https:\/\/dogdeals.eu\/de\/product\/iokheira-hundespielzeug-grose-hunde-plusch-quietschend-apportierspiel-ziehspiel-squeak-toys-for-dogs-brown-donkey\/","title":{"rendered":"IOKHEIRA Hundespielzeug gro\u00dfe Hunde -Pl\u00fcsch Quietschend Apportierspiel Ziehspiel &#8211; Squeak Toys for Dogs (Brown, Donkey)"},"content":{"rendered":"<p><!-- show up to 2 reviews by default --> <\/p>\n<h3> <span>Product description<\/span> <\/h3>\n<p> <span>IOKHEIRA Hundespielzeug<\/span> <\/p>\n<h3> <span>Instructions<\/span> <\/h3>\n<p> <span>IOKHEIRA Hundespielzeug<\/span> <\/p>\n<p>\u3010Doppellagigem Verbundstoff Hundespielzeug\u3011 Unser Hundespielzeug besteht aus doppellagigem Verbundstoff, hoher Temperatur und hohem Druck. Die Au\u00dfenseite besteht aus weicher, strapazierf\u00e4higer Baumwolle und die Innenseite aus einem dicken, sehr strapazierf\u00e4higen Stoff, gef\u00fcllt mit Bio-Baumwolle. Dieses Spielzeug ist perfekt f\u00fcr kleine, mittlere und gro\u00dfe Hunde und bietet sowohl Sicherheit als auch Haltbarkeit.<br \/>\n\u3010Hundespielzeug zum Ziehen und Binden\u3011 Die Hand- und Fu\u00dfteile dieses Hundespielzeugs bestehen aus zwei beweglichen Seilen, sodass Sie mit Ihrem Hund verschiedene interaktive Spiele spielen k\u00f6nnen, z. B. Tauziehen mit dem Hund an beiden Enden des Seils . , um Ihre Beziehung zu Ihrem Hund zu verbessern. Das integrierte Seil am ganzen K\u00f6rper sorgt f\u00fcr zus\u00e4tzlichen Spielspa\u00df bei Ihrem Vierbeiner.<br \/>\n\u3010Quietschendes Hundespielzeug\u3011 Das Hundespielzeug f\u00fcr gro\u00dfe Hunde verf\u00fcgt nicht nur \u00fcber eingebaute Quietscher, sondern auch \u00fcber Knisterpapier in den Ohren und im Schwanz, damit Ihre Hunde mehr Spannung und weniger Langeweile beim Spielen haben. Dar\u00fcber hinaus bedeutet die minimale Polsterung, dass Sie sich beim beaufsichtigten Spielen weniger Gedanken \u00fcber unordentliche Polsterung machen m\u00fcssen.<br \/>\n\u3010Unterhaltung und Angstlinderung\u3011 Diese Stofftiere f\u00fcr Hunde sind superweich, bequem und eine beliebte Wahl zum Spielen im Innenbereich oder einfach nur, um Ihrem Welpen Gesellschaft zu leisten. Sie k\u00f6nnen Depressionen, Langeweile und Angstzust\u00e4nde Ihres Hundes lindern.<br \/>\n\u3010Zahnreinigung und Gewichtskontrolle\u3011 Dieses Quietschspielzeug f\u00fcr Hunde hilft, die Zahn- und Mundgesundheit Ihres Hundes zu erhalten, indem es zum Kauen anregt. Es kann auch die Bewegung Ihres Hundes steigern, um sein Gewicht zu kontrollieren, indem er Tauziehen spielt oder nach drau\u00dfen apportiert.<br \/>\n<div class=\"main-cross-sell\" data-asin=\"B0D1GDM4GW\">\n\n\t<div class=\"WooZone-cross-sell-loader\">\n\t\t<div>\n\t\t\t<div id=\"floatingBarsG\">\n\t\t\t\t<div class=\"blockG\" id=\"rotateG_01\"><\/div>\n\t\t\t\t<div class=\"blockG\" id=\"rotateG_02\"><\/div>\n\t\t\t\t<div class=\"blockG\" id=\"rotateG_03\"><\/div>\n\t\t\t\t<div class=\"blockG\" id=\"rotateG_04\"><\/div>\n\t\t\t\t<div class=\"blockG\" id=\"rotateG_05\"><\/div>\n\t\t\t\t<div class=\"blockG\" id=\"rotateG_06\"><\/div>\n\t\t\t\t<div class=\"blockG\" id=\"rotateG_07\"><\/div>\n\t\t\t\t<div class=\"blockG\" id=\"rotateG_08\"><\/div>\n\t\t\t<\/div>\n\t\t\t<div class=\"WooZone-cross-sell-loader-text\"><\/div>\n\t\t<\/div>\n\t<\/div>\n\n\t\t\n<\/div>\n<div style=\"clear:both;\"><\/div><\/p>\n","protected":false},"excerpt":{"rendered":"<p>\u3010Doppellagigem Verbundstoff Hundespielzeug\u3011 Unser Hundespielzeug besteht aus doppellagigem Verbundstoff, hoher Temperatur und hohem Druck. Die Au\u00dfenseite besteht aus weicher, strapazierf\u00e4higer Baumwolle und die Innenseite aus einem dicken, sehr strapazierf\u00e4higen Stoff, gef\u00fcllt mit Bio-Baumwolle. Dieses Spielzeug ist perfekt f\u00fcr kleine, mittlere und gro\u00dfe Hunde und bietet sowohl Sicherheit als auch Haltbarkeit.<br \/>\n\u3010Hundespielzeug zum Ziehen und Binden\u3011 Die Hand- und Fu\u00dfteile dieses Hundespielzeugs bestehen aus zwei beweglichen Seilen, sodass Sie mit Ihrem Hund verschiedene interaktive Spiele spielen k\u00f6nnen, z. B. Tauziehen mit dem Hund an beiden Enden des Seils . , um Ihre Beziehung zu Ihrem Hund zu verbessern. Das integrierte Seil am ganzen K\u00f6rper sorgt f\u00fcr zus\u00e4tzlichen Spielspa\u00df bei Ihrem Vierbeiner.<br \/>\n\u3010Quietschendes Hundespielzeug\u3011 Das Hundespielzeug f\u00fcr gro\u00dfe Hunde verf\u00fcgt nicht nur \u00fcber eingebaute Quietscher, sondern auch \u00fcber Knisterpapier in den Ohren und im Schwanz, damit Ihre Hunde mehr Spannung und weniger Langeweile beim Spielen haben. Dar\u00fcber hinaus bedeutet die minimale Polsterung, dass Sie sich beim beaufsichtigten Spielen weniger Gedanken \u00fcber unordentliche Polsterung machen m\u00fcssen.<\/p>\n","protected":false},"featured_media":6014,"comment_status":"open","ping_status":"closed","template":"","meta":[],"store":[],"product_cat":[37,28],"product_tag":[],"yoast_head":"<!-- This site is optimized with the Yoast SEO plugin v22.8 - https:\/\/yoast.com\/wordpress\/plugins\/seo\/ -->\n<title>IOKHEIRA Hundespielzeug gro\u00dfe Hunde -Pl\u00fcsch Quietschend Apportierspiel Ziehspiel - Squeak Toys for Dogs (Brown, Donkey) - DogDeals<\/title>\n<meta name=\"description\" content=\"Discover top-quality dog essentials at DogDeals. Shop for nutritious food, fun toys, comfortable beds, and stylish accessories. Unleash the best deals for your furry friend and ensure their happiness and well-being with our premium picks!\" \/>\n<meta name=\"robots\" content=\"index, follow, max-snippet:-1, max-image-preview:large, max-video-preview:-1\" \/>\n<link rel=\"canonical\" href=\"https:\/\/dogdeals.eu\/de\/product\/iokheira-hundespielzeug-grose-hunde-plusch-quietschend-apportierspiel-ziehspiel-squeak-toys-for-dogs-brown-donkey\/\" \/>\n<meta property=\"og:locale\" content=\"en_US\" \/>\n<meta property=\"og:type\" content=\"article\" \/>\n<meta property=\"og:title\" content=\"IOKHEIRA Hundespielzeug gro\u00dfe Hunde -Pl\u00fcsch Quietschend Apportierspiel Ziehspiel - Squeak Toys for Dogs (Brown, Donkey) - DogDeals\" \/>\n<meta property=\"og:description\" content=\"Discover top-quality dog essentials at DogDeals. Shop for nutritious food, fun toys, comfortable beds, and stylish accessories. Unleash the best deals for your furry friend and ensure their happiness and well-being with our premium picks!\" \/>\n<meta property=\"og:url\" content=\"https:\/\/dogdeals.eu\/de\/product\/iokheira-hundespielzeug-grose-hunde-plusch-quietschend-apportierspiel-ziehspiel-squeak-toys-for-dogs-brown-donkey\/\" \/>\n<meta property=\"og:site_name\" content=\"DogDeals\" \/>\n<meta property=\"article:modified_time\" content=\"2024-06-10T15:55:16+00:00\" \/>\n<meta property=\"og:image\" content=\"https:\/\/m.media-amazon.com\/images\/I\/51hhLmVeJFL.jpg\" \/>\n\t<meta property=\"og:image:width\" content=\"500\" \/>\n\t<meta property=\"og:image:height\" content=\"500\" \/>\n\t<meta property=\"og:image:type\" content=\"image\/jpeg\" \/>\n<meta name=\"twitter:card\" content=\"summary_large_image\" \/>\n<meta name=\"twitter:label1\" content=\"Est. reading time\" \/>\n\t<meta name=\"twitter:data1\" content=\"1 minute\" \/>\n<script type=\"application\/ld+json\" class=\"yoast-schema-graph\">{\"@context\":\"https:\/\/schema.org\",\"@graph\":[{\"@type\":\"WebPage\",\"@id\":\"https:\/\/dogdeals.eu\/de\/product\/iokheira-hundespielzeug-grose-hunde-plusch-quietschend-apportierspiel-ziehspiel-squeak-toys-for-dogs-brown-donkey\/\",\"url\":\"https:\/\/dogdeals.eu\/de\/product\/iokheira-hundespielzeug-grose-hunde-plusch-quietschend-apportierspiel-ziehspiel-squeak-toys-for-dogs-brown-donkey\/\",\"name\":\"IOKHEIRA Hundespielzeug gro\u00dfe Hunde -Pl\u00fcsch Quietschend Apportierspiel Ziehspiel - Squeak Toys for Dogs (Brown, Donkey) - DogDeals\",\"isPartOf\":{\"@id\":\"https:\/\/dogdeals.eu\/de\/#website\"},\"primaryImageOfPage\":{\"@id\":\"https:\/\/dogdeals.eu\/de\/product\/iokheira-hundespielzeug-grose-hunde-plusch-quietschend-apportierspiel-ziehspiel-squeak-toys-for-dogs-brown-donkey\/#primaryimage\"},\"image\":{\"@id\":\"https:\/\/dogdeals.eu\/de\/product\/iokheira-hundespielzeug-grose-hunde-plusch-quietschend-apportierspiel-ziehspiel-squeak-toys-for-dogs-brown-donkey\/#primaryimage\"},\"thumbnailUrl\":\"https:\/\/m.media-amazon.com\/images\/I\/51hhLmVeJFL.jpg\",\"datePublished\":\"2024-06-10T15:23:47+00:00\",\"dateModified\":\"2024-06-10T15:55:16+00:00\",\"description\":\"Discover top-quality dog essentials at DogDeals. Shop for nutritious food, fun toys, comfortable beds, and stylish accessories. Unleash the best deals for your furry friend and ensure their happiness and well-being with our premium picks!\",\"breadcrumb\":{\"@id\":\"https:\/\/dogdeals.eu\/de\/product\/iokheira-hundespielzeug-grose-hunde-plusch-quietschend-apportierspiel-ziehspiel-squeak-toys-for-dogs-brown-donkey\/#breadcrumb\"},\"inLanguage\":\"en-US\",\"potentialAction\":[{\"@type\":\"ReadAction\",\"target\":[\"https:\/\/dogdeals.eu\/de\/product\/iokheira-hundespielzeug-grose-hunde-plusch-quietschend-apportierspiel-ziehspiel-squeak-toys-for-dogs-brown-donkey\/\"]}]},{\"@type\":\"ImageObject\",\"inLanguage\":\"en-US\",\"@id\":\"https:\/\/dogdeals.eu\/de\/product\/iokheira-hundespielzeug-grose-hunde-plusch-quietschend-apportierspiel-ziehspiel-squeak-toys-for-dogs-brown-donkey\/#primaryimage\",\"url\":\"https:\/\/m.media-amazon.com\/images\/I\/51hhLmVeJFL.jpg\",\"contentUrl\":\"https:\/\/m.media-amazon.com\/images\/I\/51hhLmVeJFL.jpg\",\"width\":500,\"height\":500},{\"@type\":\"BreadcrumbList\",\"@id\":\"https:\/\/dogdeals.eu\/de\/product\/iokheira-hundespielzeug-grose-hunde-plusch-quietschend-apportierspiel-ziehspiel-squeak-toys-for-dogs-brown-donkey\/#breadcrumb\",\"itemListElement\":[{\"@type\":\"ListItem\",\"position\":1,\"name\":\"Home\",\"item\":\"https:\/\/dogdeals.eu\/de\/\"},{\"@type\":\"ListItem\",\"position\":2,\"name\":\"Shop\",\"item\":\"https:\/\/dogdeals.eu\/de\/shop\/\"},{\"@type\":\"ListItem\",\"position\":3,\"name\":\"IOKHEIRA Hundespielzeug gro\u00dfe Hunde -Pl\u00fcsch Quietschend Apportierspiel Ziehspiel &#8211; Squeak Toys for Dogs (Brown, Donkey)\"}]},{\"@type\":\"WebSite\",\"@id\":\"https:\/\/dogdeals.eu\/de\/#website\",\"url\":\"https:\/\/dogdeals.eu\/de\/\",\"name\":\"DogDeals\",\"description\":\"Premium Dog Products at Unbeatable Prices\",\"publisher\":{\"@id\":\"https:\/\/dogdeals.eu\/de\/#organization\"},\"potentialAction\":[{\"@type\":\"SearchAction\",\"target\":{\"@type\":\"EntryPoint\",\"urlTemplate\":\"https:\/\/dogdeals.eu\/de\/?s={search_term_string}\"},\"query-input\":\"required name=search_term_string\"}],\"inLanguage\":\"en-US\"},{\"@type\":\"Organization\",\"@id\":\"https:\/\/dogdeals.eu\/de\/#organization\",\"name\":\"DogDeals\",\"url\":\"https:\/\/dogdeals.eu\/de\/\",\"logo\":{\"@type\":\"ImageObject\",\"inLanguage\":\"en-US\",\"@id\":\"https:\/\/dogdeals.eu\/de\/#\/schema\/logo\/image\/\",\"url\":\"https:\/\/dogdeals.eu\/de\/wp-content\/uploads\/2024\/06\/Screenshot-2024-06-10-at-6.35.37-PM.png\",\"contentUrl\":\"https:\/\/dogdeals.eu\/de\/wp-content\/uploads\/2024\/06\/Screenshot-2024-06-10-at-6.35.37-PM.png\",\"width\":2758,\"height\":978,\"caption\":\"DogDeals\"},\"image\":{\"@id\":\"https:\/\/dogdeals.eu\/de\/#\/schema\/logo\/image\/\"}}]}<\/script>\n<!-- \/ Yoast SEO plugin. -->","yoast_head_json":{"title":"IOKHEIRA Hundespielzeug gro\u00dfe Hunde -Pl\u00fcsch Quietschend Apportierspiel Ziehspiel - Squeak Toys for Dogs (Brown, Donkey) - DogDeals","description":"Discover top-quality dog essentials at DogDeals. Shop for nutritious food, fun toys, comfortable beds, and stylish accessories. Unleash the best deals for your furry friend and ensure their happiness and well-being with our premium picks!","robots":{"index":"index","follow":"follow","max-snippet":"max-snippet:-1","max-image-preview":"max-image-preview:large","max-video-preview":"max-video-preview:-1"},"canonical":"https:\/\/dogdeals.eu\/de\/product\/iokheira-hundespielzeug-grose-hunde-plusch-quietschend-apportierspiel-ziehspiel-squeak-toys-for-dogs-brown-donkey\/","og_locale":"en_US","og_type":"article","og_title":"IOKHEIRA Hundespielzeug gro\u00dfe Hunde -Pl\u00fcsch Quietschend Apportierspiel Ziehspiel - Squeak Toys for Dogs (Brown, Donkey) - DogDeals","og_description":"Discover top-quality dog essentials at DogDeals. Shop for nutritious food, fun toys, comfortable beds, and stylish accessories. Unleash the best deals for your furry friend and ensure their happiness and well-being with our premium picks!","og_url":"https:\/\/dogdeals.eu\/de\/product\/iokheira-hundespielzeug-grose-hunde-plusch-quietschend-apportierspiel-ziehspiel-squeak-toys-for-dogs-brown-donkey\/","og_site_name":"DogDeals","article_modified_time":"2024-06-10T15:55:16+00:00","og_image":[{"width":500,"height":500,"url":"https:\/\/m.media-amazon.com\/images\/I\/51hhLmVeJFL.jpg","type":"image\/jpeg"}],"twitter_card":"summary_large_image","twitter_misc":{"Est. reading time":"1 minute"},"schema":{"@context":"https:\/\/schema.org","@graph":[{"@type":"WebPage","@id":"https:\/\/dogdeals.eu\/de\/product\/iokheira-hundespielzeug-grose-hunde-plusch-quietschend-apportierspiel-ziehspiel-squeak-toys-for-dogs-brown-donkey\/","url":"https:\/\/dogdeals.eu\/de\/product\/iokheira-hundespielzeug-grose-hunde-plusch-quietschend-apportierspiel-ziehspiel-squeak-toys-for-dogs-brown-donkey\/","name":"IOKHEIRA Hundespielzeug gro\u00dfe Hunde -Pl\u00fcsch Quietschend Apportierspiel Ziehspiel - Squeak Toys for Dogs (Brown, Donkey) - DogDeals","isPartOf":{"@id":"https:\/\/dogdeals.eu\/de\/#website"},"primaryImageOfPage":{"@id":"https:\/\/dogdeals.eu\/de\/product\/iokheira-hundespielzeug-grose-hunde-plusch-quietschend-apportierspiel-ziehspiel-squeak-toys-for-dogs-brown-donkey\/#primaryimage"},"image":{"@id":"https:\/\/dogdeals.eu\/de\/product\/iokheira-hundespielzeug-grose-hunde-plusch-quietschend-apportierspiel-ziehspiel-squeak-toys-for-dogs-brown-donkey\/#primaryimage"},"thumbnailUrl":"https:\/\/m.media-amazon.com\/images\/I\/51hhLmVeJFL.jpg","datePublished":"2024-06-10T15:23:47+00:00","dateModified":"2024-06-10T15:55:16+00:00","description":"Discover top-quality dog essentials at DogDeals. Shop for nutritious food, fun toys, comfortable beds, and stylish accessories. Unleash the best deals for your furry friend and ensure their happiness and well-being with our premium picks!","breadcrumb":{"@id":"https:\/\/dogdeals.eu\/de\/product\/iokheira-hundespielzeug-grose-hunde-plusch-quietschend-apportierspiel-ziehspiel-squeak-toys-for-dogs-brown-donkey\/#breadcrumb"},"inLanguage":"en-US","potentialAction":[{"@type":"ReadAction","target":["https:\/\/dogdeals.eu\/de\/product\/iokheira-hundespielzeug-grose-hunde-plusch-quietschend-apportierspiel-ziehspiel-squeak-toys-for-dogs-brown-donkey\/"]}]},{"@type":"ImageObject","inLanguage":"en-US","@id":"https:\/\/dogdeals.eu\/de\/product\/iokheira-hundespielzeug-grose-hunde-plusch-quietschend-apportierspiel-ziehspiel-squeak-toys-for-dogs-brown-donkey\/#primaryimage","url":"https:\/\/m.media-amazon.com\/images\/I\/51hhLmVeJFL.jpg","contentUrl":"https:\/\/m.media-amazon.com\/images\/I\/51hhLmVeJFL.jpg","width":500,"height":500},{"@type":"BreadcrumbList","@id":"https:\/\/dogdeals.eu\/de\/product\/iokheira-hundespielzeug-grose-hunde-plusch-quietschend-apportierspiel-ziehspiel-squeak-toys-for-dogs-brown-donkey\/#breadcrumb","itemListElement":[{"@type":"ListItem","position":1,"name":"Home","item":"https:\/\/dogdeals.eu\/de\/"},{"@type":"ListItem","position":2,"name":"Shop","item":"https:\/\/dogdeals.eu\/de\/shop\/"},{"@type":"ListItem","position":3,"name":"IOKHEIRA Hundespielzeug gro\u00dfe Hunde -Pl\u00fcsch Quietschend Apportierspiel Ziehspiel &#8211; Squeak Toys for Dogs (Brown, Donkey)"}]},{"@type":"WebSite","@id":"https:\/\/dogdeals.eu\/de\/#website","url":"https:\/\/dogdeals.eu\/de\/","name":"DogDeals","description":"Premium Dog Products at Unbeatable Prices","publisher":{"@id":"https:\/\/dogdeals.eu\/de\/#organization"},"potentialAction":[{"@type":"SearchAction","target":{"@type":"EntryPoint","urlTemplate":"https:\/\/dogdeals.eu\/de\/?s={search_term_string}"},"query-input":"required name=search_term_string"}],"inLanguage":"en-US"},{"@type":"Organization","@id":"https:\/\/dogdeals.eu\/de\/#organization","name":"DogDeals","url":"https:\/\/dogdeals.eu\/de\/","logo":{"@type":"ImageObject","inLanguage":"en-US","@id":"https:\/\/dogdeals.eu\/de\/#\/schema\/logo\/image\/","url":"https:\/\/dogdeals.eu\/de\/wp-content\/uploads\/2024\/06\/Screenshot-2024-06-10-at-6.35.37-PM.png","contentUrl":"https:\/\/dogdeals.eu\/de\/wp-content\/uploads\/2024\/06\/Screenshot-2024-06-10-at-6.35.37-PM.png","width":2758,"height":978,"caption":"DogDeals"},"image":{"@id":"https:\/\/dogdeals.eu\/de\/#\/schema\/logo\/image\/"}}]}},"_links":{"self":[{"href":"https:\/\/dogdeals.eu\/de\/wp-json\/wp\/v2\/product\/6013"}],"collection":[{"href":"https:\/\/dogdeals.eu\/de\/wp-json\/wp\/v2\/product"}],"about":[{"href":"https:\/\/dogdeals.eu\/de\/wp-json\/wp\/v2\/types\/product"}],"replies":[{"embeddable":true,"href":"https:\/\/dogdeals.eu\/de\/wp-json\/wp\/v2\/comments?post=6013"}],"wp:featuredmedia":[{"embeddable":true,"href":"https:\/\/dogdeals.eu\/de\/wp-json\/wp\/v2\/media\/6014"}],"wp:attachment":[{"href":"https:\/\/dogdeals.eu\/de\/wp-json\/wp\/v2\/media?parent=6013"}],"wp:term":[{"taxonomy":"store","embeddable":true,"href":"https:\/\/dogdeals.eu\/de\/wp-json\/wp\/v2\/store?post=6013"},{"taxonomy":"product_cat","embeddable":true,"href":"https:\/\/dogdeals.eu\/de\/wp-json\/wp\/v2\/product_cat?post=6013"},{"taxonomy":"product_tag","embeddable":true,"href":"https:\/\/dogdeals.eu\/de\/wp-json\/wp\/v2\/product_tag?post=6013"}],"curies":[{"name":"wp","href":"https:\/\/api.w.org\/{rel}","templated":true}]}}