{"id":5920,"date":"2024-06-10T15:21:13","date_gmt":"2024-06-10T15:21:13","guid":{"rendered":"https:\/\/dogdeals.eu\/de\/product\/annimally-anti-zecken-und-flohshampoo-hund-shampoo-gegen-zecken-flohe-milben-fur-hunde-hundeshampoo-mit-neem-extrakt-500ml\/"},"modified":"2024-06-10T15:57:05","modified_gmt":"2024-06-10T15:57:05","slug":"annimally-anti-zecken-und-flohshampoo-hund-shampoo-gegen-zecken-flohe-milben-fur-hunde-hundeshampoo-mit-neem-extrakt-500ml","status":"publish","type":"product","link":"https:\/\/dogdeals.eu\/de\/product\/annimally-anti-zecken-und-flohshampoo-hund-shampoo-gegen-zecken-flohe-milben-fur-hunde-hundeshampoo-mit-neem-extrakt-500ml\/","title":{"rendered":"Annimally Anti Zecken und Flohshampoo Hund &#8211; Shampoo gegen Zecken, Fl\u00f6he &#038; Milben f\u00fcr Hunde &#8211; Hundeshampoo mit Neem-Extrakt (500ml)"},"content":{"rendered":"<p>GEGEN ZECKEN, FL\u00d6HE &#038; MILBEN &#8211; Effektives Floh, Milben und Zeckenshampoo f\u00fcr die Anwendung bei Hunden jedes Alters. Unser Shampoo bietet effektiven Zeckenschutz, Flohschutz und Milbenschutz f\u00fcr Ihren Hund, wirkt gleichzeitig vorbeugend und pflegt Haut und Fell, dank nat\u00fcrlicher Inhaltsstoffe.<br \/>\nFELLPFLEGE MIT WAU-EFFEKT &#8211; Unser Shampoo ist nicht nur eine effektives Mittel bei Befall mit Zecken, Fl\u00f6hen oder Milben, es bietet gleichzeitig auch die perfekte Fellreinigung nach dem Gassigehen und hinterl\u00e4sst ein gl\u00e4nzendes Fell und pflegt dank Kokos\u00f6l Haut und Fell Ihres Hundes.<br \/>\nNAT\u00dcRLICHE INHALTSSTOFFE &#8211; Hochdosierte und nat\u00fcrliche Wirkstoffe wie Kokos\u00f6l, Neem\u00f6lextrakt sowie Geraniol sorgen f\u00fcr starken Schutz und eine wohltuende Pflege. Unser Shampoo pflegt Haut und Fell gleicherma\u00dfen.<br \/>\nTIERISCH LEICHTE ANWENDUNG &#8211; Das AntiEcto Shampoo in das Fell Ihres Hundes einmassieren, bis es sch\u00e4umt. Danach kurz einwirken lassen und schlie\u00dflich gr\u00fcndlich mit Wasser aussp\u00fclen. W\u00e4hrend des gesamten Vorgangs darauf achten, den Kontakt mit den Augen, dem Mund, der Nase und den Genitalien Ihres Hundes zu vermeiden.<br \/>\nQUALIT\u00c4T AUS DEUTSCHLAND &#8211; Unser Antiflohshampoo wird in Deutschland hergestellt und von Experten gepr\u00fcft. Wir entwickeln alle unsere Rezepturen stets mit h\u00f6chsten Anspr\u00fcchen an das Wohl Ihres Hundes. Biozidprodukte vorsichtig verwenden. Vor Gebrauch stets Etikett und Produktinformationen lesen. Biozid Registernr. BAuA N &#8211; 11284<br \/>\n<div class=\"main-cross-sell\" data-asin=\"B0CVH7BJ3K\">\n\n\t<div class=\"WooZone-cross-sell-loader\">\n\t\t<div>\n\t\t\t<div id=\"floatingBarsG\">\n\t\t\t\t<div class=\"blockG\" id=\"rotateG_01\"><\/div>\n\t\t\t\t<div class=\"blockG\" id=\"rotateG_02\"><\/div>\n\t\t\t\t<div class=\"blockG\" id=\"rotateG_03\"><\/div>\n\t\t\t\t<div class=\"blockG\" id=\"rotateG_04\"><\/div>\n\t\t\t\t<div class=\"blockG\" id=\"rotateG_05\"><\/div>\n\t\t\t\t<div class=\"blockG\" id=\"rotateG_06\"><\/div>\n\t\t\t\t<div class=\"blockG\" id=\"rotateG_07\"><\/div>\n\t\t\t\t<div class=\"blockG\" id=\"rotateG_08\"><\/div>\n\t\t\t<\/div>\n\t\t\t<div class=\"WooZone-cross-sell-loader-text\"><\/div>\n\t\t<\/div>\n\t<\/div>\n\n\t\t\n<\/div>\n<div style=\"clear:both;\"><\/div><\/p>\n","protected":false},"excerpt":{"rendered":"<p>GEGEN ZECKEN, FL\u00d6HE &#038; MILBEN &#8211; Effektives Floh, Milben und Zeckenshampoo f\u00fcr die Anwendung bei Hunden jedes Alters. Unser Shampoo bietet effektiven Zeckenschutz, Flohschutz und Milbenschutz f\u00fcr Ihren Hund, wirkt gleichzeitig vorbeugend und pflegt Haut und Fell, dank nat\u00fcrlicher Inhaltsstoffe.<br \/>\nFELLPFLEGE MIT WAU-EFFEKT &#8211; Unser Shampoo ist nicht nur eine effektives Mittel bei Befall mit Zecken, Fl\u00f6hen oder Milben, es bietet gleichzeitig auch die perfekte Fellreinigung nach dem Gassigehen und hinterl\u00e4sst ein gl\u00e4nzendes Fell und pflegt dank Kokos\u00f6l Haut und Fell Ihres Hundes.<br \/>\nNAT\u00dcRLICHE INHALTSSTOFFE &#8211; Hochdosierte und nat\u00fcrliche Wirkstoffe wie Kokos\u00f6l, Neem\u00f6lextrakt sowie Geraniol sorgen f\u00fcr starken Schutz und eine wohltuende Pflege. Unser Shampoo pflegt Haut und Fell gleicherma\u00dfen.<\/p>\n","protected":false},"featured_media":5921,"comment_status":"open","ping_status":"closed","template":"","meta":[],"store":[],"product_cat":[36,28],"product_tag":[],"yoast_head":"<!-- This site is optimized with the Yoast SEO plugin v22.8 - https:\/\/yoast.com\/wordpress\/plugins\/seo\/ -->\n<title>Annimally Anti Zecken und Flohshampoo Hund - Shampoo gegen Zecken, Fl\u00f6he &amp; Milben f\u00fcr Hunde - Hundeshampoo mit Neem-Extrakt (500ml) - DogDeals<\/title>\n<meta name=\"description\" content=\"Discover top-quality dog essentials at DogDeals. Shop for nutritious food, fun toys, comfortable beds, and stylish accessories. Unleash the best deals for your furry friend and ensure their happiness and well-being with our premium picks!\" \/>\n<meta name=\"robots\" content=\"index, follow, max-snippet:-1, max-image-preview:large, max-video-preview:-1\" \/>\n<link rel=\"canonical\" href=\"https:\/\/dogdeals.eu\/de\/product\/annimally-anti-zecken-und-flohshampoo-hund-shampoo-gegen-zecken-flohe-milben-fur-hunde-hundeshampoo-mit-neem-extrakt-500ml\/\" \/>\n<meta property=\"og:locale\" content=\"en_US\" \/>\n<meta property=\"og:type\" content=\"article\" \/>\n<meta property=\"og:title\" content=\"Annimally Anti Zecken und Flohshampoo Hund - Shampoo gegen Zecken, Fl\u00f6he &amp; Milben f\u00fcr Hunde - Hundeshampoo mit Neem-Extrakt (500ml) - DogDeals\" \/>\n<meta property=\"og:description\" content=\"Discover top-quality dog essentials at DogDeals. Shop for nutritious food, fun toys, comfortable beds, and stylish accessories. Unleash the best deals for your furry friend and ensure their happiness and well-being with our premium picks!\" \/>\n<meta property=\"og:url\" content=\"https:\/\/dogdeals.eu\/de\/product\/annimally-anti-zecken-und-flohshampoo-hund-shampoo-gegen-zecken-flohe-milben-fur-hunde-hundeshampoo-mit-neem-extrakt-500ml\/\" \/>\n<meta property=\"og:site_name\" content=\"DogDeals\" \/>\n<meta property=\"article:modified_time\" content=\"2024-06-10T15:57:05+00:00\" \/>\n<meta property=\"og:image\" content=\"https:\/\/m.media-amazon.com\/images\/I\/41yaZDIe9cL.jpg\" \/>\n\t<meta property=\"og:image:width\" content=\"500\" \/>\n\t<meta property=\"og:image:height\" content=\"500\" \/>\n\t<meta property=\"og:image:type\" content=\"image\/jpeg\" \/>\n<meta name=\"twitter:card\" content=\"summary_large_image\" \/>\n<meta name=\"twitter:label1\" content=\"Est. reading time\" \/>\n\t<meta name=\"twitter:data1\" content=\"1 minute\" \/>\n<script type=\"application\/ld+json\" class=\"yoast-schema-graph\">{\"@context\":\"https:\/\/schema.org\",\"@graph\":[{\"@type\":\"WebPage\",\"@id\":\"https:\/\/dogdeals.eu\/de\/product\/annimally-anti-zecken-und-flohshampoo-hund-shampoo-gegen-zecken-flohe-milben-fur-hunde-hundeshampoo-mit-neem-extrakt-500ml\/\",\"url\":\"https:\/\/dogdeals.eu\/de\/product\/annimally-anti-zecken-und-flohshampoo-hund-shampoo-gegen-zecken-flohe-milben-fur-hunde-hundeshampoo-mit-neem-extrakt-500ml\/\",\"name\":\"Annimally Anti Zecken und Flohshampoo Hund - Shampoo gegen Zecken, Fl\u00f6he & Milben f\u00fcr Hunde - Hundeshampoo mit Neem-Extrakt (500ml) - DogDeals\",\"isPartOf\":{\"@id\":\"https:\/\/dogdeals.eu\/de\/#website\"},\"primaryImageOfPage\":{\"@id\":\"https:\/\/dogdeals.eu\/de\/product\/annimally-anti-zecken-und-flohshampoo-hund-shampoo-gegen-zecken-flohe-milben-fur-hunde-hundeshampoo-mit-neem-extrakt-500ml\/#primaryimage\"},\"image\":{\"@id\":\"https:\/\/dogdeals.eu\/de\/product\/annimally-anti-zecken-und-flohshampoo-hund-shampoo-gegen-zecken-flohe-milben-fur-hunde-hundeshampoo-mit-neem-extrakt-500ml\/#primaryimage\"},\"thumbnailUrl\":\"https:\/\/m.media-amazon.com\/images\/I\/41yaZDIe9cL.jpg\",\"datePublished\":\"2024-06-10T15:21:13+00:00\",\"dateModified\":\"2024-06-10T15:57:05+00:00\",\"description\":\"Discover top-quality dog essentials at DogDeals. Shop for nutritious food, fun toys, comfortable beds, and stylish accessories. Unleash the best deals for your furry friend and ensure their happiness and well-being with our premium picks!\",\"breadcrumb\":{\"@id\":\"https:\/\/dogdeals.eu\/de\/product\/annimally-anti-zecken-und-flohshampoo-hund-shampoo-gegen-zecken-flohe-milben-fur-hunde-hundeshampoo-mit-neem-extrakt-500ml\/#breadcrumb\"},\"inLanguage\":\"en-US\",\"potentialAction\":[{\"@type\":\"ReadAction\",\"target\":[\"https:\/\/dogdeals.eu\/de\/product\/annimally-anti-zecken-und-flohshampoo-hund-shampoo-gegen-zecken-flohe-milben-fur-hunde-hundeshampoo-mit-neem-extrakt-500ml\/\"]}]},{\"@type\":\"ImageObject\",\"inLanguage\":\"en-US\",\"@id\":\"https:\/\/dogdeals.eu\/de\/product\/annimally-anti-zecken-und-flohshampoo-hund-shampoo-gegen-zecken-flohe-milben-fur-hunde-hundeshampoo-mit-neem-extrakt-500ml\/#primaryimage\",\"url\":\"https:\/\/m.media-amazon.com\/images\/I\/41yaZDIe9cL.jpg\",\"contentUrl\":\"https:\/\/m.media-amazon.com\/images\/I\/41yaZDIe9cL.jpg\",\"width\":500,\"height\":500},{\"@type\":\"BreadcrumbList\",\"@id\":\"https:\/\/dogdeals.eu\/de\/product\/annimally-anti-zecken-und-flohshampoo-hund-shampoo-gegen-zecken-flohe-milben-fur-hunde-hundeshampoo-mit-neem-extrakt-500ml\/#breadcrumb\",\"itemListElement\":[{\"@type\":\"ListItem\",\"position\":1,\"name\":\"Home\",\"item\":\"https:\/\/dogdeals.eu\/de\/\"},{\"@type\":\"ListItem\",\"position\":2,\"name\":\"Shop\",\"item\":\"https:\/\/dogdeals.eu\/de\/shop\/\"},{\"@type\":\"ListItem\",\"position\":3,\"name\":\"Annimally Anti Zecken und Flohshampoo Hund &#8211; Shampoo gegen Zecken, Fl\u00f6he &#038; Milben f\u00fcr Hunde &#8211; Hundeshampoo mit Neem-Extrakt (500ml)\"}]},{\"@type\":\"WebSite\",\"@id\":\"https:\/\/dogdeals.eu\/de\/#website\",\"url\":\"https:\/\/dogdeals.eu\/de\/\",\"name\":\"DogDeals\",\"description\":\"Premium Dog Products at Unbeatable Prices\",\"publisher\":{\"@id\":\"https:\/\/dogdeals.eu\/de\/#organization\"},\"potentialAction\":[{\"@type\":\"SearchAction\",\"target\":{\"@type\":\"EntryPoint\",\"urlTemplate\":\"https:\/\/dogdeals.eu\/de\/?s={search_term_string}\"},\"query-input\":\"required name=search_term_string\"}],\"inLanguage\":\"en-US\"},{\"@type\":\"Organization\",\"@id\":\"https:\/\/dogdeals.eu\/de\/#organization\",\"name\":\"DogDeals\",\"url\":\"https:\/\/dogdeals.eu\/de\/\",\"logo\":{\"@type\":\"ImageObject\",\"inLanguage\":\"en-US\",\"@id\":\"https:\/\/dogdeals.eu\/de\/#\/schema\/logo\/image\/\",\"url\":\"https:\/\/dogdeals.eu\/de\/wp-content\/uploads\/2024\/06\/Screenshot-2024-06-10-at-6.35.37-PM.png\",\"contentUrl\":\"https:\/\/dogdeals.eu\/de\/wp-content\/uploads\/2024\/06\/Screenshot-2024-06-10-at-6.35.37-PM.png\",\"width\":2758,\"height\":978,\"caption\":\"DogDeals\"},\"image\":{\"@id\":\"https:\/\/dogdeals.eu\/de\/#\/schema\/logo\/image\/\"}}]}<\/script>\n<!-- \/ Yoast SEO plugin. -->","yoast_head_json":{"title":"Annimally Anti Zecken und Flohshampoo Hund - Shampoo gegen Zecken, Fl\u00f6he & Milben f\u00fcr Hunde - Hundeshampoo mit Neem-Extrakt (500ml) - DogDeals","description":"Discover top-quality dog essentials at DogDeals. Shop for nutritious food, fun toys, comfortable beds, and stylish accessories. Unleash the best deals for your furry friend and ensure their happiness and well-being with our premium picks!","robots":{"index":"index","follow":"follow","max-snippet":"max-snippet:-1","max-image-preview":"max-image-preview:large","max-video-preview":"max-video-preview:-1"},"canonical":"https:\/\/dogdeals.eu\/de\/product\/annimally-anti-zecken-und-flohshampoo-hund-shampoo-gegen-zecken-flohe-milben-fur-hunde-hundeshampoo-mit-neem-extrakt-500ml\/","og_locale":"en_US","og_type":"article","og_title":"Annimally Anti Zecken und Flohshampoo Hund - Shampoo gegen Zecken, Fl\u00f6he & Milben f\u00fcr Hunde - Hundeshampoo mit Neem-Extrakt (500ml) - DogDeals","og_description":"Discover top-quality dog essentials at DogDeals. Shop for nutritious food, fun toys, comfortable beds, and stylish accessories. Unleash the best deals for your furry friend and ensure their happiness and well-being with our premium picks!","og_url":"https:\/\/dogdeals.eu\/de\/product\/annimally-anti-zecken-und-flohshampoo-hund-shampoo-gegen-zecken-flohe-milben-fur-hunde-hundeshampoo-mit-neem-extrakt-500ml\/","og_site_name":"DogDeals","article_modified_time":"2024-06-10T15:57:05+00:00","og_image":[{"width":500,"height":500,"url":"https:\/\/m.media-amazon.com\/images\/I\/41yaZDIe9cL.jpg","type":"image\/jpeg"}],"twitter_card":"summary_large_image","twitter_misc":{"Est. reading time":"1 minute"},"schema":{"@context":"https:\/\/schema.org","@graph":[{"@type":"WebPage","@id":"https:\/\/dogdeals.eu\/de\/product\/annimally-anti-zecken-und-flohshampoo-hund-shampoo-gegen-zecken-flohe-milben-fur-hunde-hundeshampoo-mit-neem-extrakt-500ml\/","url":"https:\/\/dogdeals.eu\/de\/product\/annimally-anti-zecken-und-flohshampoo-hund-shampoo-gegen-zecken-flohe-milben-fur-hunde-hundeshampoo-mit-neem-extrakt-500ml\/","name":"Annimally Anti Zecken und Flohshampoo Hund - Shampoo gegen Zecken, Fl\u00f6he & Milben f\u00fcr Hunde - Hundeshampoo mit Neem-Extrakt (500ml) - DogDeals","isPartOf":{"@id":"https:\/\/dogdeals.eu\/de\/#website"},"primaryImageOfPage":{"@id":"https:\/\/dogdeals.eu\/de\/product\/annimally-anti-zecken-und-flohshampoo-hund-shampoo-gegen-zecken-flohe-milben-fur-hunde-hundeshampoo-mit-neem-extrakt-500ml\/#primaryimage"},"image":{"@id":"https:\/\/dogdeals.eu\/de\/product\/annimally-anti-zecken-und-flohshampoo-hund-shampoo-gegen-zecken-flohe-milben-fur-hunde-hundeshampoo-mit-neem-extrakt-500ml\/#primaryimage"},"thumbnailUrl":"https:\/\/m.media-amazon.com\/images\/I\/41yaZDIe9cL.jpg","datePublished":"2024-06-10T15:21:13+00:00","dateModified":"2024-06-10T15:57:05+00:00","description":"Discover top-quality dog essentials at DogDeals. Shop for nutritious food, fun toys, comfortable beds, and stylish accessories. Unleash the best deals for your furry friend and ensure their happiness and well-being with our premium picks!","breadcrumb":{"@id":"https:\/\/dogdeals.eu\/de\/product\/annimally-anti-zecken-und-flohshampoo-hund-shampoo-gegen-zecken-flohe-milben-fur-hunde-hundeshampoo-mit-neem-extrakt-500ml\/#breadcrumb"},"inLanguage":"en-US","potentialAction":[{"@type":"ReadAction","target":["https:\/\/dogdeals.eu\/de\/product\/annimally-anti-zecken-und-flohshampoo-hund-shampoo-gegen-zecken-flohe-milben-fur-hunde-hundeshampoo-mit-neem-extrakt-500ml\/"]}]},{"@type":"ImageObject","inLanguage":"en-US","@id":"https:\/\/dogdeals.eu\/de\/product\/annimally-anti-zecken-und-flohshampoo-hund-shampoo-gegen-zecken-flohe-milben-fur-hunde-hundeshampoo-mit-neem-extrakt-500ml\/#primaryimage","url":"https:\/\/m.media-amazon.com\/images\/I\/41yaZDIe9cL.jpg","contentUrl":"https:\/\/m.media-amazon.com\/images\/I\/41yaZDIe9cL.jpg","width":500,"height":500},{"@type":"BreadcrumbList","@id":"https:\/\/dogdeals.eu\/de\/product\/annimally-anti-zecken-und-flohshampoo-hund-shampoo-gegen-zecken-flohe-milben-fur-hunde-hundeshampoo-mit-neem-extrakt-500ml\/#breadcrumb","itemListElement":[{"@type":"ListItem","position":1,"name":"Home","item":"https:\/\/dogdeals.eu\/de\/"},{"@type":"ListItem","position":2,"name":"Shop","item":"https:\/\/dogdeals.eu\/de\/shop\/"},{"@type":"ListItem","position":3,"name":"Annimally Anti Zecken und Flohshampoo Hund &#8211; Shampoo gegen Zecken, Fl\u00f6he &#038; Milben f\u00fcr Hunde &#8211; Hundeshampoo mit Neem-Extrakt (500ml)"}]},{"@type":"WebSite","@id":"https:\/\/dogdeals.eu\/de\/#website","url":"https:\/\/dogdeals.eu\/de\/","name":"DogDeals","description":"Premium Dog Products at Unbeatable Prices","publisher":{"@id":"https:\/\/dogdeals.eu\/de\/#organization"},"potentialAction":[{"@type":"SearchAction","target":{"@type":"EntryPoint","urlTemplate":"https:\/\/dogdeals.eu\/de\/?s={search_term_string}"},"query-input":"required name=search_term_string"}],"inLanguage":"en-US"},{"@type":"Organization","@id":"https:\/\/dogdeals.eu\/de\/#organization","name":"DogDeals","url":"https:\/\/dogdeals.eu\/de\/","logo":{"@type":"ImageObject","inLanguage":"en-US","@id":"https:\/\/dogdeals.eu\/de\/#\/schema\/logo\/image\/","url":"https:\/\/dogdeals.eu\/de\/wp-content\/uploads\/2024\/06\/Screenshot-2024-06-10-at-6.35.37-PM.png","contentUrl":"https:\/\/dogdeals.eu\/de\/wp-content\/uploads\/2024\/06\/Screenshot-2024-06-10-at-6.35.37-PM.png","width":2758,"height":978,"caption":"DogDeals"},"image":{"@id":"https:\/\/dogdeals.eu\/de\/#\/schema\/logo\/image\/"}}]}},"_links":{"self":[{"href":"https:\/\/dogdeals.eu\/de\/wp-json\/wp\/v2\/product\/5920"}],"collection":[{"href":"https:\/\/dogdeals.eu\/de\/wp-json\/wp\/v2\/product"}],"about":[{"href":"https:\/\/dogdeals.eu\/de\/wp-json\/wp\/v2\/types\/product"}],"replies":[{"embeddable":true,"href":"https:\/\/dogdeals.eu\/de\/wp-json\/wp\/v2\/comments?post=5920"}],"wp:featuredmedia":[{"embeddable":true,"href":"https:\/\/dogdeals.eu\/de\/wp-json\/wp\/v2\/media\/5921"}],"wp:attachment":[{"href":"https:\/\/dogdeals.eu\/de\/wp-json\/wp\/v2\/media?parent=5920"}],"wp:term":[{"taxonomy":"store","embeddable":true,"href":"https:\/\/dogdeals.eu\/de\/wp-json\/wp\/v2\/store?post=5920"},{"taxonomy":"product_cat","embeddable":true,"href":"https:\/\/dogdeals.eu\/de\/wp-json\/wp\/v2\/product_cat?post=5920"},{"taxonomy":"product_tag","embeddable":true,"href":"https:\/\/dogdeals.eu\/de\/wp-json\/wp\/v2\/product_tag?post=5920"}],"curies":[{"name":"wp","href":"https:\/\/api.w.org\/{rel}","templated":true}]}}