{"id":5470,"date":"2024-06-10T15:15:51","date_gmt":"2024-06-10T15:15:51","guid":{"rendered":"https:\/\/dogdeals.eu\/de\/product\/oneisall-leise-hundeschermaschine-pfotentrimmer-2-in-1-set-profi-schermaschine-hund-katze-fur-langhaar-verfilzt-fell-leistungsstarke-haarschneidemaschine-fur-kopfen-pfoten-augen-ohren-gesicht\/"},"modified":"2024-11-13T09:31:41","modified_gmt":"2024-11-13T09:31:41","slug":"oneisall-leise-hundeschermaschine-pfotentrimmer-2-in-1-set-profi-schermaschine-hund-katze-fur-langhaar-verfilzt-fell-leistungsstarke-haarschneidemaschine-fur-kopfen-pfoten-augen-ohren-gesicht","status":"publish","type":"product","link":"https:\/\/dogdeals.eu\/de\/product\/oneisall-leise-hundeschermaschine-pfotentrimmer-2-in-1-set-profi-schermaschine-hund-katze-fur-langhaar-verfilzt-fell-leistungsstarke-haarschneidemaschine-fur-kopfen-pfoten-augen-ohren-gesicht\/","title":{"rendered":"oneisall Leise Hundeschermaschine &#038; Pfotentrimmer 2 in 1 Set, Profi Schermaschine Hund Katze f\u00fcr langhaar verfilzt Fell, Leistungsstarke Haarschneidemaschine f\u00fcr Kopfen, Pfoten, Augen, Ohren, Gesicht"},"content":{"rendered":"<p>\ud83d\udc36\ud83d\udc4d\u3010\ud835\udfd0 \ud835\udc22\ud835\udc27 \ud835\udfcf \ud835\udc07\ud835\udc2e\ud835\udc27\ud835\udc1d\ud835\udc1e\ud835\udc2c\ud835\udc1c\ud835\udc21\ud835\udc1e\ud835\udc2b\ud835\udc26\ud835\udc1a\ud835\udc2c\ud835\udc1c\ud835\udc21\ud835\udc22\ud835\udc27\ud835\udc1e &#038; \ud835\udc0f\ud835\udc1f\ud835\udc28\ud835\udc2d\ud835\udc1e\ud835\udc27\ud835\udc2d\ud835\udc2b\ud835\udc22\ud835\udc26\ud835\udc26\ud835\udc1e\ud835\udc2b\u3011oneisall Schermaschine Hund Katze enthalten 2 scharfe und sichere Klingen: Commonplace klinge f\u00fcr dickes\/verfilztes\/langhaar und Schmale Klinge f\u00fcr feineres Haar und schwer zu rasierende Bereiche wie Pfoten, Augen, Ohren und H\u00fcften. \ud835\udfcf \ud835\udc24\ud835\udc1a\ud835\udc2e\ud835\udc1f\ud835\udc1e\ud835\udc27,\ud835\udfd0 \ud835\udc1b\ud835\udc1e\ud835\udc24\ud835\udc28\ud835\udc26\ud835\udc26\ud835\udc1e\ud835\udc27,\ud835\udc1e\ud835\udc22\ud835\udc27\ud835\udc2d\ud835\udc28\ud835\udc25\ud835\udc25\ud835\udc1e\ud835\udc2c \ud835\udc00\ud835\udc27\ud835\udc20\ud835\udc1e\ud835\udc1b\ud835\udc28\ud835\udc2d<br \/>\n\ud83d\udc36\ud83d\udc4d\u3010\ud835\udc0b\ud835\udc1e\ud835\udc22\ud835\udc2c\ud835\udc2d\ud835\udc2e\ud835\udc27\ud835\udc20\ud835\udc2c\ud835\udc2c\ud835\udc2d\ud835\udc1a\ud835\udc2b\ud835\udc24\ud835\udc1e\ud835\udc26 \ud835\udc0c\ud835\udc28\ud835\udc2d\ud835\udc28\ud835\udc2b, \ud835\udc12\ud835\udc1c\ud835\udc21\ud835\udc27\ud835\udc22\ud835\udc2d\ud835\udc2d\ud835\udc1e \ud835\udc30\ud835\udc22\ud835\udc1e \ud835\udc01\ud835\udc2e\ud835\udc2d\ud835\udc2d\ud835\udc1e\ud835\udc2b\u3011Unsere Hunde Haarschneidemaschine ist mit einem leistungsstarken Motor mit \ud835\udfd0 \ud835\udc06\ud835\udc1e\ud835\udc2c\ud835\udc1c\ud835\udc21\ud835\udc30\ud835\udc22\ud835\udc27\ud835\udc1d\ud835\udc22\ud835\udc20\ud835\udc24\ud835\udc1e\ud835\udc22\ud835\udc2d\ud835\udc1e\ud835\udc27bis zu 6000 U\/min ausgestattet. Schneidet Haare so glatt wie Butter! So lassen sich Hunde- und Katzenhaare m\u00fchelos schneiden, ohne sich zu verhaken oder zu ziehen.<br \/>\n\ud83d\udc36\ud83d\udc31\u3010\ud835\udc08\ud835\udc1d\ud835\udc1e\ud835\udc1a\ud835\udc25 \ud835\udc1f\u00fc\ud835\udc2b \ud835\udc05\ud835\udc1a\ud835\udc26\ud835\udc22\ud835\udc25\ud835\udc22\ud835\udc1e\ud835\udc27 \ud835\udc26\ud835\udc22\ud835\udc2d \ud835\udc2f\ud835\udc22\ud835\udc1e\ud835\udc25\ud835\udc1e\ud835\udc27 \ud835\udc07\ud835\udc1a\ud835\udc2e\ud835\udc2c\ud835\udc2d\ud835\udc22\ud835\udc1e\ud835\udc2b\ud835\udc1e\ud835\udc27\u3011Geeignet f\u00fcr gro\u00dfe\/mittelgro\u00dfe\/kleine Hunde, Katzen, Kaninchen und auch f\u00fcr dickes, lockiges, feines und weiches Haar. F\u00fcr Sie, die mehrere Haustiere zu Hause haben, ist diese 2-in-1 Hundeschermaschine die beste Wahl!<br \/>\n\ud83d\udc36\ud83d\udc4d\u3010\ud835\udc14\ud835\udc25\ud835\udc2d\ud835\udc2b\ud835\udc1a \ud835\udc0b\ud835\udc1e\ud835\udc22\ud835\udc2c\ud835\udc1e \ud835\udc03\ud835\udc1e\ud835\udc2c\ud835\udc22\ud835\udc20\ud835\udc27 \u2264 \ud835\udfd3\ud835\udfce\ud835\udc1d\ud835\udc01\u3011oneisall Hundeschermaschine verursachen ein Ger\u00e4usch von \ud835\udc30\ud835\udc1e\ud835\udc27\ud835\udc22\ud835\udc20\ud835\udc1e\ud835\udc2b \ud835\udc1a\ud835\udc25\ud835\udc2c \ud835\udfd30\ud835\udc1d\ud835\udc01. Durch das Ger\u00e4uscharme Design wird Ihr Hund\/Katze nicht erschrecken und die Pflege zu Hause genie\u00dfen. Sie k\u00f6nnen die Haare einfach und schnell trimmen, egal ob Sie ein Anf\u00e4nger oder ein Profi sind.<br \/>\n\ud83d\udc36\ud83d\udc4d\u3010\ud835\udfd0\ud835\udfd3\ud835\udfce\ud835\udfce\ud835\udc26\ud835\udc00\ud835\udc21 \ud835\udc0b\ud835\udc1a\ud835\udc27\ud835\udc20\ud835\udc25\ud835\udc1e\ud835\udc1b\ud835\udc22\ud835\udc20\ud835\udc1e \ud835\udc01\ud835\udc1a\ud835\udc2d\ud835\udc2d\ud835\udc1e\ud835\udc2b\ud835\udc22\ud835\udc1e &#038; \ud835\udc13\ud835\udc32\ud835\udc29\ud835\udc1e-\ud835\udc02 \ud835\udc0b\ud835\udc1a\ud835\udc1d\ud835\udc1e\ud835\udc1a\ud835\udc27\ud835\udc2c\ud835\udc1c\ud835\udc21\ud835\udc25\ud835\udc2e\ud835\udc2c\ud835\udc2c \u3011Pfotentrimmer f\u00fcr hunde hat 2500mAh Lithium-Ionen-Akku mit hoher Kapazit\u00e4t und Kind-C schnellem Aufladen. Es kann f\u00fcr 4 Stunden verwendet werden, um \ud835\udfd1-\ud835\udfd2 \ud835\udc07\ud835\udc2e\ud835\udc27\ud835\udc1d\ud835\udc1e zu rasieren. Die Akkuanzeige macht es einfach, die verbleibende Leistung zu \u00fcberpr\u00fcfen und erinnert an die Nutzung und den Ladestatus.<br \/>\n\ud83d\udc36\ud83d\udc4d\u3010\ud835\udc04\ud835\udc22\ud835\udc27\ud835\udc1f\ud835\udc1a\ud835\udc1c\ud835\udc21\ud835\udc1e \ud835\udc15\ud835\udc1e\ud835\udc2b\ud835\udc30\ud835\udc1e\ud835\udc27\ud835\udc1d\ud835\udc2e\ud835\udc27\ud835\udc20 \ud835\udc26\ud835\udc22\ud835\udc2d \u201e\ud835\udc0f\ud835\udc14\ud835\udc12\ud835\udc07\u201c-\ud835\udc0a\ud835\udc27\ud835\udc28\ud835\udc29\ud835\udc1f\u3011Die kabellose Tierhaarschneidemaschine f\u00fcr Haustiere kann drinnen und drau\u00dfen verwendet werden.Dr\u00fccken Sie einfach den \u201e\ud835\udc0f\ud835\udc14\ud835\udc12\ud835\udc07\u201c-\ud835\udc0a\ud835\udc27\ud835\udc28\ud835\udc29\ud835\udc1f am Hunderasierer und die Klingen springen automatisch heraus, damit Sie sie verwenden und ersetzen k\u00f6nnen.<br \/>\n\ud83d\udc36\ud83d\udc4d\u3010\ud835\udc12\ud835\udc28\ud835\udc2b\ud835\udc20\ud835\udc1e\ud835\udc27\ud835\udc1f\ud835\udc2b\ud835\udc1e\ud835\udc22\ud835\udc1e\ud835\udc2b \ud835\udc0a\ud835\udc1a\ud835\udc2e\ud835\udc1f\u3011oneisall Hundeschermaschine &#038; Pfotentrimmer Set enth\u00e4lt 1x Commonplace klinge ,1x Schmale Klinge, \ud835\udfd4\ud835\udc31\ud835\udc05\u00fc\ud835\udc21\ud835\udc2b\ud835\udc2e\ud835\udc27\ud835\udc20\ud835\udc2c\ud835\udc24\u00e4\ud835\udc26\ud835\udc26(3mm\/6mm\/10mm\/13mm\/16mm\/19mm),1x Mini-Reinigungsb\u00fcrste und 1x USB-Ladekabel mit allem, was Sie brauchen, um das Fell Ihres Hundes zu trimmen. F\u00fcr jede oneisall-Schermachine bieten wir eine Garantie von \ud835\udfd0 \ud835\udc09\ud835\udc1a\ud835\udc21\ud835\udc2b \ud835\udc2e\ud835\udc27\ud835\udc1d \ud835\udfd0\ud835\udfd2-\ud835\udc12\ud835\udc2d\ud835\udc2e\ud835\udc27\ud835\udc1d\ud835\udc1e\ud835\udc27-On-line-Service, um Ihnen sorgenfreies Einkaufen zu erm\u00f6glichen.<br \/>\n<div class=\"main-cross-sell\" data-asin=\"B0CZ7VV3CG\">\n\n\t<div class=\"WooZone-cross-sell-loader\">\n\t\t<div>\n\t\t\t<div id=\"floatingBarsG\">\n\t\t\t\t<div class=\"blockG\" id=\"rotateG_01\"><\/div>\n\t\t\t\t<div class=\"blockG\" id=\"rotateG_02\"><\/div>\n\t\t\t\t<div class=\"blockG\" id=\"rotateG_03\"><\/div>\n\t\t\t\t<div class=\"blockG\" id=\"rotateG_04\"><\/div>\n\t\t\t\t<div class=\"blockG\" id=\"rotateG_05\"><\/div>\n\t\t\t\t<div class=\"blockG\" id=\"rotateG_06\"><\/div>\n\t\t\t\t<div class=\"blockG\" id=\"rotateG_07\"><\/div>\n\t\t\t\t<div class=\"blockG\" id=\"rotateG_08\"><\/div>\n\t\t\t<\/div>\n\t\t\t<div class=\"WooZone-cross-sell-loader-text\"><\/div>\n\t\t<\/div>\n\t<\/div>\n\n\t\t\n<\/div>\n<div style=\"clear:both;\"><\/div><\/p>\n","protected":false},"excerpt":{"rendered":"<p>\ud83d\udc36\ud83d\udc4d\u3010\ud835\udfd0 \ud835\udc22\ud835\udc27 \ud835\udfcf \ud835\udc07\ud835\udc2e\ud835\udc27\ud835\udc1d\ud835\udc1e\ud835\udc2c\ud835\udc1c\ud835\udc21\ud835\udc1e\ud835\udc2b\ud835\udc26\ud835\udc1a\ud835\udc2c\ud835\udc1c\ud835\udc21\ud835\udc22\ud835\udc27\ud835\udc1e &#038; \ud835\udc0f\ud835\udc1f\ud835\udc28\ud835\udc2d\ud835\udc1e\ud835\udc27\ud835\udc2d\ud835\udc2b\ud835\udc22\ud835\udc26\ud835\udc26\ud835\udc1e\ud835\udc2b\u3011oneisall Schermaschine Hund Katze enthalten 2 scharfe und sichere Klingen: Standard klinge f\u00fcr dickes\/verfilztes\/langhaar und Schmale Klinge f\u00fcr feineres Haar und schwer zu rasierende Bereiche wie Pfoten, Augen, Ohren und H\u00fcften. \ud835\udfcf \ud835\udc24\ud835\udc1a\ud835\udc2e\ud835\udc1f\ud835\udc1e\ud835\udc27,\ud835\udfd0 \ud835\udc1b\ud835\udc1e\ud835\udc24\ud835\udc28\ud835\udc26\ud835\udc26\ud835\udc1e\ud835\udc27,\ud835\udc1e\ud835\udc22\ud835\udc27\ud835\udc2d\ud835\udc28\ud835\udc25\ud835\udc25\ud835\udc1e\ud835\udc2c \ud835\udc00\ud835\udc27\ud835\udc20\ud835\udc1e\ud835\udc1b\ud835\udc28\ud835\udc2d<br \/>\n\ud83d\udc36\ud83d\udc4d\u3010\ud835\udc0b\ud835\udc1e\ud835\udc22\ud835\udc2c\ud835\udc2d\ud835\udc2e\ud835\udc27\ud835\udc20\ud835\udc2c\ud835\udc2c\ud835\udc2d\ud835\udc1a\ud835\udc2b\ud835\udc24\ud835\udc1e\ud835\udc26 \ud835\udc0c\ud835\udc28\ud835\udc2d\ud835\udc28\ud835\udc2b, \ud835\udc12\ud835\udc1c\ud835\udc21\ud835\udc27\ud835\udc22\ud835\udc2d\ud835\udc2d\ud835\udc1e \ud835\udc30\ud835\udc22\ud835\udc1e \ud835\udc01\ud835\udc2e\ud835\udc2d\ud835\udc2d\ud835\udc1e\ud835\udc2b\u3011Unsere Hunde Haarschneidemaschine ist mit einem leistungsstarken Motor mit \ud835\udfd0 \ud835\udc06\ud835\udc1e\ud835\udc2c\ud835\udc1c\ud835\udc21\ud835\udc30\ud835\udc22\ud835\udc27\ud835\udc1d\ud835\udc22\ud835\udc20\ud835\udc24\ud835\udc1e\ud835\udc22\ud835\udc2d\ud835\udc1e\ud835\udc27bis zu 6000 U\/min ausgestattet. Schneidet Haare so glatt wie Butter! So lassen sich Hunde- und Katzenhaare m\u00fchelos schneiden, ohne sich zu verhaken oder zu ziehen.<br \/>\n\ud83d\udc36\ud83d\udc31\u3010\ud835\udc08\ud835\udc1d\ud835\udc1e\ud835\udc1a\ud835\udc25 \ud835\udc1f\u00fc\ud835\udc2b \ud835\udc05\ud835\udc1a\ud835\udc26\ud835\udc22\ud835\udc25\ud835\udc22\ud835\udc1e\ud835\udc27 \ud835\udc26\ud835\udc22\ud835\udc2d \ud835\udc2f\ud835\udc22\ud835\udc1e\ud835\udc25\ud835\udc1e\ud835\udc27 \ud835\udc07\ud835\udc1a\ud835\udc2e\ud835\udc2c\ud835\udc2d\ud835\udc22\ud835\udc1e\ud835\udc2b\ud835\udc1e\ud835\udc27\u3011Geeignet f\u00fcr gro\u00dfe\/mittelgro\u00dfe\/kleine Hunde, Katzen, Kaninchen und auch f\u00fcr dickes, lockiges, feines und weiches Haar. F\u00fcr Sie, die mehrere Haustiere zu Hause haben, ist diese 2-in-1 Hundeschermaschine die beste Wahl!<\/p>\n","protected":false},"featured_media":5471,"comment_status":"open","ping_status":"closed","template":"","meta":[],"store":[],"product_cat":[35,28],"product_tag":[],"yoast_head":"<!-- This site is optimized with the Yoast SEO plugin v22.8 - https:\/\/yoast.com\/wordpress\/plugins\/seo\/ -->\n<title>oneisall Leise Hundeschermaschine &amp; Pfotentrimmer 2 in 1 Set, Profi Schermaschine Hund Katze f\u00fcr langhaar verfilzt Fell, Leistungsstarke Haarschneidemaschine f\u00fcr Kopfen, Pfoten, Augen, Ohren, Gesicht - DogDeals<\/title>\n<meta name=\"description\" content=\"Discover top-quality dog essentials at DogDeals. Shop for nutritious food, fun toys, comfortable beds, and stylish accessories. Unleash the best deals for your furry friend and ensure their happiness and well-being with our premium picks!\" \/>\n<meta name=\"robots\" content=\"index, follow, max-snippet:-1, max-image-preview:large, max-video-preview:-1\" \/>\n<link rel=\"canonical\" href=\"https:\/\/dogdeals.eu\/de\/product\/oneisall-leise-hundeschermaschine-pfotentrimmer-2-in-1-set-profi-schermaschine-hund-katze-fur-langhaar-verfilzt-fell-leistungsstarke-haarschneidemaschine-fur-kopfen-pfoten-augen-ohren-gesicht\/\" \/>\n<meta property=\"og:locale\" content=\"en_US\" \/>\n<meta property=\"og:type\" content=\"article\" \/>\n<meta property=\"og:title\" content=\"oneisall Leise Hundeschermaschine &amp; Pfotentrimmer 2 in 1 Set, Profi Schermaschine Hund Katze f\u00fcr langhaar verfilzt Fell, Leistungsstarke Haarschneidemaschine f\u00fcr Kopfen, Pfoten, Augen, Ohren, Gesicht - DogDeals\" \/>\n<meta property=\"og:description\" content=\"Discover top-quality dog essentials at DogDeals. Shop for nutritious food, fun toys, comfortable beds, and stylish accessories. Unleash the best deals for your furry friend and ensure their happiness and well-being with our premium picks!\" \/>\n<meta property=\"og:url\" content=\"https:\/\/dogdeals.eu\/de\/product\/oneisall-leise-hundeschermaschine-pfotentrimmer-2-in-1-set-profi-schermaschine-hund-katze-fur-langhaar-verfilzt-fell-leistungsstarke-haarschneidemaschine-fur-kopfen-pfoten-augen-ohren-gesicht\/\" \/>\n<meta property=\"og:site_name\" content=\"DogDeals\" \/>\n<meta property=\"article:modified_time\" content=\"2024-11-13T09:31:41+00:00\" \/>\n<meta property=\"og:image\" content=\"https:\/\/m.media-amazon.com\/images\/I\/51qUGzpmz-L.jpg\" \/>\n\t<meta property=\"og:image:width\" content=\"500\" \/>\n\t<meta property=\"og:image:height\" content=\"500\" \/>\n\t<meta property=\"og:image:type\" content=\"image\/jpeg\" \/>\n<meta name=\"twitter:card\" content=\"summary_large_image\" \/>\n<meta name=\"twitter:label1\" content=\"Est. reading time\" \/>\n\t<meta name=\"twitter:data1\" content=\"1 minute\" \/>\n<script type=\"application\/ld+json\" class=\"yoast-schema-graph\">{\"@context\":\"https:\/\/schema.org\",\"@graph\":[{\"@type\":\"WebPage\",\"@id\":\"https:\/\/dogdeals.eu\/de\/product\/oneisall-leise-hundeschermaschine-pfotentrimmer-2-in-1-set-profi-schermaschine-hund-katze-fur-langhaar-verfilzt-fell-leistungsstarke-haarschneidemaschine-fur-kopfen-pfoten-augen-ohren-gesicht\/\",\"url\":\"https:\/\/dogdeals.eu\/de\/product\/oneisall-leise-hundeschermaschine-pfotentrimmer-2-in-1-set-profi-schermaschine-hund-katze-fur-langhaar-verfilzt-fell-leistungsstarke-haarschneidemaschine-fur-kopfen-pfoten-augen-ohren-gesicht\/\",\"name\":\"oneisall Leise Hundeschermaschine & Pfotentrimmer 2 in 1 Set, Profi Schermaschine Hund Katze f\u00fcr langhaar verfilzt Fell, Leistungsstarke Haarschneidemaschine f\u00fcr Kopfen, Pfoten, Augen, Ohren, Gesicht - DogDeals\",\"isPartOf\":{\"@id\":\"https:\/\/dogdeals.eu\/de\/#website\"},\"primaryImageOfPage\":{\"@id\":\"https:\/\/dogdeals.eu\/de\/product\/oneisall-leise-hundeschermaschine-pfotentrimmer-2-in-1-set-profi-schermaschine-hund-katze-fur-langhaar-verfilzt-fell-leistungsstarke-haarschneidemaschine-fur-kopfen-pfoten-augen-ohren-gesicht\/#primaryimage\"},\"image\":{\"@id\":\"https:\/\/dogdeals.eu\/de\/product\/oneisall-leise-hundeschermaschine-pfotentrimmer-2-in-1-set-profi-schermaschine-hund-katze-fur-langhaar-verfilzt-fell-leistungsstarke-haarschneidemaschine-fur-kopfen-pfoten-augen-ohren-gesicht\/#primaryimage\"},\"thumbnailUrl\":\"https:\/\/m.media-amazon.com\/images\/I\/51qUGzpmz-L.jpg\",\"datePublished\":\"2024-06-10T15:15:51+00:00\",\"dateModified\":\"2024-11-13T09:31:41+00:00\",\"description\":\"Discover top-quality dog essentials at DogDeals. Shop for nutritious food, fun toys, comfortable beds, and stylish accessories. Unleash the best deals for your furry friend and ensure their happiness and well-being with our premium picks!\",\"breadcrumb\":{\"@id\":\"https:\/\/dogdeals.eu\/de\/product\/oneisall-leise-hundeschermaschine-pfotentrimmer-2-in-1-set-profi-schermaschine-hund-katze-fur-langhaar-verfilzt-fell-leistungsstarke-haarschneidemaschine-fur-kopfen-pfoten-augen-ohren-gesicht\/#breadcrumb\"},\"inLanguage\":\"en-US\",\"potentialAction\":[{\"@type\":\"ReadAction\",\"target\":[\"https:\/\/dogdeals.eu\/de\/product\/oneisall-leise-hundeschermaschine-pfotentrimmer-2-in-1-set-profi-schermaschine-hund-katze-fur-langhaar-verfilzt-fell-leistungsstarke-haarschneidemaschine-fur-kopfen-pfoten-augen-ohren-gesicht\/\"]}]},{\"@type\":\"ImageObject\",\"inLanguage\":\"en-US\",\"@id\":\"https:\/\/dogdeals.eu\/de\/product\/oneisall-leise-hundeschermaschine-pfotentrimmer-2-in-1-set-profi-schermaschine-hund-katze-fur-langhaar-verfilzt-fell-leistungsstarke-haarschneidemaschine-fur-kopfen-pfoten-augen-ohren-gesicht\/#primaryimage\",\"url\":\"https:\/\/m.media-amazon.com\/images\/I\/51qUGzpmz-L.jpg\",\"contentUrl\":\"https:\/\/m.media-amazon.com\/images\/I\/51qUGzpmz-L.jpg\",\"width\":500,\"height\":500},{\"@type\":\"BreadcrumbList\",\"@id\":\"https:\/\/dogdeals.eu\/de\/product\/oneisall-leise-hundeschermaschine-pfotentrimmer-2-in-1-set-profi-schermaschine-hund-katze-fur-langhaar-verfilzt-fell-leistungsstarke-haarschneidemaschine-fur-kopfen-pfoten-augen-ohren-gesicht\/#breadcrumb\",\"itemListElement\":[{\"@type\":\"ListItem\",\"position\":1,\"name\":\"Home\",\"item\":\"https:\/\/dogdeals.eu\/de\/\"},{\"@type\":\"ListItem\",\"position\":2,\"name\":\"Shop\",\"item\":\"https:\/\/dogdeals.eu\/de\/shop\/\"},{\"@type\":\"ListItem\",\"position\":3,\"name\":\"oneisall Leise Hundeschermaschine &#038; Pfotentrimmer 2 in 1 Set, Profi Schermaschine Hund Katze f\u00fcr langhaar verfilzt Fell, Leistungsstarke Haarschneidemaschine f\u00fcr Kopfen, Pfoten, Augen, Ohren, Gesicht\"}]},{\"@type\":\"WebSite\",\"@id\":\"https:\/\/dogdeals.eu\/de\/#website\",\"url\":\"https:\/\/dogdeals.eu\/de\/\",\"name\":\"DogDeals\",\"description\":\"Premium Dog Products at Unbeatable Prices\",\"publisher\":{\"@id\":\"https:\/\/dogdeals.eu\/de\/#organization\"},\"potentialAction\":[{\"@type\":\"SearchAction\",\"target\":{\"@type\":\"EntryPoint\",\"urlTemplate\":\"https:\/\/dogdeals.eu\/de\/?s={search_term_string}\"},\"query-input\":\"required name=search_term_string\"}],\"inLanguage\":\"en-US\"},{\"@type\":\"Organization\",\"@id\":\"https:\/\/dogdeals.eu\/de\/#organization\",\"name\":\"DogDeals\",\"url\":\"https:\/\/dogdeals.eu\/de\/\",\"logo\":{\"@type\":\"ImageObject\",\"inLanguage\":\"en-US\",\"@id\":\"https:\/\/dogdeals.eu\/de\/#\/schema\/logo\/image\/\",\"url\":\"https:\/\/dogdeals.eu\/de\/wp-content\/uploads\/2024\/06\/Screenshot-2024-06-10-at-6.35.37-PM.png\",\"contentUrl\":\"https:\/\/dogdeals.eu\/de\/wp-content\/uploads\/2024\/06\/Screenshot-2024-06-10-at-6.35.37-PM.png\",\"width\":2758,\"height\":978,\"caption\":\"DogDeals\"},\"image\":{\"@id\":\"https:\/\/dogdeals.eu\/de\/#\/schema\/logo\/image\/\"}}]}<\/script>\n<!-- \/ Yoast SEO plugin. -->","yoast_head_json":{"title":"oneisall Leise Hundeschermaschine & Pfotentrimmer 2 in 1 Set, Profi Schermaschine Hund Katze f\u00fcr langhaar verfilzt Fell, Leistungsstarke Haarschneidemaschine f\u00fcr Kopfen, Pfoten, Augen, Ohren, Gesicht - DogDeals","description":"Discover top-quality dog essentials at DogDeals. Shop for nutritious food, fun toys, comfortable beds, and stylish accessories. Unleash the best deals for your furry friend and ensure their happiness and well-being with our premium picks!","robots":{"index":"index","follow":"follow","max-snippet":"max-snippet:-1","max-image-preview":"max-image-preview:large","max-video-preview":"max-video-preview:-1"},"canonical":"https:\/\/dogdeals.eu\/de\/product\/oneisall-leise-hundeschermaschine-pfotentrimmer-2-in-1-set-profi-schermaschine-hund-katze-fur-langhaar-verfilzt-fell-leistungsstarke-haarschneidemaschine-fur-kopfen-pfoten-augen-ohren-gesicht\/","og_locale":"en_US","og_type":"article","og_title":"oneisall Leise Hundeschermaschine & Pfotentrimmer 2 in 1 Set, Profi Schermaschine Hund Katze f\u00fcr langhaar verfilzt Fell, Leistungsstarke Haarschneidemaschine f\u00fcr Kopfen, Pfoten, Augen, Ohren, Gesicht - DogDeals","og_description":"Discover top-quality dog essentials at DogDeals. Shop for nutritious food, fun toys, comfortable beds, and stylish accessories. Unleash the best deals for your furry friend and ensure their happiness and well-being with our premium picks!","og_url":"https:\/\/dogdeals.eu\/de\/product\/oneisall-leise-hundeschermaschine-pfotentrimmer-2-in-1-set-profi-schermaschine-hund-katze-fur-langhaar-verfilzt-fell-leistungsstarke-haarschneidemaschine-fur-kopfen-pfoten-augen-ohren-gesicht\/","og_site_name":"DogDeals","article_modified_time":"2024-11-13T09:31:41+00:00","og_image":[{"width":500,"height":500,"url":"https:\/\/m.media-amazon.com\/images\/I\/51qUGzpmz-L.jpg","type":"image\/jpeg"}],"twitter_card":"summary_large_image","twitter_misc":{"Est. reading time":"1 minute"},"schema":{"@context":"https:\/\/schema.org","@graph":[{"@type":"WebPage","@id":"https:\/\/dogdeals.eu\/de\/product\/oneisall-leise-hundeschermaschine-pfotentrimmer-2-in-1-set-profi-schermaschine-hund-katze-fur-langhaar-verfilzt-fell-leistungsstarke-haarschneidemaschine-fur-kopfen-pfoten-augen-ohren-gesicht\/","url":"https:\/\/dogdeals.eu\/de\/product\/oneisall-leise-hundeschermaschine-pfotentrimmer-2-in-1-set-profi-schermaschine-hund-katze-fur-langhaar-verfilzt-fell-leistungsstarke-haarschneidemaschine-fur-kopfen-pfoten-augen-ohren-gesicht\/","name":"oneisall Leise Hundeschermaschine & Pfotentrimmer 2 in 1 Set, Profi Schermaschine Hund Katze f\u00fcr langhaar verfilzt Fell, Leistungsstarke Haarschneidemaschine f\u00fcr Kopfen, Pfoten, Augen, Ohren, Gesicht - DogDeals","isPartOf":{"@id":"https:\/\/dogdeals.eu\/de\/#website"},"primaryImageOfPage":{"@id":"https:\/\/dogdeals.eu\/de\/product\/oneisall-leise-hundeschermaschine-pfotentrimmer-2-in-1-set-profi-schermaschine-hund-katze-fur-langhaar-verfilzt-fell-leistungsstarke-haarschneidemaschine-fur-kopfen-pfoten-augen-ohren-gesicht\/#primaryimage"},"image":{"@id":"https:\/\/dogdeals.eu\/de\/product\/oneisall-leise-hundeschermaschine-pfotentrimmer-2-in-1-set-profi-schermaschine-hund-katze-fur-langhaar-verfilzt-fell-leistungsstarke-haarschneidemaschine-fur-kopfen-pfoten-augen-ohren-gesicht\/#primaryimage"},"thumbnailUrl":"https:\/\/m.media-amazon.com\/images\/I\/51qUGzpmz-L.jpg","datePublished":"2024-06-10T15:15:51+00:00","dateModified":"2024-11-13T09:31:41+00:00","description":"Discover top-quality dog essentials at DogDeals. Shop for nutritious food, fun toys, comfortable beds, and stylish accessories. Unleash the best deals for your furry friend and ensure their happiness and well-being with our premium picks!","breadcrumb":{"@id":"https:\/\/dogdeals.eu\/de\/product\/oneisall-leise-hundeschermaschine-pfotentrimmer-2-in-1-set-profi-schermaschine-hund-katze-fur-langhaar-verfilzt-fell-leistungsstarke-haarschneidemaschine-fur-kopfen-pfoten-augen-ohren-gesicht\/#breadcrumb"},"inLanguage":"en-US","potentialAction":[{"@type":"ReadAction","target":["https:\/\/dogdeals.eu\/de\/product\/oneisall-leise-hundeschermaschine-pfotentrimmer-2-in-1-set-profi-schermaschine-hund-katze-fur-langhaar-verfilzt-fell-leistungsstarke-haarschneidemaschine-fur-kopfen-pfoten-augen-ohren-gesicht\/"]}]},{"@type":"ImageObject","inLanguage":"en-US","@id":"https:\/\/dogdeals.eu\/de\/product\/oneisall-leise-hundeschermaschine-pfotentrimmer-2-in-1-set-profi-schermaschine-hund-katze-fur-langhaar-verfilzt-fell-leistungsstarke-haarschneidemaschine-fur-kopfen-pfoten-augen-ohren-gesicht\/#primaryimage","url":"https:\/\/m.media-amazon.com\/images\/I\/51qUGzpmz-L.jpg","contentUrl":"https:\/\/m.media-amazon.com\/images\/I\/51qUGzpmz-L.jpg","width":500,"height":500},{"@type":"BreadcrumbList","@id":"https:\/\/dogdeals.eu\/de\/product\/oneisall-leise-hundeschermaschine-pfotentrimmer-2-in-1-set-profi-schermaschine-hund-katze-fur-langhaar-verfilzt-fell-leistungsstarke-haarschneidemaschine-fur-kopfen-pfoten-augen-ohren-gesicht\/#breadcrumb","itemListElement":[{"@type":"ListItem","position":1,"name":"Home","item":"https:\/\/dogdeals.eu\/de\/"},{"@type":"ListItem","position":2,"name":"Shop","item":"https:\/\/dogdeals.eu\/de\/shop\/"},{"@type":"ListItem","position":3,"name":"oneisall Leise Hundeschermaschine &#038; Pfotentrimmer 2 in 1 Set, Profi Schermaschine Hund Katze f\u00fcr langhaar verfilzt Fell, Leistungsstarke Haarschneidemaschine f\u00fcr Kopfen, Pfoten, Augen, Ohren, Gesicht"}]},{"@type":"WebSite","@id":"https:\/\/dogdeals.eu\/de\/#website","url":"https:\/\/dogdeals.eu\/de\/","name":"DogDeals","description":"Premium Dog Products at Unbeatable Prices","publisher":{"@id":"https:\/\/dogdeals.eu\/de\/#organization"},"potentialAction":[{"@type":"SearchAction","target":{"@type":"EntryPoint","urlTemplate":"https:\/\/dogdeals.eu\/de\/?s={search_term_string}"},"query-input":"required name=search_term_string"}],"inLanguage":"en-US"},{"@type":"Organization","@id":"https:\/\/dogdeals.eu\/de\/#organization","name":"DogDeals","url":"https:\/\/dogdeals.eu\/de\/","logo":{"@type":"ImageObject","inLanguage":"en-US","@id":"https:\/\/dogdeals.eu\/de\/#\/schema\/logo\/image\/","url":"https:\/\/dogdeals.eu\/de\/wp-content\/uploads\/2024\/06\/Screenshot-2024-06-10-at-6.35.37-PM.png","contentUrl":"https:\/\/dogdeals.eu\/de\/wp-content\/uploads\/2024\/06\/Screenshot-2024-06-10-at-6.35.37-PM.png","width":2758,"height":978,"caption":"DogDeals"},"image":{"@id":"https:\/\/dogdeals.eu\/de\/#\/schema\/logo\/image\/"}}]}},"_links":{"self":[{"href":"https:\/\/dogdeals.eu\/de\/wp-json\/wp\/v2\/product\/5470"}],"collection":[{"href":"https:\/\/dogdeals.eu\/de\/wp-json\/wp\/v2\/product"}],"about":[{"href":"https:\/\/dogdeals.eu\/de\/wp-json\/wp\/v2\/types\/product"}],"replies":[{"embeddable":true,"href":"https:\/\/dogdeals.eu\/de\/wp-json\/wp\/v2\/comments?post=5470"}],"wp:featuredmedia":[{"embeddable":true,"href":"https:\/\/dogdeals.eu\/de\/wp-json\/wp\/v2\/media\/5471"}],"wp:attachment":[{"href":"https:\/\/dogdeals.eu\/de\/wp-json\/wp\/v2\/media?parent=5470"}],"wp:term":[{"taxonomy":"store","embeddable":true,"href":"https:\/\/dogdeals.eu\/de\/wp-json\/wp\/v2\/store?post=5470"},{"taxonomy":"product_cat","embeddable":true,"href":"https:\/\/dogdeals.eu\/de\/wp-json\/wp\/v2\/product_cat?post=5470"},{"taxonomy":"product_tag","embeddable":true,"href":"https:\/\/dogdeals.eu\/de\/wp-json\/wp\/v2\/product_tag?post=5470"}],"curies":[{"name":"wp","href":"https:\/\/api.w.org\/{rel}","templated":true}]}}