{"id":4532,"date":"2024-06-10T14:59:57","date_gmt":"2024-06-10T14:59:57","guid":{"rendered":"https:\/\/dogdeals.eu\/de\/product\/zunea-striped-pyjamas-for-small-dogs-cotton-puppy-jumpsuit-sweatshirts-outfits-cozy-soft-leisure-autumn-pet-cat-dog-clothes-grey-xxl\/"},"modified":"2024-06-10T15:57:23","modified_gmt":"2024-06-10T15:57:23","slug":"zunea-striped-pyjamas-for-small-dogs-cotton-puppy-jumpsuit-sweatshirts-outfits-cozy-soft-leisure-autumn-pet-cat-dog-clothes-grey-xxl","status":"publish","type":"product","link":"https:\/\/dogdeals.eu\/de\/product\/zunea-striped-pyjamas-for-small-dogs-cotton-puppy-jumpsuit-sweatshirts-outfits-cozy-soft-leisure-autumn-pet-cat-dog-clothes-grey-xxl\/","title":{"rendered":"ZUNEA Striped Pyjamas for Small Dogs Cotton Puppy Jumpsuit Sweatshirts Outfits Cozy Soft Leisure Autumn Pet Cat Dog Clothes Grey XXL"},"content":{"rendered":"<p><!-- show up to 2 reviews by default --> <\/p>\n<p> <span>Gr\u00f6\u00dfeninformationen: <\/p>\n<p>Diese Hundekleidung ist f\u00fcr kleine Hunde oder Katzen unter 9 kg geeignet. <\/p>\n<p>Gr\u00f6\u00dfe XXS: Halsumfang: 17 cm, R\u00fcckenl\u00e4nge: 11 cm, Brustumfang: 22 cm, Gewicht: 0,3\u20130,6 kg. <br \/>Gr\u00f6\u00dfe XS: Hals 20 cm, R\u00fccken 16 cm, Brust 27 cm, Gewicht 0,6-1,2 kg. <br \/>Gr\u00f6\u00dfe S: Halsumfang: 23 cm, R\u00fccken: 20 cm, Brustumfang: 32 cm, Gewicht: 1,25\u20132 kg. <br \/>Gr\u00f6\u00dfe M: Halsumfang: 26 cm, R\u00fccken: 25 cm, Brustumfang: 37 cm, Gewicht: 2\u20133 kg. <br \/>Gr\u00f6\u00dfe L: Halsumfang: 29 cm, R\u00fccken: 30 cm, Brustumfang: 42 cm, Gewicht: 3\u20134,25 kg. <br \/>Gr\u00f6\u00dfe XL: Halsumfang: 32 cm, R\u00fccken: 35 cm, Brustumfang: 47 cm, Gewicht: 4,25\u20136 kg. <br \/>Gr\u00f6\u00dfe XXL: Halsumfang: 35 cm, R\u00fcckenl\u00e4nge: 40 cm, Brustumfang: 52 cm, Gewicht: 6-9 kg. <\/p>\n<p>Das empfohlene Gewicht dient nur als Referenz, bitte messen Sie Ihren Hund vor dem Kauf. Vielen Dank. <\/p>\n<p><\/span> <\/p>\n<p>Dimension XXL: neck: 35 cm; again: 40 cm; chest: 52 cm; for weight 6.0-9.0 kg<br \/>\nSmall measurement, and approx. 1-2 cm inaccuracy attributable to handbook measurement. Please take a measurement to your pet earlier than buying<br \/>\n100% cotton, single layer, appropriate for spring, summer time and early autumn<br \/>\nPreserve your canine clear and away from pores and skin illness<br \/>\nSmooth and comfy materials, good to make use of as pyjamas<br \/>\n<div class=\"main-cross-sell\" data-asin=\"B072V5PBWB\">\n\n\t<div class=\"WooZone-cross-sell-loader\">\n\t\t<div>\n\t\t\t<div id=\"floatingBarsG\">\n\t\t\t\t<div class=\"blockG\" id=\"rotateG_01\"><\/div>\n\t\t\t\t<div class=\"blockG\" id=\"rotateG_02\"><\/div>\n\t\t\t\t<div class=\"blockG\" id=\"rotateG_03\"><\/div>\n\t\t\t\t<div class=\"blockG\" id=\"rotateG_04\"><\/div>\n\t\t\t\t<div class=\"blockG\" id=\"rotateG_05\"><\/div>\n\t\t\t\t<div class=\"blockG\" id=\"rotateG_06\"><\/div>\n\t\t\t\t<div class=\"blockG\" id=\"rotateG_07\"><\/div>\n\t\t\t\t<div class=\"blockG\" id=\"rotateG_08\"><\/div>\n\t\t\t<\/div>\n\t\t\t<div class=\"WooZone-cross-sell-loader-text\"><\/div>\n\t\t<\/div>\n\t<\/div>\n\n\t\t\n<\/div>\n<div style=\"clear:both;\"><\/div><\/p>\n","protected":false},"excerpt":{"rendered":"<p>Size XXL: neck: 35 cm; back: 40 cm; chest: 52 cm; for weight 6.0-9.0 kg<br \/>\nSmall size, and approx. 1-2 cm inaccuracy due to manual measurement. Please take a measurement for your pet before purchasing<br \/>\n100% cotton, single layer, suitable for spring, summer and early autumn<\/p>\n","protected":false},"featured_media":4533,"comment_status":"open","ping_status":"closed","template":"","meta":[],"store":[],"product_cat":[31,28],"product_tag":[],"yoast_head":"<!-- This site is optimized with the Yoast SEO plugin v22.8 - https:\/\/yoast.com\/wordpress\/plugins\/seo\/ -->\n<title>ZUNEA Striped Pyjamas for Small Dogs Cotton Puppy Jumpsuit Sweatshirts Outfits Cozy Soft Leisure Autumn Pet Cat Dog Clothes Grey XXL - DogDeals<\/title>\n<meta name=\"description\" content=\"Discover top-quality dog essentials at DogDeals. Shop for nutritious food, fun toys, comfortable beds, and stylish accessories. Unleash the best deals for your furry friend and ensure their happiness and well-being with our premium picks!\" \/>\n<meta name=\"robots\" content=\"index, follow, max-snippet:-1, max-image-preview:large, max-video-preview:-1\" \/>\n<link rel=\"canonical\" href=\"https:\/\/dogdeals.eu\/de\/product\/zunea-striped-pyjamas-for-small-dogs-cotton-puppy-jumpsuit-sweatshirts-outfits-cozy-soft-leisure-autumn-pet-cat-dog-clothes-grey-xxl\/\" \/>\n<meta property=\"og:locale\" content=\"en_US\" \/>\n<meta property=\"og:type\" content=\"article\" \/>\n<meta property=\"og:title\" content=\"ZUNEA Striped Pyjamas for Small Dogs Cotton Puppy Jumpsuit Sweatshirts Outfits Cozy Soft Leisure Autumn Pet Cat Dog Clothes Grey XXL - DogDeals\" \/>\n<meta property=\"og:description\" content=\"Discover top-quality dog essentials at DogDeals. Shop for nutritious food, fun toys, comfortable beds, and stylish accessories. Unleash the best deals for your furry friend and ensure their happiness and well-being with our premium picks!\" \/>\n<meta property=\"og:url\" content=\"https:\/\/dogdeals.eu\/de\/product\/zunea-striped-pyjamas-for-small-dogs-cotton-puppy-jumpsuit-sweatshirts-outfits-cozy-soft-leisure-autumn-pet-cat-dog-clothes-grey-xxl\/\" \/>\n<meta property=\"og:site_name\" content=\"DogDeals\" \/>\n<meta property=\"article:modified_time\" content=\"2024-06-10T15:57:23+00:00\" \/>\n<meta property=\"og:image\" content=\"https:\/\/m.media-amazon.com\/images\/I\/410HJlRoMTL.jpg\" \/>\n\t<meta property=\"og:image:width\" content=\"500\" \/>\n\t<meta property=\"og:image:height\" content=\"500\" \/>\n\t<meta property=\"og:image:type\" content=\"image\/jpeg\" \/>\n<meta name=\"twitter:card\" content=\"summary_large_image\" \/>\n<meta name=\"twitter:label1\" content=\"Est. reading time\" \/>\n\t<meta name=\"twitter:data1\" content=\"1 minute\" \/>\n<script type=\"application\/ld+json\" class=\"yoast-schema-graph\">{\"@context\":\"https:\/\/schema.org\",\"@graph\":[{\"@type\":\"WebPage\",\"@id\":\"https:\/\/dogdeals.eu\/de\/product\/zunea-striped-pyjamas-for-small-dogs-cotton-puppy-jumpsuit-sweatshirts-outfits-cozy-soft-leisure-autumn-pet-cat-dog-clothes-grey-xxl\/\",\"url\":\"https:\/\/dogdeals.eu\/de\/product\/zunea-striped-pyjamas-for-small-dogs-cotton-puppy-jumpsuit-sweatshirts-outfits-cozy-soft-leisure-autumn-pet-cat-dog-clothes-grey-xxl\/\",\"name\":\"ZUNEA Striped Pyjamas for Small Dogs Cotton Puppy Jumpsuit Sweatshirts Outfits Cozy Soft Leisure Autumn Pet Cat Dog Clothes Grey XXL - DogDeals\",\"isPartOf\":{\"@id\":\"https:\/\/dogdeals.eu\/de\/#website\"},\"primaryImageOfPage\":{\"@id\":\"https:\/\/dogdeals.eu\/de\/product\/zunea-striped-pyjamas-for-small-dogs-cotton-puppy-jumpsuit-sweatshirts-outfits-cozy-soft-leisure-autumn-pet-cat-dog-clothes-grey-xxl\/#primaryimage\"},\"image\":{\"@id\":\"https:\/\/dogdeals.eu\/de\/product\/zunea-striped-pyjamas-for-small-dogs-cotton-puppy-jumpsuit-sweatshirts-outfits-cozy-soft-leisure-autumn-pet-cat-dog-clothes-grey-xxl\/#primaryimage\"},\"thumbnailUrl\":\"https:\/\/m.media-amazon.com\/images\/I\/410HJlRoMTL.jpg\",\"datePublished\":\"2024-06-10T14:59:57+00:00\",\"dateModified\":\"2024-06-10T15:57:23+00:00\",\"description\":\"Discover top-quality dog essentials at DogDeals. Shop for nutritious food, fun toys, comfortable beds, and stylish accessories. Unleash the best deals for your furry friend and ensure their happiness and well-being with our premium picks!\",\"breadcrumb\":{\"@id\":\"https:\/\/dogdeals.eu\/de\/product\/zunea-striped-pyjamas-for-small-dogs-cotton-puppy-jumpsuit-sweatshirts-outfits-cozy-soft-leisure-autumn-pet-cat-dog-clothes-grey-xxl\/#breadcrumb\"},\"inLanguage\":\"en-US\",\"potentialAction\":[{\"@type\":\"ReadAction\",\"target\":[\"https:\/\/dogdeals.eu\/de\/product\/zunea-striped-pyjamas-for-small-dogs-cotton-puppy-jumpsuit-sweatshirts-outfits-cozy-soft-leisure-autumn-pet-cat-dog-clothes-grey-xxl\/\"]}]},{\"@type\":\"ImageObject\",\"inLanguage\":\"en-US\",\"@id\":\"https:\/\/dogdeals.eu\/de\/product\/zunea-striped-pyjamas-for-small-dogs-cotton-puppy-jumpsuit-sweatshirts-outfits-cozy-soft-leisure-autumn-pet-cat-dog-clothes-grey-xxl\/#primaryimage\",\"url\":\"https:\/\/m.media-amazon.com\/images\/I\/410HJlRoMTL.jpg\",\"contentUrl\":\"https:\/\/m.media-amazon.com\/images\/I\/410HJlRoMTL.jpg\",\"width\":500,\"height\":500},{\"@type\":\"BreadcrumbList\",\"@id\":\"https:\/\/dogdeals.eu\/de\/product\/zunea-striped-pyjamas-for-small-dogs-cotton-puppy-jumpsuit-sweatshirts-outfits-cozy-soft-leisure-autumn-pet-cat-dog-clothes-grey-xxl\/#breadcrumb\",\"itemListElement\":[{\"@type\":\"ListItem\",\"position\":1,\"name\":\"Home\",\"item\":\"https:\/\/dogdeals.eu\/de\/\"},{\"@type\":\"ListItem\",\"position\":2,\"name\":\"Shop\",\"item\":\"https:\/\/dogdeals.eu\/de\/shop\/\"},{\"@type\":\"ListItem\",\"position\":3,\"name\":\"ZUNEA Striped Pyjamas for Small Dogs Cotton Puppy Jumpsuit Sweatshirts Outfits Cozy Soft Leisure Autumn Pet Cat Dog Clothes Grey XXL\"}]},{\"@type\":\"WebSite\",\"@id\":\"https:\/\/dogdeals.eu\/de\/#website\",\"url\":\"https:\/\/dogdeals.eu\/de\/\",\"name\":\"DogDeals\",\"description\":\"Premium Dog Products at Unbeatable Prices\",\"publisher\":{\"@id\":\"https:\/\/dogdeals.eu\/de\/#organization\"},\"potentialAction\":[{\"@type\":\"SearchAction\",\"target\":{\"@type\":\"EntryPoint\",\"urlTemplate\":\"https:\/\/dogdeals.eu\/de\/?s={search_term_string}\"},\"query-input\":\"required name=search_term_string\"}],\"inLanguage\":\"en-US\"},{\"@type\":\"Organization\",\"@id\":\"https:\/\/dogdeals.eu\/de\/#organization\",\"name\":\"DogDeals\",\"url\":\"https:\/\/dogdeals.eu\/de\/\",\"logo\":{\"@type\":\"ImageObject\",\"inLanguage\":\"en-US\",\"@id\":\"https:\/\/dogdeals.eu\/de\/#\/schema\/logo\/image\/\",\"url\":\"https:\/\/dogdeals.eu\/de\/wp-content\/uploads\/2024\/06\/Screenshot-2024-06-10-at-6.35.37-PM.png\",\"contentUrl\":\"https:\/\/dogdeals.eu\/de\/wp-content\/uploads\/2024\/06\/Screenshot-2024-06-10-at-6.35.37-PM.png\",\"width\":2758,\"height\":978,\"caption\":\"DogDeals\"},\"image\":{\"@id\":\"https:\/\/dogdeals.eu\/de\/#\/schema\/logo\/image\/\"}}]}<\/script>\n<!-- \/ Yoast SEO plugin. -->","yoast_head_json":{"title":"ZUNEA Striped Pyjamas for Small Dogs Cotton Puppy Jumpsuit Sweatshirts Outfits Cozy Soft Leisure Autumn Pet Cat Dog Clothes Grey XXL - DogDeals","description":"Discover top-quality dog essentials at DogDeals. Shop for nutritious food, fun toys, comfortable beds, and stylish accessories. Unleash the best deals for your furry friend and ensure their happiness and well-being with our premium picks!","robots":{"index":"index","follow":"follow","max-snippet":"max-snippet:-1","max-image-preview":"max-image-preview:large","max-video-preview":"max-video-preview:-1"},"canonical":"https:\/\/dogdeals.eu\/de\/product\/zunea-striped-pyjamas-for-small-dogs-cotton-puppy-jumpsuit-sweatshirts-outfits-cozy-soft-leisure-autumn-pet-cat-dog-clothes-grey-xxl\/","og_locale":"en_US","og_type":"article","og_title":"ZUNEA Striped Pyjamas for Small Dogs Cotton Puppy Jumpsuit Sweatshirts Outfits Cozy Soft Leisure Autumn Pet Cat Dog Clothes Grey XXL - DogDeals","og_description":"Discover top-quality dog essentials at DogDeals. Shop for nutritious food, fun toys, comfortable beds, and stylish accessories. Unleash the best deals for your furry friend and ensure their happiness and well-being with our premium picks!","og_url":"https:\/\/dogdeals.eu\/de\/product\/zunea-striped-pyjamas-for-small-dogs-cotton-puppy-jumpsuit-sweatshirts-outfits-cozy-soft-leisure-autumn-pet-cat-dog-clothes-grey-xxl\/","og_site_name":"DogDeals","article_modified_time":"2024-06-10T15:57:23+00:00","og_image":[{"width":500,"height":500,"url":"https:\/\/m.media-amazon.com\/images\/I\/410HJlRoMTL.jpg","type":"image\/jpeg"}],"twitter_card":"summary_large_image","twitter_misc":{"Est. reading time":"1 minute"},"schema":{"@context":"https:\/\/schema.org","@graph":[{"@type":"WebPage","@id":"https:\/\/dogdeals.eu\/de\/product\/zunea-striped-pyjamas-for-small-dogs-cotton-puppy-jumpsuit-sweatshirts-outfits-cozy-soft-leisure-autumn-pet-cat-dog-clothes-grey-xxl\/","url":"https:\/\/dogdeals.eu\/de\/product\/zunea-striped-pyjamas-for-small-dogs-cotton-puppy-jumpsuit-sweatshirts-outfits-cozy-soft-leisure-autumn-pet-cat-dog-clothes-grey-xxl\/","name":"ZUNEA Striped Pyjamas for Small Dogs Cotton Puppy Jumpsuit Sweatshirts Outfits Cozy Soft Leisure Autumn Pet Cat Dog Clothes Grey XXL - DogDeals","isPartOf":{"@id":"https:\/\/dogdeals.eu\/de\/#website"},"primaryImageOfPage":{"@id":"https:\/\/dogdeals.eu\/de\/product\/zunea-striped-pyjamas-for-small-dogs-cotton-puppy-jumpsuit-sweatshirts-outfits-cozy-soft-leisure-autumn-pet-cat-dog-clothes-grey-xxl\/#primaryimage"},"image":{"@id":"https:\/\/dogdeals.eu\/de\/product\/zunea-striped-pyjamas-for-small-dogs-cotton-puppy-jumpsuit-sweatshirts-outfits-cozy-soft-leisure-autumn-pet-cat-dog-clothes-grey-xxl\/#primaryimage"},"thumbnailUrl":"https:\/\/m.media-amazon.com\/images\/I\/410HJlRoMTL.jpg","datePublished":"2024-06-10T14:59:57+00:00","dateModified":"2024-06-10T15:57:23+00:00","description":"Discover top-quality dog essentials at DogDeals. Shop for nutritious food, fun toys, comfortable beds, and stylish accessories. Unleash the best deals for your furry friend and ensure their happiness and well-being with our premium picks!","breadcrumb":{"@id":"https:\/\/dogdeals.eu\/de\/product\/zunea-striped-pyjamas-for-small-dogs-cotton-puppy-jumpsuit-sweatshirts-outfits-cozy-soft-leisure-autumn-pet-cat-dog-clothes-grey-xxl\/#breadcrumb"},"inLanguage":"en-US","potentialAction":[{"@type":"ReadAction","target":["https:\/\/dogdeals.eu\/de\/product\/zunea-striped-pyjamas-for-small-dogs-cotton-puppy-jumpsuit-sweatshirts-outfits-cozy-soft-leisure-autumn-pet-cat-dog-clothes-grey-xxl\/"]}]},{"@type":"ImageObject","inLanguage":"en-US","@id":"https:\/\/dogdeals.eu\/de\/product\/zunea-striped-pyjamas-for-small-dogs-cotton-puppy-jumpsuit-sweatshirts-outfits-cozy-soft-leisure-autumn-pet-cat-dog-clothes-grey-xxl\/#primaryimage","url":"https:\/\/m.media-amazon.com\/images\/I\/410HJlRoMTL.jpg","contentUrl":"https:\/\/m.media-amazon.com\/images\/I\/410HJlRoMTL.jpg","width":500,"height":500},{"@type":"BreadcrumbList","@id":"https:\/\/dogdeals.eu\/de\/product\/zunea-striped-pyjamas-for-small-dogs-cotton-puppy-jumpsuit-sweatshirts-outfits-cozy-soft-leisure-autumn-pet-cat-dog-clothes-grey-xxl\/#breadcrumb","itemListElement":[{"@type":"ListItem","position":1,"name":"Home","item":"https:\/\/dogdeals.eu\/de\/"},{"@type":"ListItem","position":2,"name":"Shop","item":"https:\/\/dogdeals.eu\/de\/shop\/"},{"@type":"ListItem","position":3,"name":"ZUNEA Striped Pyjamas for Small Dogs Cotton Puppy Jumpsuit Sweatshirts Outfits Cozy Soft Leisure Autumn Pet Cat Dog Clothes Grey XXL"}]},{"@type":"WebSite","@id":"https:\/\/dogdeals.eu\/de\/#website","url":"https:\/\/dogdeals.eu\/de\/","name":"DogDeals","description":"Premium Dog Products at Unbeatable Prices","publisher":{"@id":"https:\/\/dogdeals.eu\/de\/#organization"},"potentialAction":[{"@type":"SearchAction","target":{"@type":"EntryPoint","urlTemplate":"https:\/\/dogdeals.eu\/de\/?s={search_term_string}"},"query-input":"required name=search_term_string"}],"inLanguage":"en-US"},{"@type":"Organization","@id":"https:\/\/dogdeals.eu\/de\/#organization","name":"DogDeals","url":"https:\/\/dogdeals.eu\/de\/","logo":{"@type":"ImageObject","inLanguage":"en-US","@id":"https:\/\/dogdeals.eu\/de\/#\/schema\/logo\/image\/","url":"https:\/\/dogdeals.eu\/de\/wp-content\/uploads\/2024\/06\/Screenshot-2024-06-10-at-6.35.37-PM.png","contentUrl":"https:\/\/dogdeals.eu\/de\/wp-content\/uploads\/2024\/06\/Screenshot-2024-06-10-at-6.35.37-PM.png","width":2758,"height":978,"caption":"DogDeals"},"image":{"@id":"https:\/\/dogdeals.eu\/de\/#\/schema\/logo\/image\/"}}]}},"_links":{"self":[{"href":"https:\/\/dogdeals.eu\/de\/wp-json\/wp\/v2\/product\/4532"}],"collection":[{"href":"https:\/\/dogdeals.eu\/de\/wp-json\/wp\/v2\/product"}],"about":[{"href":"https:\/\/dogdeals.eu\/de\/wp-json\/wp\/v2\/types\/product"}],"replies":[{"embeddable":true,"href":"https:\/\/dogdeals.eu\/de\/wp-json\/wp\/v2\/comments?post=4532"}],"wp:featuredmedia":[{"embeddable":true,"href":"https:\/\/dogdeals.eu\/de\/wp-json\/wp\/v2\/media\/4533"}],"wp:attachment":[{"href":"https:\/\/dogdeals.eu\/de\/wp-json\/wp\/v2\/media?parent=4532"}],"wp:term":[{"taxonomy":"store","embeddable":true,"href":"https:\/\/dogdeals.eu\/de\/wp-json\/wp\/v2\/store?post=4532"},{"taxonomy":"product_cat","embeddable":true,"href":"https:\/\/dogdeals.eu\/de\/wp-json\/wp\/v2\/product_cat?post=4532"},{"taxonomy":"product_tag","embeddable":true,"href":"https:\/\/dogdeals.eu\/de\/wp-json\/wp\/v2\/product_tag?post=4532"}],"curies":[{"name":"wp","href":"https:\/\/api.w.org\/{rel}","templated":true}]}}